{"id":1883,"date":"2021-04-23T08:34:53","date_gmt":"2021-04-23T12:34:53","guid":{"rendered":"https:\/\/www.nsfcanada.ca\/formation-et-education\/formation-sur-place-et-sur-mesure\/"},"modified":"2021-04-23T08:34:54","modified_gmt":"2021-04-23T12:34:54","slug":"formation-sur-place-et-sur-mesure","status":"publish","type":"page","link":"https:\/\/www.nsfcanada.ca\/fr\/formation-et-education\/formation-sur-place-et-sur-mesure\/","title":{"rendered":"Formation sur place et sur mesure"},"content":{"rendered":"\t\t<div data-elementor-type=\"wp-page\" data-elementor-id=\"1883\" class=\"elementor elementor-1883 elementor-143\">\n\t\t\t\t\t\t<section class=\"elementor-section elementor-top-section elementor-element elementor-element-76a8c43 elementor-section-boxed elementor-section-height-default elementor-section-height-default\" data-id=\"76a8c43\" data-element_type=\"section\" data-settings=\"{&quot;jet_parallax_layout_list&quot;:[{&quot;jet_parallax_layout_image&quot;:{&quot;url&quot;:&quot;&quot;,&quot;id&quot;:&quot;&quot;,&quot;size&quot;:&quot;&quot;},&quot;_id&quot;:&quot;f7d166f&quot;,&quot;jet_parallax_layout_image_tablet&quot;:{&quot;url&quot;:&quot;&quot;,&quot;id&quot;:&quot;&quot;,&quot;size&quot;:&quot;&quot;},&quot;jet_parallax_layout_image_mobile&quot;:{&quot;url&quot;:&quot;&quot;,&quot;id&quot;:&quot;&quot;,&quot;size&quot;:&quot;&quot;},&quot;jet_parallax_layout_speed&quot;:{&quot;unit&quot;:&quot;%&quot;,&quot;size&quot;:50,&quot;sizes&quot;:[]},&quot;jet_parallax_layout_type&quot;:&quot;scroll&quot;,&quot;jet_parallax_layout_direction&quot;:null,&quot;jet_parallax_layout_fx_direction&quot;:null,&quot;jet_parallax_layout_z_index&quot;:&quot;&quot;,&quot;jet_parallax_layout_bg_x&quot;:50,&quot;jet_parallax_layout_bg_x_tablet&quot;:&quot;&quot;,&quot;jet_parallax_layout_bg_x_mobile&quot;:&quot;&quot;,&quot;jet_parallax_layout_bg_y&quot;:50,&quot;jet_parallax_layout_bg_y_tablet&quot;:&quot;&quot;,&quot;jet_parallax_layout_bg_y_mobile&quot;:&quot;&quot;,&quot;jet_parallax_layout_bg_size&quot;:&quot;auto&quot;,&quot;jet_parallax_layout_bg_size_tablet&quot;:&quot;&quot;,&quot;jet_parallax_layout_bg_size_mobile&quot;:&quot;&quot;,&quot;jet_parallax_layout_animation_prop&quot;:&quot;transform&quot;,&quot;jet_parallax_layout_on&quot;:[&quot;desktop&quot;,&quot;tablet&quot;]}]}\">\n\t\t\t\t\t\t<div class=\"elementor-container elementor-column-gap-default\">\n\t\t\t\t\t<div class=\"elementor-column elementor-col-100 elementor-top-column elementor-element elementor-element-c040e08\" data-id=\"c040e08\" data-element_type=\"column\">\n\t\t\t<div class=\"elementor-widget-wrap elementor-element-populated\">\n\t\t\t\t\t\t<div class=\"elementor-element elementor-element-e60c61a elementor-widget elementor-widget-text-editor\" data-id=\"e60c61a\" data-element_type=\"widget\" data-widget_type=\"text-editor.default\">\n\t\t\t\t<div class=\"elementor-widget-container\">\n\t\t\t\t\t\t\t\t\t<div class=\"region region-content-top\">\n<h1 class=\"page-header\">Formation sur place et sur mesure<\/h1>\n<\/div>\n<div class=\"row\">\n<section class=\"col-md-9\">\n<div class=\"region region-content\">\n<article class=\"page full clearfix\" role=\"article\">\n<div class=\"content\">\n<div class=\"field field--name-body field--type-text-with-summary field--label-hidden field--item\">\n<p>\u00c9conomisez temps et argent en formant six personnes ou plus \u00e0 votre \u00e9tablissement.<\/p>\n<p>Les programmes de formation sur place et sur mesure offerts par les Services de formation et d\u2019\u00e9ducation de NSF sont pr\u00e9sent\u00e9s \u00e0 votre \u00e9tablissement par nos formateurs sp\u00e9cialis\u00e9s, ce qui vous \u00e9pargne le temps et le co\u00fbt d\u2019envoyer vos employ\u00e9s suivre une formation \u00e0 l\u2019ext\u00e9rieur. Nous pouvons cr\u00e9er un tout nouveau programme de formation en fonction de vos besoins pr\u00e9cis, ou encore personnaliser l\u2019un de nos programmes existants. Tous nos programmes de formation sur place et sur mesure sont adapt\u00e9s \u00e0 vos objectifs d\u2019apprentissage, \u00e0 votre horaire et \u00e0 votre budget.<\/p>\n<p>Avantages de la formation sur place et sur mesure :<\/p>\n<ul>\n<li>vos employ\u00e9s n\u2019ont pas \u00e0 se d\u00e9placer;<\/li>\n<li>les cours et les exercices sont bas\u00e9s sur vos produits et vos processus;<\/li>\n<li>la formation est donn\u00e9e par un sp\u00e9cialiste de l\u2019industrie;<\/li>\n<li>l\u2019horaire de formation est con\u00e7u en fonction de vos besoins.<\/li>\n<\/ul>\n<p>La plupart de nos programmes de formation sur place et sur mesure sont offerts en anglais. Si vous souhaitez avoir une formation con\u00e7ue et pr\u00e9sent\u00e9e en fran\u00e7ais, communiquez avec les Services d\u2019\u00e9ducation et de formation de NSF pour plus de d\u00e9tails. Veuillez adresser toute demande de soumission pour la formation sur place et sur mesure par courriel \u00e0\u00a0<a href=\"mailto:nsflearn@nsf.org\">nsflearn@nsf.org<\/a>,\u00a0ou communiquez avec NSF-Qu\u00e9bec par courriel \u00e0\u00a0<a href=\"mailto:nsfquebec@nsf.org\">nsfquebec@nsf.org\u00a0<\/a>ou en composant le 450-904-1303.<\/p>\n<\/div>\n<\/div>\n<\/article>\n<\/div>\n<\/section>\n<\/div>\n<div id=\"gtx-trans\" style=\"position: absolute; left: -1px; top: 138px;\">\n<div class=\"gtx-trans-icon\"><\/div>\n<\/div>\n\t\t\t\t\t\t\t\t<\/div>\n\t\t\t\t<\/div>\n\t\t\t\t\t<\/div>\n\t\t<\/div>\n\t\t\t\t\t<\/div>\n\t\t<\/section>\n\t\t\t\t<\/div>\n\t\t","protected":false},"excerpt":{"rendered":"<p>Formation sur place et sur mesure \u00c9conomisez temps et argent en formant six personnes ou plus \u00e0 votre \u00e9tablissement. Les programmes de formation sur place et sur mesure offerts par les Services de formation et d\u2019\u00e9ducation de NSF sont pr\u00e9sent\u00e9s \u00e0 votre \u00e9tablissement par nos formateurs sp\u00e9cialis\u00e9s, ce qui vous \u00e9pargne le temps et le [&hellip;]<\/p>\n","protected":false},"author":1,"featured_media":646,"parent":1881,"menu_order":2,"comment_status":"closed","ping_status":"open","template":"","meta":{"_acf_changed":false,"footnotes":""},"class_list":["post-1883","page","type-page","status-publish","has-post-thumbnail","hentry"],"acf":[],"yoast_head":"<!-- This site is optimized with the Yoast SEO plugin v26.5 - https:\/\/yoast.com\/wordpress\/plugins\/seo\/ -->\n<title>Formation sur place et sur mesure | NSF<\/title>\n<meta name=\"description\" content=\"Les programmes de formation sur place et sur mesure offerts par les Services de formation et d\u2019\u00e9ducation de NSF sont pr\u00e9sent\u00e9s \u00e0 votre \u00e9tablissement par nos formateurs sp\u00e9cialis\u00e9s\" \/>\n<meta name=\"robots\" content=\"index, follow, max-snippet:-1, max-image-preview:large, max-video-preview:-1\" \/>\n<link rel=\"canonical\" href=\"https:\/\/www.nsfcanada.ca\/fr\/formation-et-education\/formation-sur-place-et-sur-mesure\/\" \/>\n<meta property=\"og:locale\" content=\"fr_FR\" \/>\n<meta property=\"og:type\" content=\"article\" \/>\n<meta property=\"og:title\" content=\"Formation sur place et sur mesure | NSF\" \/>\n<meta property=\"og:description\" content=\"Les programmes de formation sur place et sur mesure offerts par les Services de formation et d\u2019\u00e9ducation de NSF sont pr\u00e9sent\u00e9s \u00e0 votre \u00e9tablissement par nos formateurs sp\u00e9cialis\u00e9s\" \/>\n<meta property=\"og:url\" content=\"https:\/\/www.nsfcanada.ca\/fr\/formation-et-education\/formation-sur-place-et-sur-mesure\/\" \/>\n<meta property=\"og:site_name\" content=\"NSF\" \/>\n<meta property=\"article:modified_time\" content=\"2021-04-23T12:34:54+00:00\" \/>\n<meta property=\"og:image\" content=\"https:\/\/www.nsfcanada.ca\/wp-content\/uploads\/2021\/03\/group_around_table.jpg\" \/>\n\t<meta property=\"og:image:width\" content=\"2000\" \/>\n\t<meta property=\"og:image:height\" content=\"300\" \/>\n\t<meta property=\"og:image:type\" content=\"image\/jpeg\" \/>\n<meta name=\"twitter:card\" content=\"summary_large_image\" \/>\n<meta name=\"twitter:label1\" content=\"Dur\u00e9e de lecture estim\u00e9e\" \/>\n\t<meta name=\"twitter:data1\" content=\"1 minute\" \/>\n<script type=\"application\/ld+json\" class=\"yoast-schema-graph\">{\"@context\":\"https:\/\/schema.org\",\"@graph\":[{\"@type\":\"WebPage\",\"@id\":\"https:\/\/www.nsfcanada.ca\/fr\/formation-et-education\/formation-sur-place-et-sur-mesure\/\",\"url\":\"https:\/\/www.nsfcanada.ca\/fr\/formation-et-education\/formation-sur-place-et-sur-mesure\/\",\"name\":\"Formation sur place et sur mesure | NSF\",\"isPartOf\":{\"@id\":\"https:\/\/www.nsfcanada.ca\/fr\/#website\"},\"primaryImageOfPage\":{\"@id\":\"https:\/\/www.nsfcanada.ca\/fr\/formation-et-education\/formation-sur-place-et-sur-mesure\/#primaryimage\"},\"image\":{\"@id\":\"https:\/\/www.nsfcanada.ca\/fr\/formation-et-education\/formation-sur-place-et-sur-mesure\/#primaryimage\"},\"thumbnailUrl\":\"https:\/\/www.nsfcanada.ca\/wp-content\/uploads\/2021\/03\/group_around_table.jpg\",\"datePublished\":\"2021-04-23T12:34:53+00:00\",\"dateModified\":\"2021-04-23T12:34:54+00:00\",\"description\":\"Les programmes de formation sur place et sur mesure offerts par les Services de formation et d\u2019\u00e9ducation de NSF sont pr\u00e9sent\u00e9s \u00e0 votre \u00e9tablissement par nos formateurs sp\u00e9cialis\u00e9s\",\"breadcrumb\":{\"@id\":\"https:\/\/www.nsfcanada.ca\/fr\/formation-et-education\/formation-sur-place-et-sur-mesure\/#breadcrumb\"},\"inLanguage\":\"fr-FR\",\"potentialAction\":[{\"@type\":\"ReadAction\",\"target\":[\"https:\/\/www.nsfcanada.ca\/fr\/formation-et-education\/formation-sur-place-et-sur-mesure\/\"]}]},{\"@type\":\"ImageObject\",\"inLanguage\":\"fr-FR\",\"@id\":\"https:\/\/www.nsfcanada.ca\/fr\/formation-et-education\/formation-sur-place-et-sur-mesure\/#primaryimage\",\"url\":\"https:\/\/www.nsfcanada.ca\/wp-content\/uploads\/2021\/03\/group_around_table.jpg\",\"contentUrl\":\"https:\/\/www.nsfcanada.ca\/wp-content\/uploads\/2021\/03\/group_around_table.jpg\",\"width\":2000,\"height\":300},{\"@type\":\"BreadcrumbList\",\"@id\":\"https:\/\/www.nsfcanada.ca\/fr\/formation-et-education\/formation-sur-place-et-sur-mesure\/#breadcrumb\",\"itemListElement\":[{\"@type\":\"ListItem\",\"position\":1,\"name\":\"Home\",\"item\":\"https:\/\/www.nsfcanada.ca\/fr\/\"},{\"@type\":\"ListItem\",\"position\":2,\"name\":\"Formation et \u00e9ducation\",\"item\":\"https:\/\/www.nsfcanada.ca\/fr\/formation-et-education\/\"},{\"@type\":\"ListItem\",\"position\":3,\"name\":\"Formation sur place et sur mesure\"}]},{\"@type\":\"WebSite\",\"@id\":\"https:\/\/www.nsfcanada.ca\/fr\/#website\",\"url\":\"https:\/\/www.nsfcanada.ca\/fr\/\",\"name\":\"NSF\",\"description\":\"NSF Services in Canada\",\"publisher\":{\"@id\":\"https:\/\/www.nsfcanada.ca\/fr\/#organization\"},\"potentialAction\":[{\"@type\":\"SearchAction\",\"target\":{\"@type\":\"EntryPoint\",\"urlTemplate\":\"https:\/\/www.nsfcanada.ca\/fr\/?s={search_term_string}\"},\"query-input\":{\"@type\":\"PropertyValueSpecification\",\"valueRequired\":true,\"valueName\":\"search_term_string\"}}],\"inLanguage\":\"fr-FR\"},{\"@type\":\"Organization\",\"@id\":\"https:\/\/www.nsfcanada.ca\/fr\/#organization\",\"name\":\"NSF International\",\"url\":\"https:\/\/www.nsfcanada.ca\/fr\/\",\"logo\":{\"@type\":\"ImageObject\",\"inLanguage\":\"fr-FR\",\"@id\":\"https:\/\/www.nsfcanada.ca\/fr\/#\/schema\/logo\/image\/\",\"url\":\"http:\/\/canada.nsfinternational.eu\/wp-content\/uploads\/2021\/03\/logo-nsf-international.png\",\"contentUrl\":\"http:\/\/canada.nsfinternational.eu\/wp-content\/uploads\/2021\/03\/logo-nsf-international.png\",\"width\":300,\"height\":300,\"caption\":\"NSF International\"},\"image\":{\"@id\":\"https:\/\/www.nsfcanada.ca\/fr\/#\/schema\/logo\/image\/\"}}]}<\/script>\n<!-- \/ Yoast SEO plugin. -->","yoast_head_json":{"title":"Formation sur place et sur mesure | NSF","description":"Les programmes de formation sur place et sur mesure offerts par les Services de formation et d\u2019\u00e9ducation de NSF sont pr\u00e9sent\u00e9s \u00e0 votre \u00e9tablissement par nos formateurs sp\u00e9cialis\u00e9s","robots":{"index":"index","follow":"follow","max-snippet":"max-snippet:-1","max-image-preview":"max-image-preview:large","max-video-preview":"max-video-preview:-1"},"canonical":"https:\/\/www.nsfcanada.ca\/fr\/formation-et-education\/formation-sur-place-et-sur-mesure\/","og_locale":"fr_FR","og_type":"article","og_title":"Formation sur place et sur mesure | NSF","og_description":"Les programmes de formation sur place et sur mesure offerts par les Services de formation et d\u2019\u00e9ducation de NSF sont pr\u00e9sent\u00e9s \u00e0 votre \u00e9tablissement par nos formateurs sp\u00e9cialis\u00e9s","og_url":"https:\/\/www.nsfcanada.ca\/fr\/formation-et-education\/formation-sur-place-et-sur-mesure\/","og_site_name":"NSF","article_modified_time":"2021-04-23T12:34:54+00:00","og_image":[{"width":2000,"height":300,"url":"https:\/\/www.nsfcanada.ca\/wp-content\/uploads\/2021\/03\/group_around_table.jpg","type":"image\/jpeg"}],"twitter_card":"summary_large_image","twitter_misc":{"Dur\u00e9e de lecture estim\u00e9e":"1 minute"},"schema":{"@context":"https:\/\/schema.org","@graph":[{"@type":"WebPage","@id":"https:\/\/www.nsfcanada.ca\/fr\/formation-et-education\/formation-sur-place-et-sur-mesure\/","url":"https:\/\/www.nsfcanada.ca\/fr\/formation-et-education\/formation-sur-place-et-sur-mesure\/","name":"Formation sur place et sur mesure | NSF","isPartOf":{"@id":"https:\/\/www.nsfcanada.ca\/fr\/#website"},"primaryImageOfPage":{"@id":"https:\/\/www.nsfcanada.ca\/fr\/formation-et-education\/formation-sur-place-et-sur-mesure\/#primaryimage"},"image":{"@id":"https:\/\/www.nsfcanada.ca\/fr\/formation-et-education\/formation-sur-place-et-sur-mesure\/#primaryimage"},"thumbnailUrl":"https:\/\/www.nsfcanada.ca\/wp-content\/uploads\/2021\/03\/group_around_table.jpg","datePublished":"2021-04-23T12:34:53+00:00","dateModified":"2021-04-23T12:34:54+00:00","description":"Les programmes de formation sur place et sur mesure offerts par les Services de formation et d\u2019\u00e9ducation de NSF sont pr\u00e9sent\u00e9s \u00e0 votre \u00e9tablissement par nos formateurs sp\u00e9cialis\u00e9s","breadcrumb":{"@id":"https:\/\/www.nsfcanada.ca\/fr\/formation-et-education\/formation-sur-place-et-sur-mesure\/#breadcrumb"},"inLanguage":"fr-FR","potentialAction":[{"@type":"ReadAction","target":["https:\/\/www.nsfcanada.ca\/fr\/formation-et-education\/formation-sur-place-et-sur-mesure\/"]}]},{"@type":"ImageObject","inLanguage":"fr-FR","@id":"https:\/\/www.nsfcanada.ca\/fr\/formation-et-education\/formation-sur-place-et-sur-mesure\/#primaryimage","url":"https:\/\/www.nsfcanada.ca\/wp-content\/uploads\/2021\/03\/group_around_table.jpg","contentUrl":"https:\/\/www.nsfcanada.ca\/wp-content\/uploads\/2021\/03\/group_around_table.jpg","width":2000,"height":300},{"@type":"BreadcrumbList","@id":"https:\/\/www.nsfcanada.ca\/fr\/formation-et-education\/formation-sur-place-et-sur-mesure\/#breadcrumb","itemListElement":[{"@type":"ListItem","position":1,"name":"Home","item":"https:\/\/www.nsfcanada.ca\/fr\/"},{"@type":"ListItem","position":2,"name":"Formation et \u00e9ducation","item":"https:\/\/www.nsfcanada.ca\/fr\/formation-et-education\/"},{"@type":"ListItem","position":3,"name":"Formation sur place et sur mesure"}]},{"@type":"WebSite","@id":"https:\/\/www.nsfcanada.ca\/fr\/#website","url":"https:\/\/www.nsfcanada.ca\/fr\/","name":"NSF","description":"NSF Services in Canada","publisher":{"@id":"https:\/\/www.nsfcanada.ca\/fr\/#organization"},"potentialAction":[{"@type":"SearchAction","target":{"@type":"EntryPoint","urlTemplate":"https:\/\/www.nsfcanada.ca\/fr\/?s={search_term_string}"},"query-input":{"@type":"PropertyValueSpecification","valueRequired":true,"valueName":"search_term_string"}}],"inLanguage":"fr-FR"},{"@type":"Organization","@id":"https:\/\/www.nsfcanada.ca\/fr\/#organization","name":"NSF International","url":"https:\/\/www.nsfcanada.ca\/fr\/","logo":{"@type":"ImageObject","inLanguage":"fr-FR","@id":"https:\/\/www.nsfcanada.ca\/fr\/#\/schema\/logo\/image\/","url":"http:\/\/canada.nsfinternational.eu\/wp-content\/uploads\/2021\/03\/logo-nsf-international.png","contentUrl":"http:\/\/canada.nsfinternational.eu\/wp-content\/uploads\/2021\/03\/logo-nsf-international.png","width":300,"height":300,"caption":"NSF International"},"image":{"@id":"https:\/\/www.nsfcanada.ca\/fr\/#\/schema\/logo\/image\/"}}]}},"_links":{"self":[{"href":"https:\/\/www.nsfcanada.ca\/fr\/wp-json\/wp\/v2\/pages\/1883","targetHints":{"allow":["GET"]}}],"collection":[{"href":"https:\/\/www.nsfcanada.ca\/fr\/wp-json\/wp\/v2\/pages"}],"about":[{"href":"https:\/\/www.nsfcanada.ca\/fr\/wp-json\/wp\/v2\/types\/page"}],"author":[{"embeddable":true,"href":"https:\/\/www.nsfcanada.ca\/fr\/wp-json\/wp\/v2\/users\/1"}],"replies":[{"embeddable":true,"href":"https:\/\/www.nsfcanada.ca\/fr\/wp-json\/wp\/v2\/comments?post=1883"}],"version-history":[{"count":1,"href":"https:\/\/www.nsfcanada.ca\/fr\/wp-json\/wp\/v2\/pages\/1883\/revisions"}],"predecessor-version":[{"id":1884,"href":"https:\/\/www.nsfcanada.ca\/fr\/wp-json\/wp\/v2\/pages\/1883\/revisions\/1884"}],"up":[{"embeddable":true,"href":"https:\/\/www.nsfcanada.ca\/fr\/wp-json\/wp\/v2\/pages\/1881"}],"wp:featuredmedia":[{"embeddable":true,"href":"https:\/\/www.nsfcanada.ca\/fr\/wp-json\/wp\/v2\/media\/646"}],"wp:attachment":[{"href":"https:\/\/www.nsfcanada.ca\/fr\/wp-json\/wp\/v2\/media?parent=1883"}],"curies":[{"name":"wp","href":"https:\/\/api.w.org\/{rel}","templated":true}]}}