{"id":1891,"date":"2021-04-23T10:06:05","date_gmt":"2021-04-23T14:06:05","guid":{"rendered":"https:\/\/www.nsfcanada.ca\/consultation\/verification-necessaire-en-matiere-de-salubrite-alimentaire-lors-de-fusions-et-dacquisitions\/"},"modified":"2021-06-10T09:44:56","modified_gmt":"2021-06-10T13:44:56","slug":"verification-necessaire-en-matiere-de-salubrite-alimentaire-lors-de-fusions-et-dacquisitions","status":"publish","type":"page","link":"https:\/\/www.nsfcanada.ca\/fr\/services-de-consultation-en-salubrite-et-qualite-alimentaire\/verification-necessaire-en-matiere-de-salubrite-alimentaire-lors-de-fusions-et-dacquisitions\/","title":{"rendered":"V\u00e9rification n\u00e9cessaire en mati\u00e8re de salubrit\u00e9 alimentaire lors de fusions et d&rsquo;acquisitions"},"content":{"rendered":"\t\t<div data-elementor-type=\"wp-page\" data-elementor-id=\"1891\" class=\"elementor elementor-1891 elementor-147\">\n\t\t\t\t\t\t<section class=\"elementor-section elementor-top-section elementor-element elementor-element-4fa98a9 elementor-section-boxed elementor-section-height-default elementor-section-height-default\" data-id=\"4fa98a9\" data-element_type=\"section\" data-settings=\"{&quot;jet_parallax_layout_list&quot;:[{&quot;jet_parallax_layout_image&quot;:{&quot;url&quot;:&quot;&quot;,&quot;id&quot;:&quot;&quot;,&quot;size&quot;:&quot;&quot;},&quot;_id&quot;:&quot;e089f7f&quot;,&quot;jet_parallax_layout_image_tablet&quot;:{&quot;url&quot;:&quot;&quot;,&quot;id&quot;:&quot;&quot;,&quot;size&quot;:&quot;&quot;},&quot;jet_parallax_layout_image_mobile&quot;:{&quot;url&quot;:&quot;&quot;,&quot;id&quot;:&quot;&quot;,&quot;size&quot;:&quot;&quot;},&quot;jet_parallax_layout_speed&quot;:{&quot;unit&quot;:&quot;%&quot;,&quot;size&quot;:50,&quot;sizes&quot;:[]},&quot;jet_parallax_layout_type&quot;:&quot;scroll&quot;,&quot;jet_parallax_layout_direction&quot;:null,&quot;jet_parallax_layout_fx_direction&quot;:null,&quot;jet_parallax_layout_z_index&quot;:&quot;&quot;,&quot;jet_parallax_layout_bg_x&quot;:50,&quot;jet_parallax_layout_bg_x_tablet&quot;:&quot;&quot;,&quot;jet_parallax_layout_bg_x_mobile&quot;:&quot;&quot;,&quot;jet_parallax_layout_bg_y&quot;:50,&quot;jet_parallax_layout_bg_y_tablet&quot;:&quot;&quot;,&quot;jet_parallax_layout_bg_y_mobile&quot;:&quot;&quot;,&quot;jet_parallax_layout_bg_size&quot;:&quot;auto&quot;,&quot;jet_parallax_layout_bg_size_tablet&quot;:&quot;&quot;,&quot;jet_parallax_layout_bg_size_mobile&quot;:&quot;&quot;,&quot;jet_parallax_layout_animation_prop&quot;:&quot;transform&quot;,&quot;jet_parallax_layout_on&quot;:[&quot;desktop&quot;,&quot;tablet&quot;]}]}\">\n\t\t\t\t\t\t<div class=\"elementor-container elementor-column-gap-default\">\n\t\t\t\t\t<div class=\"elementor-column elementor-col-100 elementor-top-column elementor-element elementor-element-49118fc\" data-id=\"49118fc\" data-element_type=\"column\">\n\t\t\t<div class=\"elementor-widget-wrap elementor-element-populated\">\n\t\t\t\t\t\t<div class=\"elementor-element elementor-element-ab68720 elementor-widget elementor-widget-text-editor\" data-id=\"ab68720\" data-element_type=\"widget\" data-widget_type=\"text-editor.default\">\n\t\t\t\t<div class=\"elementor-widget-container\">\n\t\t\t\t\t\t\t\t\t<h1 class=\"page-header\">V\u00e9rification n\u00e9cessaire en mati\u00e8re de salubrit\u00e9 alimentaire lors de fusions et d&rsquo;acquisitions<\/h1>\n<p>\u00c9vitez les risques inconnus et \u00e9tablissez la juste valeur de la transaction lors de votre prochaine fusion et acquisition avec une \u00e9valuation de diligence en mati\u00e8re de s\u00e9curit\u00e9 alimentaire de NSF.<\/p>\n<p>NSF travaille avec des cabinets d&rsquo;avocats, des soci\u00e9t\u00e9s de capital-risque et des groupes d&rsquo;investissement pour soutenir la phase de diligence raisonnable lors des fusions et acquisitions dans le secteur de l&rsquo;alimentation et des boissons. Notre approche de l&rsquo;\u00e9valuation de la diligence en mati\u00e8re de salubrit\u00e9 des aliments couvre un large \u00e9ventail de domaines afin d&rsquo;\u00e9valuer efficacement le risque d&rsquo;une cible de fusion ou d&rsquo;acquisition.<\/p>\n<p>Cela comprend des examens de documents, des entrevues et une \u00e9valuation sur place de:<\/p>\n<ul>\n<li>Gouvernance de la s\u00e9curit\u00e9 et de la qualit\u00e9 des aliments<\/li>\n<li>Incidents historiques de s\u00e9curit\u00e9 et de qualit\u00e9 des aliments<\/li>\n<li>Probl\u00e8mes \u00e9mergents de s\u00e9curit\u00e9, de qualit\u00e9 ou r\u00e9glementaires dans le secteur<\/li>\n<li>Efficacit\u00e9 des syst\u00e8mes de gestion de la s\u00e9curit\u00e9 sanitaire des aliments<\/li>\n<li>Conformit\u00e9 r\u00e9glementaire<\/li>\n<li>Conditions des installations et des \u00e9quipements<\/li>\n<\/ul>\n<p>Contactez-nous pour discuter de la fa\u00e7on dont nous pouvons vous aider \u00e0 \u00e9viter les risques lors de votre prochaine fusion et acquisition. Contactez\u00a0<a title=\"V\u00e9rification n\u00e9cessaire en mati\u00e8re de salubrit\u00e9 alimentaire lors de fusions et d'acquisitions\" href=\"mailto:nsfcanada@nsf.org?subject=V%C3%A9rification%20n%C3%A9cessaire%20en%20mati%C3%A8re%20de%20salubrit%C3%A9%20alimentaire%20lors%20de%20fusions%20et%20d%27acquisitions\">nsfcanada@nsf.org<\/a>\u00a0ou appelez au 519-821-1246.<\/p>\n<div id=\"gtx-trans\" style=\"position: absolute; left: -18px; top: 182px;\">\n<div class=\"gtx-trans-icon\"><\/div>\n<\/div>\n\t\t\t\t\t\t\t\t<\/div>\n\t\t\t\t<\/div>\n\t\t\t\t\t<\/div>\n\t\t<\/div>\n\t\t\t\t\t<\/div>\n\t\t<\/section>\n\t\t\t\t<\/div>\n\t\t","protected":false},"excerpt":{"rendered":"<p>V\u00e9rification n\u00e9cessaire en mati\u00e8re de salubrit\u00e9 alimentaire lors de fusions et d&rsquo;acquisitions \u00c9vitez les risques inconnus et \u00e9tablissez la juste valeur de la transaction lors de votre prochaine fusion et acquisition avec une \u00e9valuation de diligence en mati\u00e8re de s\u00e9curit\u00e9 alimentaire de NSF. NSF travaille avec des cabinets d&rsquo;avocats, des soci\u00e9t\u00e9s de capital-risque et des [&hellip;]<\/p>\n","protected":false},"author":1,"featured_media":684,"parent":1887,"menu_order":6,"comment_status":"closed","ping_status":"open","template":"","meta":{"_acf_changed":false,"footnotes":""},"class_list":["post-1891","page","type-page","status-publish","has-post-thumbnail","hentry"],"acf":[],"yoast_head":"<!-- This site is optimized with the Yoast SEO plugin v26.5 - https:\/\/yoast.com\/wordpress\/plugins\/seo\/ -->\n<title>V\u00e9rification n\u00e9cessaire en mati\u00e8re de salubrit\u00e9 alimentaire lors de fusions et d&#039;acquisitions | NSF<\/title>\n<meta name=\"description\" content=\"\u00c9vitez les risques inconnus et \u00e9tablissez la juste valeur de la transaction lors de votre prochaine fusion et acquisition avec une \u00e9valuation de diligence en mati\u00e8re de s\u00e9curit\u00e9 alimentaire de NSF.\" \/>\n<meta name=\"robots\" content=\"index, follow, max-snippet:-1, max-image-preview:large, max-video-preview:-1\" \/>\n<link rel=\"canonical\" href=\"https:\/\/www.nsfcanada.ca\/fr\/services-de-consultation-en-salubrite-et-qualite-alimentaire\/verification-necessaire-en-matiere-de-salubrite-alimentaire-lors-de-fusions-et-dacquisitions\/\" \/>\n<meta property=\"og:locale\" content=\"fr_FR\" \/>\n<meta property=\"og:type\" content=\"article\" \/>\n<meta property=\"og:title\" content=\"V\u00e9rification n\u00e9cessaire en mati\u00e8re de salubrit\u00e9 alimentaire lors de fusions et d&#039;acquisitions | NSF\" \/>\n<meta property=\"og:description\" content=\"\u00c9vitez les risques inconnus et \u00e9tablissez la juste valeur de la transaction lors de votre prochaine fusion et acquisition avec une \u00e9valuation de diligence en mati\u00e8re de s\u00e9curit\u00e9 alimentaire de NSF.\" \/>\n<meta property=\"og:url\" content=\"https:\/\/www.nsfcanada.ca\/fr\/services-de-consultation-en-salubrite-et-qualite-alimentaire\/verification-necessaire-en-matiere-de-salubrite-alimentaire-lors-de-fusions-et-dacquisitions\/\" \/>\n<meta property=\"og:site_name\" content=\"NSF\" \/>\n<meta property=\"article:modified_time\" content=\"2021-06-10T13:44:56+00:00\" \/>\n<meta property=\"og:image\" content=\"https:\/\/www.nsfcanada.ca\/wp-content\/uploads\/2021\/03\/due-diligence-header.jpg\" \/>\n\t<meta property=\"og:image:width\" content=\"2000\" \/>\n\t<meta property=\"og:image:height\" content=\"300\" \/>\n\t<meta property=\"og:image:type\" content=\"image\/jpeg\" \/>\n<meta name=\"twitter:card\" content=\"summary_large_image\" \/>\n<meta name=\"twitter:label1\" content=\"Dur\u00e9e de lecture estim\u00e9e\" \/>\n\t<meta name=\"twitter:data1\" content=\"1 minute\" \/>\n<script type=\"application\/ld+json\" class=\"yoast-schema-graph\">{\"@context\":\"https:\/\/schema.org\",\"@graph\":[{\"@type\":\"WebPage\",\"@id\":\"https:\/\/www.nsfcanada.ca\/fr\/services-de-consultation-en-salubrite-et-qualite-alimentaire\/verification-necessaire-en-matiere-de-salubrite-alimentaire-lors-de-fusions-et-dacquisitions\/\",\"url\":\"https:\/\/www.nsfcanada.ca\/fr\/services-de-consultation-en-salubrite-et-qualite-alimentaire\/verification-necessaire-en-matiere-de-salubrite-alimentaire-lors-de-fusions-et-dacquisitions\/\",\"name\":\"V\u00e9rification n\u00e9cessaire en mati\u00e8re de salubrit\u00e9 alimentaire lors de fusions et d'acquisitions | NSF\",\"isPartOf\":{\"@id\":\"https:\/\/www.nsfcanada.ca\/fr\/#website\"},\"primaryImageOfPage\":{\"@id\":\"https:\/\/www.nsfcanada.ca\/fr\/services-de-consultation-en-salubrite-et-qualite-alimentaire\/verification-necessaire-en-matiere-de-salubrite-alimentaire-lors-de-fusions-et-dacquisitions\/#primaryimage\"},\"image\":{\"@id\":\"https:\/\/www.nsfcanada.ca\/fr\/services-de-consultation-en-salubrite-et-qualite-alimentaire\/verification-necessaire-en-matiere-de-salubrite-alimentaire-lors-de-fusions-et-dacquisitions\/#primaryimage\"},\"thumbnailUrl\":\"https:\/\/www.nsfcanada.ca\/wp-content\/uploads\/2021\/03\/due-diligence-header.jpg\",\"datePublished\":\"2021-04-23T14:06:05+00:00\",\"dateModified\":\"2021-06-10T13:44:56+00:00\",\"description\":\"\u00c9vitez les risques inconnus et \u00e9tablissez la juste valeur de la transaction lors de votre prochaine fusion et acquisition avec une \u00e9valuation de diligence en mati\u00e8re de s\u00e9curit\u00e9 alimentaire de NSF.\",\"breadcrumb\":{\"@id\":\"https:\/\/www.nsfcanada.ca\/fr\/services-de-consultation-en-salubrite-et-qualite-alimentaire\/verification-necessaire-en-matiere-de-salubrite-alimentaire-lors-de-fusions-et-dacquisitions\/#breadcrumb\"},\"inLanguage\":\"fr-FR\",\"potentialAction\":[{\"@type\":\"ReadAction\",\"target\":[\"https:\/\/www.nsfcanada.ca\/fr\/services-de-consultation-en-salubrite-et-qualite-alimentaire\/verification-necessaire-en-matiere-de-salubrite-alimentaire-lors-de-fusions-et-dacquisitions\/\"]}]},{\"@type\":\"ImageObject\",\"inLanguage\":\"fr-FR\",\"@id\":\"https:\/\/www.nsfcanada.ca\/fr\/services-de-consultation-en-salubrite-et-qualite-alimentaire\/verification-necessaire-en-matiere-de-salubrite-alimentaire-lors-de-fusions-et-dacquisitions\/#primaryimage\",\"url\":\"https:\/\/www.nsfcanada.ca\/wp-content\/uploads\/2021\/03\/due-diligence-header.jpg\",\"contentUrl\":\"https:\/\/www.nsfcanada.ca\/wp-content\/uploads\/2021\/03\/due-diligence-header.jpg\",\"width\":2000,\"height\":300,\"caption\":\"Table with ingredients\"},{\"@type\":\"BreadcrumbList\",\"@id\":\"https:\/\/www.nsfcanada.ca\/fr\/services-de-consultation-en-salubrite-et-qualite-alimentaire\/verification-necessaire-en-matiere-de-salubrite-alimentaire-lors-de-fusions-et-dacquisitions\/#breadcrumb\",\"itemListElement\":[{\"@type\":\"ListItem\",\"position\":1,\"name\":\"Home\",\"item\":\"https:\/\/www.nsfcanada.ca\/fr\/\"},{\"@type\":\"ListItem\",\"position\":2,\"name\":\"Consultation\",\"item\":\"https:\/\/www.nsfcanada.ca\/fr\/services-de-consultation-en-salubrite-et-qualite-alimentaire\/\"},{\"@type\":\"ListItem\",\"position\":3,\"name\":\"V\u00e9rification n\u00e9cessaire en mati\u00e8re de salubrit\u00e9 alimentaire lors de fusions et d&rsquo;acquisitions\"}]},{\"@type\":\"WebSite\",\"@id\":\"https:\/\/www.nsfcanada.ca\/fr\/#website\",\"url\":\"https:\/\/www.nsfcanada.ca\/fr\/\",\"name\":\"NSF\",\"description\":\"NSF Services in Canada\",\"publisher\":{\"@id\":\"https:\/\/www.nsfcanada.ca\/fr\/#organization\"},\"potentialAction\":[{\"@type\":\"SearchAction\",\"target\":{\"@type\":\"EntryPoint\",\"urlTemplate\":\"https:\/\/www.nsfcanada.ca\/fr\/?s={search_term_string}\"},\"query-input\":{\"@type\":\"PropertyValueSpecification\",\"valueRequired\":true,\"valueName\":\"search_term_string\"}}],\"inLanguage\":\"fr-FR\"},{\"@type\":\"Organization\",\"@id\":\"https:\/\/www.nsfcanada.ca\/fr\/#organization\",\"name\":\"NSF International\",\"url\":\"https:\/\/www.nsfcanada.ca\/fr\/\",\"logo\":{\"@type\":\"ImageObject\",\"inLanguage\":\"fr-FR\",\"@id\":\"https:\/\/www.nsfcanada.ca\/fr\/#\/schema\/logo\/image\/\",\"url\":\"http:\/\/canada.nsfinternational.eu\/wp-content\/uploads\/2021\/03\/logo-nsf-international.png\",\"contentUrl\":\"http:\/\/canada.nsfinternational.eu\/wp-content\/uploads\/2021\/03\/logo-nsf-international.png\",\"width\":300,\"height\":300,\"caption\":\"NSF International\"},\"image\":{\"@id\":\"https:\/\/www.nsfcanada.ca\/fr\/#\/schema\/logo\/image\/\"}}]}<\/script>\n<!-- \/ Yoast SEO plugin. -->","yoast_head_json":{"title":"V\u00e9rification n\u00e9cessaire en mati\u00e8re de salubrit\u00e9 alimentaire lors de fusions et d'acquisitions | NSF","description":"\u00c9vitez les risques inconnus et \u00e9tablissez la juste valeur de la transaction lors de votre prochaine fusion et acquisition avec une \u00e9valuation de diligence en mati\u00e8re de s\u00e9curit\u00e9 alimentaire de NSF.","robots":{"index":"index","follow":"follow","max-snippet":"max-snippet:-1","max-image-preview":"max-image-preview:large","max-video-preview":"max-video-preview:-1"},"canonical":"https:\/\/www.nsfcanada.ca\/fr\/services-de-consultation-en-salubrite-et-qualite-alimentaire\/verification-necessaire-en-matiere-de-salubrite-alimentaire-lors-de-fusions-et-dacquisitions\/","og_locale":"fr_FR","og_type":"article","og_title":"V\u00e9rification n\u00e9cessaire en mati\u00e8re de salubrit\u00e9 alimentaire lors de fusions et d'acquisitions | NSF","og_description":"\u00c9vitez les risques inconnus et \u00e9tablissez la juste valeur de la transaction lors de votre prochaine fusion et acquisition avec une \u00e9valuation de diligence en mati\u00e8re de s\u00e9curit\u00e9 alimentaire de NSF.","og_url":"https:\/\/www.nsfcanada.ca\/fr\/services-de-consultation-en-salubrite-et-qualite-alimentaire\/verification-necessaire-en-matiere-de-salubrite-alimentaire-lors-de-fusions-et-dacquisitions\/","og_site_name":"NSF","article_modified_time":"2021-06-10T13:44:56+00:00","og_image":[{"width":2000,"height":300,"url":"https:\/\/www.nsfcanada.ca\/wp-content\/uploads\/2021\/03\/due-diligence-header.jpg","type":"image\/jpeg"}],"twitter_card":"summary_large_image","twitter_misc":{"Dur\u00e9e de lecture estim\u00e9e":"1 minute"},"schema":{"@context":"https:\/\/schema.org","@graph":[{"@type":"WebPage","@id":"https:\/\/www.nsfcanada.ca\/fr\/services-de-consultation-en-salubrite-et-qualite-alimentaire\/verification-necessaire-en-matiere-de-salubrite-alimentaire-lors-de-fusions-et-dacquisitions\/","url":"https:\/\/www.nsfcanada.ca\/fr\/services-de-consultation-en-salubrite-et-qualite-alimentaire\/verification-necessaire-en-matiere-de-salubrite-alimentaire-lors-de-fusions-et-dacquisitions\/","name":"V\u00e9rification n\u00e9cessaire en mati\u00e8re de salubrit\u00e9 alimentaire lors de fusions et d'acquisitions | NSF","isPartOf":{"@id":"https:\/\/www.nsfcanada.ca\/fr\/#website"},"primaryImageOfPage":{"@id":"https:\/\/www.nsfcanada.ca\/fr\/services-de-consultation-en-salubrite-et-qualite-alimentaire\/verification-necessaire-en-matiere-de-salubrite-alimentaire-lors-de-fusions-et-dacquisitions\/#primaryimage"},"image":{"@id":"https:\/\/www.nsfcanada.ca\/fr\/services-de-consultation-en-salubrite-et-qualite-alimentaire\/verification-necessaire-en-matiere-de-salubrite-alimentaire-lors-de-fusions-et-dacquisitions\/#primaryimage"},"thumbnailUrl":"https:\/\/www.nsfcanada.ca\/wp-content\/uploads\/2021\/03\/due-diligence-header.jpg","datePublished":"2021-04-23T14:06:05+00:00","dateModified":"2021-06-10T13:44:56+00:00","description":"\u00c9vitez les risques inconnus et \u00e9tablissez la juste valeur de la transaction lors de votre prochaine fusion et acquisition avec une \u00e9valuation de diligence en mati\u00e8re de s\u00e9curit\u00e9 alimentaire de NSF.","breadcrumb":{"@id":"https:\/\/www.nsfcanada.ca\/fr\/services-de-consultation-en-salubrite-et-qualite-alimentaire\/verification-necessaire-en-matiere-de-salubrite-alimentaire-lors-de-fusions-et-dacquisitions\/#breadcrumb"},"inLanguage":"fr-FR","potentialAction":[{"@type":"ReadAction","target":["https:\/\/www.nsfcanada.ca\/fr\/services-de-consultation-en-salubrite-et-qualite-alimentaire\/verification-necessaire-en-matiere-de-salubrite-alimentaire-lors-de-fusions-et-dacquisitions\/"]}]},{"@type":"ImageObject","inLanguage":"fr-FR","@id":"https:\/\/www.nsfcanada.ca\/fr\/services-de-consultation-en-salubrite-et-qualite-alimentaire\/verification-necessaire-en-matiere-de-salubrite-alimentaire-lors-de-fusions-et-dacquisitions\/#primaryimage","url":"https:\/\/www.nsfcanada.ca\/wp-content\/uploads\/2021\/03\/due-diligence-header.jpg","contentUrl":"https:\/\/www.nsfcanada.ca\/wp-content\/uploads\/2021\/03\/due-diligence-header.jpg","width":2000,"height":300,"caption":"Table with ingredients"},{"@type":"BreadcrumbList","@id":"https:\/\/www.nsfcanada.ca\/fr\/services-de-consultation-en-salubrite-et-qualite-alimentaire\/verification-necessaire-en-matiere-de-salubrite-alimentaire-lors-de-fusions-et-dacquisitions\/#breadcrumb","itemListElement":[{"@type":"ListItem","position":1,"name":"Home","item":"https:\/\/www.nsfcanada.ca\/fr\/"},{"@type":"ListItem","position":2,"name":"Consultation","item":"https:\/\/www.nsfcanada.ca\/fr\/services-de-consultation-en-salubrite-et-qualite-alimentaire\/"},{"@type":"ListItem","position":3,"name":"V\u00e9rification n\u00e9cessaire en mati\u00e8re de salubrit\u00e9 alimentaire lors de fusions et d&rsquo;acquisitions"}]},{"@type":"WebSite","@id":"https:\/\/www.nsfcanada.ca\/fr\/#website","url":"https:\/\/www.nsfcanada.ca\/fr\/","name":"NSF","description":"NSF Services in Canada","publisher":{"@id":"https:\/\/www.nsfcanada.ca\/fr\/#organization"},"potentialAction":[{"@type":"SearchAction","target":{"@type":"EntryPoint","urlTemplate":"https:\/\/www.nsfcanada.ca\/fr\/?s={search_term_string}"},"query-input":{"@type":"PropertyValueSpecification","valueRequired":true,"valueName":"search_term_string"}}],"inLanguage":"fr-FR"},{"@type":"Organization","@id":"https:\/\/www.nsfcanada.ca\/fr\/#organization","name":"NSF International","url":"https:\/\/www.nsfcanada.ca\/fr\/","logo":{"@type":"ImageObject","inLanguage":"fr-FR","@id":"https:\/\/www.nsfcanada.ca\/fr\/#\/schema\/logo\/image\/","url":"http:\/\/canada.nsfinternational.eu\/wp-content\/uploads\/2021\/03\/logo-nsf-international.png","contentUrl":"http:\/\/canada.nsfinternational.eu\/wp-content\/uploads\/2021\/03\/logo-nsf-international.png","width":300,"height":300,"caption":"NSF International"},"image":{"@id":"https:\/\/www.nsfcanada.ca\/fr\/#\/schema\/logo\/image\/"}}]}},"_links":{"self":[{"href":"https:\/\/www.nsfcanada.ca\/fr\/wp-json\/wp\/v2\/pages\/1891","targetHints":{"allow":["GET"]}}],"collection":[{"href":"https:\/\/www.nsfcanada.ca\/fr\/wp-json\/wp\/v2\/pages"}],"about":[{"href":"https:\/\/www.nsfcanada.ca\/fr\/wp-json\/wp\/v2\/types\/page"}],"author":[{"embeddable":true,"href":"https:\/\/www.nsfcanada.ca\/fr\/wp-json\/wp\/v2\/users\/1"}],"replies":[{"embeddable":true,"href":"https:\/\/www.nsfcanada.ca\/fr\/wp-json\/wp\/v2\/comments?post=1891"}],"version-history":[{"count":3,"href":"https:\/\/www.nsfcanada.ca\/fr\/wp-json\/wp\/v2\/pages\/1891\/revisions"}],"predecessor-version":[{"id":2181,"href":"https:\/\/www.nsfcanada.ca\/fr\/wp-json\/wp\/v2\/pages\/1891\/revisions\/2181"}],"up":[{"embeddable":true,"href":"https:\/\/www.nsfcanada.ca\/fr\/wp-json\/wp\/v2\/pages\/1887"}],"wp:featuredmedia":[{"embeddable":true,"href":"https:\/\/www.nsfcanada.ca\/fr\/wp-json\/wp\/v2\/media\/684"}],"wp:attachment":[{"href":"https:\/\/www.nsfcanada.ca\/fr\/wp-json\/wp\/v2\/media?parent=1891"}],"curies":[{"name":"wp","href":"https:\/\/api.w.org\/{rel}","templated":true}]}}