{"id":1897,"date":"2021-04-23T10:31:28","date_gmt":"2021-04-23T14:31:28","guid":{"rendered":"https:\/\/www.nsfcanada.ca\/consultation\/gestion-des-risques-et-des-crises\/"},"modified":"2021-04-23T10:31:28","modified_gmt":"2021-04-23T14:31:28","slug":"gestion-des-risques-et-des-crises","status":"publish","type":"page","link":"https:\/\/www.nsfcanada.ca\/fr\/services-de-consultation-en-salubrite-et-qualite-alimentaire\/gestion-des-risques-et-des-crises\/","title":{"rendered":"Gestion des risques et des crises"},"content":{"rendered":"\t\t<div data-elementor-type=\"wp-page\" data-elementor-id=\"1897\" class=\"elementor elementor-1897 elementor-150\">\n\t\t\t\t\t\t<section class=\"elementor-section elementor-top-section elementor-element elementor-element-4bf54dd elementor-section-boxed elementor-section-height-default elementor-section-height-default\" data-id=\"4bf54dd\" data-element_type=\"section\" data-settings=\"{&quot;jet_parallax_layout_list&quot;:[{&quot;jet_parallax_layout_image&quot;:{&quot;url&quot;:&quot;&quot;,&quot;id&quot;:&quot;&quot;,&quot;size&quot;:&quot;&quot;},&quot;_id&quot;:&quot;94a3bed&quot;,&quot;jet_parallax_layout_image_tablet&quot;:{&quot;url&quot;:&quot;&quot;,&quot;id&quot;:&quot;&quot;,&quot;size&quot;:&quot;&quot;},&quot;jet_parallax_layout_image_mobile&quot;:{&quot;url&quot;:&quot;&quot;,&quot;id&quot;:&quot;&quot;,&quot;size&quot;:&quot;&quot;},&quot;jet_parallax_layout_speed&quot;:{&quot;unit&quot;:&quot;%&quot;,&quot;size&quot;:50,&quot;sizes&quot;:[]},&quot;jet_parallax_layout_type&quot;:&quot;scroll&quot;,&quot;jet_parallax_layout_direction&quot;:null,&quot;jet_parallax_layout_fx_direction&quot;:null,&quot;jet_parallax_layout_z_index&quot;:&quot;&quot;,&quot;jet_parallax_layout_bg_x&quot;:50,&quot;jet_parallax_layout_bg_x_tablet&quot;:&quot;&quot;,&quot;jet_parallax_layout_bg_x_mobile&quot;:&quot;&quot;,&quot;jet_parallax_layout_bg_y&quot;:50,&quot;jet_parallax_layout_bg_y_tablet&quot;:&quot;&quot;,&quot;jet_parallax_layout_bg_y_mobile&quot;:&quot;&quot;,&quot;jet_parallax_layout_bg_size&quot;:&quot;auto&quot;,&quot;jet_parallax_layout_bg_size_tablet&quot;:&quot;&quot;,&quot;jet_parallax_layout_bg_size_mobile&quot;:&quot;&quot;,&quot;jet_parallax_layout_animation_prop&quot;:&quot;transform&quot;,&quot;jet_parallax_layout_on&quot;:[&quot;desktop&quot;,&quot;tablet&quot;]}]}\">\n\t\t\t\t\t\t<div class=\"elementor-container elementor-column-gap-default\">\n\t\t\t\t\t<div class=\"elementor-column elementor-col-100 elementor-top-column elementor-element elementor-element-7aaf0b4\" data-id=\"7aaf0b4\" data-element_type=\"column\">\n\t\t\t<div class=\"elementor-widget-wrap elementor-element-populated\">\n\t\t\t\t\t\t<div class=\"elementor-element elementor-element-426e8d5 elementor-widget elementor-widget-text-editor\" data-id=\"426e8d5\" data-element_type=\"widget\" data-widget_type=\"text-editor.default\">\n\t\t\t\t<div class=\"elementor-widget-container\">\n\t\t\t\t\t\t\t\t\t<h1>Gestion des risques et des crises<\/h1>\n<p>Assurez-vous que votre entreprise se conforme aux normes r\u00e9glementaires et aux meilleures pratiques de l\u2019industrie en mati\u00e8re de pr\u00e9vention de crise gr\u00e2ce au programme de gestion des risques et des crises de NSF. Nous pouvons vous aider \u00e0 vous pr\u00e9parer \u00e0 des situations r\u00e9elles gr\u00e2ce \u00e0 des exercices annuels de tra\u00e7abilit\u00e9 et de simulation de rappel.<\/p>\n<div id=\"gtx-trans\" style=\"position: absolute; left: -26px; top: 62px;\">\n<div class=\"gtx-trans-icon\"><\/div>\n<\/div>\n\t\t\t\t\t\t\t\t<\/div>\n\t\t\t\t<\/div>\n\t\t\t\t<div class=\"elementor-element elementor-element-b69c72e elementor-widget elementor-widget-testimonial\" data-id=\"b69c72e\" data-element_type=\"widget\" data-widget_type=\"testimonial.default\">\n\t\t\t\t<div class=\"elementor-widget-container\">\n\t\t\t\t\t\t\t<div class=\"elementor-testimonial-wrapper\">\n\t\t\t\t\t\t\t<div class=\"elementor-testimonial-content\"><p>Un soutien imm\u00e9diat pour vous aider \u00e0 r\u00e9agir rapidement et efficacement en cas de crise.<\/p>\n<\/div>\n\t\t\t\n\t\t\t\t\t<\/div>\n\t\t\t\t\t\t<\/div>\n\t\t\t\t<\/div>\n\t\t\t\t<div class=\"elementor-element elementor-element-befe4b0 elementor-widget elementor-widget-image\" data-id=\"befe4b0\" data-element_type=\"widget\" data-widget_type=\"image.default\">\n\t\t\t\t<div class=\"elementor-widget-container\">\n\t\t\t\t\t\t\t\t\t\t\t\t\t\t\t<img fetchpriority=\"high\" decoding=\"async\" width=\"731\" height=\"294\" src=\"https:\/\/www.nsfcanada.ca\/wp-content\/uploads\/2021\/03\/service-steps-graphic.jpg\" class=\"attachment-full size-full wp-image-707\" alt=\"Risk and Crisis Management Service Steps\" srcset=\"https:\/\/www.nsfcanada.ca\/wp-content\/uploads\/2021\/03\/service-steps-graphic.jpg 731w, https:\/\/www.nsfcanada.ca\/wp-content\/uploads\/2021\/03\/service-steps-graphic-300x121.jpg 300w\" sizes=\"(max-width: 731px) 100vw, 731px\" \/>\t\t\t\t\t\t\t\t\t\t\t\t\t\t\t<\/div>\n\t\t\t\t<\/div>\n\t\t\t\t\t<\/div>\n\t\t<\/div>\n\t\t\t\t\t<\/div>\n\t\t<\/section>\n\t\t\t\t<section class=\"elementor-section elementor-top-section elementor-element elementor-element-8931070 elementor-section-boxed elementor-section-height-default elementor-section-height-default\" data-id=\"8931070\" data-element_type=\"section\" data-settings=\"{&quot;jet_parallax_layout_list&quot;:[{&quot;jet_parallax_layout_image&quot;:{&quot;url&quot;:&quot;&quot;,&quot;id&quot;:&quot;&quot;,&quot;size&quot;:&quot;&quot;},&quot;_id&quot;:&quot;307edfd&quot;,&quot;jet_parallax_layout_image_tablet&quot;:{&quot;url&quot;:&quot;&quot;,&quot;id&quot;:&quot;&quot;,&quot;size&quot;:&quot;&quot;},&quot;jet_parallax_layout_image_mobile&quot;:{&quot;url&quot;:&quot;&quot;,&quot;id&quot;:&quot;&quot;,&quot;size&quot;:&quot;&quot;},&quot;jet_parallax_layout_speed&quot;:{&quot;unit&quot;:&quot;%&quot;,&quot;size&quot;:50,&quot;sizes&quot;:[]},&quot;jet_parallax_layout_type&quot;:&quot;scroll&quot;,&quot;jet_parallax_layout_direction&quot;:null,&quot;jet_parallax_layout_fx_direction&quot;:null,&quot;jet_parallax_layout_z_index&quot;:&quot;&quot;,&quot;jet_parallax_layout_bg_x&quot;:50,&quot;jet_parallax_layout_bg_x_tablet&quot;:&quot;&quot;,&quot;jet_parallax_layout_bg_x_mobile&quot;:&quot;&quot;,&quot;jet_parallax_layout_bg_y&quot;:50,&quot;jet_parallax_layout_bg_y_tablet&quot;:&quot;&quot;,&quot;jet_parallax_layout_bg_y_mobile&quot;:&quot;&quot;,&quot;jet_parallax_layout_bg_size&quot;:&quot;auto&quot;,&quot;jet_parallax_layout_bg_size_tablet&quot;:&quot;&quot;,&quot;jet_parallax_layout_bg_size_mobile&quot;:&quot;&quot;,&quot;jet_parallax_layout_animation_prop&quot;:&quot;transform&quot;,&quot;jet_parallax_layout_on&quot;:[&quot;desktop&quot;,&quot;tablet&quot;]}]}\">\n\t\t\t\t\t\t<div class=\"elementor-container elementor-column-gap-default\">\n\t\t\t\t\t<div class=\"elementor-column elementor-col-100 elementor-top-column elementor-element elementor-element-4578f3f\" data-id=\"4578f3f\" data-element_type=\"column\">\n\t\t\t<div class=\"elementor-widget-wrap elementor-element-populated\">\n\t\t\t\t\t\t<div class=\"elementor-element elementor-element-4566106 elementor-widget elementor-widget-video\" data-id=\"4566106\" data-element_type=\"widget\" data-settings=\"{&quot;youtube_url&quot;:&quot;https:\\\/\\\/youtu.be\\\/rm7bZ2PoqWQ&quot;,&quot;lazy_load&quot;:&quot;yes&quot;,&quot;video_type&quot;:&quot;youtube&quot;,&quot;controls&quot;:&quot;yes&quot;}\" data-widget_type=\"video.default\">\n\t\t\t\t<div class=\"elementor-widget-container\">\n\t\t\t\t\t\t\t<div class=\"elementor-wrapper elementor-open-inline\">\n\t\t\t<div class=\"elementor-video\"><\/div>\t\t<\/div>\n\t\t\t\t\t\t<\/div>\n\t\t\t\t<\/div>\n\t\t\t\t\t<\/div>\n\t\t<\/div>\n\t\t\t\t\t<\/div>\n\t\t<\/section>\n\t\t\t\t<\/div>\n\t\t","protected":false},"excerpt":{"rendered":"<p>Gestion des risques et des crises Assurez-vous que votre entreprise se conforme aux normes r\u00e9glementaires et aux meilleures pratiques de l\u2019industrie en mati\u00e8re de pr\u00e9vention de crise gr\u00e2ce au programme de gestion des risques et des crises de NSF. Nous pouvons vous aider \u00e0 vous pr\u00e9parer \u00e0 des situations r\u00e9elles gr\u00e2ce \u00e0 des exercices annuels [&hellip;]<\/p>\n","protected":false},"author":1,"featured_media":541,"parent":1887,"menu_order":9,"comment_status":"closed","ping_status":"open","template":"","meta":{"_acf_changed":false,"footnotes":""},"class_list":["post-1897","page","type-page","status-publish","has-post-thumbnail","hentry"],"acf":[],"yoast_head":"<!-- This site is optimized with the Yoast SEO plugin v26.5 - https:\/\/yoast.com\/wordpress\/plugins\/seo\/ -->\n<title>Gestion des risques et des crises | NSF<\/title>\n<meta name=\"description\" content=\"Assurez-vous que votre entreprise se conforme aux normes r\u00e9glementaires et aux meilleures pratiques de l\u2019industrie en mati\u00e8re de pr\u00e9vention de crise gr\u00e2ce au programme de gestion des risques et des crises de NSF.\" \/>\n<meta name=\"robots\" content=\"index, follow, max-snippet:-1, max-image-preview:large, max-video-preview:-1\" \/>\n<link rel=\"canonical\" href=\"https:\/\/www.nsfcanada.ca\/fr\/services-de-consultation-en-salubrite-et-qualite-alimentaire\/gestion-des-risques-et-des-crises\/\" \/>\n<meta property=\"og:locale\" content=\"fr_FR\" \/>\n<meta property=\"og:type\" content=\"article\" \/>\n<meta property=\"og:title\" content=\"Gestion des risques et des crises | NSF\" \/>\n<meta property=\"og:description\" content=\"Assurez-vous que votre entreprise se conforme aux normes r\u00e9glementaires et aux meilleures pratiques de l\u2019industrie en mati\u00e8re de pr\u00e9vention de crise gr\u00e2ce au programme de gestion des risques et des crises de NSF.\" \/>\n<meta property=\"og:url\" content=\"https:\/\/www.nsfcanada.ca\/fr\/services-de-consultation-en-salubrite-et-qualite-alimentaire\/gestion-des-risques-et-des-crises\/\" \/>\n<meta property=\"og:site_name\" content=\"NSF\" \/>\n<meta property=\"og:image\" content=\"https:\/\/www.nsfcanada.ca\/wp-content\/uploads\/2021\/03\/hand_knocking_dominos.jpg\" \/>\n\t<meta property=\"og:image:width\" content=\"2000\" \/>\n\t<meta property=\"og:image:height\" content=\"300\" \/>\n\t<meta property=\"og:image:type\" content=\"image\/jpeg\" \/>\n<meta name=\"twitter:card\" content=\"summary_large_image\" \/>\n<script type=\"application\/ld+json\" class=\"yoast-schema-graph\">{\"@context\":\"https:\/\/schema.org\",\"@graph\":[{\"@type\":\"WebPage\",\"@id\":\"https:\/\/www.nsfcanada.ca\/fr\/services-de-consultation-en-salubrite-et-qualite-alimentaire\/gestion-des-risques-et-des-crises\/\",\"url\":\"https:\/\/www.nsfcanada.ca\/fr\/services-de-consultation-en-salubrite-et-qualite-alimentaire\/gestion-des-risques-et-des-crises\/\",\"name\":\"Gestion des risques et des crises | NSF\",\"isPartOf\":{\"@id\":\"https:\/\/www.nsfcanada.ca\/fr\/#website\"},\"primaryImageOfPage\":{\"@id\":\"https:\/\/www.nsfcanada.ca\/fr\/services-de-consultation-en-salubrite-et-qualite-alimentaire\/gestion-des-risques-et-des-crises\/#primaryimage\"},\"image\":{\"@id\":\"https:\/\/www.nsfcanada.ca\/fr\/services-de-consultation-en-salubrite-et-qualite-alimentaire\/gestion-des-risques-et-des-crises\/#primaryimage\"},\"thumbnailUrl\":\"https:\/\/www.nsfcanada.ca\/wp-content\/uploads\/2021\/03\/hand_knocking_dominos.jpg\",\"datePublished\":\"2021-04-23T14:31:28+00:00\",\"description\":\"Assurez-vous que votre entreprise se conforme aux normes r\u00e9glementaires et aux meilleures pratiques de l\u2019industrie en mati\u00e8re de pr\u00e9vention de crise gr\u00e2ce au programme de gestion des risques et des crises de NSF.\",\"breadcrumb\":{\"@id\":\"https:\/\/www.nsfcanada.ca\/fr\/services-de-consultation-en-salubrite-et-qualite-alimentaire\/gestion-des-risques-et-des-crises\/#breadcrumb\"},\"inLanguage\":\"fr-FR\",\"potentialAction\":[{\"@type\":\"ReadAction\",\"target\":[\"https:\/\/www.nsfcanada.ca\/fr\/services-de-consultation-en-salubrite-et-qualite-alimentaire\/gestion-des-risques-et-des-crises\/\"]}]},{\"@type\":\"ImageObject\",\"inLanguage\":\"fr-FR\",\"@id\":\"https:\/\/www.nsfcanada.ca\/fr\/services-de-consultation-en-salubrite-et-qualite-alimentaire\/gestion-des-risques-et-des-crises\/#primaryimage\",\"url\":\"https:\/\/www.nsfcanada.ca\/wp-content\/uploads\/2021\/03\/hand_knocking_dominos.jpg\",\"contentUrl\":\"https:\/\/www.nsfcanada.ca\/wp-content\/uploads\/2021\/03\/hand_knocking_dominos.jpg\",\"width\":2000,\"height\":300},{\"@type\":\"BreadcrumbList\",\"@id\":\"https:\/\/www.nsfcanada.ca\/fr\/services-de-consultation-en-salubrite-et-qualite-alimentaire\/gestion-des-risques-et-des-crises\/#breadcrumb\",\"itemListElement\":[{\"@type\":\"ListItem\",\"position\":1,\"name\":\"Home\",\"item\":\"https:\/\/www.nsfcanada.ca\/fr\/\"},{\"@type\":\"ListItem\",\"position\":2,\"name\":\"Consultation\",\"item\":\"https:\/\/www.nsfcanada.ca\/fr\/services-de-consultation-en-salubrite-et-qualite-alimentaire\/\"},{\"@type\":\"ListItem\",\"position\":3,\"name\":\"Gestion des risques et des crises\"}]},{\"@type\":\"WebSite\",\"@id\":\"https:\/\/www.nsfcanada.ca\/fr\/#website\",\"url\":\"https:\/\/www.nsfcanada.ca\/fr\/\",\"name\":\"NSF\",\"description\":\"NSF Services in Canada\",\"publisher\":{\"@id\":\"https:\/\/www.nsfcanada.ca\/fr\/#organization\"},\"potentialAction\":[{\"@type\":\"SearchAction\",\"target\":{\"@type\":\"EntryPoint\",\"urlTemplate\":\"https:\/\/www.nsfcanada.ca\/fr\/?s={search_term_string}\"},\"query-input\":{\"@type\":\"PropertyValueSpecification\",\"valueRequired\":true,\"valueName\":\"search_term_string\"}}],\"inLanguage\":\"fr-FR\"},{\"@type\":\"Organization\",\"@id\":\"https:\/\/www.nsfcanada.ca\/fr\/#organization\",\"name\":\"NSF International\",\"url\":\"https:\/\/www.nsfcanada.ca\/fr\/\",\"logo\":{\"@type\":\"ImageObject\",\"inLanguage\":\"fr-FR\",\"@id\":\"https:\/\/www.nsfcanada.ca\/fr\/#\/schema\/logo\/image\/\",\"url\":\"http:\/\/canada.nsfinternational.eu\/wp-content\/uploads\/2021\/03\/logo-nsf-international.png\",\"contentUrl\":\"http:\/\/canada.nsfinternational.eu\/wp-content\/uploads\/2021\/03\/logo-nsf-international.png\",\"width\":300,\"height\":300,\"caption\":\"NSF International\"},\"image\":{\"@id\":\"https:\/\/www.nsfcanada.ca\/fr\/#\/schema\/logo\/image\/\"}}]}<\/script>\n<!-- \/ Yoast SEO plugin. -->","yoast_head_json":{"title":"Gestion des risques et des crises | NSF","description":"Assurez-vous que votre entreprise se conforme aux normes r\u00e9glementaires et aux meilleures pratiques de l\u2019industrie en mati\u00e8re de pr\u00e9vention de crise gr\u00e2ce au programme de gestion des risques et des crises de NSF.","robots":{"index":"index","follow":"follow","max-snippet":"max-snippet:-1","max-image-preview":"max-image-preview:large","max-video-preview":"max-video-preview:-1"},"canonical":"https:\/\/www.nsfcanada.ca\/fr\/services-de-consultation-en-salubrite-et-qualite-alimentaire\/gestion-des-risques-et-des-crises\/","og_locale":"fr_FR","og_type":"article","og_title":"Gestion des risques et des crises | NSF","og_description":"Assurez-vous que votre entreprise se conforme aux normes r\u00e9glementaires et aux meilleures pratiques de l\u2019industrie en mati\u00e8re de pr\u00e9vention de crise gr\u00e2ce au programme de gestion des risques et des crises de NSF.","og_url":"https:\/\/www.nsfcanada.ca\/fr\/services-de-consultation-en-salubrite-et-qualite-alimentaire\/gestion-des-risques-et-des-crises\/","og_site_name":"NSF","og_image":[{"width":2000,"height":300,"url":"https:\/\/www.nsfcanada.ca\/wp-content\/uploads\/2021\/03\/hand_knocking_dominos.jpg","type":"image\/jpeg"}],"twitter_card":"summary_large_image","schema":{"@context":"https:\/\/schema.org","@graph":[{"@type":"WebPage","@id":"https:\/\/www.nsfcanada.ca\/fr\/services-de-consultation-en-salubrite-et-qualite-alimentaire\/gestion-des-risques-et-des-crises\/","url":"https:\/\/www.nsfcanada.ca\/fr\/services-de-consultation-en-salubrite-et-qualite-alimentaire\/gestion-des-risques-et-des-crises\/","name":"Gestion des risques et des crises | NSF","isPartOf":{"@id":"https:\/\/www.nsfcanada.ca\/fr\/#website"},"primaryImageOfPage":{"@id":"https:\/\/www.nsfcanada.ca\/fr\/services-de-consultation-en-salubrite-et-qualite-alimentaire\/gestion-des-risques-et-des-crises\/#primaryimage"},"image":{"@id":"https:\/\/www.nsfcanada.ca\/fr\/services-de-consultation-en-salubrite-et-qualite-alimentaire\/gestion-des-risques-et-des-crises\/#primaryimage"},"thumbnailUrl":"https:\/\/www.nsfcanada.ca\/wp-content\/uploads\/2021\/03\/hand_knocking_dominos.jpg","datePublished":"2021-04-23T14:31:28+00:00","description":"Assurez-vous que votre entreprise se conforme aux normes r\u00e9glementaires et aux meilleures pratiques de l\u2019industrie en mati\u00e8re de pr\u00e9vention de crise gr\u00e2ce au programme de gestion des risques et des crises de NSF.","breadcrumb":{"@id":"https:\/\/www.nsfcanada.ca\/fr\/services-de-consultation-en-salubrite-et-qualite-alimentaire\/gestion-des-risques-et-des-crises\/#breadcrumb"},"inLanguage":"fr-FR","potentialAction":[{"@type":"ReadAction","target":["https:\/\/www.nsfcanada.ca\/fr\/services-de-consultation-en-salubrite-et-qualite-alimentaire\/gestion-des-risques-et-des-crises\/"]}]},{"@type":"ImageObject","inLanguage":"fr-FR","@id":"https:\/\/www.nsfcanada.ca\/fr\/services-de-consultation-en-salubrite-et-qualite-alimentaire\/gestion-des-risques-et-des-crises\/#primaryimage","url":"https:\/\/www.nsfcanada.ca\/wp-content\/uploads\/2021\/03\/hand_knocking_dominos.jpg","contentUrl":"https:\/\/www.nsfcanada.ca\/wp-content\/uploads\/2021\/03\/hand_knocking_dominos.jpg","width":2000,"height":300},{"@type":"BreadcrumbList","@id":"https:\/\/www.nsfcanada.ca\/fr\/services-de-consultation-en-salubrite-et-qualite-alimentaire\/gestion-des-risques-et-des-crises\/#breadcrumb","itemListElement":[{"@type":"ListItem","position":1,"name":"Home","item":"https:\/\/www.nsfcanada.ca\/fr\/"},{"@type":"ListItem","position":2,"name":"Consultation","item":"https:\/\/www.nsfcanada.ca\/fr\/services-de-consultation-en-salubrite-et-qualite-alimentaire\/"},{"@type":"ListItem","position":3,"name":"Gestion des risques et des crises"}]},{"@type":"WebSite","@id":"https:\/\/www.nsfcanada.ca\/fr\/#website","url":"https:\/\/www.nsfcanada.ca\/fr\/","name":"NSF","description":"NSF Services in Canada","publisher":{"@id":"https:\/\/www.nsfcanada.ca\/fr\/#organization"},"potentialAction":[{"@type":"SearchAction","target":{"@type":"EntryPoint","urlTemplate":"https:\/\/www.nsfcanada.ca\/fr\/?s={search_term_string}"},"query-input":{"@type":"PropertyValueSpecification","valueRequired":true,"valueName":"search_term_string"}}],"inLanguage":"fr-FR"},{"@type":"Organization","@id":"https:\/\/www.nsfcanada.ca\/fr\/#organization","name":"NSF International","url":"https:\/\/www.nsfcanada.ca\/fr\/","logo":{"@type":"ImageObject","inLanguage":"fr-FR","@id":"https:\/\/www.nsfcanada.ca\/fr\/#\/schema\/logo\/image\/","url":"http:\/\/canada.nsfinternational.eu\/wp-content\/uploads\/2021\/03\/logo-nsf-international.png","contentUrl":"http:\/\/canada.nsfinternational.eu\/wp-content\/uploads\/2021\/03\/logo-nsf-international.png","width":300,"height":300,"caption":"NSF International"},"image":{"@id":"https:\/\/www.nsfcanada.ca\/fr\/#\/schema\/logo\/image\/"}}]}},"_links":{"self":[{"href":"https:\/\/www.nsfcanada.ca\/fr\/wp-json\/wp\/v2\/pages\/1897","targetHints":{"allow":["GET"]}}],"collection":[{"href":"https:\/\/www.nsfcanada.ca\/fr\/wp-json\/wp\/v2\/pages"}],"about":[{"href":"https:\/\/www.nsfcanada.ca\/fr\/wp-json\/wp\/v2\/types\/page"}],"author":[{"embeddable":true,"href":"https:\/\/www.nsfcanada.ca\/fr\/wp-json\/wp\/v2\/users\/1"}],"replies":[{"embeddable":true,"href":"https:\/\/www.nsfcanada.ca\/fr\/wp-json\/wp\/v2\/comments?post=1897"}],"version-history":[{"count":1,"href":"https:\/\/www.nsfcanada.ca\/fr\/wp-json\/wp\/v2\/pages\/1897\/revisions"}],"predecessor-version":[{"id":1898,"href":"https:\/\/www.nsfcanada.ca\/fr\/wp-json\/wp\/v2\/pages\/1897\/revisions\/1898"}],"up":[{"embeddable":true,"href":"https:\/\/www.nsfcanada.ca\/fr\/wp-json\/wp\/v2\/pages\/1887"}],"wp:featuredmedia":[{"embeddable":true,"href":"https:\/\/www.nsfcanada.ca\/fr\/wp-json\/wp\/v2\/media\/541"}],"wp:attachment":[{"href":"https:\/\/www.nsfcanada.ca\/fr\/wp-json\/wp\/v2\/media?parent=1897"}],"curies":[{"name":"wp","href":"https:\/\/api.w.org\/{rel}","templated":true}]}}