{"id":1908,"date":"2021-05-03T08:03:21","date_gmt":"2021-05-03T12:03:21","guid":{"rendered":"https:\/\/www.nsfcanada.ca\/certification-et-audits\/agriculture-produits-animaux\/"},"modified":"2021-06-10T09:48:50","modified_gmt":"2021-06-10T13:48:50","slug":"agriculture-produits-animaux","status":"publish","type":"page","link":"https:\/\/www.nsfcanada.ca\/fr\/certification-et-audits\/agriculture-produits-animaux\/","title":{"rendered":"Agriculture : produits animaux"},"content":{"rendered":"\t\t<div data-elementor-type=\"wp-page\" data-elementor-id=\"1908\" class=\"elementor elementor-1908 elementor-152\">\n\t\t\t\t\t\t<section class=\"elementor-section elementor-top-section elementor-element elementor-element-61bbddb elementor-section-boxed elementor-section-height-default elementor-section-height-default\" data-id=\"61bbddb\" data-element_type=\"section\" data-settings=\"{&quot;jet_parallax_layout_list&quot;:[{&quot;jet_parallax_layout_image&quot;:{&quot;url&quot;:&quot;&quot;,&quot;id&quot;:&quot;&quot;,&quot;size&quot;:&quot;&quot;},&quot;_id&quot;:&quot;fad64e0&quot;,&quot;jet_parallax_layout_image_tablet&quot;:{&quot;url&quot;:&quot;&quot;,&quot;id&quot;:&quot;&quot;,&quot;size&quot;:&quot;&quot;},&quot;jet_parallax_layout_image_mobile&quot;:{&quot;url&quot;:&quot;&quot;,&quot;id&quot;:&quot;&quot;,&quot;size&quot;:&quot;&quot;},&quot;jet_parallax_layout_speed&quot;:{&quot;unit&quot;:&quot;%&quot;,&quot;size&quot;:50,&quot;sizes&quot;:[]},&quot;jet_parallax_layout_type&quot;:&quot;scroll&quot;,&quot;jet_parallax_layout_direction&quot;:null,&quot;jet_parallax_layout_fx_direction&quot;:null,&quot;jet_parallax_layout_z_index&quot;:&quot;&quot;,&quot;jet_parallax_layout_bg_x&quot;:50,&quot;jet_parallax_layout_bg_x_tablet&quot;:&quot;&quot;,&quot;jet_parallax_layout_bg_x_mobile&quot;:&quot;&quot;,&quot;jet_parallax_layout_bg_y&quot;:50,&quot;jet_parallax_layout_bg_y_tablet&quot;:&quot;&quot;,&quot;jet_parallax_layout_bg_y_mobile&quot;:&quot;&quot;,&quot;jet_parallax_layout_bg_size&quot;:&quot;auto&quot;,&quot;jet_parallax_layout_bg_size_tablet&quot;:&quot;&quot;,&quot;jet_parallax_layout_bg_size_mobile&quot;:&quot;&quot;,&quot;jet_parallax_layout_animation_prop&quot;:&quot;transform&quot;,&quot;jet_parallax_layout_on&quot;:[&quot;desktop&quot;,&quot;tablet&quot;]}]}\">\n\t\t\t\t\t\t<div class=\"elementor-container elementor-column-gap-default\">\n\t\t\t\t\t<div class=\"elementor-column elementor-col-100 elementor-top-column elementor-element elementor-element-0c0da52\" data-id=\"0c0da52\" data-element_type=\"column\">\n\t\t\t<div class=\"elementor-widget-wrap elementor-element-populated\">\n\t\t\t\t\t\t<div class=\"elementor-element elementor-element-4118976 elementor-widget elementor-widget-text-editor\" data-id=\"4118976\" data-element_type=\"widget\" data-widget_type=\"text-editor.default\">\n\t\t\t\t<div class=\"elementor-widget-container\">\n\t\t\t\t\t\t\t\t\t<h1>Agriculture : produits animaux<\/h1>\n<p>NSF propose une gamme compl\u00e8te de services de bien-\u00eatre animal pour les \u00e9leveurs, les transporteurs et les entreprises de transformation, afin d\u2019assurer la sant\u00e9 et le bien-\u00eatre des animaux d\u2019\u00e9levage \u00e0 chaque \u00e9tape de leur vie, ainsi que la conformit\u00e9 aux normes en mati\u00e8re de bien-\u00eatre animal et aux exigences des d\u00e9taillants. Nous desservons les industries du b\u0153uf, de la volaille, du porc, du mouton, des produits laitiers, des \u0153ufs et du bison.<\/p>\n<p>Les consommateurs sont de mieux en mieux renseign\u00e9s sur les produits qu\u2019ils ach\u00e8tent et les aliments qu\u2019ils consomment et veulent davantage de transparence quant au traitement des animaux. Les d\u00e9taillants exigent \u00e0 leur tour des fournisseurs qu\u2019ils respectent des normes de bien-\u00eatre animal plus strictes.<\/p>\n<p>Nous proposons les audits suivants :<\/p>\n<ul>\n<li><strong>Bien-\u00eatre et soin des animaux\u00a0<\/strong>: Prot\u00e9gez votre r\u00e9putation en vous soumettant \u00e0 des audits ind\u00e9pendants effectu\u00e9s par des auditeurs certifi\u00e9s de la PAACO bas\u00e9s sur les normes nationales en mati\u00e8re de bien-\u00eatre animal.<\/li>\n<li><strong>Salubrit\u00e9 des aliments \u00e0 la ferme\u00a0<\/strong>: Nous offrons les programmes de certification Bonnes pratiques de fabrication (BPF) et HACCP pour le secteur de la production animale, ainsi que des audits ind\u00e9pendants pour les programmes nationaux de salubrit\u00e9 des aliments \u00e0 la ferme et pour le Programme de soins des animaux.<\/li>\n<li><strong>Audits d\u2019all\u00e9gations d\u2019\u00e9tiquettes\u00a0<\/strong>: Diff\u00e9renciez votre produit au moyen d\u2019audits ind\u00e9pendants des all\u00e9gations en lien avec les m\u00e9thodes de production \u00e0 la ferme, notamment l\u2019\u00e9levage sans recours aux antibiotiques.<\/li>\n<\/ul>\n<p>Pour plus de d\u00e9tails, communiquez avec nous \u00e0 l\u2019adresse\u00a0<a href=\"mailto:nsfcanada@nsf.org\">nsfcanada@nsf.org<\/a>\u00a0ou au 519 821-1246.<\/p>\n<div id=\"gtx-trans\" style=\"position: absolute; left: -123px; top: -7px;\">\n<div class=\"gtx-trans-icon\"><\/div>\n<\/div>\n\t\t\t\t\t\t\t\t<\/div>\n\t\t\t\t<\/div>\n\t\t\t\t\t<\/div>\n\t\t<\/div>\n\t\t\t\t\t<\/div>\n\t\t<\/section>\n\t\t\t\t<\/div>\n\t\t","protected":false},"excerpt":{"rendered":"<p>Agriculture : produits animaux NSF propose une gamme compl\u00e8te de services de bien-\u00eatre animal pour les \u00e9leveurs, les transporteurs et les entreprises de transformation, afin d\u2019assurer la sant\u00e9 et le bien-\u00eatre des animaux d\u2019\u00e9levage \u00e0 chaque \u00e9tape de leur vie, ainsi que la conformit\u00e9 aux normes en mati\u00e8re de bien-\u00eatre animal et aux exigences des [&hellip;]<\/p>\n","protected":false},"author":1,"featured_media":754,"parent":1906,"menu_order":11,"comment_status":"closed","ping_status":"open","template":"","meta":{"_acf_changed":false,"footnotes":""},"class_list":["post-1908","page","type-page","status-publish","has-post-thumbnail","hentry"],"acf":[],"yoast_head":"<!-- This site is optimized with the Yoast SEO plugin v26.5 - https:\/\/yoast.com\/wordpress\/plugins\/seo\/ -->\n<title>Agriculture : produits animaux | NSF<\/title>\n<meta name=\"description\" content=\"NSF propose une gamme compl\u00e8te de services de bien-\u00eatre animal pour les \u00e9leveurs, les transporteurs et les entreprises de transformation, afin d\u2019assurer la sant\u00e9 et le bien-\u00eatre des animaux d\u2019\u00e9levage \u00e0 chaque \u00e9tape de leur vie, ainsi que la conformit\u00e9 aux normes en mati\u00e8re de bien-\u00eatre animal et aux exigences des d\u00e9taillants.\" \/>\n<meta name=\"robots\" content=\"index, follow, max-snippet:-1, max-image-preview:large, max-video-preview:-1\" \/>\n<link rel=\"canonical\" href=\"https:\/\/www.nsfcanada.ca\/fr\/certification-et-audits\/agriculture-produits-animaux\/\" \/>\n<meta property=\"og:locale\" content=\"fr_FR\" \/>\n<meta property=\"og:type\" content=\"article\" \/>\n<meta property=\"og:title\" content=\"Agriculture : produits animaux | NSF\" \/>\n<meta property=\"og:description\" content=\"NSF propose une gamme compl\u00e8te de services de bien-\u00eatre animal pour les \u00e9leveurs, les transporteurs et les entreprises de transformation, afin d\u2019assurer la sant\u00e9 et le bien-\u00eatre des animaux d\u2019\u00e9levage \u00e0 chaque \u00e9tape de leur vie, ainsi que la conformit\u00e9 aux normes en mati\u00e8re de bien-\u00eatre animal et aux exigences des d\u00e9taillants.\" \/>\n<meta property=\"og:url\" content=\"https:\/\/www.nsfcanada.ca\/fr\/certification-et-audits\/agriculture-produits-animaux\/\" \/>\n<meta property=\"og:site_name\" content=\"NSF\" \/>\n<meta property=\"article:modified_time\" content=\"2021-06-10T13:48:50+00:00\" \/>\n<meta property=\"og:image\" content=\"https:\/\/www.nsfcanada.ca\/wp-content\/uploads\/2021\/03\/agriculture-animal-header-2.jpg\" \/>\n\t<meta property=\"og:image:width\" content=\"2000\" \/>\n\t<meta property=\"og:image:height\" content=\"300\" \/>\n\t<meta property=\"og:image:type\" content=\"image\/jpeg\" \/>\n<meta name=\"twitter:card\" content=\"summary_large_image\" \/>\n<meta name=\"twitter:label1\" content=\"Dur\u00e9e de lecture estim\u00e9e\" \/>\n\t<meta name=\"twitter:data1\" content=\"2 minutes\" \/>\n<script type=\"application\/ld+json\" class=\"yoast-schema-graph\">{\"@context\":\"https:\/\/schema.org\",\"@graph\":[{\"@type\":\"WebPage\",\"@id\":\"https:\/\/www.nsfcanada.ca\/fr\/certification-et-audits\/agriculture-produits-animaux\/\",\"url\":\"https:\/\/www.nsfcanada.ca\/fr\/certification-et-audits\/agriculture-produits-animaux\/\",\"name\":\"Agriculture : produits animaux | NSF\",\"isPartOf\":{\"@id\":\"https:\/\/www.nsfcanada.ca\/fr\/#website\"},\"primaryImageOfPage\":{\"@id\":\"https:\/\/www.nsfcanada.ca\/fr\/certification-et-audits\/agriculture-produits-animaux\/#primaryimage\"},\"image\":{\"@id\":\"https:\/\/www.nsfcanada.ca\/fr\/certification-et-audits\/agriculture-produits-animaux\/#primaryimage\"},\"thumbnailUrl\":\"https:\/\/www.nsfcanada.ca\/wp-content\/uploads\/2021\/03\/agriculture-animal-header-2.jpg\",\"datePublished\":\"2021-05-03T12:03:21+00:00\",\"dateModified\":\"2021-06-10T13:48:50+00:00\",\"description\":\"NSF propose une gamme compl\u00e8te de services de bien-\u00eatre animal pour les \u00e9leveurs, les transporteurs et les entreprises de transformation, afin d\u2019assurer la sant\u00e9 et le bien-\u00eatre des animaux d\u2019\u00e9levage \u00e0 chaque \u00e9tape de leur vie, ainsi que la conformit\u00e9 aux normes en mati\u00e8re de bien-\u00eatre animal et aux exigences des d\u00e9taillants.\",\"breadcrumb\":{\"@id\":\"https:\/\/www.nsfcanada.ca\/fr\/certification-et-audits\/agriculture-produits-animaux\/#breadcrumb\"},\"inLanguage\":\"fr-FR\",\"potentialAction\":[{\"@type\":\"ReadAction\",\"target\":[\"https:\/\/www.nsfcanada.ca\/fr\/certification-et-audits\/agriculture-produits-animaux\/\"]}]},{\"@type\":\"ImageObject\",\"inLanguage\":\"fr-FR\",\"@id\":\"https:\/\/www.nsfcanada.ca\/fr\/certification-et-audits\/agriculture-produits-animaux\/#primaryimage\",\"url\":\"https:\/\/www.nsfcanada.ca\/wp-content\/uploads\/2021\/03\/agriculture-animal-header-2.jpg\",\"contentUrl\":\"https:\/\/www.nsfcanada.ca\/wp-content\/uploads\/2021\/03\/agriculture-animal-header-2.jpg\",\"width\":2000,\"height\":300,\"caption\":\"Cows in green field\"},{\"@type\":\"BreadcrumbList\",\"@id\":\"https:\/\/www.nsfcanada.ca\/fr\/certification-et-audits\/agriculture-produits-animaux\/#breadcrumb\",\"itemListElement\":[{\"@type\":\"ListItem\",\"position\":1,\"name\":\"Home\",\"item\":\"https:\/\/www.nsfcanada.ca\/fr\/\"},{\"@type\":\"ListItem\",\"position\":2,\"name\":\"Certification et audits\",\"item\":\"https:\/\/www.nsfcanada.ca\/fr\/certification-et-audits\/\"},{\"@type\":\"ListItem\",\"position\":3,\"name\":\"Agriculture : produits animaux\"}]},{\"@type\":\"WebSite\",\"@id\":\"https:\/\/www.nsfcanada.ca\/fr\/#website\",\"url\":\"https:\/\/www.nsfcanada.ca\/fr\/\",\"name\":\"NSF\",\"description\":\"NSF Services in Canada\",\"publisher\":{\"@id\":\"https:\/\/www.nsfcanada.ca\/fr\/#organization\"},\"potentialAction\":[{\"@type\":\"SearchAction\",\"target\":{\"@type\":\"EntryPoint\",\"urlTemplate\":\"https:\/\/www.nsfcanada.ca\/fr\/?s={search_term_string}\"},\"query-input\":{\"@type\":\"PropertyValueSpecification\",\"valueRequired\":true,\"valueName\":\"search_term_string\"}}],\"inLanguage\":\"fr-FR\"},{\"@type\":\"Organization\",\"@id\":\"https:\/\/www.nsfcanada.ca\/fr\/#organization\",\"name\":\"NSF International\",\"url\":\"https:\/\/www.nsfcanada.ca\/fr\/\",\"logo\":{\"@type\":\"ImageObject\",\"inLanguage\":\"fr-FR\",\"@id\":\"https:\/\/www.nsfcanada.ca\/fr\/#\/schema\/logo\/image\/\",\"url\":\"http:\/\/canada.nsfinternational.eu\/wp-content\/uploads\/2021\/03\/logo-nsf-international.png\",\"contentUrl\":\"http:\/\/canada.nsfinternational.eu\/wp-content\/uploads\/2021\/03\/logo-nsf-international.png\",\"width\":300,\"height\":300,\"caption\":\"NSF International\"},\"image\":{\"@id\":\"https:\/\/www.nsfcanada.ca\/fr\/#\/schema\/logo\/image\/\"}}]}<\/script>\n<!-- \/ Yoast SEO plugin. -->","yoast_head_json":{"title":"Agriculture : produits animaux | NSF","description":"NSF propose une gamme compl\u00e8te de services de bien-\u00eatre animal pour les \u00e9leveurs, les transporteurs et les entreprises de transformation, afin d\u2019assurer la sant\u00e9 et le bien-\u00eatre des animaux d\u2019\u00e9levage \u00e0 chaque \u00e9tape de leur vie, ainsi que la conformit\u00e9 aux normes en mati\u00e8re de bien-\u00eatre animal et aux exigences des d\u00e9taillants.","robots":{"index":"index","follow":"follow","max-snippet":"max-snippet:-1","max-image-preview":"max-image-preview:large","max-video-preview":"max-video-preview:-1"},"canonical":"https:\/\/www.nsfcanada.ca\/fr\/certification-et-audits\/agriculture-produits-animaux\/","og_locale":"fr_FR","og_type":"article","og_title":"Agriculture : produits animaux | NSF","og_description":"NSF propose une gamme compl\u00e8te de services de bien-\u00eatre animal pour les \u00e9leveurs, les transporteurs et les entreprises de transformation, afin d\u2019assurer la sant\u00e9 et le bien-\u00eatre des animaux d\u2019\u00e9levage \u00e0 chaque \u00e9tape de leur vie, ainsi que la conformit\u00e9 aux normes en mati\u00e8re de bien-\u00eatre animal et aux exigences des d\u00e9taillants.","og_url":"https:\/\/www.nsfcanada.ca\/fr\/certification-et-audits\/agriculture-produits-animaux\/","og_site_name":"NSF","article_modified_time":"2021-06-10T13:48:50+00:00","og_image":[{"width":2000,"height":300,"url":"https:\/\/www.nsfcanada.ca\/wp-content\/uploads\/2021\/03\/agriculture-animal-header-2.jpg","type":"image\/jpeg"}],"twitter_card":"summary_large_image","twitter_misc":{"Dur\u00e9e de lecture estim\u00e9e":"2 minutes"},"schema":{"@context":"https:\/\/schema.org","@graph":[{"@type":"WebPage","@id":"https:\/\/www.nsfcanada.ca\/fr\/certification-et-audits\/agriculture-produits-animaux\/","url":"https:\/\/www.nsfcanada.ca\/fr\/certification-et-audits\/agriculture-produits-animaux\/","name":"Agriculture : produits animaux | NSF","isPartOf":{"@id":"https:\/\/www.nsfcanada.ca\/fr\/#website"},"primaryImageOfPage":{"@id":"https:\/\/www.nsfcanada.ca\/fr\/certification-et-audits\/agriculture-produits-animaux\/#primaryimage"},"image":{"@id":"https:\/\/www.nsfcanada.ca\/fr\/certification-et-audits\/agriculture-produits-animaux\/#primaryimage"},"thumbnailUrl":"https:\/\/www.nsfcanada.ca\/wp-content\/uploads\/2021\/03\/agriculture-animal-header-2.jpg","datePublished":"2021-05-03T12:03:21+00:00","dateModified":"2021-06-10T13:48:50+00:00","description":"NSF propose une gamme compl\u00e8te de services de bien-\u00eatre animal pour les \u00e9leveurs, les transporteurs et les entreprises de transformation, afin d\u2019assurer la sant\u00e9 et le bien-\u00eatre des animaux d\u2019\u00e9levage \u00e0 chaque \u00e9tape de leur vie, ainsi que la conformit\u00e9 aux normes en mati\u00e8re de bien-\u00eatre animal et aux exigences des d\u00e9taillants.","breadcrumb":{"@id":"https:\/\/www.nsfcanada.ca\/fr\/certification-et-audits\/agriculture-produits-animaux\/#breadcrumb"},"inLanguage":"fr-FR","potentialAction":[{"@type":"ReadAction","target":["https:\/\/www.nsfcanada.ca\/fr\/certification-et-audits\/agriculture-produits-animaux\/"]}]},{"@type":"ImageObject","inLanguage":"fr-FR","@id":"https:\/\/www.nsfcanada.ca\/fr\/certification-et-audits\/agriculture-produits-animaux\/#primaryimage","url":"https:\/\/www.nsfcanada.ca\/wp-content\/uploads\/2021\/03\/agriculture-animal-header-2.jpg","contentUrl":"https:\/\/www.nsfcanada.ca\/wp-content\/uploads\/2021\/03\/agriculture-animal-header-2.jpg","width":2000,"height":300,"caption":"Cows in green field"},{"@type":"BreadcrumbList","@id":"https:\/\/www.nsfcanada.ca\/fr\/certification-et-audits\/agriculture-produits-animaux\/#breadcrumb","itemListElement":[{"@type":"ListItem","position":1,"name":"Home","item":"https:\/\/www.nsfcanada.ca\/fr\/"},{"@type":"ListItem","position":2,"name":"Certification et audits","item":"https:\/\/www.nsfcanada.ca\/fr\/certification-et-audits\/"},{"@type":"ListItem","position":3,"name":"Agriculture : produits animaux"}]},{"@type":"WebSite","@id":"https:\/\/www.nsfcanada.ca\/fr\/#website","url":"https:\/\/www.nsfcanada.ca\/fr\/","name":"NSF","description":"NSF Services in Canada","publisher":{"@id":"https:\/\/www.nsfcanada.ca\/fr\/#organization"},"potentialAction":[{"@type":"SearchAction","target":{"@type":"EntryPoint","urlTemplate":"https:\/\/www.nsfcanada.ca\/fr\/?s={search_term_string}"},"query-input":{"@type":"PropertyValueSpecification","valueRequired":true,"valueName":"search_term_string"}}],"inLanguage":"fr-FR"},{"@type":"Organization","@id":"https:\/\/www.nsfcanada.ca\/fr\/#organization","name":"NSF International","url":"https:\/\/www.nsfcanada.ca\/fr\/","logo":{"@type":"ImageObject","inLanguage":"fr-FR","@id":"https:\/\/www.nsfcanada.ca\/fr\/#\/schema\/logo\/image\/","url":"http:\/\/canada.nsfinternational.eu\/wp-content\/uploads\/2021\/03\/logo-nsf-international.png","contentUrl":"http:\/\/canada.nsfinternational.eu\/wp-content\/uploads\/2021\/03\/logo-nsf-international.png","width":300,"height":300,"caption":"NSF International"},"image":{"@id":"https:\/\/www.nsfcanada.ca\/fr\/#\/schema\/logo\/image\/"}}]}},"_links":{"self":[{"href":"https:\/\/www.nsfcanada.ca\/fr\/wp-json\/wp\/v2\/pages\/1908","targetHints":{"allow":["GET"]}}],"collection":[{"href":"https:\/\/www.nsfcanada.ca\/fr\/wp-json\/wp\/v2\/pages"}],"about":[{"href":"https:\/\/www.nsfcanada.ca\/fr\/wp-json\/wp\/v2\/types\/page"}],"author":[{"embeddable":true,"href":"https:\/\/www.nsfcanada.ca\/fr\/wp-json\/wp\/v2\/users\/1"}],"replies":[{"embeddable":true,"href":"https:\/\/www.nsfcanada.ca\/fr\/wp-json\/wp\/v2\/comments?post=1908"}],"version-history":[{"count":3,"href":"https:\/\/www.nsfcanada.ca\/fr\/wp-json\/wp\/v2\/pages\/1908\/revisions"}],"predecessor-version":[{"id":2187,"href":"https:\/\/www.nsfcanada.ca\/fr\/wp-json\/wp\/v2\/pages\/1908\/revisions\/2187"}],"up":[{"embeddable":true,"href":"https:\/\/www.nsfcanada.ca\/fr\/wp-json\/wp\/v2\/pages\/1906"}],"wp:featuredmedia":[{"embeddable":true,"href":"https:\/\/www.nsfcanada.ca\/fr\/wp-json\/wp\/v2\/media\/754"}],"wp:attachment":[{"href":"https:\/\/www.nsfcanada.ca\/fr\/wp-json\/wp\/v2\/media?parent=1908"}],"curies":[{"name":"wp","href":"https:\/\/api.w.org\/{rel}","templated":true}]}}