{"id":1910,"date":"2021-05-03T08:06:02","date_gmt":"2021-05-03T12:06:02","guid":{"rendered":"https:\/\/www.nsfcanada.ca\/certification-et-audits\/agriculture-produits-vegetaux\/"},"modified":"2023-05-05T06:17:56","modified_gmt":"2023-05-05T10:17:56","slug":"agriculture-produits-vegetaux","status":"publish","type":"page","link":"https:\/\/www.nsfcanada.ca\/fr\/certification-et-audits\/agriculture-produits-vegetaux\/","title":{"rendered":"Agriculture : produits v\u00e9g\u00e9taux"},"content":{"rendered":"\t\t<div data-elementor-type=\"wp-page\" data-elementor-id=\"1910\" class=\"elementor elementor-1910 elementor-153\">\n\t\t\t\t\t\t<section class=\"elementor-section elementor-top-section elementor-element elementor-element-cdee0f6 elementor-section-boxed elementor-section-height-default elementor-section-height-default\" data-id=\"cdee0f6\" data-element_type=\"section\" data-settings=\"{&quot;jet_parallax_layout_list&quot;:[{&quot;jet_parallax_layout_image&quot;:{&quot;url&quot;:&quot;&quot;,&quot;id&quot;:&quot;&quot;,&quot;size&quot;:&quot;&quot;},&quot;_id&quot;:&quot;ab7ded2&quot;,&quot;jet_parallax_layout_image_tablet&quot;:{&quot;url&quot;:&quot;&quot;,&quot;id&quot;:&quot;&quot;,&quot;size&quot;:&quot;&quot;},&quot;jet_parallax_layout_image_mobile&quot;:{&quot;url&quot;:&quot;&quot;,&quot;id&quot;:&quot;&quot;,&quot;size&quot;:&quot;&quot;},&quot;jet_parallax_layout_speed&quot;:{&quot;unit&quot;:&quot;%&quot;,&quot;size&quot;:50,&quot;sizes&quot;:[]},&quot;jet_parallax_layout_type&quot;:&quot;scroll&quot;,&quot;jet_parallax_layout_direction&quot;:null,&quot;jet_parallax_layout_fx_direction&quot;:null,&quot;jet_parallax_layout_z_index&quot;:&quot;&quot;,&quot;jet_parallax_layout_bg_x&quot;:50,&quot;jet_parallax_layout_bg_x_tablet&quot;:&quot;&quot;,&quot;jet_parallax_layout_bg_x_mobile&quot;:&quot;&quot;,&quot;jet_parallax_layout_bg_y&quot;:50,&quot;jet_parallax_layout_bg_y_tablet&quot;:&quot;&quot;,&quot;jet_parallax_layout_bg_y_mobile&quot;:&quot;&quot;,&quot;jet_parallax_layout_bg_size&quot;:&quot;auto&quot;,&quot;jet_parallax_layout_bg_size_tablet&quot;:&quot;&quot;,&quot;jet_parallax_layout_bg_size_mobile&quot;:&quot;&quot;,&quot;jet_parallax_layout_animation_prop&quot;:&quot;transform&quot;,&quot;jet_parallax_layout_on&quot;:[&quot;desktop&quot;,&quot;tablet&quot;]}]}\">\n\t\t\t\t\t\t<div class=\"elementor-container elementor-column-gap-default\">\n\t\t\t\t\t<div class=\"elementor-column elementor-col-100 elementor-top-column elementor-element elementor-element-63f4960\" data-id=\"63f4960\" data-element_type=\"column\">\n\t\t\t<div class=\"elementor-widget-wrap elementor-element-populated\">\n\t\t\t\t\t\t<div class=\"elementor-element elementor-element-776cf97 elementor-widget elementor-widget-text-editor\" data-id=\"776cf97\" data-element_type=\"widget\" data-widget_type=\"text-editor.default\">\n\t\t\t\t<div class=\"elementor-widget-container\">\n\t\t\t\t\t\t\t\t\t<h1>Agriculture : produits v\u00e9g\u00e9taux<\/h1><p>Nous fournissons des services d\u2019audit et de certification aux entreprises agricoles, aux agriculteurs et aux producteurs du monde entier. Les soci\u00e9t\u00e9s de NSF sont les plus importants organismes de certification aux normes internationales, nationales et de d\u00e9tail, y compris les normes de r\u00e9f\u00e9rence PrimusGFS, GLOBALG.A.P., CanadaGAP et SQF, reconnues par la Global Food Safety Initiative (GFSI). Quelle que soit la taille de votre exploitation agricole, nous pouvons vous aider \u00e0 commercialiser vos produits au moyen d\u2019une gamme compl\u00e8te d\u2019audits.<\/p><p>Nous assurons l\u2019uniformit\u00e9 et l\u2019int\u00e9grit\u00e9 des m\u00e9thodes et des normes techniques, afin de garantir la qualit\u00e9 et la fiabilit\u00e9 de nos rapports d\u2019audits.<\/p><h2>CanadaGAP<\/h2><p>Nous sommes agr\u00e9\u00e9s par l\u2019ANSI National Accreditation Board (ANAB) et sommes l\u2019un des rares organismes autoris\u00e9s \u00e0 accorder la certification CanadaGAP, un programme de s\u00e9curit\u00e9 alimentaire de r\u00e9f\u00e9rence de la Global Food Safety Initiative (GFSI). Cette norme porte sur les aspects suivants :<\/p><ul><li>production \u2013 activit\u00e9s de champ et de serre, notamment la r\u00e9colte;<\/li><li>emballage \u2013 conditionnement des produits r\u00e9colt\u00e9s;<\/li><li>entreposage \u2013 activit\u00e9s pr\u00e9- et post-emballage des installations d\u2019entreposage autonomes;<\/li><li>r\u00e9emballage, vente en gros et courtage.<\/li><\/ul><p>CanadaGAP est un syst\u00e8me de certification visant \u00e0 assurer la s\u00e9curit\u00e9 de la production, de l\u2019entreposage et de l\u2019emballage des fruits et des l\u00e9gumes frais, notamment les op\u00e9rations de r\u00e9emballage, de vente en gros et de courtage. Pour obtenir la certification, les participants doivent r\u00e9pondre aux exigences des programmes de s\u00e9curit\u00e9 alimentaire mis au point par l\u2019industrie horticole, dont l\u2019exactitude technique et la validit\u00e9 sont v\u00e9rifi\u00e9es par des experts de l\u2019administration canadienne. L\u2019exploitation doit \u00e9galement satisfaire \u00e0 des audits effectu\u00e9s sur place.<\/p><p>Des milliers de producteurs, d\u2019emballeurs, de r\u00e9emballeurs, de grossistes et d\u2019entrep\u00f4ts ont obtenu la certification CanadaGAP depuis le lancement du programme en 2008. Aujourd\u2019hui, CanadaGAP est le principal programme de certification de produits frais aux normes de r\u00e9f\u00e9rence GFSI pour les entreprises canadiennes.<\/p><p>Les services de certification CanadaGAP de NSF sont fournis par la NSF Canada Agricultural Certification Company.\u00a0<a title=\"online_registry.pdf\" href=\"https:\/\/nsfinternational.widen.net\/s\/bcbldsmvkc\/online_registry\" target=\"_blank\" rel=\"noopener\" data-entity-type=\"file\" data-entity-uuid=\"ffe642e9-8f6c-4cd6-a677-5a125046c87a\">Cliquez ici<\/a>\u00a0pour conna\u00eetre la liste des entreprises qui ont obtenu la certification CanadaGAP de la NSF Canada Agricultural Certification Company (NSF Canada Ag) (en anglais seulement).<\/p><h2>GLOBALG.A.P.<\/h2><p>Les certifications GLOBALG.A.P. comptent parmi les normes de s\u00e9curit\u00e9 alimentaire les plus reconnues et les plus recherch\u00e9es au monde. Les certifications de la Global Food Safety Initiative (GFSI) peuvent vous permettre d\u2019\u00e9conomiser temps et argent en \u00e9liminant le d\u00e9doublement d\u2019audits et en procurant des m\u00e9thodes uniformis\u00e9es \u00e0 l\u2019\u00e9chelle mondiale.<\/p><p>NSF est agr\u00e9\u00e9 par ANSI pour certifier les producteurs \u00e0 la norme GLOBALG.A.P., un programme de s\u00e9curit\u00e9 alimentaire de r\u00e9f\u00e9rence de la GFSI. Nous assurons l\u2019uniformit\u00e9 et l\u2019int\u00e9grit\u00e9 des m\u00e9thodes et des normes techniques, afin de garantir la qualit\u00e9 et la fiabilit\u00e9 de nos rapports d\u2019audits. Il existe une solution GLOBALG.A.P. pour tous les types d\u2019entreprises, des petites fermes locales aux grandes exploitations internationales.<\/p><p>Services GLOBALG.A.P. :<\/p><ul><li>GLOBALG.A.P. Integrated Farm Assurance Certification<\/li><li>GLOBALG.A.P. Produce Safety Standard Certification<\/li><li>GLOBALG.A.P. Harmonized Produce Safety Standard (\u00c9tats-Unis)<\/li><\/ul><h2>PrimusGFS<\/h2><p>Ce programme d\u2019audit reconnu vise la s\u00e9curit\u00e9 alimentaire des produits agricoles frais ou peu transform\u00e9s destin\u00e9s \u00e0 la consommation humaine. Le programme :<\/p><ul><li>couvre l\u2019ensemble de la cha\u00eene d\u2019approvisionnement, en amont comme en aval des activit\u00e9s fermi\u00e8res;<\/li><li>porte sur le syst\u00e8me HACCP, les bonnes pratiques agricoles, les bonnes pratiques de fabrication et les syst\u00e8mes de gestion de la s\u00e9curit\u00e9 alimentaire;<\/li><li>est conforme aux normes de r\u00e9f\u00e9rence de la Global Food Safety Initiative (GFSI).<\/li><\/ul><h2>Safe Quality Food (SQF)<\/h2><p>NSF Certification, LLC est autoris\u00e9e \u00e0 offrir le programme\u00a0<a href=\"http:\/\/www.nsf.org\/services\/by-industry\/food-safety-quality\/global-food-safety-certification\/sqf-certification\" target=\"_blank\" rel=\"noopener\">Safe Quality Food<\/a>\u00a0(SQF)\u00a0(en anglais seulement), un syst\u00e8me de certification de la gestion de la qualit\u00e9 et de la s\u00e9curit\u00e9 alimentaires fond\u00e9 sur le syst\u00e8me HACCP pour tous les secteurs de l\u2019industrie alimentaire, de la production primaire \u00e0 la distribution en passant par le transport. D\u00e9tenir la certification SQF d\u00e9montre un engagement envers la qualit\u00e9 des m\u00e9thodes et l\u2019am\u00e9lioration continue et ouvre l\u2019acc\u00e8s aux grandes entreprises de d\u00e9tail.<\/p><p>Pour plus de d\u00e9tails, communiquez avec nous \u00e0 l\u2019adresse\u00a0<a href=\"mailto:nsfcanada@nsf.org\">nsfcanada@nsf.org<\/a> ou au 1-866-834-2516.<\/p>\t\t\t\t\t\t\t\t<\/div>\n\t\t\t\t<\/div>\n\t\t\t\t\t<\/div>\n\t\t<\/div>\n\t\t\t\t\t<\/div>\n\t\t<\/section>\n\t\t\t\t<\/div>\n\t\t","protected":false},"excerpt":{"rendered":"<p>Agriculture : produits v\u00e9g\u00e9taux Nous fournissons des services d\u2019audit et de certification aux entreprises agricoles, aux agriculteurs et aux producteurs du monde entier. Les soci\u00e9t\u00e9s de NSF sont les plus importants organismes de certification aux normes internationales, nationales et de d\u00e9tail, y compris les normes de r\u00e9f\u00e9rence PrimusGFS, GLOBALG.A.P., CanadaGAP et SQF, reconnues par la [&hellip;]<\/p>\n","protected":false},"author":1,"featured_media":757,"parent":1906,"menu_order":12,"comment_status":"closed","ping_status":"open","template":"","meta":{"_acf_changed":false,"footnotes":""},"class_list":["post-1910","page","type-page","status-publish","has-post-thumbnail","hentry"],"acf":[],"yoast_head":"<!-- This site is optimized with the Yoast SEO plugin v26.5 - https:\/\/yoast.com\/wordpress\/plugins\/seo\/ -->\n<title>Agriculture : produits v\u00e9g\u00e9taux | NSF<\/title>\n<meta name=\"description\" content=\"Nous fournissons des services d\u2019audit et de certification aux entreprises agricoles, aux agriculteurs et aux producteurs du monde entier.\" \/>\n<meta name=\"robots\" content=\"index, follow, max-snippet:-1, max-image-preview:large, max-video-preview:-1\" \/>\n<link rel=\"canonical\" href=\"https:\/\/www.nsfcanada.ca\/fr\/certification-et-audits\/agriculture-produits-vegetaux\/\" \/>\n<meta property=\"og:locale\" content=\"fr_FR\" \/>\n<meta property=\"og:type\" content=\"article\" \/>\n<meta property=\"og:title\" content=\"Agriculture : produits v\u00e9g\u00e9taux | NSF\" \/>\n<meta property=\"og:description\" content=\"Nous fournissons des services d\u2019audit et de certification aux entreprises agricoles, aux agriculteurs et aux producteurs du monde entier.\" \/>\n<meta property=\"og:url\" content=\"https:\/\/www.nsfcanada.ca\/fr\/certification-et-audits\/agriculture-produits-vegetaux\/\" \/>\n<meta property=\"og:site_name\" content=\"NSF\" \/>\n<meta property=\"article:modified_time\" content=\"2023-05-05T10:17:56+00:00\" \/>\n<meta property=\"og:image\" content=\"https:\/\/www.nsfcanada.ca\/wp-content\/uploads\/2021\/03\/agriculture-produce-header-1.jpg\" \/>\n\t<meta property=\"og:image:width\" content=\"2000\" \/>\n\t<meta property=\"og:image:height\" content=\"300\" \/>\n\t<meta property=\"og:image:type\" content=\"image\/jpeg\" \/>\n<meta name=\"twitter:card\" content=\"summary_large_image\" \/>\n<meta name=\"twitter:label1\" content=\"Dur\u00e9e de lecture estim\u00e9e\" \/>\n\t<meta name=\"twitter:data1\" content=\"4 minutes\" \/>\n<script type=\"application\/ld+json\" class=\"yoast-schema-graph\">{\"@context\":\"https:\/\/schema.org\",\"@graph\":[{\"@type\":\"WebPage\",\"@id\":\"https:\/\/www.nsfcanada.ca\/fr\/certification-et-audits\/agriculture-produits-vegetaux\/\",\"url\":\"https:\/\/www.nsfcanada.ca\/fr\/certification-et-audits\/agriculture-produits-vegetaux\/\",\"name\":\"Agriculture : produits v\u00e9g\u00e9taux | NSF\",\"isPartOf\":{\"@id\":\"https:\/\/www.nsfcanada.ca\/fr\/#website\"},\"primaryImageOfPage\":{\"@id\":\"https:\/\/www.nsfcanada.ca\/fr\/certification-et-audits\/agriculture-produits-vegetaux\/#primaryimage\"},\"image\":{\"@id\":\"https:\/\/www.nsfcanada.ca\/fr\/certification-et-audits\/agriculture-produits-vegetaux\/#primaryimage\"},\"thumbnailUrl\":\"https:\/\/www.nsfcanada.ca\/wp-content\/uploads\/2021\/03\/agriculture-produce-header-1.jpg\",\"datePublished\":\"2021-05-03T12:06:02+00:00\",\"dateModified\":\"2023-05-05T10:17:56+00:00\",\"description\":\"Nous fournissons des services d\u2019audit et de certification aux entreprises agricoles, aux agriculteurs et aux producteurs du monde entier.\",\"breadcrumb\":{\"@id\":\"https:\/\/www.nsfcanada.ca\/fr\/certification-et-audits\/agriculture-produits-vegetaux\/#breadcrumb\"},\"inLanguage\":\"fr-FR\",\"potentialAction\":[{\"@type\":\"ReadAction\",\"target\":[\"https:\/\/www.nsfcanada.ca\/fr\/certification-et-audits\/agriculture-produits-vegetaux\/\"]}]},{\"@type\":\"ImageObject\",\"inLanguage\":\"fr-FR\",\"@id\":\"https:\/\/www.nsfcanada.ca\/fr\/certification-et-audits\/agriculture-produits-vegetaux\/#primaryimage\",\"url\":\"https:\/\/www.nsfcanada.ca\/wp-content\/uploads\/2021\/03\/agriculture-produce-header-1.jpg\",\"contentUrl\":\"https:\/\/www.nsfcanada.ca\/wp-content\/uploads\/2021\/03\/agriculture-produce-header-1.jpg\",\"width\":2000,\"height\":300,\"caption\":\"Tomatoes growing on plant\"},{\"@type\":\"BreadcrumbList\",\"@id\":\"https:\/\/www.nsfcanada.ca\/fr\/certification-et-audits\/agriculture-produits-vegetaux\/#breadcrumb\",\"itemListElement\":[{\"@type\":\"ListItem\",\"position\":1,\"name\":\"Home\",\"item\":\"https:\/\/www.nsfcanada.ca\/fr\/\"},{\"@type\":\"ListItem\",\"position\":2,\"name\":\"Certification et audits\",\"item\":\"https:\/\/www.nsfcanada.ca\/fr\/certification-et-audits\/\"},{\"@type\":\"ListItem\",\"position\":3,\"name\":\"Agriculture : produits v\u00e9g\u00e9taux\"}]},{\"@type\":\"WebSite\",\"@id\":\"https:\/\/www.nsfcanada.ca\/fr\/#website\",\"url\":\"https:\/\/www.nsfcanada.ca\/fr\/\",\"name\":\"NSF\",\"description\":\"NSF Services in Canada\",\"publisher\":{\"@id\":\"https:\/\/www.nsfcanada.ca\/fr\/#organization\"},\"potentialAction\":[{\"@type\":\"SearchAction\",\"target\":{\"@type\":\"EntryPoint\",\"urlTemplate\":\"https:\/\/www.nsfcanada.ca\/fr\/?s={search_term_string}\"},\"query-input\":{\"@type\":\"PropertyValueSpecification\",\"valueRequired\":true,\"valueName\":\"search_term_string\"}}],\"inLanguage\":\"fr-FR\"},{\"@type\":\"Organization\",\"@id\":\"https:\/\/www.nsfcanada.ca\/fr\/#organization\",\"name\":\"NSF International\",\"url\":\"https:\/\/www.nsfcanada.ca\/fr\/\",\"logo\":{\"@type\":\"ImageObject\",\"inLanguage\":\"fr-FR\",\"@id\":\"https:\/\/www.nsfcanada.ca\/fr\/#\/schema\/logo\/image\/\",\"url\":\"http:\/\/canada.nsfinternational.eu\/wp-content\/uploads\/2021\/03\/logo-nsf-international.png\",\"contentUrl\":\"http:\/\/canada.nsfinternational.eu\/wp-content\/uploads\/2021\/03\/logo-nsf-international.png\",\"width\":300,\"height\":300,\"caption\":\"NSF International\"},\"image\":{\"@id\":\"https:\/\/www.nsfcanada.ca\/fr\/#\/schema\/logo\/image\/\"}}]}<\/script>\n<!-- \/ Yoast SEO plugin. -->","yoast_head_json":{"title":"Agriculture : produits v\u00e9g\u00e9taux | NSF","description":"Nous fournissons des services d\u2019audit et de certification aux entreprises agricoles, aux agriculteurs et aux producteurs du monde entier.","robots":{"index":"index","follow":"follow","max-snippet":"max-snippet:-1","max-image-preview":"max-image-preview:large","max-video-preview":"max-video-preview:-1"},"canonical":"https:\/\/www.nsfcanada.ca\/fr\/certification-et-audits\/agriculture-produits-vegetaux\/","og_locale":"fr_FR","og_type":"article","og_title":"Agriculture : produits v\u00e9g\u00e9taux | NSF","og_description":"Nous fournissons des services d\u2019audit et de certification aux entreprises agricoles, aux agriculteurs et aux producteurs du monde entier.","og_url":"https:\/\/www.nsfcanada.ca\/fr\/certification-et-audits\/agriculture-produits-vegetaux\/","og_site_name":"NSF","article_modified_time":"2023-05-05T10:17:56+00:00","og_image":[{"width":2000,"height":300,"url":"https:\/\/www.nsfcanada.ca\/wp-content\/uploads\/2021\/03\/agriculture-produce-header-1.jpg","type":"image\/jpeg"}],"twitter_card":"summary_large_image","twitter_misc":{"Dur\u00e9e de lecture estim\u00e9e":"4 minutes"},"schema":{"@context":"https:\/\/schema.org","@graph":[{"@type":"WebPage","@id":"https:\/\/www.nsfcanada.ca\/fr\/certification-et-audits\/agriculture-produits-vegetaux\/","url":"https:\/\/www.nsfcanada.ca\/fr\/certification-et-audits\/agriculture-produits-vegetaux\/","name":"Agriculture : produits v\u00e9g\u00e9taux | NSF","isPartOf":{"@id":"https:\/\/www.nsfcanada.ca\/fr\/#website"},"primaryImageOfPage":{"@id":"https:\/\/www.nsfcanada.ca\/fr\/certification-et-audits\/agriculture-produits-vegetaux\/#primaryimage"},"image":{"@id":"https:\/\/www.nsfcanada.ca\/fr\/certification-et-audits\/agriculture-produits-vegetaux\/#primaryimage"},"thumbnailUrl":"https:\/\/www.nsfcanada.ca\/wp-content\/uploads\/2021\/03\/agriculture-produce-header-1.jpg","datePublished":"2021-05-03T12:06:02+00:00","dateModified":"2023-05-05T10:17:56+00:00","description":"Nous fournissons des services d\u2019audit et de certification aux entreprises agricoles, aux agriculteurs et aux producteurs du monde entier.","breadcrumb":{"@id":"https:\/\/www.nsfcanada.ca\/fr\/certification-et-audits\/agriculture-produits-vegetaux\/#breadcrumb"},"inLanguage":"fr-FR","potentialAction":[{"@type":"ReadAction","target":["https:\/\/www.nsfcanada.ca\/fr\/certification-et-audits\/agriculture-produits-vegetaux\/"]}]},{"@type":"ImageObject","inLanguage":"fr-FR","@id":"https:\/\/www.nsfcanada.ca\/fr\/certification-et-audits\/agriculture-produits-vegetaux\/#primaryimage","url":"https:\/\/www.nsfcanada.ca\/wp-content\/uploads\/2021\/03\/agriculture-produce-header-1.jpg","contentUrl":"https:\/\/www.nsfcanada.ca\/wp-content\/uploads\/2021\/03\/agriculture-produce-header-1.jpg","width":2000,"height":300,"caption":"Tomatoes growing on plant"},{"@type":"BreadcrumbList","@id":"https:\/\/www.nsfcanada.ca\/fr\/certification-et-audits\/agriculture-produits-vegetaux\/#breadcrumb","itemListElement":[{"@type":"ListItem","position":1,"name":"Home","item":"https:\/\/www.nsfcanada.ca\/fr\/"},{"@type":"ListItem","position":2,"name":"Certification et audits","item":"https:\/\/www.nsfcanada.ca\/fr\/certification-et-audits\/"},{"@type":"ListItem","position":3,"name":"Agriculture : produits v\u00e9g\u00e9taux"}]},{"@type":"WebSite","@id":"https:\/\/www.nsfcanada.ca\/fr\/#website","url":"https:\/\/www.nsfcanada.ca\/fr\/","name":"NSF","description":"NSF Services in Canada","publisher":{"@id":"https:\/\/www.nsfcanada.ca\/fr\/#organization"},"potentialAction":[{"@type":"SearchAction","target":{"@type":"EntryPoint","urlTemplate":"https:\/\/www.nsfcanada.ca\/fr\/?s={search_term_string}"},"query-input":{"@type":"PropertyValueSpecification","valueRequired":true,"valueName":"search_term_string"}}],"inLanguage":"fr-FR"},{"@type":"Organization","@id":"https:\/\/www.nsfcanada.ca\/fr\/#organization","name":"NSF International","url":"https:\/\/www.nsfcanada.ca\/fr\/","logo":{"@type":"ImageObject","inLanguage":"fr-FR","@id":"https:\/\/www.nsfcanada.ca\/fr\/#\/schema\/logo\/image\/","url":"http:\/\/canada.nsfinternational.eu\/wp-content\/uploads\/2021\/03\/logo-nsf-international.png","contentUrl":"http:\/\/canada.nsfinternational.eu\/wp-content\/uploads\/2021\/03\/logo-nsf-international.png","width":300,"height":300,"caption":"NSF International"},"image":{"@id":"https:\/\/www.nsfcanada.ca\/fr\/#\/schema\/logo\/image\/"}}]}},"_links":{"self":[{"href":"https:\/\/www.nsfcanada.ca\/fr\/wp-json\/wp\/v2\/pages\/1910","targetHints":{"allow":["GET"]}}],"collection":[{"href":"https:\/\/www.nsfcanada.ca\/fr\/wp-json\/wp\/v2\/pages"}],"about":[{"href":"https:\/\/www.nsfcanada.ca\/fr\/wp-json\/wp\/v2\/types\/page"}],"author":[{"embeddable":true,"href":"https:\/\/www.nsfcanada.ca\/fr\/wp-json\/wp\/v2\/users\/1"}],"replies":[{"embeddable":true,"href":"https:\/\/www.nsfcanada.ca\/fr\/wp-json\/wp\/v2\/comments?post=1910"}],"version-history":[{"count":15,"href":"https:\/\/www.nsfcanada.ca\/fr\/wp-json\/wp\/v2\/pages\/1910\/revisions"}],"predecessor-version":[{"id":2397,"href":"https:\/\/www.nsfcanada.ca\/fr\/wp-json\/wp\/v2\/pages\/1910\/revisions\/2397"}],"up":[{"embeddable":true,"href":"https:\/\/www.nsfcanada.ca\/fr\/wp-json\/wp\/v2\/pages\/1906"}],"wp:featuredmedia":[{"embeddable":true,"href":"https:\/\/www.nsfcanada.ca\/fr\/wp-json\/wp\/v2\/media\/757"}],"wp:attachment":[{"href":"https:\/\/www.nsfcanada.ca\/fr\/wp-json\/wp\/v2\/media?parent=1910"}],"curies":[{"name":"wp","href":"https:\/\/api.w.org\/{rel}","templated":true}]}}