{"id":1918,"date":"2021-05-03T08:17:08","date_gmt":"2021-05-03T12:17:08","guid":{"rendered":"https:\/\/www.nsfcanada.ca\/certification-et-audits\/commerce-de-detail\/"},"modified":"2021-06-10T09:53:39","modified_gmt":"2021-06-10T13:53:39","slug":"commerce-de-detail","status":"publish","type":"page","link":"https:\/\/www.nsfcanada.ca\/fr\/certification-et-audits\/commerce-de-detail\/","title":{"rendered":"Commerce de d\u00e9tail"},"content":{"rendered":"\t\t<div data-elementor-type=\"wp-page\" data-elementor-id=\"1918\" class=\"elementor elementor-1918 elementor-157\">\n\t\t\t\t\t\t<section class=\"elementor-section elementor-top-section elementor-element elementor-element-29e71d4 elementor-section-boxed elementor-section-height-default elementor-section-height-default\" data-id=\"29e71d4\" data-element_type=\"section\" data-settings=\"{&quot;jet_parallax_layout_list&quot;:[{&quot;jet_parallax_layout_image&quot;:{&quot;url&quot;:&quot;&quot;,&quot;id&quot;:&quot;&quot;,&quot;size&quot;:&quot;&quot;},&quot;_id&quot;:&quot;7cca3ff&quot;,&quot;jet_parallax_layout_image_tablet&quot;:{&quot;url&quot;:&quot;&quot;,&quot;id&quot;:&quot;&quot;,&quot;size&quot;:&quot;&quot;},&quot;jet_parallax_layout_image_mobile&quot;:{&quot;url&quot;:&quot;&quot;,&quot;id&quot;:&quot;&quot;,&quot;size&quot;:&quot;&quot;},&quot;jet_parallax_layout_speed&quot;:{&quot;unit&quot;:&quot;%&quot;,&quot;size&quot;:50,&quot;sizes&quot;:[]},&quot;jet_parallax_layout_type&quot;:&quot;scroll&quot;,&quot;jet_parallax_layout_direction&quot;:null,&quot;jet_parallax_layout_fx_direction&quot;:null,&quot;jet_parallax_layout_z_index&quot;:&quot;&quot;,&quot;jet_parallax_layout_bg_x&quot;:50,&quot;jet_parallax_layout_bg_x_tablet&quot;:&quot;&quot;,&quot;jet_parallax_layout_bg_x_mobile&quot;:&quot;&quot;,&quot;jet_parallax_layout_bg_y&quot;:50,&quot;jet_parallax_layout_bg_y_tablet&quot;:&quot;&quot;,&quot;jet_parallax_layout_bg_y_mobile&quot;:&quot;&quot;,&quot;jet_parallax_layout_bg_size&quot;:&quot;auto&quot;,&quot;jet_parallax_layout_bg_size_tablet&quot;:&quot;&quot;,&quot;jet_parallax_layout_bg_size_mobile&quot;:&quot;&quot;,&quot;jet_parallax_layout_animation_prop&quot;:&quot;transform&quot;,&quot;jet_parallax_layout_on&quot;:[&quot;desktop&quot;,&quot;tablet&quot;]}]}\">\n\t\t\t\t\t\t<div class=\"elementor-container elementor-column-gap-default\">\n\t\t\t\t\t<div class=\"elementor-column elementor-col-100 elementor-top-column elementor-element elementor-element-e318e76\" data-id=\"e318e76\" data-element_type=\"column\">\n\t\t\t<div class=\"elementor-widget-wrap elementor-element-populated\">\n\t\t\t\t\t\t<div class=\"elementor-element elementor-element-c62d06b elementor-widget elementor-widget-text-editor\" data-id=\"c62d06b\" data-element_type=\"widget\" data-widget_type=\"text-editor.default\">\n\t\t\t\t<div class=\"elementor-widget-container\">\n\t\t\t\t\t\t\t\t\t<h1>Commerce de d\u00e9tail<\/h1>\n<p>Dans le domaine tr\u00e8s concurrentiel du d\u00e9tail et des services alimentaires, la s\u00e9curit\u00e9 et la qualit\u00e9 alimentaires ont un impact direct sur la r\u00e9putation et la marque d\u2019une entreprise. NSF n\u2019est pas une entreprise d\u2019audit comme les autres : personne n\u2019est mieux positionn\u00e9 que nous pour faire \u00e9quipe avec vous afin de prot\u00e9ger votre client\u00e8le, votre r\u00e9putation et votre marque, et nous d\u00e9passons les normes d\u2019audit habituelles en vous aidant \u00e0 atteindre vos buts op\u00e9rationnels et vos objectifs de croissance. Nous allons bien au-del\u00e0 de la s\u00e9curit\u00e9 alimentaire, puisque nous offrons \u00e9galement des services dans le domaine des normes de sant\u00e9 et de s\u00e9curit\u00e9 du travail (OSHA), de la gestion des risques ainsi que des normes et de la qualit\u00e9 des marques.<\/p>\n<p>Au cours de nos 70 ann\u00e9es d\u2019exp\u00e9rience en s\u00e9curit\u00e9 alimentaire et en protection de marque \u2013 dont plus de 30 aupr\u00e8s du commerce de d\u00e9tail \u2013, nous avons effectu\u00e9 des milliers d\u2019audits de magasins et de cha\u00eenes d\u2019approvisionnement. Nous fournissons des rapports d\u2019audit objectifs et profitables, accompagn\u00e9s de solides conseils techniques. Aujourd\u2019hui, nous sommes toujours aussi fermement engag\u00e9s envers la sant\u00e9 publique. Nous ne compromettons jamais l\u2019objectivit\u00e9 de nos services, car c\u2019est la s\u00e9curit\u00e9 alimentaire, et non la vente de produits d\u2019entretien, chimiques ou autres, qui constitue notre service principal.<\/p>\n<p>Pour plus de d\u00e9tails sur nos services, \u00e9crivez-nous \u00e0 l\u2019adresse\u00a0<a href=\"mailto:nsfcanada@nsf.org\">nsfcanada@nsf.org<\/a>.<\/p>\n\t\t\t\t\t\t\t\t<\/div>\n\t\t\t\t<\/div>\n\t\t\t\t<div class=\"elementor-element elementor-element-caba906 elementor-widget elementor-widget-video\" data-id=\"caba906\" data-element_type=\"widget\" data-settings=\"{&quot;youtube_url&quot;:&quot;https:\\\/\\\/youtu.be\\\/61R4lb-sLVE&quot;,&quot;video_type&quot;:&quot;youtube&quot;,&quot;controls&quot;:&quot;yes&quot;}\" data-widget_type=\"video.default\">\n\t\t\t\t<div class=\"elementor-widget-container\">\n\t\t\t\t\t\t\t<div class=\"elementor-wrapper elementor-open-inline\">\n\t\t\t<div class=\"elementor-video\"><\/div>\t\t<\/div>\n\t\t\t\t\t\t<\/div>\n\t\t\t\t<\/div>\n\t\t\t\t<div class=\"elementor-element elementor-element-93732df elementor-widget elementor-widget-text-editor\" data-id=\"93732df\" data-element_type=\"widget\" data-widget_type=\"text-editor.default\">\n\t\t\t\t<div class=\"elementor-widget-container\">\n\t\t\t\t\t\t\t\t\t<h2>Le partenaire de votre expansion mondiale<\/h2>\n<p>L\u2019expansion \u00e0 l\u2019\u00e9chelle mondiale est une op\u00e9ration complexe et risqu\u00e9e pour votre entreprise et votre marque. \u00c0 titre de fournisseur mondial du domaine de la s\u00e9curit\u00e9 alimentaire, forte de plus de 60 bureaux et laboratoires dans 30 pays, NSF est bien au fait des r\u00e9alit\u00e9s et de la r\u00e9glementation en vigueur dans les diff\u00e9rentes parties du monde. Nos gens sur le terrain vous apportent un soutien sur place qui peut faire la diff\u00e9rence entre la r\u00e9ussite et l\u2019\u00e9chec.<\/p>\n<ul>\n<li>Notre pr\u00e9sence dans votre r\u00e9gion vous permet de r\u00e9agir rapidement lorsqu\u2019un risque menace votre marque.<\/li>\n<li>Nous mettons vos r\u00e9sultats d\u2019audit \u00e0 votre disposition dans une base de donn\u00e9es centralis\u00e9e, afin que vous puissiez en tout temps prendre le pouls de vos activit\u00e9s et \u00e9valuer vos risques o\u00f9 que ce soit dans le monde.<\/li>\n<li>Partenaire de confiance, nous vous aidons \u00e0 coordonner le soutien post-audit n\u00e9cessaire, notamment pour la conception d\u2019installations, l\u2019\u00e9tablissement de marches \u00e0 suivre, le d\u00e9veloppement de la cha\u00eene d\u2019approvisionnement, la formation et plus encore.<\/li>\n<\/ul>\n<h2>Cha\u00eenes r\u00e9gionales<\/h2>\n<p>Nous aidons les entreprises de taille moyenne \u00e0 g\u00e9rer le risque dans leurs \u00e9tablissements r\u00e9gionaux. Nous proposons des techniques d\u2019audit innovantes, qui vont des technologies portables \u00e0 la surveillance en temps r\u00e9el de vos op\u00e9rations dans un syst\u00e8me centralis\u00e9 dot\u00e9 de tableaux de bord pratiques.<\/p>\n<p>Gr\u00e2ce \u00e0 notre programme sup\u00e9rieur d\u2019assurance de fiabilit\u00e9 des auditeurs, vous pouvez avoir confiance dans nos gens et dans les r\u00e9sultats de vos audits, afin que vos clients puissent \u00e0 leur tour avoir confiance en vous. Mais nous ne sommes pas une entreprise d\u2019audit comme les autres et nous ne nous contentons pas d\u2019offrir des services d\u2019audit.<\/p>\n<ul>\n<li>Nous vous attitrons un gestionnaire technique qui agit \u00e0 titre de partenaire expert en s\u00e9curit\u00e9 alimentaire. Nos gestionnaires attitr\u00e9s sont des professionnels chevronn\u00e9s qui font \u00e9quipe avec vous pour bien comprendre votre entreprise et vos objectifs et mettre au point un programme allant au-del\u00e0 des simples audits. Vous pouvez avoir l\u2019esprit tranquille en sachant que votre client\u00e8le et votre marque sont prot\u00e9g\u00e9es et que vos objectifs d\u2019affaires sont pleinement atteints.<\/li>\n<li>Nous sommes en mesure de r\u00e9pondre \u00e0 toute question de nature technique ou en lien avec la s\u00e9curit\u00e9. Mise au point de produits? Sans probl\u00e8me. \u00c9tiquetage des menus? Aucune difficult\u00e9. Programme de v\u00e9rification des fournisseurs \u00e9trangers? Nous pouvons vous aider.<\/li>\n<li>Notre approche vous donne une vision objective des activit\u00e9s de vos \u00e9tablissements. Gr\u00e2ce \u00e0 nos syst\u00e8mes et \u00e0 notre expertise, vous pouvez mettre cette information \u00e0 profit pour apporter des am\u00e9liorations tangibles \u2013 et ce, avant que des \u00e9v\u00e9nements pr\u00e9judiciables \u00e0 votre marque ne se produisent.<\/li>\n<\/ul>\n<h2>Cha\u00eenes nationales<\/h2>\n<p>Nous aidons les multinationales \u00e0 g\u00e9rer leurs risques et \u00e0 assurer l\u2019uniformit\u00e9 de leurs op\u00e9rations \u00e0 l\u2019\u00e9chelle mondiale. Nous innovons constamment pour am\u00e9liorer l\u2019efficacit\u00e9 des audits, que ce soit par des technologies portables ou la surveillance en temps r\u00e9el de vos op\u00e9rations dans un syst\u00e8me centralis\u00e9 dot\u00e9 de tableaux de bord pratiques. Notre pr\u00e9sence sur place vous permet de r\u00e9agir rapidement lorsqu\u2019un risque menace votre marque, ce qui peut faire la diff\u00e9rence entre la r\u00e9ussite et l\u2019\u00e9chec.<\/p>\n<p>Gr\u00e2ce \u00e0 notre programme sup\u00e9rieur d\u2019assurance de fiabilit\u00e9 des auditeurs, vous pouvez avoir confiance dans nos gens et dans les r\u00e9sultats de vos audits, afin que vos clients puissent \u00e0 leur tour avoir confiance en vous. Mais nous ne sommes pas une entreprise d\u2019audit comme les autres et nous ne nous contentons pas d\u2019offrir des services d\u2019audit.<\/p>\n<ul>\n<li>Notre approche vous donne une vision objective des activit\u00e9s de vos \u00e9tablissements. Gr\u00e2ce \u00e0 nos syst\u00e8mes et \u00e0 notre expertise, vous pouvez mettre cette information \u00e0 profit pour apporter des am\u00e9liorations tangibles \u2013 avant m\u00eame que des \u00e9v\u00e9nements pr\u00e9judiciables \u00e0 votre marque ne se produisent. \u00c0 titre de fournisseur mondial du domaine de la s\u00e9curit\u00e9 alimentaire, et gr\u00e2ce \u00e0 ses 62 bureaux et laboratoires dans toutes les r\u00e9gions du monde, NSF est bien au fait des r\u00e9alit\u00e9s et de la r\u00e9glementation en vigueur autour du globe.<\/li>\n<li>Partenaire de confiance, nous vous aidons \u00e0 coordonner le soutien post-audit n\u00e9cessaire, notamment pour la conception d\u2019installations, l\u2019\u00e9tablissement de marches \u00e0 suivre, le d\u00e9veloppement de la cha\u00eene d\u2019approvisionnement, la formation et plus encore.<\/li>\n<li>Nous sommes en mesure de r\u00e9pondre \u00e0 toute question de nature technique ou en lien avec la s\u00e9curit\u00e9. Mise au point de produits? Sans probl\u00e8me. \u00c9tiquetage des menus? Aucune difficult\u00e9. Programme de v\u00e9rification des fournisseurs \u00e9trangers? Nous pouvons vous aider.<\/li>\n<\/ul>\n\t\t\t\t\t\t\t\t<\/div>\n\t\t\t\t<\/div>\n\t\t\t\t\t<\/div>\n\t\t<\/div>\n\t\t\t\t\t<\/div>\n\t\t<\/section>\n\t\t\t\t<\/div>\n\t\t","protected":false},"excerpt":{"rendered":"<p>Commerce de d\u00e9tail Dans le domaine tr\u00e8s concurrentiel du d\u00e9tail et des services alimentaires, la s\u00e9curit\u00e9 et la qualit\u00e9 alimentaires ont un impact direct sur la r\u00e9putation et la marque d\u2019une entreprise. NSF n\u2019est pas une entreprise d\u2019audit comme les autres : personne n\u2019est mieux positionn\u00e9 que nous pour faire \u00e9quipe avec vous afin de [&hellip;]<\/p>\n","protected":false},"author":1,"featured_media":774,"parent":1906,"menu_order":16,"comment_status":"closed","ping_status":"open","template":"","meta":{"_acf_changed":false,"footnotes":""},"class_list":["post-1918","page","type-page","status-publish","has-post-thumbnail","hentry"],"acf":[],"yoast_head":"<!-- This site is optimized with the Yoast SEO plugin v26.5 - https:\/\/yoast.com\/wordpress\/plugins\/seo\/ -->\n<title>Commerce de d\u00e9tail | NSF<\/title>\n<meta name=\"description\" content=\"Dans le domaine tr\u00e8s concurrentiel du d\u00e9tail et des services alimentaires, la s\u00e9curit\u00e9 et la qualit\u00e9 alimentaires ont un impact direct sur la r\u00e9putation et la marque d\u2019une entreprise.\" \/>\n<meta name=\"robots\" content=\"index, follow, max-snippet:-1, max-image-preview:large, max-video-preview:-1\" \/>\n<link rel=\"canonical\" href=\"https:\/\/www.nsfcanada.ca\/fr\/certification-et-audits\/commerce-de-detail\/\" \/>\n<meta property=\"og:locale\" content=\"fr_FR\" \/>\n<meta property=\"og:type\" content=\"article\" \/>\n<meta property=\"og:title\" content=\"Commerce de d\u00e9tail | NSF\" \/>\n<meta property=\"og:description\" content=\"Dans le domaine tr\u00e8s concurrentiel du d\u00e9tail et des services alimentaires, la s\u00e9curit\u00e9 et la qualit\u00e9 alimentaires ont un impact direct sur la r\u00e9putation et la marque d\u2019une entreprise.\" \/>\n<meta property=\"og:url\" content=\"https:\/\/www.nsfcanada.ca\/fr\/certification-et-audits\/commerce-de-detail\/\" \/>\n<meta property=\"og:site_name\" content=\"NSF\" \/>\n<meta property=\"article:modified_time\" content=\"2021-06-10T13:53:39+00:00\" \/>\n<meta property=\"og:image\" content=\"https:\/\/www.nsfcanada.ca\/wp-content\/uploads\/2021\/03\/retail-foodservice-header.jpg\" \/>\n\t<meta property=\"og:image:width\" content=\"2000\" \/>\n\t<meta property=\"og:image:height\" content=\"300\" \/>\n\t<meta property=\"og:image:type\" content=\"image\/jpeg\" \/>\n<meta name=\"twitter:card\" content=\"summary_large_image\" \/>\n<meta name=\"twitter:label1\" content=\"Dur\u00e9e de lecture estim\u00e9e\" \/>\n\t<meta name=\"twitter:data1\" content=\"5 minutes\" \/>\n<script type=\"application\/ld+json\" class=\"yoast-schema-graph\">{\"@context\":\"https:\/\/schema.org\",\"@graph\":[{\"@type\":\"WebPage\",\"@id\":\"https:\/\/www.nsfcanada.ca\/fr\/certification-et-audits\/commerce-de-detail\/\",\"url\":\"https:\/\/www.nsfcanada.ca\/fr\/certification-et-audits\/commerce-de-detail\/\",\"name\":\"Commerce de d\u00e9tail | NSF\",\"isPartOf\":{\"@id\":\"https:\/\/www.nsfcanada.ca\/fr\/#website\"},\"primaryImageOfPage\":{\"@id\":\"https:\/\/www.nsfcanada.ca\/fr\/certification-et-audits\/commerce-de-detail\/#primaryimage\"},\"image\":{\"@id\":\"https:\/\/www.nsfcanada.ca\/fr\/certification-et-audits\/commerce-de-detail\/#primaryimage\"},\"thumbnailUrl\":\"https:\/\/www.nsfcanada.ca\/wp-content\/uploads\/2021\/03\/retail-foodservice-header.jpg\",\"datePublished\":\"2021-05-03T12:17:08+00:00\",\"dateModified\":\"2021-06-10T13:53:39+00:00\",\"description\":\"Dans le domaine tr\u00e8s concurrentiel du d\u00e9tail et des services alimentaires, la s\u00e9curit\u00e9 et la qualit\u00e9 alimentaires ont un impact direct sur la r\u00e9putation et la marque d\u2019une entreprise.\",\"breadcrumb\":{\"@id\":\"https:\/\/www.nsfcanada.ca\/fr\/certification-et-audits\/commerce-de-detail\/#breadcrumb\"},\"inLanguage\":\"fr-FR\",\"potentialAction\":[{\"@type\":\"ReadAction\",\"target\":[\"https:\/\/www.nsfcanada.ca\/fr\/certification-et-audits\/commerce-de-detail\/\"]}]},{\"@type\":\"ImageObject\",\"inLanguage\":\"fr-FR\",\"@id\":\"https:\/\/www.nsfcanada.ca\/fr\/certification-et-audits\/commerce-de-detail\/#primaryimage\",\"url\":\"https:\/\/www.nsfcanada.ca\/wp-content\/uploads\/2021\/03\/retail-foodservice-header.jpg\",\"contentUrl\":\"https:\/\/www.nsfcanada.ca\/wp-content\/uploads\/2021\/03\/retail-foodservice-header.jpg\",\"width\":2000,\"height\":300,\"caption\":\"Person pushing cart\"},{\"@type\":\"BreadcrumbList\",\"@id\":\"https:\/\/www.nsfcanada.ca\/fr\/certification-et-audits\/commerce-de-detail\/#breadcrumb\",\"itemListElement\":[{\"@type\":\"ListItem\",\"position\":1,\"name\":\"Home\",\"item\":\"https:\/\/www.nsfcanada.ca\/fr\/\"},{\"@type\":\"ListItem\",\"position\":2,\"name\":\"Certification et audits\",\"item\":\"https:\/\/www.nsfcanada.ca\/fr\/certification-et-audits\/\"},{\"@type\":\"ListItem\",\"position\":3,\"name\":\"Commerce de d\u00e9tail\"}]},{\"@type\":\"WebSite\",\"@id\":\"https:\/\/www.nsfcanada.ca\/fr\/#website\",\"url\":\"https:\/\/www.nsfcanada.ca\/fr\/\",\"name\":\"NSF\",\"description\":\"NSF Services in Canada\",\"publisher\":{\"@id\":\"https:\/\/www.nsfcanada.ca\/fr\/#organization\"},\"potentialAction\":[{\"@type\":\"SearchAction\",\"target\":{\"@type\":\"EntryPoint\",\"urlTemplate\":\"https:\/\/www.nsfcanada.ca\/fr\/?s={search_term_string}\"},\"query-input\":{\"@type\":\"PropertyValueSpecification\",\"valueRequired\":true,\"valueName\":\"search_term_string\"}}],\"inLanguage\":\"fr-FR\"},{\"@type\":\"Organization\",\"@id\":\"https:\/\/www.nsfcanada.ca\/fr\/#organization\",\"name\":\"NSF International\",\"url\":\"https:\/\/www.nsfcanada.ca\/fr\/\",\"logo\":{\"@type\":\"ImageObject\",\"inLanguage\":\"fr-FR\",\"@id\":\"https:\/\/www.nsfcanada.ca\/fr\/#\/schema\/logo\/image\/\",\"url\":\"http:\/\/canada.nsfinternational.eu\/wp-content\/uploads\/2021\/03\/logo-nsf-international.png\",\"contentUrl\":\"http:\/\/canada.nsfinternational.eu\/wp-content\/uploads\/2021\/03\/logo-nsf-international.png\",\"width\":300,\"height\":300,\"caption\":\"NSF International\"},\"image\":{\"@id\":\"https:\/\/www.nsfcanada.ca\/fr\/#\/schema\/logo\/image\/\"}}]}<\/script>\n<!-- \/ Yoast SEO plugin. -->","yoast_head_json":{"title":"Commerce de d\u00e9tail | NSF","description":"Dans le domaine tr\u00e8s concurrentiel du d\u00e9tail et des services alimentaires, la s\u00e9curit\u00e9 et la qualit\u00e9 alimentaires ont un impact direct sur la r\u00e9putation et la marque d\u2019une entreprise.","robots":{"index":"index","follow":"follow","max-snippet":"max-snippet:-1","max-image-preview":"max-image-preview:large","max-video-preview":"max-video-preview:-1"},"canonical":"https:\/\/www.nsfcanada.ca\/fr\/certification-et-audits\/commerce-de-detail\/","og_locale":"fr_FR","og_type":"article","og_title":"Commerce de d\u00e9tail | NSF","og_description":"Dans le domaine tr\u00e8s concurrentiel du d\u00e9tail et des services alimentaires, la s\u00e9curit\u00e9 et la qualit\u00e9 alimentaires ont un impact direct sur la r\u00e9putation et la marque d\u2019une entreprise.","og_url":"https:\/\/www.nsfcanada.ca\/fr\/certification-et-audits\/commerce-de-detail\/","og_site_name":"NSF","article_modified_time":"2021-06-10T13:53:39+00:00","og_image":[{"width":2000,"height":300,"url":"https:\/\/www.nsfcanada.ca\/wp-content\/uploads\/2021\/03\/retail-foodservice-header.jpg","type":"image\/jpeg"}],"twitter_card":"summary_large_image","twitter_misc":{"Dur\u00e9e de lecture estim\u00e9e":"5 minutes"},"schema":{"@context":"https:\/\/schema.org","@graph":[{"@type":"WebPage","@id":"https:\/\/www.nsfcanada.ca\/fr\/certification-et-audits\/commerce-de-detail\/","url":"https:\/\/www.nsfcanada.ca\/fr\/certification-et-audits\/commerce-de-detail\/","name":"Commerce de d\u00e9tail | NSF","isPartOf":{"@id":"https:\/\/www.nsfcanada.ca\/fr\/#website"},"primaryImageOfPage":{"@id":"https:\/\/www.nsfcanada.ca\/fr\/certification-et-audits\/commerce-de-detail\/#primaryimage"},"image":{"@id":"https:\/\/www.nsfcanada.ca\/fr\/certification-et-audits\/commerce-de-detail\/#primaryimage"},"thumbnailUrl":"https:\/\/www.nsfcanada.ca\/wp-content\/uploads\/2021\/03\/retail-foodservice-header.jpg","datePublished":"2021-05-03T12:17:08+00:00","dateModified":"2021-06-10T13:53:39+00:00","description":"Dans le domaine tr\u00e8s concurrentiel du d\u00e9tail et des services alimentaires, la s\u00e9curit\u00e9 et la qualit\u00e9 alimentaires ont un impact direct sur la r\u00e9putation et la marque d\u2019une entreprise.","breadcrumb":{"@id":"https:\/\/www.nsfcanada.ca\/fr\/certification-et-audits\/commerce-de-detail\/#breadcrumb"},"inLanguage":"fr-FR","potentialAction":[{"@type":"ReadAction","target":["https:\/\/www.nsfcanada.ca\/fr\/certification-et-audits\/commerce-de-detail\/"]}]},{"@type":"ImageObject","inLanguage":"fr-FR","@id":"https:\/\/www.nsfcanada.ca\/fr\/certification-et-audits\/commerce-de-detail\/#primaryimage","url":"https:\/\/www.nsfcanada.ca\/wp-content\/uploads\/2021\/03\/retail-foodservice-header.jpg","contentUrl":"https:\/\/www.nsfcanada.ca\/wp-content\/uploads\/2021\/03\/retail-foodservice-header.jpg","width":2000,"height":300,"caption":"Person pushing cart"},{"@type":"BreadcrumbList","@id":"https:\/\/www.nsfcanada.ca\/fr\/certification-et-audits\/commerce-de-detail\/#breadcrumb","itemListElement":[{"@type":"ListItem","position":1,"name":"Home","item":"https:\/\/www.nsfcanada.ca\/fr\/"},{"@type":"ListItem","position":2,"name":"Certification et audits","item":"https:\/\/www.nsfcanada.ca\/fr\/certification-et-audits\/"},{"@type":"ListItem","position":3,"name":"Commerce de d\u00e9tail"}]},{"@type":"WebSite","@id":"https:\/\/www.nsfcanada.ca\/fr\/#website","url":"https:\/\/www.nsfcanada.ca\/fr\/","name":"NSF","description":"NSF Services in Canada","publisher":{"@id":"https:\/\/www.nsfcanada.ca\/fr\/#organization"},"potentialAction":[{"@type":"SearchAction","target":{"@type":"EntryPoint","urlTemplate":"https:\/\/www.nsfcanada.ca\/fr\/?s={search_term_string}"},"query-input":{"@type":"PropertyValueSpecification","valueRequired":true,"valueName":"search_term_string"}}],"inLanguage":"fr-FR"},{"@type":"Organization","@id":"https:\/\/www.nsfcanada.ca\/fr\/#organization","name":"NSF International","url":"https:\/\/www.nsfcanada.ca\/fr\/","logo":{"@type":"ImageObject","inLanguage":"fr-FR","@id":"https:\/\/www.nsfcanada.ca\/fr\/#\/schema\/logo\/image\/","url":"http:\/\/canada.nsfinternational.eu\/wp-content\/uploads\/2021\/03\/logo-nsf-international.png","contentUrl":"http:\/\/canada.nsfinternational.eu\/wp-content\/uploads\/2021\/03\/logo-nsf-international.png","width":300,"height":300,"caption":"NSF International"},"image":{"@id":"https:\/\/www.nsfcanada.ca\/fr\/#\/schema\/logo\/image\/"}}]}},"_links":{"self":[{"href":"https:\/\/www.nsfcanada.ca\/fr\/wp-json\/wp\/v2\/pages\/1918","targetHints":{"allow":["GET"]}}],"collection":[{"href":"https:\/\/www.nsfcanada.ca\/fr\/wp-json\/wp\/v2\/pages"}],"about":[{"href":"https:\/\/www.nsfcanada.ca\/fr\/wp-json\/wp\/v2\/types\/page"}],"author":[{"embeddable":true,"href":"https:\/\/www.nsfcanada.ca\/fr\/wp-json\/wp\/v2\/users\/1"}],"replies":[{"embeddable":true,"href":"https:\/\/www.nsfcanada.ca\/fr\/wp-json\/wp\/v2\/comments?post=1918"}],"version-history":[{"count":3,"href":"https:\/\/www.nsfcanada.ca\/fr\/wp-json\/wp\/v2\/pages\/1918\/revisions"}],"predecessor-version":[{"id":2197,"href":"https:\/\/www.nsfcanada.ca\/fr\/wp-json\/wp\/v2\/pages\/1918\/revisions\/2197"}],"up":[{"embeddable":true,"href":"https:\/\/www.nsfcanada.ca\/fr\/wp-json\/wp\/v2\/pages\/1906"}],"wp:featuredmedia":[{"embeddable":true,"href":"https:\/\/www.nsfcanada.ca\/fr\/wp-json\/wp\/v2\/media\/774"}],"wp:attachment":[{"href":"https:\/\/www.nsfcanada.ca\/fr\/wp-json\/wp\/v2\/media?parent=1918"}],"curies":[{"name":"wp","href":"https:\/\/api.w.org\/{rel}","templated":true}]}}