{"id":1932,"date":"2021-05-03T09:27:29","date_gmt":"2021-05-03T13:27:29","guid":{"rendered":"https:\/\/www.nsfcanada.ca\/services-techniques\/mise-a-lessai-de-produits-et-demballages\/"},"modified":"2021-06-10T09:58:25","modified_gmt":"2021-06-10T13:58:25","slug":"mise-a-lessai-de-produits-et-demballages","status":"publish","type":"page","link":"https:\/\/www.nsfcanada.ca\/fr\/services-techniques\/mise-a-lessai-de-produits-et-demballages\/","title":{"rendered":"Mise \u00e0 l\u2019essai de produits et d\u2019emballages"},"content":{"rendered":"\t\t<div data-elementor-type=\"wp-page\" data-elementor-id=\"1932\" class=\"elementor elementor-1932 elementor-162\">\n\t\t\t\t\t\t<section class=\"elementor-section elementor-top-section elementor-element elementor-element-a3b2d36 elementor-section-boxed elementor-section-height-default elementor-section-height-default\" data-id=\"a3b2d36\" data-element_type=\"section\" data-settings=\"{&quot;jet_parallax_layout_list&quot;:[{&quot;jet_parallax_layout_image&quot;:{&quot;url&quot;:&quot;&quot;,&quot;id&quot;:&quot;&quot;,&quot;size&quot;:&quot;&quot;},&quot;_id&quot;:&quot;8b1c69f&quot;,&quot;jet_parallax_layout_image_tablet&quot;:{&quot;url&quot;:&quot;&quot;,&quot;id&quot;:&quot;&quot;,&quot;size&quot;:&quot;&quot;},&quot;jet_parallax_layout_image_mobile&quot;:{&quot;url&quot;:&quot;&quot;,&quot;id&quot;:&quot;&quot;,&quot;size&quot;:&quot;&quot;},&quot;jet_parallax_layout_speed&quot;:{&quot;unit&quot;:&quot;%&quot;,&quot;size&quot;:50,&quot;sizes&quot;:[]},&quot;jet_parallax_layout_type&quot;:&quot;scroll&quot;,&quot;jet_parallax_layout_direction&quot;:null,&quot;jet_parallax_layout_fx_direction&quot;:null,&quot;jet_parallax_layout_z_index&quot;:&quot;&quot;,&quot;jet_parallax_layout_bg_x&quot;:50,&quot;jet_parallax_layout_bg_x_tablet&quot;:&quot;&quot;,&quot;jet_parallax_layout_bg_x_mobile&quot;:&quot;&quot;,&quot;jet_parallax_layout_bg_y&quot;:50,&quot;jet_parallax_layout_bg_y_tablet&quot;:&quot;&quot;,&quot;jet_parallax_layout_bg_y_mobile&quot;:&quot;&quot;,&quot;jet_parallax_layout_bg_size&quot;:&quot;auto&quot;,&quot;jet_parallax_layout_bg_size_tablet&quot;:&quot;&quot;,&quot;jet_parallax_layout_bg_size_mobile&quot;:&quot;&quot;,&quot;jet_parallax_layout_animation_prop&quot;:&quot;transform&quot;,&quot;jet_parallax_layout_on&quot;:[&quot;desktop&quot;,&quot;tablet&quot;]}]}\">\n\t\t\t\t\t\t<div class=\"elementor-container elementor-column-gap-default\">\n\t\t\t\t\t<div class=\"elementor-column elementor-col-100 elementor-top-column elementor-element elementor-element-cdefd3c\" data-id=\"cdefd3c\" data-element_type=\"column\">\n\t\t\t<div class=\"elementor-widget-wrap elementor-element-populated\">\n\t\t\t\t\t\t<div class=\"elementor-element elementor-element-82f6c98 elementor-widget elementor-widget-text-editor\" data-id=\"82f6c98\" data-element_type=\"widget\" data-widget_type=\"text-editor.default\">\n\t\t\t\t<div class=\"elementor-widget-container\">\n\t\t\t\t\t\t\t\t\t<h1>Mise \u00e0 l\u2019essai de produits et d\u2019emballages<\/h1>\n<h2>Analyses de produits<\/h2>\n<h3>Essais sensoriels<\/h3>\n<p>Nos services d\u2019essais sensoriels sont compl\u00e9t\u00e9s par des essais analytiques. Nous offrons des services d\u2019essais sensoriels sur mesure. Nous pouvons \u00e9galement r\u00e9aliser des panels sensoriels \u00e0 petite \u00e9chelle afin de fournir des recommandations bas\u00e9es sur les essais faits par les consommateurs.<\/p>\n<p>Notre exp\u00e9rience dans ce domaine s\u2019\u00e9tend notamment aux boissons, produits laitiers, sauces, vinaigrettes, condiments, produits surgel\u00e9s, produits secs, produits de boulangerie et produits de sant\u00e9 naturels. Les \u00e9valuations sensorielles peuvent \u00eatre compl\u00e9t\u00e9es par des analyses microbiennes et des essais portant sur des indices comme la couleur, la viscosit\u00e9, le pH et la texture.<\/p>\n<h3>Validation des modes de pr\u00e9paration<\/h3>\n<p>Les directives de cuisson destin\u00e9es aux consommateurs servent \u00e0 s\u2019assurer que les temp\u00e9ratures de cuisson critiques fix\u00e9es par le programme de s\u00e9curit\u00e9 alimentaire sont respect\u00e9es. Nous pouvons valider les directives de cuisson inscrites sur vos \u00e9tiquettes ou vos emballages afin de garantir que le r\u00e9sultat de la cuisson est un produit pr\u00eat \u00e0 manger et s\u00e9curitaire qui pr\u00e9sente une qualit\u00e9 sensorielle acceptable. Nous utilisons les m\u00eames dispositifs de cuisson que le consommateur :<\/p>\n<ul>\n<li>Fours micro-ondes de diff\u00e9rentes puissances<\/li>\n<li>Cuisini\u00e8res \u00e9lectriques, \u00e0 gaz et \u00e0 surface lisse<\/li>\n<li>Barbecues<\/li>\n<li>Friteuses<\/li>\n<\/ul>\n<h2>Mise \u00e0 l\u2019essai d\u2019emballages<\/h2>\n<p>Le conditionnement joue un r\u00f4le essentiel dans le succ\u00e8s de votre produit sur le march\u00e9. Un conditionnement appropri\u00e9 permet de maintenir la qualit\u00e9 du produit. L\u2019emballage fournit de l\u2019information sur votre produit et, s\u2019il est bien con\u00e7u, incite les clients \u00e0 l\u2019acheter.<\/p>\n\t\t\t\t\t\t\t\t<\/div>\n\t\t\t\t<\/div>\n\t\t\t\t<div class=\"elementor-element elementor-element-79e9100 elementor-widget elementor-widget-testimonial\" data-id=\"79e9100\" data-element_type=\"widget\" data-widget_type=\"testimonial.default\">\n\t\t\t\t<div class=\"elementor-widget-container\">\n\t\t\t\t\t\t\t<div class=\"elementor-testimonial-wrapper\">\n\t\t\t\t\t\t\t<div class=\"elementor-testimonial-content\"><p>L\u2019\u00e9quipe de sp\u00e9cialistes du conditionnement de NSF est l\u00e0 pour vous conseiller sur les options et les techniques de conditionnement qui vous permettront de maintenir et m\u00eame de prolonger la dur\u00e9e de conservation de votre produit.<\/p>\n<\/div>\n\t\t\t\n\t\t\t\t\t<\/div>\n\t\t\t\t\t\t<\/div>\n\t\t\t\t<\/div>\n\t\t\t\t<div class=\"elementor-element elementor-element-c8dd6e6 elementor-widget elementor-widget-text-editor\" data-id=\"c8dd6e6\" data-element_type=\"widget\" data-widget_type=\"text-editor.default\">\n\t\t\t\t<div class=\"elementor-widget-container\">\n\t\t\t\t\t\t\t\t\t<p>Pour de plus amples renseignements, \u00e9crivez \u00e0\u00a0<a href=\"mailto:nsfcanada@nsf.org?subject=Mise%20%C3%A0%20l%E2%80%99essai%20d%E2%80%99emballages\">nsfcanada@nsf.org<\/a>\u00a0ou composez le 519-821-1246.<\/p>\n\t\t\t\t\t\t\t\t<\/div>\n\t\t\t\t<\/div>\n\t\t\t\t<div class=\"elementor-element elementor-element-fdf2834 elementor-widget elementor-widget-video\" data-id=\"fdf2834\" data-element_type=\"widget\" data-settings=\"{&quot;youtube_url&quot;:&quot;https:\\\/\\\/youtu.be\\\/vmTdjoPSruo&quot;,&quot;lazy_load&quot;:&quot;yes&quot;,&quot;video_type&quot;:&quot;youtube&quot;,&quot;controls&quot;:&quot;yes&quot;}\" data-widget_type=\"video.default\">\n\t\t\t\t<div class=\"elementor-widget-container\">\n\t\t\t\t\t\t\t<div class=\"elementor-wrapper elementor-open-inline\">\n\t\t\t<div class=\"elementor-video\"><\/div>\t\t<\/div>\n\t\t\t\t\t\t<\/div>\n\t\t\t\t<\/div>\n\t\t\t\t<div class=\"elementor-element elementor-element-5cc6030 elementor-widget elementor-widget-text-editor\" data-id=\"5cc6030\" data-element_type=\"widget\" data-widget_type=\"text-editor.default\">\n\t\t\t\t<div class=\"elementor-widget-container\">\n\t\t\t\t\t\t\t\t\t<h3>Essais d\u2019int\u00e9grit\u00e9 des emballages<\/h3><p>Souhaitez-vous v\u00e9rifier ou d\u00e9terminer les propri\u00e9t\u00e9s physiques de votre emballage? Nous pouvons effectuer les essais suivants sur les pellicules et les contenants en plastique\u00a0:<\/p><ul><li>\u00c9paisseur de pellicule<\/li><li>R\u00e9sistance \u00e0 la traction et allongement<\/li><li>Compression<\/li><li>Perforation<\/li><li>\u00c9clatement<\/li><li>Int\u00e9grit\u00e9 du scellage<\/li><li>Coefficient de friction<\/li><li>Analyse des gaz d\u2019espace de t\u00eate<\/li><\/ul><h3>Essais de perm\u00e9abilit\u00e9<\/h3><p>L\u2019\u00e9valuation de la perm\u00e9abilit\u00e9 des mat\u00e9riaux permet de choisir l\u2019emballage appropri\u00e9 pour pr\u00e9server la qualit\u00e9 et prolonger la dur\u00e9e de conservation des produits. Les transformateurs d\u2019emballages utilisent les essais de perm\u00e9abilit\u00e9 pour\u00a0:<\/p><ul><li>\u00e9tablir les fiches techniques;<\/li><li>effectuer les v\u00e9rifications usuelles d\u2019assurance de la qualit\u00e9;<\/li><li>produire des certificats d\u2019authenticit\u00e9 pour les mat\u00e9riaux d\u2019emballage.<\/li><\/ul><p>Les propri\u00e9taires de marques utilisent les essais de perm\u00e9abilit\u00e9 pour\u00a0:<\/p><ul><li>v\u00e9rifier les sp\u00e9cifications des fournisseurs d\u2019emballages;<\/li><li>comparer diff\u00e9rents mat\u00e9riaux d\u2019emballage;<\/li><li>diagnostiquer les probl\u00e8mes de dur\u00e9e de conservation.<\/li><\/ul><p>Cliquez ici pour\u00a0<a title=\"Vous renseigner sur les prix\" href=\"\/wp-content\/uploads\/2021\/06\/Permeation-pricing-New.pdf\" target=\"_blank\" rel=\"noopener\" data-entity-type=\"file\" data-entity-uuid=\"3aeee747-3672-4af9-bc10-4b6b6228b0f2\">vous renseigner sur les prix<\/a>\u00a0(en anglais seulement).<\/p><h3>Technologie de d\u00e9tection de la pr\u00e9sence d\u2019oxyg\u00e8ne<\/h3><p>Une barri\u00e8re efficace contre l\u2019oxyg\u00e8ne est essentielle au maintien de la qualit\u00e9 des boissons et des aliments emball\u00e9s. Normalement, l\u2019\u00e9valuation des propri\u00e9t\u00e9s de la barri\u00e8re d\u2019oxyg\u00e8ne d\u2019un aliment emball\u00e9 est effectu\u00e9e au moyen de la m\u00e9thode de balayage \u00e0 l\u2019azote, laquelle teste l\u2019emballage \u00e0 l\u2019\u00e9tat sec. Mais la plupart des aliments ne sont pas secs! \u00c0 NSF, nous avons mis au point une m\u00e9thode pour quantifier la p\u00e9n\u00e9tration d\u2019oxyg\u00e8ne dans l\u2019emballage dans son \u00e9tat d\u2019utilisation, comme un r\u00e9cipient scell\u00e9 pour un syst\u00e8me liquide. \u00c0 mesure que l\u2019oxyg\u00e8ne p\u00e9n\u00e8tre dans le syst\u00e8me d\u2019emballage, l\u2019indicateur d\u2019oxyg\u00e8ne dissous bleuit graduellement. Des mesures spectrophotom\u00e9triques non destructives permettent de d\u00e9terminer le taux de p\u00e9n\u00e9tration d\u2019oxyg\u00e8ne.<\/p><p><strong>Gel indicateur d\u2019oxyg\u00e8ne\u00a0:<\/strong><br \/>Dans la plupart des emballages, la p\u00e9n\u00e9tration d\u2019oxyg\u00e8ne ne se fait PAS de fa\u00e7on uniforme. Le syst\u00e8me de gel indicateur d\u2019oxyg\u00e8ne permet de d\u00e9tecter l\u2019endroit pr\u00e9cis o\u00f9 l\u2019oxyg\u00e8ne p\u00e9n\u00e8tre dans l\u2019emballage.<\/p><p><strong>Avantages de l\u2019indicateur d\u2019oxyg\u00e8ne dissous\u00a0:<\/strong><\/p><ul><li>Les mesures sont non destructives.<\/li><li>Le syst\u00e8me reproduit le comportement des produits alimentaires (d\u00e9gradation de la vitamine\u00a0C).<\/li><li>Les mesures portent sur l\u2019ensemble du syst\u00e8me d\u2019emballage, y compris les fermetures.<\/li><li>Les r\u00e9sultats pr\u00e9sentent une forte corr\u00e9lation avec ceux d\u2019autres m\u00e9thodes.<\/li><li>Un grand nombre d\u2019\u00e9chantillons peuvent \u00eatre test\u00e9s simultan\u00e9ment.<\/li><li>Les mesures peuvent \u00eatre effectu\u00e9es sur les emballages souples et rigides.<\/li><li>Les conditions d\u2019essai peuvent \u00eatre modifi\u00e9es (HR, temp\u00e9rature, carbonatation) de fa\u00e7on \u00e0 simuler les conditions d\u2019entreposage et de transport r\u00e9elles et les conditions acc\u00e9l\u00e9r\u00e9es.<\/li><\/ul><h3>Diagnostic des probl\u00e8mes de conditionnement<\/h3><p>NSF utilise des techniques sensorielles pour d\u00e9terminer si des interactions entre le produit et l\u2019emballage sont susceptibles de causer des odeurs ou des go\u00fbts d\u00e9sagr\u00e9ables. Nous vous conseillerons en mati\u00e8re de conditionnement sous atmosph\u00e8re modifi\u00e9e (CAM) afin de prolonger la dur\u00e9e de conservation de votre produit. Nous pouvons notamment\u00a0:<\/p><ul><li>optimiser le m\u00e9lange de gaz;<\/li><li>vous aider \u00e0 choisir les mat\u00e9riaux d\u2019emballage appropri\u00e9s;<\/li><li>faire l\u2019analyse des gaz d\u2019espace de t\u00eate;<\/li><li>fournir des services de consultation sur place pour la configuration des \u00e9quipements;<\/li><li>\u00e9tablir les dur\u00e9es de conservation.<\/li><\/ul><p>Enfin, nous analysons les probl\u00e8mes de conditionnement en v\u00e9rifiant le scellage et la structure des mat\u00e9riaux, en effectuant des essais de r\u00e9sistance et en d\u00e9terminant les propri\u00e9t\u00e9s d\u2019\u00e9tanch\u00e9it\u00e9.<\/p><h3>Essais de fermeture<\/h3><p>Les essais de rendement sont importants pour assurer l\u2019int\u00e9grit\u00e9 des emballages au cours du processus de remplissage et une fois le produit sur le march\u00e9. Nous utilisons les m\u00e9thodes standard de l\u2019International Society of Beverage Technologists (ISBT) pour tester les bouchons plats des bouteilles d\u2019eau, des boissons gaz\u00e9ifi\u00e9es et des boissons embouteill\u00e9es par embouteillage aseptique et \u00e0 chaud.<\/p><ul><li>Aspect<\/li><li>Dimensions<\/li><li>Essais d\u2019\u00e9tanch\u00e9it\u00e9<\/li><li>Couple de retrait<\/li><li>Essais de chute et d\u2019impact \u00e0 la bille<\/li><li>Cycles \u00e0 temp\u00e9rature \u00e9lev\u00e9e<\/li><li>R\u00e9tention de pression et de gaz\u00e9ification<\/li><li>R\u00e9sistance \u00e0 la compression verticale<\/li><li>Essais d\u2019ouverture<\/li><li>Espacement fermeture-tirette<\/li><li>\u00c9l\u00e9vation apr\u00e8s refroidissement<\/li><li>S\u00e9curit\u00e9<\/li><li>D\u00e9gazage<\/li><li>Essais de migration des lubrifiants<\/li><li>Poids<\/li><\/ul>\t\t\t\t\t\t\t\t<\/div>\n\t\t\t\t<\/div>\n\t\t\t\t\t<\/div>\n\t\t<\/div>\n\t\t\t\t\t<\/div>\n\t\t<\/section>\n\t\t\t\t<\/div>\n\t\t","protected":false},"excerpt":{"rendered":"<p>Mise \u00e0 l\u2019essai de produits et d\u2019emballages Analyses de produits Essais sensoriels Nos services d\u2019essais sensoriels sont compl\u00e9t\u00e9s par des essais analytiques. Nous offrons des services d\u2019essais sensoriels sur mesure. Nous pouvons \u00e9galement r\u00e9aliser des panels sensoriels \u00e0 petite \u00e9chelle afin de fournir des recommandations bas\u00e9es sur les essais faits par les consommateurs. Notre exp\u00e9rience [&hellip;]<\/p>\n","protected":false},"author":1,"featured_media":811,"parent":1922,"menu_order":21,"comment_status":"closed","ping_status":"open","template":"","meta":{"_acf_changed":false,"footnotes":""},"class_list":["post-1932","page","type-page","status-publish","has-post-thumbnail","hentry"],"acf":[],"yoast_head":"<!-- This site is optimized with the Yoast SEO plugin v26.5 - https:\/\/yoast.com\/wordpress\/plugins\/seo\/ -->\n<title>Mise \u00e0 l\u2019essai de produits et d\u2019emballages | NSF<\/title>\n<meta name=\"description\" content=\"Nos services d\u2019essais sensoriels sont compl\u00e9t\u00e9s par des essais analytiques. Nous offrons des services d\u2019essais sensoriels sur mesure.\" \/>\n<meta name=\"robots\" content=\"index, follow, max-snippet:-1, max-image-preview:large, max-video-preview:-1\" \/>\n<link rel=\"canonical\" href=\"https:\/\/www.nsfcanada.ca\/fr\/services-techniques\/mise-a-lessai-de-produits-et-demballages\/\" \/>\n<meta property=\"og:locale\" content=\"fr_FR\" \/>\n<meta property=\"og:type\" content=\"article\" \/>\n<meta property=\"og:title\" content=\"Mise \u00e0 l\u2019essai de produits et d\u2019emballages | NSF\" \/>\n<meta property=\"og:description\" content=\"Nos services d\u2019essais sensoriels sont compl\u00e9t\u00e9s par des essais analytiques. Nous offrons des services d\u2019essais sensoriels sur mesure.\" \/>\n<meta property=\"og:url\" content=\"https:\/\/www.nsfcanada.ca\/fr\/services-techniques\/mise-a-lessai-de-produits-et-demballages\/\" \/>\n<meta property=\"og:site_name\" content=\"NSF\" \/>\n<meta property=\"article:modified_time\" content=\"2021-06-10T13:58:25+00:00\" \/>\n<meta property=\"og:image\" content=\"https:\/\/www.nsfcanada.ca\/wp-content\/uploads\/2021\/03\/product-package-testing-header.jpg\" \/>\n\t<meta property=\"og:image:width\" content=\"2000\" \/>\n\t<meta property=\"og:image:height\" content=\"300\" \/>\n\t<meta property=\"og:image:type\" content=\"image\/jpeg\" \/>\n<meta name=\"twitter:card\" content=\"summary_large_image\" \/>\n<meta name=\"twitter:label1\" content=\"Dur\u00e9e de lecture estim\u00e9e\" \/>\n\t<meta name=\"twitter:data1\" content=\"4 minutes\" \/>\n<script type=\"application\/ld+json\" class=\"yoast-schema-graph\">{\"@context\":\"https:\/\/schema.org\",\"@graph\":[{\"@type\":\"WebPage\",\"@id\":\"https:\/\/www.nsfcanada.ca\/fr\/services-techniques\/mise-a-lessai-de-produits-et-demballages\/\",\"url\":\"https:\/\/www.nsfcanada.ca\/fr\/services-techniques\/mise-a-lessai-de-produits-et-demballages\/\",\"name\":\"Mise \u00e0 l\u2019essai de produits et d\u2019emballages | NSF\",\"isPartOf\":{\"@id\":\"https:\/\/www.nsfcanada.ca\/fr\/#website\"},\"primaryImageOfPage\":{\"@id\":\"https:\/\/www.nsfcanada.ca\/fr\/services-techniques\/mise-a-lessai-de-produits-et-demballages\/#primaryimage\"},\"image\":{\"@id\":\"https:\/\/www.nsfcanada.ca\/fr\/services-techniques\/mise-a-lessai-de-produits-et-demballages\/#primaryimage\"},\"thumbnailUrl\":\"https:\/\/www.nsfcanada.ca\/wp-content\/uploads\/2021\/03\/product-package-testing-header.jpg\",\"datePublished\":\"2021-05-03T13:27:29+00:00\",\"dateModified\":\"2021-06-10T13:58:25+00:00\",\"description\":\"Nos services d\u2019essais sensoriels sont compl\u00e9t\u00e9s par des essais analytiques. Nous offrons des services d\u2019essais sensoriels sur mesure.\",\"breadcrumb\":{\"@id\":\"https:\/\/www.nsfcanada.ca\/fr\/services-techniques\/mise-a-lessai-de-produits-et-demballages\/#breadcrumb\"},\"inLanguage\":\"fr-FR\",\"potentialAction\":[{\"@type\":\"ReadAction\",\"target\":[\"https:\/\/www.nsfcanada.ca\/fr\/services-techniques\/mise-a-lessai-de-produits-et-demballages\/\"]}]},{\"@type\":\"ImageObject\",\"inLanguage\":\"fr-FR\",\"@id\":\"https:\/\/www.nsfcanada.ca\/fr\/services-techniques\/mise-a-lessai-de-produits-et-demballages\/#primaryimage\",\"url\":\"https:\/\/www.nsfcanada.ca\/wp-content\/uploads\/2021\/03\/product-package-testing-header.jpg\",\"contentUrl\":\"https:\/\/www.nsfcanada.ca\/wp-content\/uploads\/2021\/03\/product-package-testing-header.jpg\",\"width\":2000,\"height\":300,\"caption\":\"Water bottles\"},{\"@type\":\"BreadcrumbList\",\"@id\":\"https:\/\/www.nsfcanada.ca\/fr\/services-techniques\/mise-a-lessai-de-produits-et-demballages\/#breadcrumb\",\"itemListElement\":[{\"@type\":\"ListItem\",\"position\":1,\"name\":\"Home\",\"item\":\"https:\/\/www.nsfcanada.ca\/fr\/\"},{\"@type\":\"ListItem\",\"position\":2,\"name\":\"Services techniques\",\"item\":\"https:\/\/www.nsfcanada.ca\/fr\/services-techniques\/\"},{\"@type\":\"ListItem\",\"position\":3,\"name\":\"Mise \u00e0 l\u2019essai de produits et d\u2019emballages\"}]},{\"@type\":\"WebSite\",\"@id\":\"https:\/\/www.nsfcanada.ca\/fr\/#website\",\"url\":\"https:\/\/www.nsfcanada.ca\/fr\/\",\"name\":\"NSF\",\"description\":\"NSF Services in Canada\",\"publisher\":{\"@id\":\"https:\/\/www.nsfcanada.ca\/fr\/#organization\"},\"potentialAction\":[{\"@type\":\"SearchAction\",\"target\":{\"@type\":\"EntryPoint\",\"urlTemplate\":\"https:\/\/www.nsfcanada.ca\/fr\/?s={search_term_string}\"},\"query-input\":{\"@type\":\"PropertyValueSpecification\",\"valueRequired\":true,\"valueName\":\"search_term_string\"}}],\"inLanguage\":\"fr-FR\"},{\"@type\":\"Organization\",\"@id\":\"https:\/\/www.nsfcanada.ca\/fr\/#organization\",\"name\":\"NSF International\",\"url\":\"https:\/\/www.nsfcanada.ca\/fr\/\",\"logo\":{\"@type\":\"ImageObject\",\"inLanguage\":\"fr-FR\",\"@id\":\"https:\/\/www.nsfcanada.ca\/fr\/#\/schema\/logo\/image\/\",\"url\":\"http:\/\/canada.nsfinternational.eu\/wp-content\/uploads\/2021\/03\/logo-nsf-international.png\",\"contentUrl\":\"http:\/\/canada.nsfinternational.eu\/wp-content\/uploads\/2021\/03\/logo-nsf-international.png\",\"width\":300,\"height\":300,\"caption\":\"NSF International\"},\"image\":{\"@id\":\"https:\/\/www.nsfcanada.ca\/fr\/#\/schema\/logo\/image\/\"}}]}<\/script>\n<!-- \/ Yoast SEO plugin. -->","yoast_head_json":{"title":"Mise \u00e0 l\u2019essai de produits et d\u2019emballages | NSF","description":"Nos services d\u2019essais sensoriels sont compl\u00e9t\u00e9s par des essais analytiques. Nous offrons des services d\u2019essais sensoriels sur mesure.","robots":{"index":"index","follow":"follow","max-snippet":"max-snippet:-1","max-image-preview":"max-image-preview:large","max-video-preview":"max-video-preview:-1"},"canonical":"https:\/\/www.nsfcanada.ca\/fr\/services-techniques\/mise-a-lessai-de-produits-et-demballages\/","og_locale":"fr_FR","og_type":"article","og_title":"Mise \u00e0 l\u2019essai de produits et d\u2019emballages | NSF","og_description":"Nos services d\u2019essais sensoriels sont compl\u00e9t\u00e9s par des essais analytiques. Nous offrons des services d\u2019essais sensoriels sur mesure.","og_url":"https:\/\/www.nsfcanada.ca\/fr\/services-techniques\/mise-a-lessai-de-produits-et-demballages\/","og_site_name":"NSF","article_modified_time":"2021-06-10T13:58:25+00:00","og_image":[{"width":2000,"height":300,"url":"https:\/\/www.nsfcanada.ca\/wp-content\/uploads\/2021\/03\/product-package-testing-header.jpg","type":"image\/jpeg"}],"twitter_card":"summary_large_image","twitter_misc":{"Dur\u00e9e de lecture estim\u00e9e":"4 minutes"},"schema":{"@context":"https:\/\/schema.org","@graph":[{"@type":"WebPage","@id":"https:\/\/www.nsfcanada.ca\/fr\/services-techniques\/mise-a-lessai-de-produits-et-demballages\/","url":"https:\/\/www.nsfcanada.ca\/fr\/services-techniques\/mise-a-lessai-de-produits-et-demballages\/","name":"Mise \u00e0 l\u2019essai de produits et d\u2019emballages | NSF","isPartOf":{"@id":"https:\/\/www.nsfcanada.ca\/fr\/#website"},"primaryImageOfPage":{"@id":"https:\/\/www.nsfcanada.ca\/fr\/services-techniques\/mise-a-lessai-de-produits-et-demballages\/#primaryimage"},"image":{"@id":"https:\/\/www.nsfcanada.ca\/fr\/services-techniques\/mise-a-lessai-de-produits-et-demballages\/#primaryimage"},"thumbnailUrl":"https:\/\/www.nsfcanada.ca\/wp-content\/uploads\/2021\/03\/product-package-testing-header.jpg","datePublished":"2021-05-03T13:27:29+00:00","dateModified":"2021-06-10T13:58:25+00:00","description":"Nos services d\u2019essais sensoriels sont compl\u00e9t\u00e9s par des essais analytiques. Nous offrons des services d\u2019essais sensoriels sur mesure.","breadcrumb":{"@id":"https:\/\/www.nsfcanada.ca\/fr\/services-techniques\/mise-a-lessai-de-produits-et-demballages\/#breadcrumb"},"inLanguage":"fr-FR","potentialAction":[{"@type":"ReadAction","target":["https:\/\/www.nsfcanada.ca\/fr\/services-techniques\/mise-a-lessai-de-produits-et-demballages\/"]}]},{"@type":"ImageObject","inLanguage":"fr-FR","@id":"https:\/\/www.nsfcanada.ca\/fr\/services-techniques\/mise-a-lessai-de-produits-et-demballages\/#primaryimage","url":"https:\/\/www.nsfcanada.ca\/wp-content\/uploads\/2021\/03\/product-package-testing-header.jpg","contentUrl":"https:\/\/www.nsfcanada.ca\/wp-content\/uploads\/2021\/03\/product-package-testing-header.jpg","width":2000,"height":300,"caption":"Water bottles"},{"@type":"BreadcrumbList","@id":"https:\/\/www.nsfcanada.ca\/fr\/services-techniques\/mise-a-lessai-de-produits-et-demballages\/#breadcrumb","itemListElement":[{"@type":"ListItem","position":1,"name":"Home","item":"https:\/\/www.nsfcanada.ca\/fr\/"},{"@type":"ListItem","position":2,"name":"Services techniques","item":"https:\/\/www.nsfcanada.ca\/fr\/services-techniques\/"},{"@type":"ListItem","position":3,"name":"Mise \u00e0 l\u2019essai de produits et d\u2019emballages"}]},{"@type":"WebSite","@id":"https:\/\/www.nsfcanada.ca\/fr\/#website","url":"https:\/\/www.nsfcanada.ca\/fr\/","name":"NSF","description":"NSF Services in Canada","publisher":{"@id":"https:\/\/www.nsfcanada.ca\/fr\/#organization"},"potentialAction":[{"@type":"SearchAction","target":{"@type":"EntryPoint","urlTemplate":"https:\/\/www.nsfcanada.ca\/fr\/?s={search_term_string}"},"query-input":{"@type":"PropertyValueSpecification","valueRequired":true,"valueName":"search_term_string"}}],"inLanguage":"fr-FR"},{"@type":"Organization","@id":"https:\/\/www.nsfcanada.ca\/fr\/#organization","name":"NSF International","url":"https:\/\/www.nsfcanada.ca\/fr\/","logo":{"@type":"ImageObject","inLanguage":"fr-FR","@id":"https:\/\/www.nsfcanada.ca\/fr\/#\/schema\/logo\/image\/","url":"http:\/\/canada.nsfinternational.eu\/wp-content\/uploads\/2021\/03\/logo-nsf-international.png","contentUrl":"http:\/\/canada.nsfinternational.eu\/wp-content\/uploads\/2021\/03\/logo-nsf-international.png","width":300,"height":300,"caption":"NSF International"},"image":{"@id":"https:\/\/www.nsfcanada.ca\/fr\/#\/schema\/logo\/image\/"}}]}},"_links":{"self":[{"href":"https:\/\/www.nsfcanada.ca\/fr\/wp-json\/wp\/v2\/pages\/1932","targetHints":{"allow":["GET"]}}],"collection":[{"href":"https:\/\/www.nsfcanada.ca\/fr\/wp-json\/wp\/v2\/pages"}],"about":[{"href":"https:\/\/www.nsfcanada.ca\/fr\/wp-json\/wp\/v2\/types\/page"}],"author":[{"embeddable":true,"href":"https:\/\/www.nsfcanada.ca\/fr\/wp-json\/wp\/v2\/users\/1"}],"replies":[{"embeddable":true,"href":"https:\/\/www.nsfcanada.ca\/fr\/wp-json\/wp\/v2\/comments?post=1932"}],"version-history":[{"count":9,"href":"https:\/\/www.nsfcanada.ca\/fr\/wp-json\/wp\/v2\/pages\/1932\/revisions"}],"predecessor-version":[{"id":2209,"href":"https:\/\/www.nsfcanada.ca\/fr\/wp-json\/wp\/v2\/pages\/1932\/revisions\/2209"}],"up":[{"embeddable":true,"href":"https:\/\/www.nsfcanada.ca\/fr\/wp-json\/wp\/v2\/pages\/1922"}],"wp:featuredmedia":[{"embeddable":true,"href":"https:\/\/www.nsfcanada.ca\/fr\/wp-json\/wp\/v2\/media\/811"}],"wp:attachment":[{"href":"https:\/\/www.nsfcanada.ca\/fr\/wp-json\/wp\/v2\/media?parent=1932"}],"curies":[{"name":"wp","href":"https:\/\/api.w.org\/{rel}","templated":true}]}}