{"id":1936,"date":"2021-05-03T09:37:18","date_gmt":"2021-05-03T13:37:18","guid":{"rendered":"https:\/\/www.nsfcanada.ca\/services-techniques\/nouveaux-produits-et-nouvelles-methodes\/"},"modified":"2021-05-03T09:37:18","modified_gmt":"2021-05-03T13:37:18","slug":"nouveaux-produits-et-nouvelles-methodes","status":"publish","type":"page","link":"https:\/\/www.nsfcanada.ca\/fr\/services-techniques\/nouveaux-produits-et-nouvelles-methodes\/","title":{"rendered":"Nouveaux produits et nouvelles m\u00e9thodes"},"content":{"rendered":"\t\t<div data-elementor-type=\"wp-page\" data-elementor-id=\"1936\" class=\"elementor elementor-1936 elementor-163\">\n\t\t\t\t\t\t<section class=\"elementor-section elementor-top-section elementor-element elementor-element-3dc9d6f elementor-section-boxed elementor-section-height-default elementor-section-height-default\" data-id=\"3dc9d6f\" data-element_type=\"section\" data-settings=\"{&quot;jet_parallax_layout_list&quot;:[{&quot;jet_parallax_layout_image&quot;:{&quot;url&quot;:&quot;&quot;,&quot;id&quot;:&quot;&quot;,&quot;size&quot;:&quot;&quot;},&quot;_id&quot;:&quot;54388f6&quot;,&quot;jet_parallax_layout_image_tablet&quot;:{&quot;url&quot;:&quot;&quot;,&quot;id&quot;:&quot;&quot;,&quot;size&quot;:&quot;&quot;},&quot;jet_parallax_layout_image_mobile&quot;:{&quot;url&quot;:&quot;&quot;,&quot;id&quot;:&quot;&quot;,&quot;size&quot;:&quot;&quot;},&quot;jet_parallax_layout_speed&quot;:{&quot;unit&quot;:&quot;%&quot;,&quot;size&quot;:50,&quot;sizes&quot;:[]},&quot;jet_parallax_layout_type&quot;:&quot;scroll&quot;,&quot;jet_parallax_layout_direction&quot;:null,&quot;jet_parallax_layout_fx_direction&quot;:null,&quot;jet_parallax_layout_z_index&quot;:&quot;&quot;,&quot;jet_parallax_layout_bg_x&quot;:50,&quot;jet_parallax_layout_bg_x_tablet&quot;:&quot;&quot;,&quot;jet_parallax_layout_bg_x_mobile&quot;:&quot;&quot;,&quot;jet_parallax_layout_bg_y&quot;:50,&quot;jet_parallax_layout_bg_y_tablet&quot;:&quot;&quot;,&quot;jet_parallax_layout_bg_y_mobile&quot;:&quot;&quot;,&quot;jet_parallax_layout_bg_size&quot;:&quot;auto&quot;,&quot;jet_parallax_layout_bg_size_tablet&quot;:&quot;&quot;,&quot;jet_parallax_layout_bg_size_mobile&quot;:&quot;&quot;,&quot;jet_parallax_layout_animation_prop&quot;:&quot;transform&quot;,&quot;jet_parallax_layout_on&quot;:[&quot;desktop&quot;,&quot;tablet&quot;]}]}\">\n\t\t\t\t\t\t<div class=\"elementor-container elementor-column-gap-default\">\n\t\t\t\t\t<div class=\"elementor-column elementor-col-100 elementor-top-column elementor-element elementor-element-86d0f9d\" data-id=\"86d0f9d\" data-element_type=\"column\">\n\t\t\t<div class=\"elementor-widget-wrap elementor-element-populated\">\n\t\t\t\t\t\t<div class=\"elementor-element elementor-element-3c7b49d elementor-widget elementor-widget-text-editor\" data-id=\"3c7b49d\" data-element_type=\"widget\" data-widget_type=\"text-editor.default\">\n\t\t\t\t<div class=\"elementor-widget-container\">\n\t\t\t\t\t\t\t\t\t<h1>Nouveaux produits et nouvelles m\u00e9thodes<\/h1>\n<p>NSF poss\u00e8de une solide exp\u00e9rience en d\u00e9veloppement d\u2019aliments et de boissons qui respectent les exigences de dur\u00e9e de conservation et de salubrit\u00e9 alimentaire.<\/p>\n<p>Nous offrons aussi des services d\u2019essai \u00e0 diff\u00e9rentes \u00e9chelles durant cette phase importante de d\u00e9veloppement de vos aliments et boissons. Notre \u00e9quipement con\u00e7u pour des essais \u00e0 l\u2019\u00e9chelle pilote, nous permet d\u2019effectuer des tests de faisabilit\u00e9, d\u2019\u00e9valuer de nouveaux concepts de produits et de produire des \u00e9chantillons promotionnels au moyen de diverses technologies:<\/p>\n<ul>\n<li>Traitement thermique (y compris HTST, UHT, pasteurisation par lot)<\/li>\n<li>S\u00e9paration (ultra-filtration, nano-filtration et autres m\u00e9thodes dont les filtres chaussettes et vibratoires)<\/li>\n<li>Homog\u00e9n\u00e9isation<\/li>\n<li>S\u00e9chage (cong\u00e9lation, d\u00e9shydratation)<\/li>\n<li>Concentration (nano-filtration et ultra-filtration)<\/li>\n<li>M\u00e9lange liquide ou en poudre, diff\u00e9rentes options de m\u00e9langeurs (m\u00e9langeur \u00e0 palette, m\u00e9langeur lightnin et m\u00e9langeur high shear)<\/li>\n<li>Reformulations \u00e0 faible co\u00fbt<\/li>\n<\/ul>\n\t\t\t\t\t\t\t\t<\/div>\n\t\t\t\t<\/div>\n\t\t\t\t\t<\/div>\n\t\t<\/div>\n\t\t\t\t\t<\/div>\n\t\t<\/section>\n\t\t\t\t<\/div>\n\t\t","protected":false},"excerpt":{"rendered":"<p>Nouveaux produits et nouvelles m\u00e9thodes NSF poss\u00e8de une solide exp\u00e9rience en d\u00e9veloppement d\u2019aliments et de boissons qui respectent les exigences de dur\u00e9e de conservation et de salubrit\u00e9 alimentaire. Nous offrons aussi des services d\u2019essai \u00e0 diff\u00e9rentes \u00e9chelles durant cette phase importante de d\u00e9veloppement de vos aliments et boissons. Notre \u00e9quipement con\u00e7u pour des essais \u00e0 [&hellip;]<\/p>\n","protected":false},"author":1,"featured_media":824,"parent":1922,"menu_order":22,"comment_status":"closed","ping_status":"open","template":"","meta":{"_acf_changed":false,"footnotes":""},"class_list":["post-1936","page","type-page","status-publish","has-post-thumbnail","hentry"],"acf":[],"yoast_head":"<!-- This site is optimized with the Yoast SEO plugin v26.5 - https:\/\/yoast.com\/wordpress\/plugins\/seo\/ -->\n<title>Nouveaux produits et nouvelles m\u00e9thodes | NSF<\/title>\n<meta name=\"description\" content=\"NSF poss\u00e8de une solide exp\u00e9rience en d\u00e9veloppement d\u2019aliments et de boissons qui respectent les exigences de dur\u00e9e de conservation et de salubrit\u00e9 alimentaire.\" \/>\n<meta name=\"robots\" content=\"index, follow, max-snippet:-1, max-image-preview:large, max-video-preview:-1\" \/>\n<link rel=\"canonical\" href=\"https:\/\/www.nsfcanada.ca\/fr\/services-techniques\/nouveaux-produits-et-nouvelles-methodes\/\" \/>\n<meta property=\"og:locale\" content=\"fr_FR\" \/>\n<meta property=\"og:type\" content=\"article\" \/>\n<meta property=\"og:title\" content=\"Nouveaux produits et nouvelles m\u00e9thodes | NSF\" \/>\n<meta property=\"og:description\" content=\"NSF poss\u00e8de une solide exp\u00e9rience en d\u00e9veloppement d\u2019aliments et de boissons qui respectent les exigences de dur\u00e9e de conservation et de salubrit\u00e9 alimentaire.\" \/>\n<meta property=\"og:url\" content=\"https:\/\/www.nsfcanada.ca\/fr\/services-techniques\/nouveaux-produits-et-nouvelles-methodes\/\" \/>\n<meta property=\"og:site_name\" content=\"NSF\" \/>\n<meta property=\"og:image\" content=\"https:\/\/www.nsfcanada.ca\/wp-content\/uploads\/2021\/03\/process-development-header.jpg\" \/>\n\t<meta property=\"og:image:width\" content=\"2000\" \/>\n\t<meta property=\"og:image:height\" content=\"300\" \/>\n\t<meta property=\"og:image:type\" content=\"image\/jpeg\" \/>\n<meta name=\"twitter:card\" content=\"summary_large_image\" \/>\n<meta name=\"twitter:label1\" content=\"Dur\u00e9e de lecture estim\u00e9e\" \/>\n\t<meta name=\"twitter:data1\" content=\"1 minute\" \/>\n<script type=\"application\/ld+json\" class=\"yoast-schema-graph\">{\"@context\":\"https:\/\/schema.org\",\"@graph\":[{\"@type\":\"WebPage\",\"@id\":\"https:\/\/www.nsfcanada.ca\/fr\/services-techniques\/nouveaux-produits-et-nouvelles-methodes\/\",\"url\":\"https:\/\/www.nsfcanada.ca\/fr\/services-techniques\/nouveaux-produits-et-nouvelles-methodes\/\",\"name\":\"Nouveaux produits et nouvelles m\u00e9thodes | NSF\",\"isPartOf\":{\"@id\":\"https:\/\/www.nsfcanada.ca\/fr\/#website\"},\"primaryImageOfPage\":{\"@id\":\"https:\/\/www.nsfcanada.ca\/fr\/services-techniques\/nouveaux-produits-et-nouvelles-methodes\/#primaryimage\"},\"image\":{\"@id\":\"https:\/\/www.nsfcanada.ca\/fr\/services-techniques\/nouveaux-produits-et-nouvelles-methodes\/#primaryimage\"},\"thumbnailUrl\":\"https:\/\/www.nsfcanada.ca\/wp-content\/uploads\/2021\/03\/process-development-header.jpg\",\"datePublished\":\"2021-05-03T13:37:18+00:00\",\"description\":\"NSF poss\u00e8de une solide exp\u00e9rience en d\u00e9veloppement d\u2019aliments et de boissons qui respectent les exigences de dur\u00e9e de conservation et de salubrit\u00e9 alimentaire.\",\"breadcrumb\":{\"@id\":\"https:\/\/www.nsfcanada.ca\/fr\/services-techniques\/nouveaux-produits-et-nouvelles-methodes\/#breadcrumb\"},\"inLanguage\":\"fr-FR\",\"potentialAction\":[{\"@type\":\"ReadAction\",\"target\":[\"https:\/\/www.nsfcanada.ca\/fr\/services-techniques\/nouveaux-produits-et-nouvelles-methodes\/\"]}]},{\"@type\":\"ImageObject\",\"inLanguage\":\"fr-FR\",\"@id\":\"https:\/\/www.nsfcanada.ca\/fr\/services-techniques\/nouveaux-produits-et-nouvelles-methodes\/#primaryimage\",\"url\":\"https:\/\/www.nsfcanada.ca\/wp-content\/uploads\/2021\/03\/process-development-header.jpg\",\"contentUrl\":\"https:\/\/www.nsfcanada.ca\/wp-content\/uploads\/2021\/03\/process-development-header.jpg\",\"width\":2000,\"height\":300,\"caption\":\"Colored bottles outside\"},{\"@type\":\"BreadcrumbList\",\"@id\":\"https:\/\/www.nsfcanada.ca\/fr\/services-techniques\/nouveaux-produits-et-nouvelles-methodes\/#breadcrumb\",\"itemListElement\":[{\"@type\":\"ListItem\",\"position\":1,\"name\":\"Home\",\"item\":\"https:\/\/www.nsfcanada.ca\/fr\/\"},{\"@type\":\"ListItem\",\"position\":2,\"name\":\"Services techniques\",\"item\":\"https:\/\/www.nsfcanada.ca\/fr\/services-techniques\/\"},{\"@type\":\"ListItem\",\"position\":3,\"name\":\"Nouveaux produits et nouvelles m\u00e9thodes\"}]},{\"@type\":\"WebSite\",\"@id\":\"https:\/\/www.nsfcanada.ca\/fr\/#website\",\"url\":\"https:\/\/www.nsfcanada.ca\/fr\/\",\"name\":\"NSF\",\"description\":\"NSF Services in Canada\",\"publisher\":{\"@id\":\"https:\/\/www.nsfcanada.ca\/fr\/#organization\"},\"potentialAction\":[{\"@type\":\"SearchAction\",\"target\":{\"@type\":\"EntryPoint\",\"urlTemplate\":\"https:\/\/www.nsfcanada.ca\/fr\/?s={search_term_string}\"},\"query-input\":{\"@type\":\"PropertyValueSpecification\",\"valueRequired\":true,\"valueName\":\"search_term_string\"}}],\"inLanguage\":\"fr-FR\"},{\"@type\":\"Organization\",\"@id\":\"https:\/\/www.nsfcanada.ca\/fr\/#organization\",\"name\":\"NSF International\",\"url\":\"https:\/\/www.nsfcanada.ca\/fr\/\",\"logo\":{\"@type\":\"ImageObject\",\"inLanguage\":\"fr-FR\",\"@id\":\"https:\/\/www.nsfcanada.ca\/fr\/#\/schema\/logo\/image\/\",\"url\":\"http:\/\/canada.nsfinternational.eu\/wp-content\/uploads\/2021\/03\/logo-nsf-international.png\",\"contentUrl\":\"http:\/\/canada.nsfinternational.eu\/wp-content\/uploads\/2021\/03\/logo-nsf-international.png\",\"width\":300,\"height\":300,\"caption\":\"NSF International\"},\"image\":{\"@id\":\"https:\/\/www.nsfcanada.ca\/fr\/#\/schema\/logo\/image\/\"}}]}<\/script>\n<!-- \/ Yoast SEO plugin. -->","yoast_head_json":{"title":"Nouveaux produits et nouvelles m\u00e9thodes | NSF","description":"NSF poss\u00e8de une solide exp\u00e9rience en d\u00e9veloppement d\u2019aliments et de boissons qui respectent les exigences de dur\u00e9e de conservation et de salubrit\u00e9 alimentaire.","robots":{"index":"index","follow":"follow","max-snippet":"max-snippet:-1","max-image-preview":"max-image-preview:large","max-video-preview":"max-video-preview:-1"},"canonical":"https:\/\/www.nsfcanada.ca\/fr\/services-techniques\/nouveaux-produits-et-nouvelles-methodes\/","og_locale":"fr_FR","og_type":"article","og_title":"Nouveaux produits et nouvelles m\u00e9thodes | NSF","og_description":"NSF poss\u00e8de une solide exp\u00e9rience en d\u00e9veloppement d\u2019aliments et de boissons qui respectent les exigences de dur\u00e9e de conservation et de salubrit\u00e9 alimentaire.","og_url":"https:\/\/www.nsfcanada.ca\/fr\/services-techniques\/nouveaux-produits-et-nouvelles-methodes\/","og_site_name":"NSF","og_image":[{"width":2000,"height":300,"url":"https:\/\/www.nsfcanada.ca\/wp-content\/uploads\/2021\/03\/process-development-header.jpg","type":"image\/jpeg"}],"twitter_card":"summary_large_image","twitter_misc":{"Dur\u00e9e de lecture estim\u00e9e":"1 minute"},"schema":{"@context":"https:\/\/schema.org","@graph":[{"@type":"WebPage","@id":"https:\/\/www.nsfcanada.ca\/fr\/services-techniques\/nouveaux-produits-et-nouvelles-methodes\/","url":"https:\/\/www.nsfcanada.ca\/fr\/services-techniques\/nouveaux-produits-et-nouvelles-methodes\/","name":"Nouveaux produits et nouvelles m\u00e9thodes | NSF","isPartOf":{"@id":"https:\/\/www.nsfcanada.ca\/fr\/#website"},"primaryImageOfPage":{"@id":"https:\/\/www.nsfcanada.ca\/fr\/services-techniques\/nouveaux-produits-et-nouvelles-methodes\/#primaryimage"},"image":{"@id":"https:\/\/www.nsfcanada.ca\/fr\/services-techniques\/nouveaux-produits-et-nouvelles-methodes\/#primaryimage"},"thumbnailUrl":"https:\/\/www.nsfcanada.ca\/wp-content\/uploads\/2021\/03\/process-development-header.jpg","datePublished":"2021-05-03T13:37:18+00:00","description":"NSF poss\u00e8de une solide exp\u00e9rience en d\u00e9veloppement d\u2019aliments et de boissons qui respectent les exigences de dur\u00e9e de conservation et de salubrit\u00e9 alimentaire.","breadcrumb":{"@id":"https:\/\/www.nsfcanada.ca\/fr\/services-techniques\/nouveaux-produits-et-nouvelles-methodes\/#breadcrumb"},"inLanguage":"fr-FR","potentialAction":[{"@type":"ReadAction","target":["https:\/\/www.nsfcanada.ca\/fr\/services-techniques\/nouveaux-produits-et-nouvelles-methodes\/"]}]},{"@type":"ImageObject","inLanguage":"fr-FR","@id":"https:\/\/www.nsfcanada.ca\/fr\/services-techniques\/nouveaux-produits-et-nouvelles-methodes\/#primaryimage","url":"https:\/\/www.nsfcanada.ca\/wp-content\/uploads\/2021\/03\/process-development-header.jpg","contentUrl":"https:\/\/www.nsfcanada.ca\/wp-content\/uploads\/2021\/03\/process-development-header.jpg","width":2000,"height":300,"caption":"Colored bottles outside"},{"@type":"BreadcrumbList","@id":"https:\/\/www.nsfcanada.ca\/fr\/services-techniques\/nouveaux-produits-et-nouvelles-methodes\/#breadcrumb","itemListElement":[{"@type":"ListItem","position":1,"name":"Home","item":"https:\/\/www.nsfcanada.ca\/fr\/"},{"@type":"ListItem","position":2,"name":"Services techniques","item":"https:\/\/www.nsfcanada.ca\/fr\/services-techniques\/"},{"@type":"ListItem","position":3,"name":"Nouveaux produits et nouvelles m\u00e9thodes"}]},{"@type":"WebSite","@id":"https:\/\/www.nsfcanada.ca\/fr\/#website","url":"https:\/\/www.nsfcanada.ca\/fr\/","name":"NSF","description":"NSF Services in Canada","publisher":{"@id":"https:\/\/www.nsfcanada.ca\/fr\/#organization"},"potentialAction":[{"@type":"SearchAction","target":{"@type":"EntryPoint","urlTemplate":"https:\/\/www.nsfcanada.ca\/fr\/?s={search_term_string}"},"query-input":{"@type":"PropertyValueSpecification","valueRequired":true,"valueName":"search_term_string"}}],"inLanguage":"fr-FR"},{"@type":"Organization","@id":"https:\/\/www.nsfcanada.ca\/fr\/#organization","name":"NSF International","url":"https:\/\/www.nsfcanada.ca\/fr\/","logo":{"@type":"ImageObject","inLanguage":"fr-FR","@id":"https:\/\/www.nsfcanada.ca\/fr\/#\/schema\/logo\/image\/","url":"http:\/\/canada.nsfinternational.eu\/wp-content\/uploads\/2021\/03\/logo-nsf-international.png","contentUrl":"http:\/\/canada.nsfinternational.eu\/wp-content\/uploads\/2021\/03\/logo-nsf-international.png","width":300,"height":300,"caption":"NSF International"},"image":{"@id":"https:\/\/www.nsfcanada.ca\/fr\/#\/schema\/logo\/image\/"}}]}},"_links":{"self":[{"href":"https:\/\/www.nsfcanada.ca\/fr\/wp-json\/wp\/v2\/pages\/1936","targetHints":{"allow":["GET"]}}],"collection":[{"href":"https:\/\/www.nsfcanada.ca\/fr\/wp-json\/wp\/v2\/pages"}],"about":[{"href":"https:\/\/www.nsfcanada.ca\/fr\/wp-json\/wp\/v2\/types\/page"}],"author":[{"embeddable":true,"href":"https:\/\/www.nsfcanada.ca\/fr\/wp-json\/wp\/v2\/users\/1"}],"replies":[{"embeddable":true,"href":"https:\/\/www.nsfcanada.ca\/fr\/wp-json\/wp\/v2\/comments?post=1936"}],"version-history":[{"count":1,"href":"https:\/\/www.nsfcanada.ca\/fr\/wp-json\/wp\/v2\/pages\/1936\/revisions"}],"predecessor-version":[{"id":1937,"href":"https:\/\/www.nsfcanada.ca\/fr\/wp-json\/wp\/v2\/pages\/1936\/revisions\/1937"}],"up":[{"embeddable":true,"href":"https:\/\/www.nsfcanada.ca\/fr\/wp-json\/wp\/v2\/pages\/1922"}],"wp:featuredmedia":[{"embeddable":true,"href":"https:\/\/www.nsfcanada.ca\/fr\/wp-json\/wp\/v2\/media\/824"}],"wp:attachment":[{"href":"https:\/\/www.nsfcanada.ca\/fr\/wp-json\/wp\/v2\/media?parent=1936"}],"curies":[{"name":"wp","href":"https:\/\/api.w.org\/{rel}","templated":true}]}}