{"id":1938,"date":"2021-05-03T09:47:00","date_gmt":"2021-05-03T13:47:00","guid":{"rendered":"https:\/\/www.nsfcanada.ca\/services-techniques\/validation-des-methodes-et-epreuves\/"},"modified":"2021-05-03T09:47:00","modified_gmt":"2021-05-03T13:47:00","slug":"validation-des-methodes-et-epreuves","status":"publish","type":"page","link":"https:\/\/www.nsfcanada.ca\/fr\/services-techniques\/validation-des-methodes-et-epreuves\/","title":{"rendered":"Validation des m\u00e9thodes et \u00e9preuves"},"content":{"rendered":"\t\t<div data-elementor-type=\"wp-page\" data-elementor-id=\"1938\" class=\"elementor elementor-1938 elementor-164\">\n\t\t\t\t\t\t<section class=\"elementor-section elementor-top-section elementor-element elementor-element-1ebc0b8 elementor-section-boxed elementor-section-height-default elementor-section-height-default\" data-id=\"1ebc0b8\" data-element_type=\"section\" data-settings=\"{&quot;jet_parallax_layout_list&quot;:[{&quot;jet_parallax_layout_image&quot;:{&quot;url&quot;:&quot;&quot;,&quot;id&quot;:&quot;&quot;,&quot;size&quot;:&quot;&quot;},&quot;_id&quot;:&quot;9ea2fa2&quot;,&quot;jet_parallax_layout_image_tablet&quot;:{&quot;url&quot;:&quot;&quot;,&quot;id&quot;:&quot;&quot;,&quot;size&quot;:&quot;&quot;},&quot;jet_parallax_layout_image_mobile&quot;:{&quot;url&quot;:&quot;&quot;,&quot;id&quot;:&quot;&quot;,&quot;size&quot;:&quot;&quot;},&quot;jet_parallax_layout_speed&quot;:{&quot;unit&quot;:&quot;%&quot;,&quot;size&quot;:50,&quot;sizes&quot;:[]},&quot;jet_parallax_layout_type&quot;:&quot;scroll&quot;,&quot;jet_parallax_layout_direction&quot;:null,&quot;jet_parallax_layout_fx_direction&quot;:null,&quot;jet_parallax_layout_z_index&quot;:&quot;&quot;,&quot;jet_parallax_layout_bg_x&quot;:50,&quot;jet_parallax_layout_bg_x_tablet&quot;:&quot;&quot;,&quot;jet_parallax_layout_bg_x_mobile&quot;:&quot;&quot;,&quot;jet_parallax_layout_bg_y&quot;:50,&quot;jet_parallax_layout_bg_y_tablet&quot;:&quot;&quot;,&quot;jet_parallax_layout_bg_y_mobile&quot;:&quot;&quot;,&quot;jet_parallax_layout_bg_size&quot;:&quot;auto&quot;,&quot;jet_parallax_layout_bg_size_tablet&quot;:&quot;&quot;,&quot;jet_parallax_layout_bg_size_mobile&quot;:&quot;&quot;,&quot;jet_parallax_layout_animation_prop&quot;:&quot;transform&quot;,&quot;jet_parallax_layout_on&quot;:[&quot;desktop&quot;,&quot;tablet&quot;]}]}\">\n\t\t\t\t\t\t<div class=\"elementor-container elementor-column-gap-default\">\n\t\t\t\t\t<div class=\"elementor-column elementor-col-100 elementor-top-column elementor-element elementor-element-ae858c5\" data-id=\"ae858c5\" data-element_type=\"column\">\n\t\t\t<div class=\"elementor-widget-wrap elementor-element-populated\">\n\t\t\t\t\t\t<div class=\"elementor-element elementor-element-623ddea elementor-widget elementor-widget-text-editor\" data-id=\"623ddea\" data-element_type=\"widget\" data-widget_type=\"text-editor.default\">\n\t\t\t\t<div class=\"elementor-widget-container\">\n\t\t\t\t\t\t\t\t\t<h1>Validation des m\u00e9thodes et \u00e9preuves<\/h1>\n<p>Pour aider l\u2019industrie alimentaire \u00e0 se conformer aux exigences de la FSMA et de la LSAC, les services de validation des m\u00e9thodes et d\u2019\u00e9preuves de NSF peuvent vous aider \u00e0 valider vos contr\u00f4les pr\u00e9ventifs gr\u00e2ce \u00e0 des \u00e9preuves con\u00e7ues pour vos produits alimentaires et \u00e0 proc\u00e9der \u00e0 des essais de validation con\u00e7us sp\u00e9cialement pour votre m\u00e9thode de fabrication.<\/p>\n<p>Pour de plus amples renseignements, \u00e9crivez \u00e0<a href=\"mailto:nsfcanada@nsf.org\">\u00a0nsfcanada@nsf.org<\/a> ou composez le 519 821-1246.<\/p>\n\t\t\t\t\t\t\t\t<\/div>\n\t\t\t\t<\/div>\n\t\t\t\t\t<\/div>\n\t\t<\/div>\n\t\t\t\t\t<\/div>\n\t\t<\/section>\n\t\t\t\t<\/div>\n\t\t","protected":false},"excerpt":{"rendered":"<p>Validation des m\u00e9thodes et \u00e9preuves Pour aider l\u2019industrie alimentaire \u00e0 se conformer aux exigences de la FSMA et de la LSAC, les services de validation des m\u00e9thodes et d\u2019\u00e9preuves de NSF peuvent vous aider \u00e0 valider vos contr\u00f4les pr\u00e9ventifs gr\u00e2ce \u00e0 des \u00e9preuves con\u00e7ues pour vos produits alimentaires et \u00e0 proc\u00e9der \u00e0 des essais de [&hellip;]<\/p>\n","protected":false},"author":1,"featured_media":830,"parent":1922,"menu_order":23,"comment_status":"closed","ping_status":"open","template":"","meta":{"_acf_changed":false,"footnotes":""},"class_list":["post-1938","page","type-page","status-publish","has-post-thumbnail","hentry"],"acf":[],"yoast_head":"<!-- This site is optimized with the Yoast SEO plugin v26.5 - https:\/\/yoast.com\/wordpress\/plugins\/seo\/ -->\n<title>Validation des m\u00e9thodes et \u00e9preuves | NSF<\/title>\n<meta name=\"description\" content=\"Pour aider l\u2019industrie alimentaire \u00e0 se conformer aux exigences de la FSMA et de la LSAC, les services de validation des m\u00e9thodes et d\u2019\u00e9preuves de NSF peuvent vous aider \u00e0 valider vos contr\u00f4les pr\u00e9ventifs\" \/>\n<meta name=\"robots\" content=\"index, follow, max-snippet:-1, max-image-preview:large, max-video-preview:-1\" \/>\n<link rel=\"canonical\" href=\"https:\/\/www.nsfcanada.ca\/fr\/services-techniques\/validation-des-methodes-et-epreuves\/\" \/>\n<meta property=\"og:locale\" content=\"fr_FR\" \/>\n<meta property=\"og:type\" content=\"article\" \/>\n<meta property=\"og:title\" content=\"Validation des m\u00e9thodes et \u00e9preuves | NSF\" \/>\n<meta property=\"og:description\" content=\"Pour aider l\u2019industrie alimentaire \u00e0 se conformer aux exigences de la FSMA et de la LSAC, les services de validation des m\u00e9thodes et d\u2019\u00e9preuves de NSF peuvent vous aider \u00e0 valider vos contr\u00f4les pr\u00e9ventifs\" \/>\n<meta property=\"og:url\" content=\"https:\/\/www.nsfcanada.ca\/fr\/services-techniques\/validation-des-methodes-et-epreuves\/\" \/>\n<meta property=\"og:site_name\" content=\"NSF\" \/>\n<meta property=\"og:image\" content=\"https:\/\/www.nsfcanada.ca\/wp-content\/uploads\/2021\/03\/process-validation-challenge-studies-header.jpg\" \/>\n\t<meta property=\"og:image:width\" content=\"2000\" \/>\n\t<meta property=\"og:image:height\" content=\"300\" \/>\n\t<meta property=\"og:image:type\" content=\"image\/jpeg\" \/>\n<meta name=\"twitter:card\" content=\"summary_large_image\" \/>\n<script type=\"application\/ld+json\" class=\"yoast-schema-graph\">{\"@context\":\"https:\/\/schema.org\",\"@graph\":[{\"@type\":\"WebPage\",\"@id\":\"https:\/\/www.nsfcanada.ca\/fr\/services-techniques\/validation-des-methodes-et-epreuves\/\",\"url\":\"https:\/\/www.nsfcanada.ca\/fr\/services-techniques\/validation-des-methodes-et-epreuves\/\",\"name\":\"Validation des m\u00e9thodes et \u00e9preuves | NSF\",\"isPartOf\":{\"@id\":\"https:\/\/www.nsfcanada.ca\/fr\/#website\"},\"primaryImageOfPage\":{\"@id\":\"https:\/\/www.nsfcanada.ca\/fr\/services-techniques\/validation-des-methodes-et-epreuves\/#primaryimage\"},\"image\":{\"@id\":\"https:\/\/www.nsfcanada.ca\/fr\/services-techniques\/validation-des-methodes-et-epreuves\/#primaryimage\"},\"thumbnailUrl\":\"https:\/\/www.nsfcanada.ca\/wp-content\/uploads\/2021\/03\/process-validation-challenge-studies-header.jpg\",\"datePublished\":\"2021-05-03T13:47:00+00:00\",\"description\":\"Pour aider l\u2019industrie alimentaire \u00e0 se conformer aux exigences de la FSMA et de la LSAC, les services de validation des m\u00e9thodes et d\u2019\u00e9preuves de NSF peuvent vous aider \u00e0 valider vos contr\u00f4les pr\u00e9ventifs\",\"breadcrumb\":{\"@id\":\"https:\/\/www.nsfcanada.ca\/fr\/services-techniques\/validation-des-methodes-et-epreuves\/#breadcrumb\"},\"inLanguage\":\"fr-FR\",\"potentialAction\":[{\"@type\":\"ReadAction\",\"target\":[\"https:\/\/www.nsfcanada.ca\/fr\/services-techniques\/validation-des-methodes-et-epreuves\/\"]}]},{\"@type\":\"ImageObject\",\"inLanguage\":\"fr-FR\",\"@id\":\"https:\/\/www.nsfcanada.ca\/fr\/services-techniques\/validation-des-methodes-et-epreuves\/#primaryimage\",\"url\":\"https:\/\/www.nsfcanada.ca\/wp-content\/uploads\/2021\/03\/process-validation-challenge-studies-header.jpg\",\"contentUrl\":\"https:\/\/www.nsfcanada.ca\/wp-content\/uploads\/2021\/03\/process-validation-challenge-studies-header.jpg\",\"width\":2000,\"height\":300,\"caption\":\"Scientists treating brown liquid\"},{\"@type\":\"BreadcrumbList\",\"@id\":\"https:\/\/www.nsfcanada.ca\/fr\/services-techniques\/validation-des-methodes-et-epreuves\/#breadcrumb\",\"itemListElement\":[{\"@type\":\"ListItem\",\"position\":1,\"name\":\"Home\",\"item\":\"https:\/\/www.nsfcanada.ca\/fr\/\"},{\"@type\":\"ListItem\",\"position\":2,\"name\":\"Services techniques\",\"item\":\"https:\/\/www.nsfcanada.ca\/fr\/services-techniques\/\"},{\"@type\":\"ListItem\",\"position\":3,\"name\":\"Validation des m\u00e9thodes et \u00e9preuves\"}]},{\"@type\":\"WebSite\",\"@id\":\"https:\/\/www.nsfcanada.ca\/fr\/#website\",\"url\":\"https:\/\/www.nsfcanada.ca\/fr\/\",\"name\":\"NSF\",\"description\":\"NSF Services in Canada\",\"publisher\":{\"@id\":\"https:\/\/www.nsfcanada.ca\/fr\/#organization\"},\"potentialAction\":[{\"@type\":\"SearchAction\",\"target\":{\"@type\":\"EntryPoint\",\"urlTemplate\":\"https:\/\/www.nsfcanada.ca\/fr\/?s={search_term_string}\"},\"query-input\":{\"@type\":\"PropertyValueSpecification\",\"valueRequired\":true,\"valueName\":\"search_term_string\"}}],\"inLanguage\":\"fr-FR\"},{\"@type\":\"Organization\",\"@id\":\"https:\/\/www.nsfcanada.ca\/fr\/#organization\",\"name\":\"NSF International\",\"url\":\"https:\/\/www.nsfcanada.ca\/fr\/\",\"logo\":{\"@type\":\"ImageObject\",\"inLanguage\":\"fr-FR\",\"@id\":\"https:\/\/www.nsfcanada.ca\/fr\/#\/schema\/logo\/image\/\",\"url\":\"http:\/\/canada.nsfinternational.eu\/wp-content\/uploads\/2021\/03\/logo-nsf-international.png\",\"contentUrl\":\"http:\/\/canada.nsfinternational.eu\/wp-content\/uploads\/2021\/03\/logo-nsf-international.png\",\"width\":300,\"height\":300,\"caption\":\"NSF International\"},\"image\":{\"@id\":\"https:\/\/www.nsfcanada.ca\/fr\/#\/schema\/logo\/image\/\"}}]}<\/script>\n<!-- \/ Yoast SEO plugin. -->","yoast_head_json":{"title":"Validation des m\u00e9thodes et \u00e9preuves | NSF","description":"Pour aider l\u2019industrie alimentaire \u00e0 se conformer aux exigences de la FSMA et de la LSAC, les services de validation des m\u00e9thodes et d\u2019\u00e9preuves de NSF peuvent vous aider \u00e0 valider vos contr\u00f4les pr\u00e9ventifs","robots":{"index":"index","follow":"follow","max-snippet":"max-snippet:-1","max-image-preview":"max-image-preview:large","max-video-preview":"max-video-preview:-1"},"canonical":"https:\/\/www.nsfcanada.ca\/fr\/services-techniques\/validation-des-methodes-et-epreuves\/","og_locale":"fr_FR","og_type":"article","og_title":"Validation des m\u00e9thodes et \u00e9preuves | NSF","og_description":"Pour aider l\u2019industrie alimentaire \u00e0 se conformer aux exigences de la FSMA et de la LSAC, les services de validation des m\u00e9thodes et d\u2019\u00e9preuves de NSF peuvent vous aider \u00e0 valider vos contr\u00f4les pr\u00e9ventifs","og_url":"https:\/\/www.nsfcanada.ca\/fr\/services-techniques\/validation-des-methodes-et-epreuves\/","og_site_name":"NSF","og_image":[{"width":2000,"height":300,"url":"https:\/\/www.nsfcanada.ca\/wp-content\/uploads\/2021\/03\/process-validation-challenge-studies-header.jpg","type":"image\/jpeg"}],"twitter_card":"summary_large_image","schema":{"@context":"https:\/\/schema.org","@graph":[{"@type":"WebPage","@id":"https:\/\/www.nsfcanada.ca\/fr\/services-techniques\/validation-des-methodes-et-epreuves\/","url":"https:\/\/www.nsfcanada.ca\/fr\/services-techniques\/validation-des-methodes-et-epreuves\/","name":"Validation des m\u00e9thodes et \u00e9preuves | NSF","isPartOf":{"@id":"https:\/\/www.nsfcanada.ca\/fr\/#website"},"primaryImageOfPage":{"@id":"https:\/\/www.nsfcanada.ca\/fr\/services-techniques\/validation-des-methodes-et-epreuves\/#primaryimage"},"image":{"@id":"https:\/\/www.nsfcanada.ca\/fr\/services-techniques\/validation-des-methodes-et-epreuves\/#primaryimage"},"thumbnailUrl":"https:\/\/www.nsfcanada.ca\/wp-content\/uploads\/2021\/03\/process-validation-challenge-studies-header.jpg","datePublished":"2021-05-03T13:47:00+00:00","description":"Pour aider l\u2019industrie alimentaire \u00e0 se conformer aux exigences de la FSMA et de la LSAC, les services de validation des m\u00e9thodes et d\u2019\u00e9preuves de NSF peuvent vous aider \u00e0 valider vos contr\u00f4les pr\u00e9ventifs","breadcrumb":{"@id":"https:\/\/www.nsfcanada.ca\/fr\/services-techniques\/validation-des-methodes-et-epreuves\/#breadcrumb"},"inLanguage":"fr-FR","potentialAction":[{"@type":"ReadAction","target":["https:\/\/www.nsfcanada.ca\/fr\/services-techniques\/validation-des-methodes-et-epreuves\/"]}]},{"@type":"ImageObject","inLanguage":"fr-FR","@id":"https:\/\/www.nsfcanada.ca\/fr\/services-techniques\/validation-des-methodes-et-epreuves\/#primaryimage","url":"https:\/\/www.nsfcanada.ca\/wp-content\/uploads\/2021\/03\/process-validation-challenge-studies-header.jpg","contentUrl":"https:\/\/www.nsfcanada.ca\/wp-content\/uploads\/2021\/03\/process-validation-challenge-studies-header.jpg","width":2000,"height":300,"caption":"Scientists treating brown liquid"},{"@type":"BreadcrumbList","@id":"https:\/\/www.nsfcanada.ca\/fr\/services-techniques\/validation-des-methodes-et-epreuves\/#breadcrumb","itemListElement":[{"@type":"ListItem","position":1,"name":"Home","item":"https:\/\/www.nsfcanada.ca\/fr\/"},{"@type":"ListItem","position":2,"name":"Services techniques","item":"https:\/\/www.nsfcanada.ca\/fr\/services-techniques\/"},{"@type":"ListItem","position":3,"name":"Validation des m\u00e9thodes et \u00e9preuves"}]},{"@type":"WebSite","@id":"https:\/\/www.nsfcanada.ca\/fr\/#website","url":"https:\/\/www.nsfcanada.ca\/fr\/","name":"NSF","description":"NSF Services in Canada","publisher":{"@id":"https:\/\/www.nsfcanada.ca\/fr\/#organization"},"potentialAction":[{"@type":"SearchAction","target":{"@type":"EntryPoint","urlTemplate":"https:\/\/www.nsfcanada.ca\/fr\/?s={search_term_string}"},"query-input":{"@type":"PropertyValueSpecification","valueRequired":true,"valueName":"search_term_string"}}],"inLanguage":"fr-FR"},{"@type":"Organization","@id":"https:\/\/www.nsfcanada.ca\/fr\/#organization","name":"NSF International","url":"https:\/\/www.nsfcanada.ca\/fr\/","logo":{"@type":"ImageObject","inLanguage":"fr-FR","@id":"https:\/\/www.nsfcanada.ca\/fr\/#\/schema\/logo\/image\/","url":"http:\/\/canada.nsfinternational.eu\/wp-content\/uploads\/2021\/03\/logo-nsf-international.png","contentUrl":"http:\/\/canada.nsfinternational.eu\/wp-content\/uploads\/2021\/03\/logo-nsf-international.png","width":300,"height":300,"caption":"NSF International"},"image":{"@id":"https:\/\/www.nsfcanada.ca\/fr\/#\/schema\/logo\/image\/"}}]}},"_links":{"self":[{"href":"https:\/\/www.nsfcanada.ca\/fr\/wp-json\/wp\/v2\/pages\/1938","targetHints":{"allow":["GET"]}}],"collection":[{"href":"https:\/\/www.nsfcanada.ca\/fr\/wp-json\/wp\/v2\/pages"}],"about":[{"href":"https:\/\/www.nsfcanada.ca\/fr\/wp-json\/wp\/v2\/types\/page"}],"author":[{"embeddable":true,"href":"https:\/\/www.nsfcanada.ca\/fr\/wp-json\/wp\/v2\/users\/1"}],"replies":[{"embeddable":true,"href":"https:\/\/www.nsfcanada.ca\/fr\/wp-json\/wp\/v2\/comments?post=1938"}],"version-history":[{"count":1,"href":"https:\/\/www.nsfcanada.ca\/fr\/wp-json\/wp\/v2\/pages\/1938\/revisions"}],"predecessor-version":[{"id":1939,"href":"https:\/\/www.nsfcanada.ca\/fr\/wp-json\/wp\/v2\/pages\/1938\/revisions\/1939"}],"up":[{"embeddable":true,"href":"https:\/\/www.nsfcanada.ca\/fr\/wp-json\/wp\/v2\/pages\/1922"}],"wp:featuredmedia":[{"embeddable":true,"href":"https:\/\/www.nsfcanada.ca\/fr\/wp-json\/wp\/v2\/media\/830"}],"wp:attachment":[{"href":"https:\/\/www.nsfcanada.ca\/fr\/wp-json\/wp\/v2\/media?parent=1938"}],"curies":[{"name":"wp","href":"https:\/\/api.w.org\/{rel}","templated":true}]}}