{"id":1940,"date":"2021-05-03T09:50:16","date_gmt":"2021-05-03T13:50:16","guid":{"rendered":"https:\/\/www.nsfcanada.ca\/services-techniques\/cannabis-comestible\/"},"modified":"2021-06-10T09:56:49","modified_gmt":"2021-06-10T13:56:49","slug":"cannabis-comestible","status":"publish","type":"page","link":"https:\/\/www.nsfcanada.ca\/fr\/services-techniques\/cannabis-comestible\/","title":{"rendered":"Cannabis comestible"},"content":{"rendered":"\t\t<div data-elementor-type=\"wp-page\" data-elementor-id=\"1940\" class=\"elementor elementor-1940 elementor-165\">\n\t\t\t\t\t\t<section class=\"elementor-section elementor-top-section elementor-element elementor-element-4d1b472 elementor-section-boxed elementor-section-height-default elementor-section-height-default\" data-id=\"4d1b472\" data-element_type=\"section\" data-settings=\"{&quot;jet_parallax_layout_list&quot;:[{&quot;jet_parallax_layout_image&quot;:{&quot;url&quot;:&quot;&quot;,&quot;id&quot;:&quot;&quot;,&quot;size&quot;:&quot;&quot;},&quot;_id&quot;:&quot;e99bf6b&quot;,&quot;jet_parallax_layout_image_tablet&quot;:{&quot;url&quot;:&quot;&quot;,&quot;id&quot;:&quot;&quot;,&quot;size&quot;:&quot;&quot;},&quot;jet_parallax_layout_image_mobile&quot;:{&quot;url&quot;:&quot;&quot;,&quot;id&quot;:&quot;&quot;,&quot;size&quot;:&quot;&quot;},&quot;jet_parallax_layout_speed&quot;:{&quot;unit&quot;:&quot;%&quot;,&quot;size&quot;:50,&quot;sizes&quot;:[]},&quot;jet_parallax_layout_type&quot;:&quot;scroll&quot;,&quot;jet_parallax_layout_direction&quot;:null,&quot;jet_parallax_layout_fx_direction&quot;:null,&quot;jet_parallax_layout_z_index&quot;:&quot;&quot;,&quot;jet_parallax_layout_bg_x&quot;:50,&quot;jet_parallax_layout_bg_x_tablet&quot;:&quot;&quot;,&quot;jet_parallax_layout_bg_x_mobile&quot;:&quot;&quot;,&quot;jet_parallax_layout_bg_y&quot;:50,&quot;jet_parallax_layout_bg_y_tablet&quot;:&quot;&quot;,&quot;jet_parallax_layout_bg_y_mobile&quot;:&quot;&quot;,&quot;jet_parallax_layout_bg_size&quot;:&quot;auto&quot;,&quot;jet_parallax_layout_bg_size_tablet&quot;:&quot;&quot;,&quot;jet_parallax_layout_bg_size_mobile&quot;:&quot;&quot;,&quot;jet_parallax_layout_animation_prop&quot;:&quot;transform&quot;,&quot;jet_parallax_layout_on&quot;:[&quot;desktop&quot;,&quot;tablet&quot;]}]}\">\n\t\t\t\t\t\t<div class=\"elementor-container elementor-column-gap-default\">\n\t\t\t\t\t<div class=\"elementor-column elementor-col-100 elementor-top-column elementor-element elementor-element-e887fc9\" data-id=\"e887fc9\" data-element_type=\"column\">\n\t\t\t<div class=\"elementor-widget-wrap elementor-element-populated\">\n\t\t\t\t\t\t<div class=\"elementor-element elementor-element-1cae0a3 elementor-widget elementor-widget-text-editor\" data-id=\"1cae0a3\" data-element_type=\"widget\" data-widget_type=\"text-editor.default\">\n\t\t\t\t<div class=\"elementor-widget-container\">\n\t\t\t\t\t\t\t\t\t<h1>Cannabis comestible<\/h1>\n<p>Gr\u00e2ce \u00e0 la licence de recherche r\u00e9cemment d\u00e9livr\u00e9e par Sant\u00e9\u00a0Canada, NSF\u00a0Canada peut l\u00e9galement mettre au point et \u00e0 l\u2019essai des aliments cannabiques (\u00e0 base de marijuana ou d\u00e9riv\u00e9s de la marijuana) au Canada. Lisez le communiqu\u00e9 de presse pour en savoir plus.<\/p>\n<p>La licence de recherche sur le cannabis de NSF\u00a0Canada, obtenue en vertu de la Loi sur le cannabis du Canada, permet \u00e0 son \u00e9quipe de scientifiques de l\u2019alimentation d\u2019offrir des services d\u2019innovation, de mise en \u0153uvre de processus et d\u2019\u00e9valuation de la dur\u00e9e de vie aux fabricants d\u2019aliments cannabiques fabriqu\u00e9s et vendus au Canada.<\/p>\n\t\t\t\t\t\t\t\t<\/div>\n\t\t\t\t<\/div>\n\t\t\t\t<div class=\"elementor-element elementor-element-53c18d4 elementor-widget elementor-widget-testimonial\" data-id=\"53c18d4\" data-element_type=\"widget\" data-widget_type=\"testimonial.default\">\n\t\t\t\t<div class=\"elementor-widget-container\">\n\t\t\t\t\t\t\t<div class=\"elementor-testimonial-wrapper\">\n\t\t\t\t\t\t\t<div class=\"elementor-testimonial-content\"><p>Assurez-vous d\u2019offrir des aliments cannabiques de qualit\u00e9 \u00e0 l\u2019aide des services d\u2019innovation, de mise en \u0153uvre de processus et d\u2019\u00e9valuation de la dur\u00e9e de vie de NSF\u00a0Canada.<\/p>\n<\/div>\n\t\t\t\n\t\t\t\t\t<\/div>\n\t\t\t\t\t\t<\/div>\n\t\t\t\t<\/div>\n\t\t\t\t<div class=\"elementor-element elementor-element-23ef5e6 elementor-widget elementor-widget-text-editor\" data-id=\"23ef5e6\" data-element_type=\"widget\" data-widget_type=\"text-editor.default\">\n\t\t\t\t<div class=\"elementor-widget-container\">\n\t\t\t\t\t\t\t\t\t<p>La fabrication d\u2019aliments cannabiques comporte divers d\u00e9fis, notamment en ce qui a trait \u00e0 la solubilit\u00e9, \u00e0 la stabilit\u00e9 du pH et \u00e0 l\u2019endurance thermique. L\u2019\u00e9quipe de NSF\u00a0Canada peut vous aider \u00e0 mieux comprendre et \u00e0 contr\u00f4ler la qualit\u00e9 de vos aliments cannabiques nouveaux sur le march\u00e9.\u00a0Notre laboratoire de mise au point de produits et nos installations de traitement \u00e0 l\u2019\u00e9chelle pilote des plus modernes au Canada sont compl\u00e8tement \u00e9quip\u00e9s, offrant divers appareils de transformation des boissons et des aliments. Gr\u00e2ce \u00e0 sa solide exp\u00e9rience en mise au point d\u2019aliments et de boissons, NSF\u00a0Canada peut vous assister dans les domaines suivants\u00a0:<\/p>\n<ul>\n<li>\u00c9tudes de faisabilit\u00e9<\/li>\n<li>\u00c9valuation de concept de nouveaux produits<\/li>\n<li>Cr\u00e9ation d\u2019\u00e9chantillons aux fins de promotion<\/li>\n<li>Essais en grandeur r\u00e9elle en laboratoire pour optimiser les formules et les m\u00e9thodes<\/li>\n<li>R\u00e9alisation d\u2019examens r\u00e9glementaires pour assurer la conformit\u00e9 de vos produits par rapport aux r\u00e8glements sur l\u2019\u00e9tiquetage alimentaire<\/li>\n<li>\u00c9valuation de la dur\u00e9e de vie et de sa prolongation en fonction des modifications \u00e0 la formulation, \u00e0 la fabrication et \u00e0 la commercialisation<\/li>\n<\/ul>\n<h3>* D\u00e9finition du \u00ab\u00a0cannabis\u00a0\u00bb<\/h3>\n<p>Au titre de la Loi sur le cannabis, le cannabis est d\u00e9fini comme la substance commun\u00e9ment appel\u00e9e \u00ab\u00a0marijuana\u00a0\u00bb ou \u00ab\u00a0marihuana\u00a0\u00bb aux \u00c9tats-Unis, ainsi que tout autre phytocannabino\u00efde, peu importe la source, comme le cannabidiol (CBD) qui est un compos\u00e9 du chanvre.<\/p>\n<p>\u00ab\u00a0Pour de plus amples renseignements au sujet des services li\u00e9s au cannabis de NSF\u00a0Canada, veuillez contacter Lise Smedmor \u00e0\u00a0<a href=\"mailto:lsmedmor@nsf.org?subject=Cannabis%20comestible\">lsmedmor@nsf.org<\/a>\u00a0ou + 1-519-821-1246 ext. 6436<\/p>\n<p>NSF\u00a0Canada offre uniquement des services de consultation en mati\u00e8re de cannabis. Ni NSF\u00a0Canada ni aucune autre soci\u00e9t\u00e9 NSF\u00a0International n\u2019offre \u00e0 l\u2019heure actuelle de service de certification de produits \u00e0 base de marijuana ou d\u00e9riv\u00e9s de la marijuana. De plus, les produits contenant des phytocannabino\u00efdes (qu\u2019ils proviennent de la marijuana ou du chanvre) ne sont pas admissibles \u00e0 la certification ni \u00e0 d\u2019autres services au titre du programme\u00a0<em>Certified for Sport(MD)<\/em>\u00a0de NSF\u00a0International.<\/p>\n<div id=\"gtx-trans\" style=\"position: absolute; left: -61px; top: 685px;\">\n<div class=\"gtx-trans-icon\"><\/div>\n<\/div>\n\t\t\t\t\t\t\t\t<\/div>\n\t\t\t\t<\/div>\n\t\t\t\t\t<\/div>\n\t\t<\/div>\n\t\t\t\t\t<\/div>\n\t\t<\/section>\n\t\t\t\t<\/div>\n\t\t","protected":false},"excerpt":{"rendered":"<p>Cannabis comestible Gr\u00e2ce \u00e0 la licence de recherche r\u00e9cemment d\u00e9livr\u00e9e par Sant\u00e9&nbsp;Canada, NSF&nbsp;Canada peut l\u00e9galement mettre au point et \u00e0 l\u2019essai des aliments cannabiques (\u00e0 base de marijuana ou d\u00e9riv\u00e9s de la marijuana) au Canada. Lisez le communiqu\u00e9 de presse pour en savoir plus. La licence de recherche sur le cannabis de NSF&nbsp;Canada, obtenue en [&hellip;]<\/p>\n","protected":false},"author":1,"featured_media":836,"parent":1922,"menu_order":24,"comment_status":"closed","ping_status":"open","template":"","meta":{"_acf_changed":false,"footnotes":""},"class_list":["post-1940","page","type-page","status-publish","has-post-thumbnail","hentry"],"acf":[],"yoast_head":"<!-- This site is optimized with the Yoast SEO plugin v26.5 - https:\/\/yoast.com\/wordpress\/plugins\/seo\/ -->\n<title>Cannabis comestible | NSF<\/title>\n<meta name=\"description\" content=\"Gr\u00e2ce \u00e0 la licence de recherche r\u00e9cemment d\u00e9livr\u00e9e par Sant\u00e9 Canada, NSF Canada peut l\u00e9galement mettre au point et \u00e0 l\u2019essai des aliments cannabiques (\u00e0 base de marijuana ou d\u00e9riv\u00e9s de la marijuana) au Canada.\" \/>\n<meta name=\"robots\" content=\"index, follow, max-snippet:-1, max-image-preview:large, max-video-preview:-1\" \/>\n<link rel=\"canonical\" href=\"https:\/\/www.nsfcanada.ca\/fr\/services-techniques\/cannabis-comestible\/\" \/>\n<meta property=\"og:locale\" content=\"fr_FR\" \/>\n<meta property=\"og:type\" content=\"article\" \/>\n<meta property=\"og:title\" content=\"Cannabis comestible | NSF\" \/>\n<meta property=\"og:description\" content=\"Gr\u00e2ce \u00e0 la licence de recherche r\u00e9cemment d\u00e9livr\u00e9e par Sant\u00e9 Canada, NSF Canada peut l\u00e9galement mettre au point et \u00e0 l\u2019essai des aliments cannabiques (\u00e0 base de marijuana ou d\u00e9riv\u00e9s de la marijuana) au Canada.\" \/>\n<meta property=\"og:url\" content=\"https:\/\/www.nsfcanada.ca\/fr\/services-techniques\/cannabis-comestible\/\" \/>\n<meta property=\"og:site_name\" content=\"NSF\" \/>\n<meta property=\"article:modified_time\" content=\"2021-06-10T13:56:49+00:00\" \/>\n<meta property=\"og:image\" content=\"https:\/\/www.nsfcanada.ca\/wp-content\/uploads\/2021\/03\/edible-cannabis-header.jpg\" \/>\n\t<meta property=\"og:image:width\" content=\"2000\" \/>\n\t<meta property=\"og:image:height\" content=\"300\" \/>\n\t<meta property=\"og:image:type\" content=\"image\/jpeg\" \/>\n<meta name=\"twitter:card\" content=\"summary_large_image\" \/>\n<meta name=\"twitter:label1\" content=\"Dur\u00e9e de lecture estim\u00e9e\" \/>\n\t<meta name=\"twitter:data1\" content=\"2 minutes\" \/>\n<script type=\"application\/ld+json\" class=\"yoast-schema-graph\">{\"@context\":\"https:\/\/schema.org\",\"@graph\":[{\"@type\":\"WebPage\",\"@id\":\"https:\/\/www.nsfcanada.ca\/fr\/services-techniques\/cannabis-comestible\/\",\"url\":\"https:\/\/www.nsfcanada.ca\/fr\/services-techniques\/cannabis-comestible\/\",\"name\":\"Cannabis comestible | NSF\",\"isPartOf\":{\"@id\":\"https:\/\/www.nsfcanada.ca\/fr\/#website\"},\"primaryImageOfPage\":{\"@id\":\"https:\/\/www.nsfcanada.ca\/fr\/services-techniques\/cannabis-comestible\/#primaryimage\"},\"image\":{\"@id\":\"https:\/\/www.nsfcanada.ca\/fr\/services-techniques\/cannabis-comestible\/#primaryimage\"},\"thumbnailUrl\":\"https:\/\/www.nsfcanada.ca\/wp-content\/uploads\/2021\/03\/edible-cannabis-header.jpg\",\"datePublished\":\"2021-05-03T13:50:16+00:00\",\"dateModified\":\"2021-06-10T13:56:49+00:00\",\"description\":\"Gr\u00e2ce \u00e0 la licence de recherche r\u00e9cemment d\u00e9livr\u00e9e par Sant\u00e9 Canada, NSF Canada peut l\u00e9galement mettre au point et \u00e0 l\u2019essai des aliments cannabiques (\u00e0 base de marijuana ou d\u00e9riv\u00e9s de la marijuana) au Canada.\",\"breadcrumb\":{\"@id\":\"https:\/\/www.nsfcanada.ca\/fr\/services-techniques\/cannabis-comestible\/#breadcrumb\"},\"inLanguage\":\"fr-FR\",\"potentialAction\":[{\"@type\":\"ReadAction\",\"target\":[\"https:\/\/www.nsfcanada.ca\/fr\/services-techniques\/cannabis-comestible\/\"]}]},{\"@type\":\"ImageObject\",\"inLanguage\":\"fr-FR\",\"@id\":\"https:\/\/www.nsfcanada.ca\/fr\/services-techniques\/cannabis-comestible\/#primaryimage\",\"url\":\"https:\/\/www.nsfcanada.ca\/wp-content\/uploads\/2021\/03\/edible-cannabis-header.jpg\",\"contentUrl\":\"https:\/\/www.nsfcanada.ca\/wp-content\/uploads\/2021\/03\/edible-cannabis-header.jpg\",\"width\":2000,\"height\":300,\"caption\":\"Green hemp-derived beverage\"},{\"@type\":\"BreadcrumbList\",\"@id\":\"https:\/\/www.nsfcanada.ca\/fr\/services-techniques\/cannabis-comestible\/#breadcrumb\",\"itemListElement\":[{\"@type\":\"ListItem\",\"position\":1,\"name\":\"Home\",\"item\":\"https:\/\/www.nsfcanada.ca\/fr\/\"},{\"@type\":\"ListItem\",\"position\":2,\"name\":\"Services techniques\",\"item\":\"https:\/\/www.nsfcanada.ca\/fr\/services-techniques\/\"},{\"@type\":\"ListItem\",\"position\":3,\"name\":\"Cannabis comestible\"}]},{\"@type\":\"WebSite\",\"@id\":\"https:\/\/www.nsfcanada.ca\/fr\/#website\",\"url\":\"https:\/\/www.nsfcanada.ca\/fr\/\",\"name\":\"NSF\",\"description\":\"NSF Services in Canada\",\"publisher\":{\"@id\":\"https:\/\/www.nsfcanada.ca\/fr\/#organization\"},\"potentialAction\":[{\"@type\":\"SearchAction\",\"target\":{\"@type\":\"EntryPoint\",\"urlTemplate\":\"https:\/\/www.nsfcanada.ca\/fr\/?s={search_term_string}\"},\"query-input\":{\"@type\":\"PropertyValueSpecification\",\"valueRequired\":true,\"valueName\":\"search_term_string\"}}],\"inLanguage\":\"fr-FR\"},{\"@type\":\"Organization\",\"@id\":\"https:\/\/www.nsfcanada.ca\/fr\/#organization\",\"name\":\"NSF International\",\"url\":\"https:\/\/www.nsfcanada.ca\/fr\/\",\"logo\":{\"@type\":\"ImageObject\",\"inLanguage\":\"fr-FR\",\"@id\":\"https:\/\/www.nsfcanada.ca\/fr\/#\/schema\/logo\/image\/\",\"url\":\"http:\/\/canada.nsfinternational.eu\/wp-content\/uploads\/2021\/03\/logo-nsf-international.png\",\"contentUrl\":\"http:\/\/canada.nsfinternational.eu\/wp-content\/uploads\/2021\/03\/logo-nsf-international.png\",\"width\":300,\"height\":300,\"caption\":\"NSF International\"},\"image\":{\"@id\":\"https:\/\/www.nsfcanada.ca\/fr\/#\/schema\/logo\/image\/\"}}]}<\/script>\n<!-- \/ Yoast SEO plugin. -->","yoast_head_json":{"title":"Cannabis comestible | NSF","description":"Gr\u00e2ce \u00e0 la licence de recherche r\u00e9cemment d\u00e9livr\u00e9e par Sant\u00e9 Canada, NSF Canada peut l\u00e9galement mettre au point et \u00e0 l\u2019essai des aliments cannabiques (\u00e0 base de marijuana ou d\u00e9riv\u00e9s de la marijuana) au Canada.","robots":{"index":"index","follow":"follow","max-snippet":"max-snippet:-1","max-image-preview":"max-image-preview:large","max-video-preview":"max-video-preview:-1"},"canonical":"https:\/\/www.nsfcanada.ca\/fr\/services-techniques\/cannabis-comestible\/","og_locale":"fr_FR","og_type":"article","og_title":"Cannabis comestible | NSF","og_description":"Gr\u00e2ce \u00e0 la licence de recherche r\u00e9cemment d\u00e9livr\u00e9e par Sant\u00e9 Canada, NSF Canada peut l\u00e9galement mettre au point et \u00e0 l\u2019essai des aliments cannabiques (\u00e0 base de marijuana ou d\u00e9riv\u00e9s de la marijuana) au Canada.","og_url":"https:\/\/www.nsfcanada.ca\/fr\/services-techniques\/cannabis-comestible\/","og_site_name":"NSF","article_modified_time":"2021-06-10T13:56:49+00:00","og_image":[{"width":2000,"height":300,"url":"https:\/\/www.nsfcanada.ca\/wp-content\/uploads\/2021\/03\/edible-cannabis-header.jpg","type":"image\/jpeg"}],"twitter_card":"summary_large_image","twitter_misc":{"Dur\u00e9e de lecture estim\u00e9e":"2 minutes"},"schema":{"@context":"https:\/\/schema.org","@graph":[{"@type":"WebPage","@id":"https:\/\/www.nsfcanada.ca\/fr\/services-techniques\/cannabis-comestible\/","url":"https:\/\/www.nsfcanada.ca\/fr\/services-techniques\/cannabis-comestible\/","name":"Cannabis comestible | NSF","isPartOf":{"@id":"https:\/\/www.nsfcanada.ca\/fr\/#website"},"primaryImageOfPage":{"@id":"https:\/\/www.nsfcanada.ca\/fr\/services-techniques\/cannabis-comestible\/#primaryimage"},"image":{"@id":"https:\/\/www.nsfcanada.ca\/fr\/services-techniques\/cannabis-comestible\/#primaryimage"},"thumbnailUrl":"https:\/\/www.nsfcanada.ca\/wp-content\/uploads\/2021\/03\/edible-cannabis-header.jpg","datePublished":"2021-05-03T13:50:16+00:00","dateModified":"2021-06-10T13:56:49+00:00","description":"Gr\u00e2ce \u00e0 la licence de recherche r\u00e9cemment d\u00e9livr\u00e9e par Sant\u00e9 Canada, NSF Canada peut l\u00e9galement mettre au point et \u00e0 l\u2019essai des aliments cannabiques (\u00e0 base de marijuana ou d\u00e9riv\u00e9s de la marijuana) au Canada.","breadcrumb":{"@id":"https:\/\/www.nsfcanada.ca\/fr\/services-techniques\/cannabis-comestible\/#breadcrumb"},"inLanguage":"fr-FR","potentialAction":[{"@type":"ReadAction","target":["https:\/\/www.nsfcanada.ca\/fr\/services-techniques\/cannabis-comestible\/"]}]},{"@type":"ImageObject","inLanguage":"fr-FR","@id":"https:\/\/www.nsfcanada.ca\/fr\/services-techniques\/cannabis-comestible\/#primaryimage","url":"https:\/\/www.nsfcanada.ca\/wp-content\/uploads\/2021\/03\/edible-cannabis-header.jpg","contentUrl":"https:\/\/www.nsfcanada.ca\/wp-content\/uploads\/2021\/03\/edible-cannabis-header.jpg","width":2000,"height":300,"caption":"Green hemp-derived beverage"},{"@type":"BreadcrumbList","@id":"https:\/\/www.nsfcanada.ca\/fr\/services-techniques\/cannabis-comestible\/#breadcrumb","itemListElement":[{"@type":"ListItem","position":1,"name":"Home","item":"https:\/\/www.nsfcanada.ca\/fr\/"},{"@type":"ListItem","position":2,"name":"Services techniques","item":"https:\/\/www.nsfcanada.ca\/fr\/services-techniques\/"},{"@type":"ListItem","position":3,"name":"Cannabis comestible"}]},{"@type":"WebSite","@id":"https:\/\/www.nsfcanada.ca\/fr\/#website","url":"https:\/\/www.nsfcanada.ca\/fr\/","name":"NSF","description":"NSF Services in Canada","publisher":{"@id":"https:\/\/www.nsfcanada.ca\/fr\/#organization"},"potentialAction":[{"@type":"SearchAction","target":{"@type":"EntryPoint","urlTemplate":"https:\/\/www.nsfcanada.ca\/fr\/?s={search_term_string}"},"query-input":{"@type":"PropertyValueSpecification","valueRequired":true,"valueName":"search_term_string"}}],"inLanguage":"fr-FR"},{"@type":"Organization","@id":"https:\/\/www.nsfcanada.ca\/fr\/#organization","name":"NSF International","url":"https:\/\/www.nsfcanada.ca\/fr\/","logo":{"@type":"ImageObject","inLanguage":"fr-FR","@id":"https:\/\/www.nsfcanada.ca\/fr\/#\/schema\/logo\/image\/","url":"http:\/\/canada.nsfinternational.eu\/wp-content\/uploads\/2021\/03\/logo-nsf-international.png","contentUrl":"http:\/\/canada.nsfinternational.eu\/wp-content\/uploads\/2021\/03\/logo-nsf-international.png","width":300,"height":300,"caption":"NSF International"},"image":{"@id":"https:\/\/www.nsfcanada.ca\/fr\/#\/schema\/logo\/image\/"}}]}},"_links":{"self":[{"href":"https:\/\/www.nsfcanada.ca\/fr\/wp-json\/wp\/v2\/pages\/1940","targetHints":{"allow":["GET"]}}],"collection":[{"href":"https:\/\/www.nsfcanada.ca\/fr\/wp-json\/wp\/v2\/pages"}],"about":[{"href":"https:\/\/www.nsfcanada.ca\/fr\/wp-json\/wp\/v2\/types\/page"}],"author":[{"embeddable":true,"href":"https:\/\/www.nsfcanada.ca\/fr\/wp-json\/wp\/v2\/users\/1"}],"replies":[{"embeddable":true,"href":"https:\/\/www.nsfcanada.ca\/fr\/wp-json\/wp\/v2\/comments?post=1940"}],"version-history":[{"count":3,"href":"https:\/\/www.nsfcanada.ca\/fr\/wp-json\/wp\/v2\/pages\/1940\/revisions"}],"predecessor-version":[{"id":2202,"href":"https:\/\/www.nsfcanada.ca\/fr\/wp-json\/wp\/v2\/pages\/1940\/revisions\/2202"}],"up":[{"embeddable":true,"href":"https:\/\/www.nsfcanada.ca\/fr\/wp-json\/wp\/v2\/pages\/1922"}],"wp:featuredmedia":[{"embeddable":true,"href":"https:\/\/www.nsfcanada.ca\/fr\/wp-json\/wp\/v2\/media\/836"}],"wp:attachment":[{"href":"https:\/\/www.nsfcanada.ca\/fr\/wp-json\/wp\/v2\/media?parent=1940"}],"curies":[{"name":"wp","href":"https:\/\/api.w.org\/{rel}","templated":true}]}}