{"id":1986,"date":"2021-05-05T08:27:12","date_gmt":"2021-05-05T12:27:12","guid":{"rendered":"https:\/\/www.nsfcanada.ca\/nous-joindre\/"},"modified":"2021-05-05T08:37:07","modified_gmt":"2021-05-05T12:37:07","slug":"membership","status":"publish","type":"page","link":"https:\/\/www.nsfcanada.ca\/fr\/membership\/","title":{"rendered":"Membership"},"content":{"rendered":"\t\t<div data-elementor-type=\"wp-page\" data-elementor-id=\"1986\" class=\"elementor elementor-1986 elementor-166\">\n\t\t\t\t\t\t<section class=\"elementor-section elementor-top-section elementor-element elementor-element-68cdf84 elementor-section-boxed elementor-section-height-default elementor-section-height-default\" data-id=\"68cdf84\" data-element_type=\"section\" data-settings=\"{&quot;jet_parallax_layout_list&quot;:[{&quot;jet_parallax_layout_image&quot;:{&quot;url&quot;:&quot;&quot;,&quot;id&quot;:&quot;&quot;,&quot;size&quot;:&quot;&quot;},&quot;_id&quot;:&quot;99de85b&quot;,&quot;jet_parallax_layout_image_tablet&quot;:{&quot;url&quot;:&quot;&quot;,&quot;id&quot;:&quot;&quot;,&quot;size&quot;:&quot;&quot;},&quot;jet_parallax_layout_image_mobile&quot;:{&quot;url&quot;:&quot;&quot;,&quot;id&quot;:&quot;&quot;,&quot;size&quot;:&quot;&quot;},&quot;jet_parallax_layout_speed&quot;:{&quot;unit&quot;:&quot;%&quot;,&quot;size&quot;:50,&quot;sizes&quot;:[]},&quot;jet_parallax_layout_type&quot;:&quot;scroll&quot;,&quot;jet_parallax_layout_direction&quot;:null,&quot;jet_parallax_layout_fx_direction&quot;:null,&quot;jet_parallax_layout_z_index&quot;:&quot;&quot;,&quot;jet_parallax_layout_bg_x&quot;:50,&quot;jet_parallax_layout_bg_x_tablet&quot;:&quot;&quot;,&quot;jet_parallax_layout_bg_x_mobile&quot;:&quot;&quot;,&quot;jet_parallax_layout_bg_y&quot;:50,&quot;jet_parallax_layout_bg_y_tablet&quot;:&quot;&quot;,&quot;jet_parallax_layout_bg_y_mobile&quot;:&quot;&quot;,&quot;jet_parallax_layout_bg_size&quot;:&quot;auto&quot;,&quot;jet_parallax_layout_bg_size_tablet&quot;:&quot;&quot;,&quot;jet_parallax_layout_bg_size_mobile&quot;:&quot;&quot;,&quot;jet_parallax_layout_animation_prop&quot;:&quot;transform&quot;,&quot;jet_parallax_layout_on&quot;:[&quot;desktop&quot;,&quot;tablet&quot;]}]}\">\n\t\t\t\t\t\t<div class=\"elementor-container elementor-column-gap-default\">\n\t\t\t\t\t<div class=\"elementor-column elementor-col-100 elementor-top-column elementor-element elementor-element-d4e3ac4\" data-id=\"d4e3ac4\" data-element_type=\"column\">\n\t\t\t<div class=\"elementor-widget-wrap elementor-element-populated\">\n\t\t\t\t\t\t<div class=\"elementor-element elementor-element-9f2a93a elementor-widget elementor-widget-text-editor\" data-id=\"9f2a93a\" data-element_type=\"widget\" data-widget_type=\"text-editor.default\">\n\t\t\t\t<div class=\"elementor-widget-container\">\n\t\t\t\t\t\t\t\t\t<h1>Nous joindre<\/h1>\n<p>Nous avons le plaisir d\u2019annoncer la nouvelle adh\u00e9sion au Service de formation et d\u2019\u00e9ducation de NSF Canada, qui permettra d\u2019am\u00e9liorer votre acc\u00e8s et celle de vos \u00e9quipes \u00e0 la formation et au perfectionnement offerts par NSF.<\/p>\n<p>L\u2019adh\u00e9sion se fait par \u00e9tablissement et comprend les avantages suivants\u00a0:<\/p>\n<ul>\n<li>Remises sur les cours g\u00e9n\u00e9raux canadiens<\/li>\n<li>Une inscription annuelle \u00e0 la formation de rappel en ligne sur les bonnes pratiques de fabrication et sur la conformit\u00e9 au HACCP ou au cours en ligne sur les principes d\u2019audit interne<\/li>\n<li>Deux laissez-passer pour la s\u00e9rie de d\u00e9jeuners-conf\u00e9rences Innovation et les \u00e9v\u00e9nements sp\u00e9ciaux anim\u00e9s par NSF<\/li>\n<li>Services de surveillance des m\u00e9dias sur l\u2019industrie canadienne des aliments et des boissons<\/li>\n<li>Devenez membre du Service de formation et d\u2019\u00e9ducation de NSF d\u00e8s aujourd\u2019hui et joignez-vous aux plus grands noms du domaine de la transformation alimentaire.<\/li>\n<\/ul>\n<p><strong>Adh\u00e9sion grande entreprise :<\/strong>\u00a0475\u00a0$\u00a0CA (+ TVH de 61,75\u00a0$ = 536,75\u00a0$)<\/p>\n<p>Pour effectuer votre inscription en ligne, visitez la page\u00a0<a title=\"Adh\u00e9sion au Service de formation et d\u2019\u00e9ducation de NSF Canada\" href=\"https:\/\/www.nsflearn.com\/ca\/product\/4473\" target=\"_blank\" rel=\"noopener\">Adh\u00e9sion au Service de formation de NSF\u00a0Canada<\/a>\u00a0(en anglais seulement) ou \u00e9crivez \u00e0 notre coordonnateur de l\u2019adh\u00e9sion \u00e0\u00a0<a title=\"Adh\u00e9sion au Service de formation et d\u2019\u00e9ducation de NSF Canada\" href=\"mailto:membership@nsf.org?subject=Adh%C3%A9sion%20au%20Service%20de%20formation%20et%20d%E2%80%99%C3%A9ducation%20de%20NSF%20Canada\">membership@nsf.org<\/a>\u00a0pour obtenir plus d\u2019information.<\/p>\n<div id=\"gtx-trans\" style=\"position: absolute; left: -97px; top: -7px;\">\n<div class=\"gtx-trans-icon\"><\/div>\n<\/div>\n\t\t\t\t\t\t\t\t<\/div>\n\t\t\t\t<\/div>\n\t\t\t\t\t<\/div>\n\t\t<\/div>\n\t\t\t\t\t<\/div>\n\t\t<\/section>\n\t\t\t\t<\/div>\n\t\t","protected":false},"excerpt":{"rendered":"<p>Nous joindre Nous avons le plaisir d\u2019annoncer la nouvelle adh\u00e9sion au Service de formation et d\u2019\u00e9ducation de NSF Canada, qui permettra d\u2019am\u00e9liorer votre acc\u00e8s et celle de vos \u00e9quipes \u00e0 la formation et au perfectionnement offerts par NSF. L\u2019adh\u00e9sion se fait par \u00e9tablissement et comprend les avantages suivants&nbsp;: Remises sur les cours g\u00e9n\u00e9raux canadiens Une [&hellip;]<\/p>\n","protected":false},"author":1,"featured_media":990,"parent":0,"menu_order":25,"comment_status":"closed","ping_status":"open","template":"","meta":{"_acf_changed":false,"footnotes":""},"class_list":["post-1986","page","type-page","status-publish","has-post-thumbnail","hentry"],"acf":[],"yoast_head":"<!-- This site is optimized with the Yoast SEO plugin v26.5 - https:\/\/yoast.com\/wordpress\/plugins\/seo\/ -->\n<title>Membership | NSF<\/title>\n<meta name=\"description\" content=\"Nous avons le plaisir d\u2019annoncer la nouvelle adh\u00e9sion au Service de formation et d\u2019\u00e9ducation de NSF Canada, qui permettra d\u2019am\u00e9liorer votre acc\u00e8s et celle de vos \u00e9quipes \u00e0 la formation et au perfectionnement offerts par NSF.\" \/>\n<meta name=\"robots\" content=\"index, follow, max-snippet:-1, max-image-preview:large, max-video-preview:-1\" \/>\n<link rel=\"canonical\" href=\"https:\/\/www.nsfcanada.ca\/fr\/membership\/\" \/>\n<meta property=\"og:locale\" content=\"fr_FR\" \/>\n<meta property=\"og:type\" content=\"article\" \/>\n<meta property=\"og:title\" content=\"Membership | NSF\" \/>\n<meta property=\"og:description\" content=\"Nous avons le plaisir d\u2019annoncer la nouvelle adh\u00e9sion au Service de formation et d\u2019\u00e9ducation de NSF Canada, qui permettra d\u2019am\u00e9liorer votre acc\u00e8s et celle de vos \u00e9quipes \u00e0 la formation et au perfectionnement offerts par NSF.\" \/>\n<meta property=\"og:url\" content=\"https:\/\/www.nsfcanada.ca\/fr\/membership\/\" \/>\n<meta property=\"og:site_name\" content=\"NSF\" \/>\n<meta property=\"article:modified_time\" content=\"2021-05-05T12:37:07+00:00\" \/>\n<meta property=\"og:image\" content=\"https:\/\/www.nsfcanada.ca\/wp-content\/uploads\/2021\/03\/membership-banner-email.jpg\" \/>\n\t<meta property=\"og:image:width\" content=\"2000\" \/>\n\t<meta property=\"og:image:height\" content=\"300\" \/>\n\t<meta property=\"og:image:type\" content=\"image\/jpeg\" \/>\n<meta name=\"twitter:card\" content=\"summary_large_image\" \/>\n<meta name=\"twitter:label1\" content=\"Dur\u00e9e de lecture estim\u00e9e\" \/>\n\t<meta name=\"twitter:data1\" content=\"1 minute\" \/>\n<script type=\"application\/ld+json\" class=\"yoast-schema-graph\">{\"@context\":\"https:\/\/schema.org\",\"@graph\":[{\"@type\":\"WebPage\",\"@id\":\"https:\/\/www.nsfcanada.ca\/fr\/membership\/\",\"url\":\"https:\/\/www.nsfcanada.ca\/fr\/membership\/\",\"name\":\"Membership | NSF\",\"isPartOf\":{\"@id\":\"https:\/\/www.nsfcanada.ca\/fr\/#website\"},\"primaryImageOfPage\":{\"@id\":\"https:\/\/www.nsfcanada.ca\/fr\/membership\/#primaryimage\"},\"image\":{\"@id\":\"https:\/\/www.nsfcanada.ca\/fr\/membership\/#primaryimage\"},\"thumbnailUrl\":\"https:\/\/www.nsfcanada.ca\/wp-content\/uploads\/2021\/03\/membership-banner-email.jpg\",\"datePublished\":\"2021-05-05T12:27:12+00:00\",\"dateModified\":\"2021-05-05T12:37:07+00:00\",\"description\":\"Nous avons le plaisir d\u2019annoncer la nouvelle adh\u00e9sion au Service de formation et d\u2019\u00e9ducation de NSF Canada, qui permettra d\u2019am\u00e9liorer votre acc\u00e8s et celle de vos \u00e9quipes \u00e0 la formation et au perfectionnement offerts par NSF.\",\"breadcrumb\":{\"@id\":\"https:\/\/www.nsfcanada.ca\/fr\/membership\/#breadcrumb\"},\"inLanguage\":\"fr-FR\",\"potentialAction\":[{\"@type\":\"ReadAction\",\"target\":[\"https:\/\/www.nsfcanada.ca\/fr\/membership\/\"]}]},{\"@type\":\"ImageObject\",\"inLanguage\":\"fr-FR\",\"@id\":\"https:\/\/www.nsfcanada.ca\/fr\/membership\/#primaryimage\",\"url\":\"https:\/\/www.nsfcanada.ca\/wp-content\/uploads\/2021\/03\/membership-banner-email.jpg\",\"contentUrl\":\"https:\/\/www.nsfcanada.ca\/wp-content\/uploads\/2021\/03\/membership-banner-email.jpg\",\"width\":2000,\"height\":300},{\"@type\":\"BreadcrumbList\",\"@id\":\"https:\/\/www.nsfcanada.ca\/fr\/membership\/#breadcrumb\",\"itemListElement\":[{\"@type\":\"ListItem\",\"position\":1,\"name\":\"Home\",\"item\":\"https:\/\/www.nsfcanada.ca\/fr\/\"},{\"@type\":\"ListItem\",\"position\":2,\"name\":\"Membership\"}]},{\"@type\":\"WebSite\",\"@id\":\"https:\/\/www.nsfcanada.ca\/fr\/#website\",\"url\":\"https:\/\/www.nsfcanada.ca\/fr\/\",\"name\":\"NSF\",\"description\":\"NSF Services in Canada\",\"publisher\":{\"@id\":\"https:\/\/www.nsfcanada.ca\/fr\/#organization\"},\"potentialAction\":[{\"@type\":\"SearchAction\",\"target\":{\"@type\":\"EntryPoint\",\"urlTemplate\":\"https:\/\/www.nsfcanada.ca\/fr\/?s={search_term_string}\"},\"query-input\":{\"@type\":\"PropertyValueSpecification\",\"valueRequired\":true,\"valueName\":\"search_term_string\"}}],\"inLanguage\":\"fr-FR\"},{\"@type\":\"Organization\",\"@id\":\"https:\/\/www.nsfcanada.ca\/fr\/#organization\",\"name\":\"NSF International\",\"url\":\"https:\/\/www.nsfcanada.ca\/fr\/\",\"logo\":{\"@type\":\"ImageObject\",\"inLanguage\":\"fr-FR\",\"@id\":\"https:\/\/www.nsfcanada.ca\/fr\/#\/schema\/logo\/image\/\",\"url\":\"http:\/\/canada.nsfinternational.eu\/wp-content\/uploads\/2021\/03\/logo-nsf-international.png\",\"contentUrl\":\"http:\/\/canada.nsfinternational.eu\/wp-content\/uploads\/2021\/03\/logo-nsf-international.png\",\"width\":300,\"height\":300,\"caption\":\"NSF International\"},\"image\":{\"@id\":\"https:\/\/www.nsfcanada.ca\/fr\/#\/schema\/logo\/image\/\"}}]}<\/script>\n<!-- \/ Yoast SEO plugin. -->","yoast_head_json":{"title":"Membership | NSF","description":"Nous avons le plaisir d\u2019annoncer la nouvelle adh\u00e9sion au Service de formation et d\u2019\u00e9ducation de NSF Canada, qui permettra d\u2019am\u00e9liorer votre acc\u00e8s et celle de vos \u00e9quipes \u00e0 la formation et au perfectionnement offerts par NSF.","robots":{"index":"index","follow":"follow","max-snippet":"max-snippet:-1","max-image-preview":"max-image-preview:large","max-video-preview":"max-video-preview:-1"},"canonical":"https:\/\/www.nsfcanada.ca\/fr\/membership\/","og_locale":"fr_FR","og_type":"article","og_title":"Membership | NSF","og_description":"Nous avons le plaisir d\u2019annoncer la nouvelle adh\u00e9sion au Service de formation et d\u2019\u00e9ducation de NSF Canada, qui permettra d\u2019am\u00e9liorer votre acc\u00e8s et celle de vos \u00e9quipes \u00e0 la formation et au perfectionnement offerts par NSF.","og_url":"https:\/\/www.nsfcanada.ca\/fr\/membership\/","og_site_name":"NSF","article_modified_time":"2021-05-05T12:37:07+00:00","og_image":[{"width":2000,"height":300,"url":"https:\/\/www.nsfcanada.ca\/wp-content\/uploads\/2021\/03\/membership-banner-email.jpg","type":"image\/jpeg"}],"twitter_card":"summary_large_image","twitter_misc":{"Dur\u00e9e de lecture estim\u00e9e":"1 minute"},"schema":{"@context":"https:\/\/schema.org","@graph":[{"@type":"WebPage","@id":"https:\/\/www.nsfcanada.ca\/fr\/membership\/","url":"https:\/\/www.nsfcanada.ca\/fr\/membership\/","name":"Membership | NSF","isPartOf":{"@id":"https:\/\/www.nsfcanada.ca\/fr\/#website"},"primaryImageOfPage":{"@id":"https:\/\/www.nsfcanada.ca\/fr\/membership\/#primaryimage"},"image":{"@id":"https:\/\/www.nsfcanada.ca\/fr\/membership\/#primaryimage"},"thumbnailUrl":"https:\/\/www.nsfcanada.ca\/wp-content\/uploads\/2021\/03\/membership-banner-email.jpg","datePublished":"2021-05-05T12:27:12+00:00","dateModified":"2021-05-05T12:37:07+00:00","description":"Nous avons le plaisir d\u2019annoncer la nouvelle adh\u00e9sion au Service de formation et d\u2019\u00e9ducation de NSF Canada, qui permettra d\u2019am\u00e9liorer votre acc\u00e8s et celle de vos \u00e9quipes \u00e0 la formation et au perfectionnement offerts par NSF.","breadcrumb":{"@id":"https:\/\/www.nsfcanada.ca\/fr\/membership\/#breadcrumb"},"inLanguage":"fr-FR","potentialAction":[{"@type":"ReadAction","target":["https:\/\/www.nsfcanada.ca\/fr\/membership\/"]}]},{"@type":"ImageObject","inLanguage":"fr-FR","@id":"https:\/\/www.nsfcanada.ca\/fr\/membership\/#primaryimage","url":"https:\/\/www.nsfcanada.ca\/wp-content\/uploads\/2021\/03\/membership-banner-email.jpg","contentUrl":"https:\/\/www.nsfcanada.ca\/wp-content\/uploads\/2021\/03\/membership-banner-email.jpg","width":2000,"height":300},{"@type":"BreadcrumbList","@id":"https:\/\/www.nsfcanada.ca\/fr\/membership\/#breadcrumb","itemListElement":[{"@type":"ListItem","position":1,"name":"Home","item":"https:\/\/www.nsfcanada.ca\/fr\/"},{"@type":"ListItem","position":2,"name":"Membership"}]},{"@type":"WebSite","@id":"https:\/\/www.nsfcanada.ca\/fr\/#website","url":"https:\/\/www.nsfcanada.ca\/fr\/","name":"NSF","description":"NSF Services in Canada","publisher":{"@id":"https:\/\/www.nsfcanada.ca\/fr\/#organization"},"potentialAction":[{"@type":"SearchAction","target":{"@type":"EntryPoint","urlTemplate":"https:\/\/www.nsfcanada.ca\/fr\/?s={search_term_string}"},"query-input":{"@type":"PropertyValueSpecification","valueRequired":true,"valueName":"search_term_string"}}],"inLanguage":"fr-FR"},{"@type":"Organization","@id":"https:\/\/www.nsfcanada.ca\/fr\/#organization","name":"NSF International","url":"https:\/\/www.nsfcanada.ca\/fr\/","logo":{"@type":"ImageObject","inLanguage":"fr-FR","@id":"https:\/\/www.nsfcanada.ca\/fr\/#\/schema\/logo\/image\/","url":"http:\/\/canada.nsfinternational.eu\/wp-content\/uploads\/2021\/03\/logo-nsf-international.png","contentUrl":"http:\/\/canada.nsfinternational.eu\/wp-content\/uploads\/2021\/03\/logo-nsf-international.png","width":300,"height":300,"caption":"NSF International"},"image":{"@id":"https:\/\/www.nsfcanada.ca\/fr\/#\/schema\/logo\/image\/"}}]}},"_links":{"self":[{"href":"https:\/\/www.nsfcanada.ca\/fr\/wp-json\/wp\/v2\/pages\/1986","targetHints":{"allow":["GET"]}}],"collection":[{"href":"https:\/\/www.nsfcanada.ca\/fr\/wp-json\/wp\/v2\/pages"}],"about":[{"href":"https:\/\/www.nsfcanada.ca\/fr\/wp-json\/wp\/v2\/types\/page"}],"author":[{"embeddable":true,"href":"https:\/\/www.nsfcanada.ca\/fr\/wp-json\/wp\/v2\/users\/1"}],"replies":[{"embeddable":true,"href":"https:\/\/www.nsfcanada.ca\/fr\/wp-json\/wp\/v2\/comments?post=1986"}],"version-history":[{"count":4,"href":"https:\/\/www.nsfcanada.ca\/fr\/wp-json\/wp\/v2\/pages\/1986\/revisions"}],"predecessor-version":[{"id":1997,"href":"https:\/\/www.nsfcanada.ca\/fr\/wp-json\/wp\/v2\/pages\/1986\/revisions\/1997"}],"wp:featuredmedia":[{"embeddable":true,"href":"https:\/\/www.nsfcanada.ca\/fr\/wp-json\/wp\/v2\/media\/990"}],"wp:attachment":[{"href":"https:\/\/www.nsfcanada.ca\/fr\/wp-json\/wp\/v2\/media?parent=1986"}],"curies":[{"name":"wp","href":"https:\/\/api.w.org\/{rel}","templated":true}]}}