{"id":2000,"date":"2021-05-05T09:18:08","date_gmt":"2021-05-05T13:18:08","guid":{"rendered":"https:\/\/www.nsfcanada.ca\/actualites-et-evenements\/"},"modified":"2021-07-07T07:39:10","modified_gmt":"2021-07-07T11:39:10","slug":"actualites-et-evenements","status":"publish","type":"page","link":"https:\/\/www.nsfcanada.ca\/fr\/actualites-et-evenements\/","title":{"rendered":"Actualit\u00e9s et \u00e9v\u00e9nements"},"content":{"rendered":"\t\t<div data-elementor-type=\"wp-page\" data-elementor-id=\"2000\" class=\"elementor elementor-2000 elementor-603\">\n\t\t\t\t\t\t<section class=\"elementor-section elementor-top-section elementor-element elementor-element-fccf174 elementor-section-boxed elementor-section-height-default elementor-section-height-default\" data-id=\"fccf174\" data-element_type=\"section\" data-settings=\"{&quot;jet_parallax_layout_list&quot;:[{&quot;jet_parallax_layout_image&quot;:{&quot;url&quot;:&quot;&quot;,&quot;id&quot;:&quot;&quot;,&quot;size&quot;:&quot;&quot;},&quot;_id&quot;:&quot;888fae0&quot;,&quot;jet_parallax_layout_image_tablet&quot;:{&quot;url&quot;:&quot;&quot;,&quot;id&quot;:&quot;&quot;,&quot;size&quot;:&quot;&quot;},&quot;jet_parallax_layout_image_mobile&quot;:{&quot;url&quot;:&quot;&quot;,&quot;id&quot;:&quot;&quot;,&quot;size&quot;:&quot;&quot;},&quot;jet_parallax_layout_speed&quot;:{&quot;unit&quot;:&quot;%&quot;,&quot;size&quot;:50,&quot;sizes&quot;:[]},&quot;jet_parallax_layout_type&quot;:&quot;scroll&quot;,&quot;jet_parallax_layout_direction&quot;:null,&quot;jet_parallax_layout_fx_direction&quot;:null,&quot;jet_parallax_layout_z_index&quot;:&quot;&quot;,&quot;jet_parallax_layout_bg_x&quot;:50,&quot;jet_parallax_layout_bg_x_tablet&quot;:&quot;&quot;,&quot;jet_parallax_layout_bg_x_mobile&quot;:&quot;&quot;,&quot;jet_parallax_layout_bg_y&quot;:50,&quot;jet_parallax_layout_bg_y_tablet&quot;:&quot;&quot;,&quot;jet_parallax_layout_bg_y_mobile&quot;:&quot;&quot;,&quot;jet_parallax_layout_bg_size&quot;:&quot;auto&quot;,&quot;jet_parallax_layout_bg_size_tablet&quot;:&quot;&quot;,&quot;jet_parallax_layout_bg_size_mobile&quot;:&quot;&quot;,&quot;jet_parallax_layout_animation_prop&quot;:&quot;transform&quot;,&quot;jet_parallax_layout_on&quot;:[&quot;desktop&quot;,&quot;tablet&quot;]}]}\">\n\t\t\t\t\t\t<div class=\"elementor-container elementor-column-gap-default\">\n\t\t\t\t\t<div class=\"elementor-column elementor-col-100 elementor-top-column elementor-element elementor-element-1dbed73\" data-id=\"1dbed73\" data-element_type=\"column\">\n\t\t\t<div class=\"elementor-widget-wrap elementor-element-populated\">\n\t\t\t\t\t\t<div class=\"elementor-element elementor-element-39de6db elementor-widget elementor-widget-text-editor\" data-id=\"39de6db\" data-element_type=\"widget\" data-widget_type=\"text-editor.default\">\n\t\t\t\t<div class=\"elementor-widget-container\">\n\t\t\t\t\t\t\t\t\t<h2>Actualit\u00e9s et \u00e9v\u00e9nements<\/h2>\n\t\t\t\t\t\t\t\t<\/div>\n\t\t\t\t<\/div>\n\t\t\t\t\t<\/div>\n\t\t<\/div>\n\t\t\t\t\t<\/div>\n\t\t<\/section>\n\t\t\t\t<section class=\"elementor-section elementor-top-section elementor-element elementor-element-2c07109 elementor-section-boxed elementor-section-height-default elementor-section-height-default\" data-id=\"2c07109\" data-element_type=\"section\" data-settings=\"{&quot;jet_parallax_layout_list&quot;:[{&quot;jet_parallax_layout_image&quot;:{&quot;url&quot;:&quot;&quot;,&quot;id&quot;:&quot;&quot;,&quot;size&quot;:&quot;&quot;},&quot;_id&quot;:&quot;b6800df&quot;,&quot;jet_parallax_layout_image_tablet&quot;:{&quot;url&quot;:&quot;&quot;,&quot;id&quot;:&quot;&quot;,&quot;size&quot;:&quot;&quot;},&quot;jet_parallax_layout_image_mobile&quot;:{&quot;url&quot;:&quot;&quot;,&quot;id&quot;:&quot;&quot;,&quot;size&quot;:&quot;&quot;},&quot;jet_parallax_layout_speed&quot;:{&quot;unit&quot;:&quot;%&quot;,&quot;size&quot;:50,&quot;sizes&quot;:[]},&quot;jet_parallax_layout_type&quot;:&quot;scroll&quot;,&quot;jet_parallax_layout_direction&quot;:null,&quot;jet_parallax_layout_fx_direction&quot;:null,&quot;jet_parallax_layout_z_index&quot;:&quot;&quot;,&quot;jet_parallax_layout_bg_x&quot;:50,&quot;jet_parallax_layout_bg_x_tablet&quot;:&quot;&quot;,&quot;jet_parallax_layout_bg_x_mobile&quot;:&quot;&quot;,&quot;jet_parallax_layout_bg_y&quot;:50,&quot;jet_parallax_layout_bg_y_tablet&quot;:&quot;&quot;,&quot;jet_parallax_layout_bg_y_mobile&quot;:&quot;&quot;,&quot;jet_parallax_layout_bg_size&quot;:&quot;auto&quot;,&quot;jet_parallax_layout_bg_size_tablet&quot;:&quot;&quot;,&quot;jet_parallax_layout_bg_size_mobile&quot;:&quot;&quot;,&quot;jet_parallax_layout_animation_prop&quot;:&quot;transform&quot;,&quot;jet_parallax_layout_on&quot;:[&quot;desktop&quot;,&quot;tablet&quot;]}]}\">\n\t\t\t\t\t\t<div class=\"elementor-container elementor-column-gap-no\">\n\t\t\t\t\t<div class=\"raven-column-link elementor-column elementor-col-50 elementor-top-column elementor-element elementor-element-b4c2e8e\" data-raven-link=\"\/fr\/news-and-events\/category\/actualites\/\" data-raven-link-target=\"_self\" data-id=\"b4c2e8e\" data-element_type=\"column\" data-settings=\"{&quot;background_background&quot;:&quot;classic&quot;}\">\n\t\t\t<div class=\"elementor-widget-wrap elementor-element-populated\">\n\t\t\t\t\t\t<div class=\"elementor-element elementor-element-772989d elementor-widget elementor-widget-image\" data-id=\"772989d\" data-element_type=\"widget\" data-widget_type=\"image.default\">\n\t\t\t\t<div class=\"elementor-widget-container\">\n\t\t\t\t\t\t\t\t\t\t\t\t\t\t\t<img fetchpriority=\"high\" decoding=\"async\" width=\"560\" height=\"210\" src=\"https:\/\/www.nsfcanada.ca\/wp-content\/uploads\/2021\/04\/News_0.jpg\" class=\"attachment-full size-full wp-image-1474\" alt=\"\" srcset=\"https:\/\/www.nsfcanada.ca\/wp-content\/uploads\/2021\/04\/News_0.jpg 560w, https:\/\/www.nsfcanada.ca\/wp-content\/uploads\/2021\/04\/News_0-300x113.jpg 300w\" sizes=\"(max-width: 560px) 100vw, 560px\" \/>\t\t\t\t\t\t\t\t\t\t\t\t\t\t\t<\/div>\n\t\t\t\t<\/div>\n\t\t\t\t<div class=\"elementor-element elementor-element-2d7dd5d elementor-widget elementor-widget-heading\" data-id=\"2d7dd5d\" data-element_type=\"widget\" data-widget_type=\"heading.default\">\n\t\t\t\t<div class=\"elementor-widget-container\">\n\t\t\t\t\t<h2 class=\"elementor-heading-title elementor-size-default\">Actualit\u00e9s<\/h2>\t\t\t\t<\/div>\n\t\t\t\t<\/div>\n\t\t\t\t<div class=\"elementor-element elementor-element-94b1ab9 elementor-widget elementor-widget-text-editor\" data-id=\"94b1ab9\" data-element_type=\"widget\" data-widget_type=\"text-editor.default\">\n\t\t\t\t<div class=\"elementor-widget-container\">\n\t\t\t\t\t\t\t\t\t<p>Nous publions des communiqu\u00e9s de presse en lien avec l\u2019alimentation. Lisez\u00a0les\u00a0derniers\u00a0communiqu\u00e9s\u00a0de\u00a0NSF.<\/p>\t\t\t\t\t\t\t\t<\/div>\n\t\t\t\t<\/div>\n\t\t\t\t\t<\/div>\n\t\t<\/div>\n\t\t\t\t<div class=\"raven-column-link elementor-column elementor-col-50 elementor-top-column elementor-element elementor-element-e4dcb8b\" data-raven-link=\"\/fr\/news-and-events\/category\/articles-fr\/\" data-raven-link-target=\"_self\" data-id=\"e4dcb8b\" data-element_type=\"column\" data-settings=\"{&quot;background_background&quot;:&quot;classic&quot;}\">\n\t\t\t<div class=\"elementor-widget-wrap elementor-element-populated\">\n\t\t\t\t\t\t<div class=\"elementor-element elementor-element-253db6a elementor-widget elementor-widget-image\" data-id=\"253db6a\" data-element_type=\"widget\" data-widget_type=\"image.default\">\n\t\t\t\t<div class=\"elementor-widget-container\">\n\t\t\t\t\t\t\t\t\t\t\t\t\t\t\t<img decoding=\"async\" width=\"560\" height=\"210\" src=\"https:\/\/www.nsfcanada.ca\/wp-content\/uploads\/2021\/04\/tradeshows_0.jpg\" class=\"attachment-full size-full wp-image-1476\" alt=\"\" srcset=\"https:\/\/www.nsfcanada.ca\/wp-content\/uploads\/2021\/04\/tradeshows_0.jpg 560w, https:\/\/www.nsfcanada.ca\/wp-content\/uploads\/2021\/04\/tradeshows_0-300x113.jpg 300w\" sizes=\"(max-width: 560px) 100vw, 560px\" \/>\t\t\t\t\t\t\t\t\t\t\t\t\t\t\t<\/div>\n\t\t\t\t<\/div>\n\t\t\t\t<div class=\"elementor-element elementor-element-2d7c25d elementor-widget elementor-widget-heading\" data-id=\"2d7c25d\" data-element_type=\"widget\" data-widget_type=\"heading.default\">\n\t\t\t\t<div class=\"elementor-widget-container\">\n\t\t\t\t\t<h2 class=\"elementor-heading-title elementor-size-default\">Articles<\/h2>\t\t\t\t<\/div>\n\t\t\t\t<\/div>\n\t\t\t\t<div class=\"elementor-element elementor-element-25da9de elementor-widget elementor-widget-text-editor\" data-id=\"25da9de\" data-element_type=\"widget\" data-widget_type=\"text-editor.default\">\n\t\t\t\t<div class=\"elementor-widget-container\">\n\t\t\t\t\t\t\t\t\t<p>NSF est votre premi\u00e8re source d\u2019information sur la s\u00e9curit\u00e9 alimentaire. Lisez d\u00e8s maintenant nos derniers rapports et nos\u00a0plus r\u00e9centes publications<\/p>\t\t\t\t\t\t\t\t<\/div>\n\t\t\t\t<\/div>\n\t\t\t\t\t<\/div>\n\t\t<\/div>\n\t\t\t\t\t<\/div>\n\t\t<\/section>\n\t\t\t\t<\/div>\n\t\t","protected":false},"excerpt":{"rendered":"<p>Actualit\u00e9s et \u00e9v\u00e9nements Actualit\u00e9s Nous publions des communiqu\u00e9s de presse en lien avec l\u2019alimentation. Lisez\u00a0les\u00a0derniers\u00a0communiqu\u00e9s\u00a0de\u00a0NSF. Articles NSF est votre premi\u00e8re source d\u2019information sur la s\u00e9curit\u00e9 alimentaire. Lisez d\u00e8s maintenant nos derniers rapports et nos\u00a0plus r\u00e9centes publications<\/p>\n","protected":false},"author":1,"featured_media":1481,"parent":0,"menu_order":27,"comment_status":"closed","ping_status":"open","template":"","meta":{"_acf_changed":false,"footnotes":""},"class_list":["post-2000","page","type-page","status-publish","has-post-thumbnail","hentry"],"acf":[],"yoast_head":"<!-- This site is optimized with the Yoast SEO plugin v26.5 - https:\/\/yoast.com\/wordpress\/plugins\/seo\/ -->\n<title>Actualit\u00e9s et \u00e9v\u00e9nements | NSF<\/title>\n<meta name=\"description\" content=\"Actualit\u00e9s et \u00e9v\u00e9nements NSF Canada.\" \/>\n<meta name=\"robots\" content=\"index, follow, max-snippet:-1, max-image-preview:large, max-video-preview:-1\" \/>\n<link rel=\"canonical\" href=\"https:\/\/www.nsfcanada.ca\/fr\/actualites-et-evenements\/\" \/>\n<meta property=\"og:locale\" content=\"fr_FR\" \/>\n<meta property=\"og:type\" content=\"article\" \/>\n<meta property=\"og:title\" content=\"Actualit\u00e9s et \u00e9v\u00e9nements | NSF\" \/>\n<meta property=\"og:description\" content=\"Actualit\u00e9s et \u00e9v\u00e9nements NSF Canada.\" \/>\n<meta property=\"og:url\" content=\"https:\/\/www.nsfcanada.ca\/fr\/actualites-et-evenements\/\" \/>\n<meta property=\"og:site_name\" content=\"NSF\" \/>\n<meta property=\"article:modified_time\" content=\"2021-07-07T11:39:10+00:00\" \/>\n<meta property=\"og:image\" content=\"https:\/\/www.nsfcanada.ca\/wp-content\/uploads\/2021\/04\/30755910_l-scaled.jpg\" \/>\n\t<meta property=\"og:image:width\" content=\"2560\" \/>\n\t<meta property=\"og:image:height\" content=\"1707\" \/>\n\t<meta property=\"og:image:type\" content=\"image\/jpeg\" \/>\n<meta name=\"twitter:card\" content=\"summary_large_image\" \/>\n<meta name=\"twitter:label1\" content=\"Dur\u00e9e de lecture estim\u00e9e\" \/>\n\t<meta name=\"twitter:data1\" content=\"1 minute\" \/>\n<script type=\"application\/ld+json\" class=\"yoast-schema-graph\">{\"@context\":\"https:\/\/schema.org\",\"@graph\":[{\"@type\":\"WebPage\",\"@id\":\"https:\/\/www.nsfcanada.ca\/fr\/actualites-et-evenements\/\",\"url\":\"https:\/\/www.nsfcanada.ca\/fr\/actualites-et-evenements\/\",\"name\":\"Actualit\u00e9s et \u00e9v\u00e9nements | NSF\",\"isPartOf\":{\"@id\":\"https:\/\/www.nsfcanada.ca\/fr\/#website\"},\"primaryImageOfPage\":{\"@id\":\"https:\/\/www.nsfcanada.ca\/fr\/actualites-et-evenements\/#primaryimage\"},\"image\":{\"@id\":\"https:\/\/www.nsfcanada.ca\/fr\/actualites-et-evenements\/#primaryimage\"},\"thumbnailUrl\":\"https:\/\/www.nsfcanada.ca\/wp-content\/uploads\/2021\/04\/30755910_l-scaled.jpg\",\"datePublished\":\"2021-05-05T13:18:08+00:00\",\"dateModified\":\"2021-07-07T11:39:10+00:00\",\"description\":\"Actualit\u00e9s et \u00e9v\u00e9nements NSF Canada.\",\"breadcrumb\":{\"@id\":\"https:\/\/www.nsfcanada.ca\/fr\/actualites-et-evenements\/#breadcrumb\"},\"inLanguage\":\"fr-FR\",\"potentialAction\":[{\"@type\":\"ReadAction\",\"target\":[\"https:\/\/www.nsfcanada.ca\/fr\/actualites-et-evenements\/\"]}]},{\"@type\":\"ImageObject\",\"inLanguage\":\"fr-FR\",\"@id\":\"https:\/\/www.nsfcanada.ca\/fr\/actualites-et-evenements\/#primaryimage\",\"url\":\"https:\/\/www.nsfcanada.ca\/wp-content\/uploads\/2021\/04\/30755910_l-scaled.jpg\",\"contentUrl\":\"https:\/\/www.nsfcanada.ca\/wp-content\/uploads\/2021\/04\/30755910_l-scaled.jpg\",\"width\":2560,\"height\":1707,\"caption\":\"Trade union advisory committee meeting . Audience at the conference hall.\"},{\"@type\":\"BreadcrumbList\",\"@id\":\"https:\/\/www.nsfcanada.ca\/fr\/actualites-et-evenements\/#breadcrumb\",\"itemListElement\":[{\"@type\":\"ListItem\",\"position\":1,\"name\":\"Home\",\"item\":\"https:\/\/www.nsfcanada.ca\/fr\/\"},{\"@type\":\"ListItem\",\"position\":2,\"name\":\"Actualit\u00e9s et \u00e9v\u00e9nements\"}]},{\"@type\":\"WebSite\",\"@id\":\"https:\/\/www.nsfcanada.ca\/fr\/#website\",\"url\":\"https:\/\/www.nsfcanada.ca\/fr\/\",\"name\":\"NSF\",\"description\":\"NSF Services in Canada\",\"publisher\":{\"@id\":\"https:\/\/www.nsfcanada.ca\/fr\/#organization\"},\"potentialAction\":[{\"@type\":\"SearchAction\",\"target\":{\"@type\":\"EntryPoint\",\"urlTemplate\":\"https:\/\/www.nsfcanada.ca\/fr\/?s={search_term_string}\"},\"query-input\":{\"@type\":\"PropertyValueSpecification\",\"valueRequired\":true,\"valueName\":\"search_term_string\"}}],\"inLanguage\":\"fr-FR\"},{\"@type\":\"Organization\",\"@id\":\"https:\/\/www.nsfcanada.ca\/fr\/#organization\",\"name\":\"NSF International\",\"url\":\"https:\/\/www.nsfcanada.ca\/fr\/\",\"logo\":{\"@type\":\"ImageObject\",\"inLanguage\":\"fr-FR\",\"@id\":\"https:\/\/www.nsfcanada.ca\/fr\/#\/schema\/logo\/image\/\",\"url\":\"http:\/\/canada.nsfinternational.eu\/wp-content\/uploads\/2021\/03\/logo-nsf-international.png\",\"contentUrl\":\"http:\/\/canada.nsfinternational.eu\/wp-content\/uploads\/2021\/03\/logo-nsf-international.png\",\"width\":300,\"height\":300,\"caption\":\"NSF International\"},\"image\":{\"@id\":\"https:\/\/www.nsfcanada.ca\/fr\/#\/schema\/logo\/image\/\"}}]}<\/script>\n<!-- \/ Yoast SEO plugin. -->","yoast_head_json":{"title":"Actualit\u00e9s et \u00e9v\u00e9nements | NSF","description":"Actualit\u00e9s et \u00e9v\u00e9nements NSF Canada.","robots":{"index":"index","follow":"follow","max-snippet":"max-snippet:-1","max-image-preview":"max-image-preview:large","max-video-preview":"max-video-preview:-1"},"canonical":"https:\/\/www.nsfcanada.ca\/fr\/actualites-et-evenements\/","og_locale":"fr_FR","og_type":"article","og_title":"Actualit\u00e9s et \u00e9v\u00e9nements | NSF","og_description":"Actualit\u00e9s et \u00e9v\u00e9nements NSF Canada.","og_url":"https:\/\/www.nsfcanada.ca\/fr\/actualites-et-evenements\/","og_site_name":"NSF","article_modified_time":"2021-07-07T11:39:10+00:00","og_image":[{"width":2560,"height":1707,"url":"https:\/\/www.nsfcanada.ca\/wp-content\/uploads\/2021\/04\/30755910_l-scaled.jpg","type":"image\/jpeg"}],"twitter_card":"summary_large_image","twitter_misc":{"Dur\u00e9e de lecture estim\u00e9e":"1 minute"},"schema":{"@context":"https:\/\/schema.org","@graph":[{"@type":"WebPage","@id":"https:\/\/www.nsfcanada.ca\/fr\/actualites-et-evenements\/","url":"https:\/\/www.nsfcanada.ca\/fr\/actualites-et-evenements\/","name":"Actualit\u00e9s et \u00e9v\u00e9nements | NSF","isPartOf":{"@id":"https:\/\/www.nsfcanada.ca\/fr\/#website"},"primaryImageOfPage":{"@id":"https:\/\/www.nsfcanada.ca\/fr\/actualites-et-evenements\/#primaryimage"},"image":{"@id":"https:\/\/www.nsfcanada.ca\/fr\/actualites-et-evenements\/#primaryimage"},"thumbnailUrl":"https:\/\/www.nsfcanada.ca\/wp-content\/uploads\/2021\/04\/30755910_l-scaled.jpg","datePublished":"2021-05-05T13:18:08+00:00","dateModified":"2021-07-07T11:39:10+00:00","description":"Actualit\u00e9s et \u00e9v\u00e9nements NSF Canada.","breadcrumb":{"@id":"https:\/\/www.nsfcanada.ca\/fr\/actualites-et-evenements\/#breadcrumb"},"inLanguage":"fr-FR","potentialAction":[{"@type":"ReadAction","target":["https:\/\/www.nsfcanada.ca\/fr\/actualites-et-evenements\/"]}]},{"@type":"ImageObject","inLanguage":"fr-FR","@id":"https:\/\/www.nsfcanada.ca\/fr\/actualites-et-evenements\/#primaryimage","url":"https:\/\/www.nsfcanada.ca\/wp-content\/uploads\/2021\/04\/30755910_l-scaled.jpg","contentUrl":"https:\/\/www.nsfcanada.ca\/wp-content\/uploads\/2021\/04\/30755910_l-scaled.jpg","width":2560,"height":1707,"caption":"Trade union advisory committee meeting . Audience at the conference hall."},{"@type":"BreadcrumbList","@id":"https:\/\/www.nsfcanada.ca\/fr\/actualites-et-evenements\/#breadcrumb","itemListElement":[{"@type":"ListItem","position":1,"name":"Home","item":"https:\/\/www.nsfcanada.ca\/fr\/"},{"@type":"ListItem","position":2,"name":"Actualit\u00e9s et \u00e9v\u00e9nements"}]},{"@type":"WebSite","@id":"https:\/\/www.nsfcanada.ca\/fr\/#website","url":"https:\/\/www.nsfcanada.ca\/fr\/","name":"NSF","description":"NSF Services in Canada","publisher":{"@id":"https:\/\/www.nsfcanada.ca\/fr\/#organization"},"potentialAction":[{"@type":"SearchAction","target":{"@type":"EntryPoint","urlTemplate":"https:\/\/www.nsfcanada.ca\/fr\/?s={search_term_string}"},"query-input":{"@type":"PropertyValueSpecification","valueRequired":true,"valueName":"search_term_string"}}],"inLanguage":"fr-FR"},{"@type":"Organization","@id":"https:\/\/www.nsfcanada.ca\/fr\/#organization","name":"NSF International","url":"https:\/\/www.nsfcanada.ca\/fr\/","logo":{"@type":"ImageObject","inLanguage":"fr-FR","@id":"https:\/\/www.nsfcanada.ca\/fr\/#\/schema\/logo\/image\/","url":"http:\/\/canada.nsfinternational.eu\/wp-content\/uploads\/2021\/03\/logo-nsf-international.png","contentUrl":"http:\/\/canada.nsfinternational.eu\/wp-content\/uploads\/2021\/03\/logo-nsf-international.png","width":300,"height":300,"caption":"NSF International"},"image":{"@id":"https:\/\/www.nsfcanada.ca\/fr\/#\/schema\/logo\/image\/"}}]}},"_links":{"self":[{"href":"https:\/\/www.nsfcanada.ca\/fr\/wp-json\/wp\/v2\/pages\/2000","targetHints":{"allow":["GET"]}}],"collection":[{"href":"https:\/\/www.nsfcanada.ca\/fr\/wp-json\/wp\/v2\/pages"}],"about":[{"href":"https:\/\/www.nsfcanada.ca\/fr\/wp-json\/wp\/v2\/types\/page"}],"author":[{"embeddable":true,"href":"https:\/\/www.nsfcanada.ca\/fr\/wp-json\/wp\/v2\/users\/1"}],"replies":[{"embeddable":true,"href":"https:\/\/www.nsfcanada.ca\/fr\/wp-json\/wp\/v2\/comments?post=2000"}],"version-history":[{"count":10,"href":"https:\/\/www.nsfcanada.ca\/fr\/wp-json\/wp\/v2\/pages\/2000\/revisions"}],"predecessor-version":[{"id":2228,"href":"https:\/\/www.nsfcanada.ca\/fr\/wp-json\/wp\/v2\/pages\/2000\/revisions\/2228"}],"wp:featuredmedia":[{"embeddable":true,"href":"https:\/\/www.nsfcanada.ca\/fr\/wp-json\/wp\/v2\/media\/1481"}],"wp:attachment":[{"href":"https:\/\/www.nsfcanada.ca\/fr\/wp-json\/wp\/v2\/media?parent=2000"}],"curies":[{"name":"wp","href":"https:\/\/api.w.org\/{rel}","templated":true}]}}