{"id":2041,"date":"2021-05-12T07:54:18","date_gmt":"2021-05-12T11:54:18","guid":{"rendered":"https:\/\/www.nsfcanada.ca\/notre-organisation\/plan-daccessibilite-en-vertu-lapho\/"},"modified":"2022-05-03T13:32:38","modified_gmt":"2022-05-03T17:32:38","slug":"plan-daccessibilite-en-vertu-lapho","status":"publish","type":"page","link":"https:\/\/www.nsfcanada.ca\/fr\/notre-organisation\/plan-daccessibilite-en-vertu-lapho\/","title":{"rendered":"Plan d\u2019accessibilit\u00e9 en vertu LAPHO"},"content":{"rendered":"\t\t<div data-elementor-type=\"wp-page\" data-elementor-id=\"2041\" class=\"elementor elementor-2041 elementor-607\">\n\t\t\t\t\t\t<section class=\"elementor-section elementor-top-section elementor-element elementor-element-e2f4c70 elementor-section-boxed elementor-section-height-default elementor-section-height-default\" data-id=\"e2f4c70\" data-element_type=\"section\" data-settings=\"{&quot;jet_parallax_layout_list&quot;:[{&quot;jet_parallax_layout_image&quot;:{&quot;url&quot;:&quot;&quot;,&quot;id&quot;:&quot;&quot;,&quot;size&quot;:&quot;&quot;},&quot;_id&quot;:&quot;13a94de&quot;,&quot;jet_parallax_layout_image_tablet&quot;:{&quot;url&quot;:&quot;&quot;,&quot;id&quot;:&quot;&quot;,&quot;size&quot;:&quot;&quot;},&quot;jet_parallax_layout_image_mobile&quot;:{&quot;url&quot;:&quot;&quot;,&quot;id&quot;:&quot;&quot;,&quot;size&quot;:&quot;&quot;},&quot;jet_parallax_layout_speed&quot;:{&quot;unit&quot;:&quot;%&quot;,&quot;size&quot;:50,&quot;sizes&quot;:[]},&quot;jet_parallax_layout_type&quot;:&quot;scroll&quot;,&quot;jet_parallax_layout_direction&quot;:null,&quot;jet_parallax_layout_fx_direction&quot;:null,&quot;jet_parallax_layout_z_index&quot;:&quot;&quot;,&quot;jet_parallax_layout_bg_x&quot;:50,&quot;jet_parallax_layout_bg_x_tablet&quot;:&quot;&quot;,&quot;jet_parallax_layout_bg_x_mobile&quot;:&quot;&quot;,&quot;jet_parallax_layout_bg_y&quot;:50,&quot;jet_parallax_layout_bg_y_tablet&quot;:&quot;&quot;,&quot;jet_parallax_layout_bg_y_mobile&quot;:&quot;&quot;,&quot;jet_parallax_layout_bg_size&quot;:&quot;auto&quot;,&quot;jet_parallax_layout_bg_size_tablet&quot;:&quot;&quot;,&quot;jet_parallax_layout_bg_size_mobile&quot;:&quot;&quot;,&quot;jet_parallax_layout_animation_prop&quot;:&quot;transform&quot;,&quot;jet_parallax_layout_on&quot;:[&quot;desktop&quot;,&quot;tablet&quot;]}]}\">\n\t\t\t\t\t\t<div class=\"elementor-container elementor-column-gap-default\">\n\t\t\t\t\t<div class=\"elementor-column elementor-col-100 elementor-top-column elementor-element elementor-element-c4562a6\" data-id=\"c4562a6\" data-element_type=\"column\">\n\t\t\t<div class=\"elementor-widget-wrap elementor-element-populated\">\n\t\t\t\t\t\t<div class=\"elementor-element elementor-element-d91da01 elementor-widget elementor-widget-text-editor\" data-id=\"d91da01\" data-element_type=\"widget\" data-widget_type=\"text-editor.default\">\n\t\t\t\t<div class=\"elementor-widget-container\">\n\t\t\t\t\t\t\t\t\t<div>\n<h1>Plan d\u2019accessibilit\u00e9 en vertu LAPHO<\/h1>\n<p>NSF Canada et NSF International Strategic Registrations (ISR) Canada Company sont d\u00e9termin\u00e9es \u00e0 assurer la diversit\u00e9 et l\u2019inclusion sociale et \u00e0 s\u2019acquitter de leurs obligations en vertu de la Loi de 2005 sur l\u2019accessibilit\u00e9 pour les personnes handicap\u00e9es de l\u2019Ontario (LAPHO) en offrant des programmes et des services de qualit\u00e9 \u00e0 chaque membre de la communaut\u00e9 et en les fournissant toujours d\u2019une mani\u00e8re qui respecte la dignit\u00e9 et l\u2019ind\u00e9pendance des personnes vivant avec un handicap. NSF Canada et NSF ISR Canada Company sont \u00e9galement d\u00e9termin\u00e9es \u00e0 assurer une communication ouverte et l\u2019\u00e9galit\u00e9 des chances pour les personnes handicap\u00e9es.<\/p>\n<p>\u00c0 NSF Canada et NSF ISR Canada Company, nous cherchons constamment \u00e0 am\u00e9liorer la prestation et l\u2019accessibilit\u00e9 de nos services, et nous appr\u00e9cions les commentaires sur la fa\u00e7on dont nous fournissons ces services. Veuillez faire tout commentaire \u00e0 NSF Canada et NSF ISR Canada Company par courriel, en ligne, en personne \u00e0 la r\u00e9ception, par t\u00e9l\u00e9phone ou encore par la poste :<\/p>\n<p>\u00c0 l\u2019attention du service des Ressources humaines<\/p>\n<p>125 Chancellors Way<\/p>\n<p>Guelph, ON N1G 0E7<\/p>\n<p>Website:&nbsp;<a href=\"https:\/\/www.nsfcanada.ca\/\">http:\/\/www.nsfcanada.ca\/<\/a><\/p>\n<p>Courriel:&nbsp;<a href=\"mailto:hr@nsf.org\" target=\"_blank\" rel=\"noopener\">hr@nsf.org<\/a><\/p>\n<p>T\u00e9l.: 519-821-1246<\/p>\n<p>Le plan d\u2019accessibilit\u00e9 2014-2021 d\u00e9crit les politiques et les mesures que NSF Canada et NSF International Strategic Registrations Canada Company mettront en place afin d\u2019am\u00e9liorer les possibilit\u00e9s pour les personnes handicap\u00e9es.<\/p>\n<ul>\n<li><a title=\"Plan d\u2019accessibilit\u00e9 pour le service \u00e0 la client\u00e8le (LAPHO)\" href=\"https:\/\/www.nsfcanada.ca\/sites\/default\/files\/AODA_Accessible_Customer_Service_Plan.pdf\" target=\"_blank\" rel=\"noopener\" data-entity-type=\"file\" data-entity-uuid=\"c330f9e8-2c39-4e03-a9e0-ef0d215d424f\">Plan d\u2019accessibilit\u00e9 pour le service \u00e0 la client\u00e8le (LAPHO)<\/a>&nbsp;(en anglais seulement)<\/li>\n<li><a title=\"Plan LAPHO pluriannuel \u2013 NSF Canada et NSF ISR Canada\" href=\"https:\/\/www.nsfcanada.ca\/sites\/default\/files\/Multi-Year%20Accessibility%20Plan%20and%20Policies%20for%20NSF%20Canada062017.pdf\" target=\"_blank\" rel=\"noopener\" data-entity-type=\"file\" data-entity-uuid=\"464274fa-0b29-4d9a-8a81-8952fdb05b7b\">Plan LAPHO pluriannuel \u2013 NSF Canada et NSF ISR Canada<\/a>&nbsp;(en anglais seulement)<\/li>\n<\/ul>\n<\/div>\t\t\t\t\t\t\t\t<\/div>\n\t\t\t\t<\/div>\n\t\t\t\t\t<\/div>\n\t\t<\/div>\n\t\t\t\t\t<\/div>\n\t\t<\/section>\n\t\t\t\t<\/div>\n\t\t","protected":false},"excerpt":{"rendered":"<p>Plan d\u2019accessibilit\u00e9 en vertu LAPHO NSF Canada et NSF International Strategic Registrations (ISR) Canada Company sont d\u00e9termin\u00e9es \u00e0 assurer la diversit\u00e9 et l\u2019inclusion sociale et \u00e0 s\u2019acquitter de leurs obligations en vertu de la Loi de 2005 sur l\u2019accessibilit\u00e9 pour les personnes handicap\u00e9es de l\u2019Ontario (LAPHO) en offrant des programmes et des services de qualit\u00e9 [&hellip;]<\/p>\n","protected":false},"author":1,"featured_media":1194,"parent":1968,"menu_order":31,"comment_status":"closed","ping_status":"open","template":"","meta":{"_acf_changed":false,"footnotes":""},"class_list":["post-2041","page","type-page","status-publish","has-post-thumbnail","hentry"],"acf":[],"yoast_head":"<!-- This site is optimized with the Yoast SEO plugin v26.5 - https:\/\/yoast.com\/wordpress\/plugins\/seo\/ -->\n<title>Plan d\u2019accessibilit\u00e9 en vertu LAPHO | NSF<\/title>\n<meta name=\"robots\" content=\"index, follow, max-snippet:-1, max-image-preview:large, max-video-preview:-1\" \/>\n<link rel=\"canonical\" href=\"https:\/\/www.nsfcanada.ca\/fr\/notre-organisation\/plan-daccessibilite-en-vertu-lapho\/\" \/>\n<meta property=\"og:locale\" content=\"fr_FR\" \/>\n<meta property=\"og:type\" content=\"article\" \/>\n<meta property=\"og:title\" content=\"Plan d\u2019accessibilit\u00e9 en vertu LAPHO | NSF\" \/>\n<meta property=\"og:description\" content=\"Plan d\u2019accessibilit\u00e9 en vertu LAPHO NSF Canada et NSF International Strategic Registrations (ISR) Canada Company sont d\u00e9termin\u00e9es \u00e0 assurer la diversit\u00e9 et l\u2019inclusion sociale et \u00e0 s\u2019acquitter de leurs obligations en vertu de la Loi de 2005 sur l\u2019accessibilit\u00e9 pour les personnes handicap\u00e9es de l\u2019Ontario (LAPHO) en offrant des programmes et des services de qualit\u00e9 [&hellip;]\" \/>\n<meta property=\"og:url\" content=\"https:\/\/www.nsfcanada.ca\/fr\/notre-organisation\/plan-daccessibilite-en-vertu-lapho\/\" \/>\n<meta property=\"og:site_name\" content=\"NSF\" \/>\n<meta property=\"article:modified_time\" content=\"2022-05-03T17:32:38+00:00\" \/>\n<meta property=\"og:image\" content=\"https:\/\/www.nsfcanada.ca\/wp-content\/uploads\/2021\/03\/86248680_l-scaled.jpg\" \/>\n\t<meta property=\"og:image:width\" content=\"2560\" \/>\n\t<meta property=\"og:image:height\" content=\"1709\" \/>\n\t<meta property=\"og:image:type\" content=\"image\/jpeg\" \/>\n<meta name=\"twitter:card\" content=\"summary_large_image\" \/>\n<meta name=\"twitter:label1\" content=\"Dur\u00e9e de lecture estim\u00e9e\" \/>\n\t<meta name=\"twitter:data1\" content=\"2 minutes\" \/>\n<script type=\"application\/ld+json\" class=\"yoast-schema-graph\">{\"@context\":\"https:\/\/schema.org\",\"@graph\":[{\"@type\":\"WebPage\",\"@id\":\"https:\/\/www.nsfcanada.ca\/fr\/notre-organisation\/plan-daccessibilite-en-vertu-lapho\/\",\"url\":\"https:\/\/www.nsfcanada.ca\/fr\/notre-organisation\/plan-daccessibilite-en-vertu-lapho\/\",\"name\":\"Plan d\u2019accessibilit\u00e9 en vertu LAPHO | NSF\",\"isPartOf\":{\"@id\":\"https:\/\/www.nsfcanada.ca\/fr\/#website\"},\"primaryImageOfPage\":{\"@id\":\"https:\/\/www.nsfcanada.ca\/fr\/notre-organisation\/plan-daccessibilite-en-vertu-lapho\/#primaryimage\"},\"image\":{\"@id\":\"https:\/\/www.nsfcanada.ca\/fr\/notre-organisation\/plan-daccessibilite-en-vertu-lapho\/#primaryimage\"},\"thumbnailUrl\":\"https:\/\/www.nsfcanada.ca\/wp-content\/uploads\/2021\/03\/86248680_l-scaled.jpg\",\"datePublished\":\"2021-05-12T11:54:18+00:00\",\"dateModified\":\"2022-05-03T17:32:38+00:00\",\"breadcrumb\":{\"@id\":\"https:\/\/www.nsfcanada.ca\/fr\/notre-organisation\/plan-daccessibilite-en-vertu-lapho\/#breadcrumb\"},\"inLanguage\":\"fr-FR\",\"potentialAction\":[{\"@type\":\"ReadAction\",\"target\":[\"https:\/\/www.nsfcanada.ca\/fr\/notre-organisation\/plan-daccessibilite-en-vertu-lapho\/\"]}]},{\"@type\":\"ImageObject\",\"inLanguage\":\"fr-FR\",\"@id\":\"https:\/\/www.nsfcanada.ca\/fr\/notre-organisation\/plan-daccessibilite-en-vertu-lapho\/#primaryimage\",\"url\":\"https:\/\/www.nsfcanada.ca\/wp-content\/uploads\/2021\/03\/86248680_l-scaled.jpg\",\"contentUrl\":\"https:\/\/www.nsfcanada.ca\/wp-content\/uploads\/2021\/03\/86248680_l-scaled.jpg\",\"width\":2560,\"height\":1709,\"caption\":\"Concept of virtual diagram,graph interfaces,digital display,connections icon.Male hand holding stylus pencil on display of contemporary electronic tablet.Blurred background. Horizontal\"},{\"@type\":\"BreadcrumbList\",\"@id\":\"https:\/\/www.nsfcanada.ca\/fr\/notre-organisation\/plan-daccessibilite-en-vertu-lapho\/#breadcrumb\",\"itemListElement\":[{\"@type\":\"ListItem\",\"position\":1,\"name\":\"Home\",\"item\":\"https:\/\/www.nsfcanada.ca\/fr\/\"},{\"@type\":\"ListItem\",\"position\":2,\"name\":\"Notre Organisation\",\"item\":\"https:\/\/www.nsfcanada.ca\/fr\/about-us\/\"},{\"@type\":\"ListItem\",\"position\":3,\"name\":\"Plan d\u2019accessibilit\u00e9 en vertu LAPHO\"}]},{\"@type\":\"WebSite\",\"@id\":\"https:\/\/www.nsfcanada.ca\/fr\/#website\",\"url\":\"https:\/\/www.nsfcanada.ca\/fr\/\",\"name\":\"NSF\",\"description\":\"NSF Services in Canada\",\"publisher\":{\"@id\":\"https:\/\/www.nsfcanada.ca\/fr\/#organization\"},\"potentialAction\":[{\"@type\":\"SearchAction\",\"target\":{\"@type\":\"EntryPoint\",\"urlTemplate\":\"https:\/\/www.nsfcanada.ca\/fr\/?s={search_term_string}\"},\"query-input\":{\"@type\":\"PropertyValueSpecification\",\"valueRequired\":true,\"valueName\":\"search_term_string\"}}],\"inLanguage\":\"fr-FR\"},{\"@type\":\"Organization\",\"@id\":\"https:\/\/www.nsfcanada.ca\/fr\/#organization\",\"name\":\"NSF International\",\"url\":\"https:\/\/www.nsfcanada.ca\/fr\/\",\"logo\":{\"@type\":\"ImageObject\",\"inLanguage\":\"fr-FR\",\"@id\":\"https:\/\/www.nsfcanada.ca\/fr\/#\/schema\/logo\/image\/\",\"url\":\"http:\/\/canada.nsfinternational.eu\/wp-content\/uploads\/2021\/03\/logo-nsf-international.png\",\"contentUrl\":\"http:\/\/canada.nsfinternational.eu\/wp-content\/uploads\/2021\/03\/logo-nsf-international.png\",\"width\":300,\"height\":300,\"caption\":\"NSF International\"},\"image\":{\"@id\":\"https:\/\/www.nsfcanada.ca\/fr\/#\/schema\/logo\/image\/\"}}]}<\/script>\n<!-- \/ Yoast SEO plugin. -->","yoast_head_json":{"title":"Plan d\u2019accessibilit\u00e9 en vertu LAPHO | NSF","robots":{"index":"index","follow":"follow","max-snippet":"max-snippet:-1","max-image-preview":"max-image-preview:large","max-video-preview":"max-video-preview:-1"},"canonical":"https:\/\/www.nsfcanada.ca\/fr\/notre-organisation\/plan-daccessibilite-en-vertu-lapho\/","og_locale":"fr_FR","og_type":"article","og_title":"Plan d\u2019accessibilit\u00e9 en vertu LAPHO | NSF","og_description":"Plan d\u2019accessibilit\u00e9 en vertu LAPHO NSF Canada et NSF International Strategic Registrations (ISR) Canada Company sont d\u00e9termin\u00e9es \u00e0 assurer la diversit\u00e9 et l\u2019inclusion sociale et \u00e0 s\u2019acquitter de leurs obligations en vertu de la Loi de 2005 sur l\u2019accessibilit\u00e9 pour les personnes handicap\u00e9es de l\u2019Ontario (LAPHO) en offrant des programmes et des services de qualit\u00e9 [&hellip;]","og_url":"https:\/\/www.nsfcanada.ca\/fr\/notre-organisation\/plan-daccessibilite-en-vertu-lapho\/","og_site_name":"NSF","article_modified_time":"2022-05-03T17:32:38+00:00","og_image":[{"width":2560,"height":1709,"url":"https:\/\/www.nsfcanada.ca\/wp-content\/uploads\/2021\/03\/86248680_l-scaled.jpg","type":"image\/jpeg"}],"twitter_card":"summary_large_image","twitter_misc":{"Dur\u00e9e de lecture estim\u00e9e":"2 minutes"},"schema":{"@context":"https:\/\/schema.org","@graph":[{"@type":"WebPage","@id":"https:\/\/www.nsfcanada.ca\/fr\/notre-organisation\/plan-daccessibilite-en-vertu-lapho\/","url":"https:\/\/www.nsfcanada.ca\/fr\/notre-organisation\/plan-daccessibilite-en-vertu-lapho\/","name":"Plan d\u2019accessibilit\u00e9 en vertu LAPHO | NSF","isPartOf":{"@id":"https:\/\/www.nsfcanada.ca\/fr\/#website"},"primaryImageOfPage":{"@id":"https:\/\/www.nsfcanada.ca\/fr\/notre-organisation\/plan-daccessibilite-en-vertu-lapho\/#primaryimage"},"image":{"@id":"https:\/\/www.nsfcanada.ca\/fr\/notre-organisation\/plan-daccessibilite-en-vertu-lapho\/#primaryimage"},"thumbnailUrl":"https:\/\/www.nsfcanada.ca\/wp-content\/uploads\/2021\/03\/86248680_l-scaled.jpg","datePublished":"2021-05-12T11:54:18+00:00","dateModified":"2022-05-03T17:32:38+00:00","breadcrumb":{"@id":"https:\/\/www.nsfcanada.ca\/fr\/notre-organisation\/plan-daccessibilite-en-vertu-lapho\/#breadcrumb"},"inLanguage":"fr-FR","potentialAction":[{"@type":"ReadAction","target":["https:\/\/www.nsfcanada.ca\/fr\/notre-organisation\/plan-daccessibilite-en-vertu-lapho\/"]}]},{"@type":"ImageObject","inLanguage":"fr-FR","@id":"https:\/\/www.nsfcanada.ca\/fr\/notre-organisation\/plan-daccessibilite-en-vertu-lapho\/#primaryimage","url":"https:\/\/www.nsfcanada.ca\/wp-content\/uploads\/2021\/03\/86248680_l-scaled.jpg","contentUrl":"https:\/\/www.nsfcanada.ca\/wp-content\/uploads\/2021\/03\/86248680_l-scaled.jpg","width":2560,"height":1709,"caption":"Concept of virtual diagram,graph interfaces,digital display,connections icon.Male hand holding stylus pencil on display of contemporary electronic tablet.Blurred background. Horizontal"},{"@type":"BreadcrumbList","@id":"https:\/\/www.nsfcanada.ca\/fr\/notre-organisation\/plan-daccessibilite-en-vertu-lapho\/#breadcrumb","itemListElement":[{"@type":"ListItem","position":1,"name":"Home","item":"https:\/\/www.nsfcanada.ca\/fr\/"},{"@type":"ListItem","position":2,"name":"Notre Organisation","item":"https:\/\/www.nsfcanada.ca\/fr\/about-us\/"},{"@type":"ListItem","position":3,"name":"Plan d\u2019accessibilit\u00e9 en vertu LAPHO"}]},{"@type":"WebSite","@id":"https:\/\/www.nsfcanada.ca\/fr\/#website","url":"https:\/\/www.nsfcanada.ca\/fr\/","name":"NSF","description":"NSF Services in Canada","publisher":{"@id":"https:\/\/www.nsfcanada.ca\/fr\/#organization"},"potentialAction":[{"@type":"SearchAction","target":{"@type":"EntryPoint","urlTemplate":"https:\/\/www.nsfcanada.ca\/fr\/?s={search_term_string}"},"query-input":{"@type":"PropertyValueSpecification","valueRequired":true,"valueName":"search_term_string"}}],"inLanguage":"fr-FR"},{"@type":"Organization","@id":"https:\/\/www.nsfcanada.ca\/fr\/#organization","name":"NSF International","url":"https:\/\/www.nsfcanada.ca\/fr\/","logo":{"@type":"ImageObject","inLanguage":"fr-FR","@id":"https:\/\/www.nsfcanada.ca\/fr\/#\/schema\/logo\/image\/","url":"http:\/\/canada.nsfinternational.eu\/wp-content\/uploads\/2021\/03\/logo-nsf-international.png","contentUrl":"http:\/\/canada.nsfinternational.eu\/wp-content\/uploads\/2021\/03\/logo-nsf-international.png","width":300,"height":300,"caption":"NSF International"},"image":{"@id":"https:\/\/www.nsfcanada.ca\/fr\/#\/schema\/logo\/image\/"}}]}},"_links":{"self":[{"href":"https:\/\/www.nsfcanada.ca\/fr\/wp-json\/wp\/v2\/pages\/2041","targetHints":{"allow":["GET"]}}],"collection":[{"href":"https:\/\/www.nsfcanada.ca\/fr\/wp-json\/wp\/v2\/pages"}],"about":[{"href":"https:\/\/www.nsfcanada.ca\/fr\/wp-json\/wp\/v2\/types\/page"}],"author":[{"embeddable":true,"href":"https:\/\/www.nsfcanada.ca\/fr\/wp-json\/wp\/v2\/users\/1"}],"replies":[{"embeddable":true,"href":"https:\/\/www.nsfcanada.ca\/fr\/wp-json\/wp\/v2\/comments?post=2041"}],"version-history":[{"count":6,"href":"https:\/\/www.nsfcanada.ca\/fr\/wp-json\/wp\/v2\/pages\/2041\/revisions"}],"predecessor-version":[{"id":2359,"href":"https:\/\/www.nsfcanada.ca\/fr\/wp-json\/wp\/v2\/pages\/2041\/revisions\/2359"}],"up":[{"embeddable":true,"href":"https:\/\/www.nsfcanada.ca\/fr\/wp-json\/wp\/v2\/pages\/1968"}],"wp:featuredmedia":[{"embeddable":true,"href":"https:\/\/www.nsfcanada.ca\/fr\/wp-json\/wp\/v2\/media\/1194"}],"wp:attachment":[{"href":"https:\/\/www.nsfcanada.ca\/fr\/wp-json\/wp\/v2\/media?parent=2041"}],"curies":[{"name":"wp","href":"https:\/\/api.w.org\/{rel}","templated":true}]}}