{"id":2046,"date":"2021-05-12T08:31:01","date_gmt":"2021-05-12T12:31:01","guid":{"rendered":"https:\/\/www.nsfcanada.ca\/notre-organisation\/securite-alimentaire-et-capacites-iso\/"},"modified":"2021-05-12T08:31:02","modified_gmt":"2021-05-12T12:31:02","slug":"securite-alimentaire-et-capacites-iso","status":"publish","type":"page","link":"https:\/\/www.nsfcanada.ca\/fr\/notre-organisation\/securite-alimentaire-et-capacites-iso\/","title":{"rendered":"S\u00e9curit\u00e9 alimentaire et capacit\u00e9s ISO"},"content":{"rendered":"\t\t<div data-elementor-type=\"wp-page\" data-elementor-id=\"2046\" class=\"elementor elementor-2046 elementor-609\">\n\t\t\t\t\t\t<section class=\"elementor-section elementor-top-section elementor-element elementor-element-75c560e elementor-section-boxed elementor-section-height-default elementor-section-height-default\" data-id=\"75c560e\" data-element_type=\"section\" data-settings=\"{&quot;jet_parallax_layout_list&quot;:[{&quot;jet_parallax_layout_image&quot;:{&quot;url&quot;:&quot;&quot;,&quot;id&quot;:&quot;&quot;,&quot;size&quot;:&quot;&quot;},&quot;_id&quot;:&quot;26172f1&quot;,&quot;jet_parallax_layout_image_tablet&quot;:{&quot;url&quot;:&quot;&quot;,&quot;id&quot;:&quot;&quot;,&quot;size&quot;:&quot;&quot;},&quot;jet_parallax_layout_image_mobile&quot;:{&quot;url&quot;:&quot;&quot;,&quot;id&quot;:&quot;&quot;,&quot;size&quot;:&quot;&quot;},&quot;jet_parallax_layout_speed&quot;:{&quot;unit&quot;:&quot;%&quot;,&quot;size&quot;:50,&quot;sizes&quot;:[]},&quot;jet_parallax_layout_type&quot;:&quot;scroll&quot;,&quot;jet_parallax_layout_direction&quot;:null,&quot;jet_parallax_layout_fx_direction&quot;:null,&quot;jet_parallax_layout_z_index&quot;:&quot;&quot;,&quot;jet_parallax_layout_bg_x&quot;:50,&quot;jet_parallax_layout_bg_x_tablet&quot;:&quot;&quot;,&quot;jet_parallax_layout_bg_x_mobile&quot;:&quot;&quot;,&quot;jet_parallax_layout_bg_y&quot;:50,&quot;jet_parallax_layout_bg_y_tablet&quot;:&quot;&quot;,&quot;jet_parallax_layout_bg_y_mobile&quot;:&quot;&quot;,&quot;jet_parallax_layout_bg_size&quot;:&quot;auto&quot;,&quot;jet_parallax_layout_bg_size_tablet&quot;:&quot;&quot;,&quot;jet_parallax_layout_bg_size_mobile&quot;:&quot;&quot;,&quot;jet_parallax_layout_animation_prop&quot;:&quot;transform&quot;,&quot;jet_parallax_layout_on&quot;:[&quot;desktop&quot;,&quot;tablet&quot;]}]}\">\n\t\t\t\t\t\t<div class=\"elementor-container elementor-column-gap-default\">\n\t\t\t\t\t<div class=\"elementor-column elementor-col-100 elementor-top-column elementor-element elementor-element-1152b48\" data-id=\"1152b48\" data-element_type=\"column\">\n\t\t\t<div class=\"elementor-widget-wrap elementor-element-populated\">\n\t\t\t\t\t\t<div class=\"elementor-element elementor-element-7b84929 elementor-widget elementor-widget-text-editor\" data-id=\"7b84929\" data-element_type=\"widget\" data-widget_type=\"text-editor.default\">\n\t\t\t\t<div class=\"elementor-widget-container\">\n\t\t\t\t\t\t\t\t\t<h1>S\u00e9curit\u00e9 alimentaire et capacit\u00e9s ISO<\/h1>\n<p>Nous offrons des services enti\u00e8rement int\u00e9gr\u00e9s qui fixent la norme de l\u2019industrie en mati\u00e8re de s\u00e9curit\u00e9 alimentaire, de certification et de formation, \u00e0 l\u2019appui de notre mission.<\/p>\n\t\t\t\t\t\t\t\t<\/div>\n\t\t\t\t<\/div>\n\t\t\t\t<div class=\"elementor-element elementor-element-c66d9b5 elementor-widget elementor-widget-video\" data-id=\"c66d9b5\" data-element_type=\"widget\" data-settings=\"{&quot;youtube_url&quot;:&quot; &quot;,&quot;video_type&quot;:&quot;youtube&quot;,&quot;controls&quot;:&quot;yes&quot;}\" data-widget_type=\"video.default\">\n\t\t\t\t<div class=\"elementor-widget-container\">\n\t\t\t\t\t\t\t<div class=\"elementor-wrapper elementor-open-inline\">\n\t\t\t<div class=\"elementor-video\"><\/div>\t\t<\/div>\n\t\t\t\t\t\t<\/div>\n\t\t\t\t<\/div>\n\t\t\t\t<div class=\"elementor-element elementor-element-8ef6a3d elementor-widget elementor-widget-spacer\" data-id=\"8ef6a3d\" data-element_type=\"widget\" data-widget_type=\"spacer.default\">\n\t\t\t\t<div class=\"elementor-widget-container\">\n\t\t\t\t\t\t\t<div class=\"elementor-spacer\">\n\t\t\t<div class=\"elementor-spacer-inner\"><\/div>\n\t\t<\/div>\n\t\t\t\t\t\t<\/div>\n\t\t\t\t<\/div>\n\t\t\t\t\t<\/div>\n\t\t<\/div>\n\t\t\t\t\t<\/div>\n\t\t<\/section>\n\t\t\t\t<\/div>\n\t\t","protected":false},"excerpt":{"rendered":"<p>S\u00e9curit\u00e9 alimentaire et capacit\u00e9s ISO Nous offrons des services enti\u00e8rement int\u00e9gr\u00e9s qui fixent la norme de l\u2019industrie en mati\u00e8re de s\u00e9curit\u00e9 alimentaire, de certification et de formation, \u00e0 l\u2019appui de notre mission.<\/p>\n","protected":false},"author":1,"featured_media":1223,"parent":1968,"menu_order":33,"comment_status":"closed","ping_status":"open","template":"","meta":{"_acf_changed":false,"footnotes":""},"class_list":["post-2046","page","type-page","status-publish","has-post-thumbnail","hentry"],"acf":[],"yoast_head":"<!-- This site is optimized with the Yoast SEO plugin v26.5 - https:\/\/yoast.com\/wordpress\/plugins\/seo\/ -->\n<title>S\u00e9curit\u00e9 alimentaire et capacit\u00e9s ISO | NSF<\/title>\n<meta name=\"robots\" content=\"index, follow, max-snippet:-1, max-image-preview:large, max-video-preview:-1\" \/>\n<link rel=\"canonical\" href=\"https:\/\/www.nsfcanada.ca\/fr\/notre-organisation\/securite-alimentaire-et-capacites-iso\/\" \/>\n<meta property=\"og:locale\" content=\"fr_FR\" \/>\n<meta property=\"og:type\" content=\"article\" \/>\n<meta property=\"og:title\" content=\"S\u00e9curit\u00e9 alimentaire et capacit\u00e9s ISO | NSF\" \/>\n<meta property=\"og:description\" content=\"S\u00e9curit\u00e9 alimentaire et capacit\u00e9s ISO Nous offrons des services enti\u00e8rement int\u00e9gr\u00e9s qui fixent la norme de l\u2019industrie en mati\u00e8re de s\u00e9curit\u00e9 alimentaire, de certification et de formation, \u00e0 l\u2019appui de notre mission.\" \/>\n<meta property=\"og:url\" content=\"https:\/\/www.nsfcanada.ca\/fr\/notre-organisation\/securite-alimentaire-et-capacites-iso\/\" \/>\n<meta property=\"og:site_name\" content=\"NSF\" \/>\n<meta property=\"article:modified_time\" content=\"2021-05-12T12:31:02+00:00\" \/>\n<meta property=\"og:image\" content=\"https:\/\/www.nsfcanada.ca\/wp-content\/uploads\/2021\/03\/155352196_l-scaled.jpg\" \/>\n\t<meta property=\"og:image:width\" content=\"2560\" \/>\n\t<meta property=\"og:image:height\" content=\"1707\" \/>\n\t<meta property=\"og:image:type\" content=\"image\/jpeg\" \/>\n<meta name=\"twitter:card\" content=\"summary_large_image\" \/>\n<script type=\"application\/ld+json\" class=\"yoast-schema-graph\">{\"@context\":\"https:\/\/schema.org\",\"@graph\":[{\"@type\":\"WebPage\",\"@id\":\"https:\/\/www.nsfcanada.ca\/fr\/notre-organisation\/securite-alimentaire-et-capacites-iso\/\",\"url\":\"https:\/\/www.nsfcanada.ca\/fr\/notre-organisation\/securite-alimentaire-et-capacites-iso\/\",\"name\":\"S\u00e9curit\u00e9 alimentaire et capacit\u00e9s ISO | NSF\",\"isPartOf\":{\"@id\":\"https:\/\/www.nsfcanada.ca\/fr\/#website\"},\"primaryImageOfPage\":{\"@id\":\"https:\/\/www.nsfcanada.ca\/fr\/notre-organisation\/securite-alimentaire-et-capacites-iso\/#primaryimage\"},\"image\":{\"@id\":\"https:\/\/www.nsfcanada.ca\/fr\/notre-organisation\/securite-alimentaire-et-capacites-iso\/#primaryimage\"},\"thumbnailUrl\":\"https:\/\/www.nsfcanada.ca\/wp-content\/uploads\/2021\/03\/155352196_l-scaled.jpg\",\"datePublished\":\"2021-05-12T12:31:01+00:00\",\"dateModified\":\"2021-05-12T12:31:02+00:00\",\"breadcrumb\":{\"@id\":\"https:\/\/www.nsfcanada.ca\/fr\/notre-organisation\/securite-alimentaire-et-capacites-iso\/#breadcrumb\"},\"inLanguage\":\"fr-FR\",\"potentialAction\":[{\"@type\":\"ReadAction\",\"target\":[\"https:\/\/www.nsfcanada.ca\/fr\/notre-organisation\/securite-alimentaire-et-capacites-iso\/\"]}]},{\"@type\":\"ImageObject\",\"inLanguage\":\"fr-FR\",\"@id\":\"https:\/\/www.nsfcanada.ca\/fr\/notre-organisation\/securite-alimentaire-et-capacites-iso\/#primaryimage\",\"url\":\"https:\/\/www.nsfcanada.ca\/wp-content\/uploads\/2021\/03\/155352196_l-scaled.jpg\",\"contentUrl\":\"https:\/\/www.nsfcanada.ca\/wp-content\/uploads\/2021\/03\/155352196_l-scaled.jpg\",\"width\":2560,\"height\":1707,\"caption\":\"Three people in disposable uniforms and a warehouse supervisor standing in front of assorted tomatoes\"},{\"@type\":\"BreadcrumbList\",\"@id\":\"https:\/\/www.nsfcanada.ca\/fr\/notre-organisation\/securite-alimentaire-et-capacites-iso\/#breadcrumb\",\"itemListElement\":[{\"@type\":\"ListItem\",\"position\":1,\"name\":\"Home\",\"item\":\"https:\/\/www.nsfcanada.ca\/fr\/\"},{\"@type\":\"ListItem\",\"position\":2,\"name\":\"Notre Organisation\",\"item\":\"https:\/\/www.nsfcanada.ca\/fr\/about-us\/\"},{\"@type\":\"ListItem\",\"position\":3,\"name\":\"S\u00e9curit\u00e9 alimentaire et capacit\u00e9s ISO\"}]},{\"@type\":\"WebSite\",\"@id\":\"https:\/\/www.nsfcanada.ca\/fr\/#website\",\"url\":\"https:\/\/www.nsfcanada.ca\/fr\/\",\"name\":\"NSF\",\"description\":\"NSF Services in Canada\",\"publisher\":{\"@id\":\"https:\/\/www.nsfcanada.ca\/fr\/#organization\"},\"potentialAction\":[{\"@type\":\"SearchAction\",\"target\":{\"@type\":\"EntryPoint\",\"urlTemplate\":\"https:\/\/www.nsfcanada.ca\/fr\/?s={search_term_string}\"},\"query-input\":{\"@type\":\"PropertyValueSpecification\",\"valueRequired\":true,\"valueName\":\"search_term_string\"}}],\"inLanguage\":\"fr-FR\"},{\"@type\":\"Organization\",\"@id\":\"https:\/\/www.nsfcanada.ca\/fr\/#organization\",\"name\":\"NSF International\",\"url\":\"https:\/\/www.nsfcanada.ca\/fr\/\",\"logo\":{\"@type\":\"ImageObject\",\"inLanguage\":\"fr-FR\",\"@id\":\"https:\/\/www.nsfcanada.ca\/fr\/#\/schema\/logo\/image\/\",\"url\":\"http:\/\/canada.nsfinternational.eu\/wp-content\/uploads\/2021\/03\/logo-nsf-international.png\",\"contentUrl\":\"http:\/\/canada.nsfinternational.eu\/wp-content\/uploads\/2021\/03\/logo-nsf-international.png\",\"width\":300,\"height\":300,\"caption\":\"NSF International\"},\"image\":{\"@id\":\"https:\/\/www.nsfcanada.ca\/fr\/#\/schema\/logo\/image\/\"}}]}<\/script>\n<!-- \/ Yoast SEO plugin. -->","yoast_head_json":{"title":"S\u00e9curit\u00e9 alimentaire et capacit\u00e9s ISO | NSF","robots":{"index":"index","follow":"follow","max-snippet":"max-snippet:-1","max-image-preview":"max-image-preview:large","max-video-preview":"max-video-preview:-1"},"canonical":"https:\/\/www.nsfcanada.ca\/fr\/notre-organisation\/securite-alimentaire-et-capacites-iso\/","og_locale":"fr_FR","og_type":"article","og_title":"S\u00e9curit\u00e9 alimentaire et capacit\u00e9s ISO | NSF","og_description":"S\u00e9curit\u00e9 alimentaire et capacit\u00e9s ISO Nous offrons des services enti\u00e8rement int\u00e9gr\u00e9s qui fixent la norme de l\u2019industrie en mati\u00e8re de s\u00e9curit\u00e9 alimentaire, de certification et de formation, \u00e0 l\u2019appui de notre mission.","og_url":"https:\/\/www.nsfcanada.ca\/fr\/notre-organisation\/securite-alimentaire-et-capacites-iso\/","og_site_name":"NSF","article_modified_time":"2021-05-12T12:31:02+00:00","og_image":[{"width":2560,"height":1707,"url":"https:\/\/www.nsfcanada.ca\/wp-content\/uploads\/2021\/03\/155352196_l-scaled.jpg","type":"image\/jpeg"}],"twitter_card":"summary_large_image","schema":{"@context":"https:\/\/schema.org","@graph":[{"@type":"WebPage","@id":"https:\/\/www.nsfcanada.ca\/fr\/notre-organisation\/securite-alimentaire-et-capacites-iso\/","url":"https:\/\/www.nsfcanada.ca\/fr\/notre-organisation\/securite-alimentaire-et-capacites-iso\/","name":"S\u00e9curit\u00e9 alimentaire et capacit\u00e9s ISO | NSF","isPartOf":{"@id":"https:\/\/www.nsfcanada.ca\/fr\/#website"},"primaryImageOfPage":{"@id":"https:\/\/www.nsfcanada.ca\/fr\/notre-organisation\/securite-alimentaire-et-capacites-iso\/#primaryimage"},"image":{"@id":"https:\/\/www.nsfcanada.ca\/fr\/notre-organisation\/securite-alimentaire-et-capacites-iso\/#primaryimage"},"thumbnailUrl":"https:\/\/www.nsfcanada.ca\/wp-content\/uploads\/2021\/03\/155352196_l-scaled.jpg","datePublished":"2021-05-12T12:31:01+00:00","dateModified":"2021-05-12T12:31:02+00:00","breadcrumb":{"@id":"https:\/\/www.nsfcanada.ca\/fr\/notre-organisation\/securite-alimentaire-et-capacites-iso\/#breadcrumb"},"inLanguage":"fr-FR","potentialAction":[{"@type":"ReadAction","target":["https:\/\/www.nsfcanada.ca\/fr\/notre-organisation\/securite-alimentaire-et-capacites-iso\/"]}]},{"@type":"ImageObject","inLanguage":"fr-FR","@id":"https:\/\/www.nsfcanada.ca\/fr\/notre-organisation\/securite-alimentaire-et-capacites-iso\/#primaryimage","url":"https:\/\/www.nsfcanada.ca\/wp-content\/uploads\/2021\/03\/155352196_l-scaled.jpg","contentUrl":"https:\/\/www.nsfcanada.ca\/wp-content\/uploads\/2021\/03\/155352196_l-scaled.jpg","width":2560,"height":1707,"caption":"Three people in disposable uniforms and a warehouse supervisor standing in front of assorted tomatoes"},{"@type":"BreadcrumbList","@id":"https:\/\/www.nsfcanada.ca\/fr\/notre-organisation\/securite-alimentaire-et-capacites-iso\/#breadcrumb","itemListElement":[{"@type":"ListItem","position":1,"name":"Home","item":"https:\/\/www.nsfcanada.ca\/fr\/"},{"@type":"ListItem","position":2,"name":"Notre Organisation","item":"https:\/\/www.nsfcanada.ca\/fr\/about-us\/"},{"@type":"ListItem","position":3,"name":"S\u00e9curit\u00e9 alimentaire et capacit\u00e9s ISO"}]},{"@type":"WebSite","@id":"https:\/\/www.nsfcanada.ca\/fr\/#website","url":"https:\/\/www.nsfcanada.ca\/fr\/","name":"NSF","description":"NSF Services in Canada","publisher":{"@id":"https:\/\/www.nsfcanada.ca\/fr\/#organization"},"potentialAction":[{"@type":"SearchAction","target":{"@type":"EntryPoint","urlTemplate":"https:\/\/www.nsfcanada.ca\/fr\/?s={search_term_string}"},"query-input":{"@type":"PropertyValueSpecification","valueRequired":true,"valueName":"search_term_string"}}],"inLanguage":"fr-FR"},{"@type":"Organization","@id":"https:\/\/www.nsfcanada.ca\/fr\/#organization","name":"NSF International","url":"https:\/\/www.nsfcanada.ca\/fr\/","logo":{"@type":"ImageObject","inLanguage":"fr-FR","@id":"https:\/\/www.nsfcanada.ca\/fr\/#\/schema\/logo\/image\/","url":"http:\/\/canada.nsfinternational.eu\/wp-content\/uploads\/2021\/03\/logo-nsf-international.png","contentUrl":"http:\/\/canada.nsfinternational.eu\/wp-content\/uploads\/2021\/03\/logo-nsf-international.png","width":300,"height":300,"caption":"NSF International"},"image":{"@id":"https:\/\/www.nsfcanada.ca\/fr\/#\/schema\/logo\/image\/"}}]}},"_links":{"self":[{"href":"https:\/\/www.nsfcanada.ca\/fr\/wp-json\/wp\/v2\/pages\/2046","targetHints":{"allow":["GET"]}}],"collection":[{"href":"https:\/\/www.nsfcanada.ca\/fr\/wp-json\/wp\/v2\/pages"}],"about":[{"href":"https:\/\/www.nsfcanada.ca\/fr\/wp-json\/wp\/v2\/types\/page"}],"author":[{"embeddable":true,"href":"https:\/\/www.nsfcanada.ca\/fr\/wp-json\/wp\/v2\/users\/1"}],"replies":[{"embeddable":true,"href":"https:\/\/www.nsfcanada.ca\/fr\/wp-json\/wp\/v2\/comments?post=2046"}],"version-history":[{"count":1,"href":"https:\/\/www.nsfcanada.ca\/fr\/wp-json\/wp\/v2\/pages\/2046\/revisions"}],"predecessor-version":[{"id":2047,"href":"https:\/\/www.nsfcanada.ca\/fr\/wp-json\/wp\/v2\/pages\/2046\/revisions\/2047"}],"up":[{"embeddable":true,"href":"https:\/\/www.nsfcanada.ca\/fr\/wp-json\/wp\/v2\/pages\/1968"}],"wp:featuredmedia":[{"embeddable":true,"href":"https:\/\/www.nsfcanada.ca\/fr\/wp-json\/wp\/v2\/media\/1223"}],"wp:attachment":[{"href":"https:\/\/www.nsfcanada.ca\/fr\/wp-json\/wp\/v2\/media?parent=2046"}],"curies":[{"name":"wp","href":"https:\/\/api.w.org\/{rel}","templated":true}]}}