{"id":2048,"date":"2021-05-12T08:32:46","date_gmt":"2021-05-12T12:32:46","guid":{"rendered":"https:\/\/www.nsfcanada.ca\/notre-organisation\/travailler-a-nsf\/"},"modified":"2021-05-12T08:32:46","modified_gmt":"2021-05-12T12:32:46","slug":"travailler-a-nsf","status":"publish","type":"page","link":"https:\/\/www.nsfcanada.ca\/fr\/notre-organisation\/travailler-a-nsf\/","title":{"rendered":"Travailler \u00e0 NSF"},"content":{"rendered":"\t\t<div data-elementor-type=\"wp-page\" data-elementor-id=\"2048\" class=\"elementor elementor-2048 elementor-610\">\n\t\t\t\t\t\t<section class=\"elementor-section elementor-top-section elementor-element elementor-element-0d978b9 elementor-section-boxed elementor-section-height-default elementor-section-height-default\" data-id=\"0d978b9\" data-element_type=\"section\" data-settings=\"{&quot;jet_parallax_layout_list&quot;:[{&quot;jet_parallax_layout_image&quot;:{&quot;url&quot;:&quot;&quot;,&quot;id&quot;:&quot;&quot;,&quot;size&quot;:&quot;&quot;},&quot;_id&quot;:&quot;f4b3753&quot;,&quot;jet_parallax_layout_image_tablet&quot;:{&quot;url&quot;:&quot;&quot;,&quot;id&quot;:&quot;&quot;,&quot;size&quot;:&quot;&quot;},&quot;jet_parallax_layout_image_mobile&quot;:{&quot;url&quot;:&quot;&quot;,&quot;id&quot;:&quot;&quot;,&quot;size&quot;:&quot;&quot;},&quot;jet_parallax_layout_speed&quot;:{&quot;unit&quot;:&quot;%&quot;,&quot;size&quot;:50,&quot;sizes&quot;:[]},&quot;jet_parallax_layout_type&quot;:&quot;scroll&quot;,&quot;jet_parallax_layout_direction&quot;:null,&quot;jet_parallax_layout_fx_direction&quot;:null,&quot;jet_parallax_layout_z_index&quot;:&quot;&quot;,&quot;jet_parallax_layout_bg_x&quot;:50,&quot;jet_parallax_layout_bg_x_tablet&quot;:&quot;&quot;,&quot;jet_parallax_layout_bg_x_mobile&quot;:&quot;&quot;,&quot;jet_parallax_layout_bg_y&quot;:50,&quot;jet_parallax_layout_bg_y_tablet&quot;:&quot;&quot;,&quot;jet_parallax_layout_bg_y_mobile&quot;:&quot;&quot;,&quot;jet_parallax_layout_bg_size&quot;:&quot;auto&quot;,&quot;jet_parallax_layout_bg_size_tablet&quot;:&quot;&quot;,&quot;jet_parallax_layout_bg_size_mobile&quot;:&quot;&quot;,&quot;jet_parallax_layout_animation_prop&quot;:&quot;transform&quot;,&quot;jet_parallax_layout_on&quot;:[&quot;desktop&quot;,&quot;tablet&quot;]}]}\">\n\t\t\t\t\t\t<div class=\"elementor-container elementor-column-gap-default\">\n\t\t\t\t\t<div class=\"elementor-column elementor-col-100 elementor-top-column elementor-element elementor-element-4093817\" data-id=\"4093817\" data-element_type=\"column\">\n\t\t\t<div class=\"elementor-widget-wrap elementor-element-populated\">\n\t\t\t\t\t\t<div class=\"elementor-element elementor-element-be9bce1 elementor-widget elementor-widget-text-editor\" data-id=\"be9bce1\" data-element_type=\"widget\" data-widget_type=\"text-editor.default\">\n\t\t\t\t<div class=\"elementor-widget-container\">\n\t\t\t\t\t\t\t\t\t<h1>Travailler \u00e0 NSF<\/h1>\n<p>NSF a pour mission de prot\u00e9ger et d\u2019am\u00e9liorer la sant\u00e9 humaine. Nous sommes un chef de file mondial du domaine de la mise au point, de la mise \u00e0 l\u2019essai, de la v\u00e9rification, de la certification et de la formation en mati\u00e8re de normalisation. Nous offrons ces services \u00e0 une vaste gamme de secteurs, notamment celui de l\u2019alimentation, de l\u2019eau, des sciences de la sant\u00e9, du d\u00e9veloppement durable et des syst\u00e8mes de gestion. Nous nous passionnons pour notre travail, car ensemble, nous faisons une contribution importante au monde dans lequel nous vivons.<\/p>\n<p>Nos 2 500 employ\u00e9s r\u00e9partis dans plus de 170 pays fournissent des services \u00e0 partir de nombreux bureaux mondiaux, chez nos clients, en t\u00e9l\u00e9travail et dans nos laboratoires ultramodernes. Nous sommes en pleine croissance et nous avons besoin de vous. Faites partie de notre \u00e9quipe!<\/p>\n<p>Cliquez sur le lien ci-dessous et entrez un titre de fonction dans la case appropri\u00e9e pour d\u00e9couvrir les postes que nous avons actuellement \u00e0 pourvoir.<\/p>\n<p>Veuillez noter que le lien fourni vous dirigera vers un site Web en anglais seulement.<\/p>\n<h3><a title=\"Careers At NSF\" href=\"https:\/\/careers.nsf.org\/OA_HTML\/,DanaInfo=.aoscdtu7BHw2qL15v,Port=8000+OA.jsp?page=\/oracle\/apps\/irc\/candidateSelfService\/webui\/VisHomePG&amp;_ri=821&amp;OAPB=IRC_BRAND&amp;_ti=2130711778&amp;oapc=10&amp;OAMC=75477_32_0&amp;menu=Y&amp;oaMenuLevel=2&amp;oas=tE0Vs8w1Y3zYHqYi5omuZw..\" target=\"_blank\" rel=\"noopener\">Joignez-vous \u00e0 nous d\u00e8s aujourd\u2019hui!<\/a><\/h3>\n\t\t\t\t\t\t\t\t<\/div>\n\t\t\t\t<\/div>\n\t\t\t\t<div class=\"elementor-element elementor-element-8294d5a elementor-widget elementor-widget-spacer\" data-id=\"8294d5a\" data-element_type=\"widget\" data-widget_type=\"spacer.default\">\n\t\t\t\t<div class=\"elementor-widget-container\">\n\t\t\t\t\t\t\t<div class=\"elementor-spacer\">\n\t\t\t<div class=\"elementor-spacer-inner\"><\/div>\n\t\t<\/div>\n\t\t\t\t\t\t<\/div>\n\t\t\t\t<\/div>\n\t\t\t\t\t<\/div>\n\t\t<\/div>\n\t\t\t\t\t<\/div>\n\t\t<\/section>\n\t\t\t\t<\/div>\n\t\t","protected":false},"excerpt":{"rendered":"<p>Travailler \u00e0 NSF NSF a pour mission de prot\u00e9ger et d\u2019am\u00e9liorer la sant\u00e9 humaine. Nous sommes un chef de file mondial du domaine de la mise au point, de la mise \u00e0 l\u2019essai, de la v\u00e9rification, de la certification et de la formation en mati\u00e8re de normalisation. Nous offrons ces services \u00e0 une vaste gamme [&hellip;]<\/p>\n","protected":false},"author":1,"featured_media":1232,"parent":1968,"menu_order":34,"comment_status":"closed","ping_status":"open","template":"","meta":{"_acf_changed":false,"footnotes":""},"class_list":["post-2048","page","type-page","status-publish","has-post-thumbnail","hentry"],"acf":[],"yoast_head":"<!-- This site is optimized with the Yoast SEO plugin v26.5 - https:\/\/yoast.com\/wordpress\/plugins\/seo\/ -->\n<title>Travailler \u00e0 NSF | NSF<\/title>\n<meta name=\"robots\" content=\"index, follow, max-snippet:-1, max-image-preview:large, max-video-preview:-1\" \/>\n<link rel=\"canonical\" href=\"https:\/\/www.nsfcanada.ca\/fr\/notre-organisation\/travailler-a-nsf\/\" \/>\n<meta property=\"og:locale\" content=\"fr_FR\" \/>\n<meta property=\"og:type\" content=\"article\" \/>\n<meta property=\"og:title\" content=\"Travailler \u00e0 NSF | NSF\" \/>\n<meta property=\"og:description\" content=\"Travailler \u00e0 NSF NSF a pour mission de prot\u00e9ger et d\u2019am\u00e9liorer la sant\u00e9 humaine. Nous sommes un chef de file mondial du domaine de la mise au point, de la mise \u00e0 l\u2019essai, de la v\u00e9rification, de la certification et de la formation en mati\u00e8re de normalisation. Nous offrons ces services \u00e0 une vaste gamme [&hellip;]\" \/>\n<meta property=\"og:url\" content=\"https:\/\/www.nsfcanada.ca\/fr\/notre-organisation\/travailler-a-nsf\/\" \/>\n<meta property=\"og:site_name\" content=\"NSF\" \/>\n<meta property=\"og:image\" content=\"https:\/\/www.nsfcanada.ca\/wp-content\/uploads\/2021\/03\/55424257_xl-scaled.jpg\" \/>\n\t<meta property=\"og:image:width\" content=\"2560\" \/>\n\t<meta property=\"og:image:height\" content=\"1709\" \/>\n\t<meta property=\"og:image:type\" content=\"image\/jpeg\" \/>\n<meta name=\"twitter:card\" content=\"summary_large_image\" \/>\n<meta name=\"twitter:label1\" content=\"Dur\u00e9e de lecture estim\u00e9e\" \/>\n\t<meta name=\"twitter:data1\" content=\"1 minute\" \/>\n<script type=\"application\/ld+json\" class=\"yoast-schema-graph\">{\"@context\":\"https:\/\/schema.org\",\"@graph\":[{\"@type\":\"WebPage\",\"@id\":\"https:\/\/www.nsfcanada.ca\/fr\/notre-organisation\/travailler-a-nsf\/\",\"url\":\"https:\/\/www.nsfcanada.ca\/fr\/notre-organisation\/travailler-a-nsf\/\",\"name\":\"Travailler \u00e0 NSF | NSF\",\"isPartOf\":{\"@id\":\"https:\/\/www.nsfcanada.ca\/fr\/#website\"},\"primaryImageOfPage\":{\"@id\":\"https:\/\/www.nsfcanada.ca\/fr\/notre-organisation\/travailler-a-nsf\/#primaryimage\"},\"image\":{\"@id\":\"https:\/\/www.nsfcanada.ca\/fr\/notre-organisation\/travailler-a-nsf\/#primaryimage\"},\"thumbnailUrl\":\"https:\/\/www.nsfcanada.ca\/wp-content\/uploads\/2021\/03\/55424257_xl-scaled.jpg\",\"datePublished\":\"2021-05-12T12:32:46+00:00\",\"breadcrumb\":{\"@id\":\"https:\/\/www.nsfcanada.ca\/fr\/notre-organisation\/travailler-a-nsf\/#breadcrumb\"},\"inLanguage\":\"fr-FR\",\"potentialAction\":[{\"@type\":\"ReadAction\",\"target\":[\"https:\/\/www.nsfcanada.ca\/fr\/notre-organisation\/travailler-a-nsf\/\"]}]},{\"@type\":\"ImageObject\",\"inLanguage\":\"fr-FR\",\"@id\":\"https:\/\/www.nsfcanada.ca\/fr\/notre-organisation\/travailler-a-nsf\/#primaryimage\",\"url\":\"https:\/\/www.nsfcanada.ca\/wp-content\/uploads\/2021\/03\/55424257_xl-scaled.jpg\",\"contentUrl\":\"https:\/\/www.nsfcanada.ca\/wp-content\/uploads\/2021\/03\/55424257_xl-scaled.jpg\",\"width\":2560,\"height\":1709,\"caption\":\"High Angle View Of Two Businesspeople Shaking Hand\"},{\"@type\":\"BreadcrumbList\",\"@id\":\"https:\/\/www.nsfcanada.ca\/fr\/notre-organisation\/travailler-a-nsf\/#breadcrumb\",\"itemListElement\":[{\"@type\":\"ListItem\",\"position\":1,\"name\":\"Home\",\"item\":\"https:\/\/www.nsfcanada.ca\/fr\/\"},{\"@type\":\"ListItem\",\"position\":2,\"name\":\"Notre Organisation\",\"item\":\"https:\/\/www.nsfcanada.ca\/fr\/about-us\/\"},{\"@type\":\"ListItem\",\"position\":3,\"name\":\"Travailler \u00e0 NSF\"}]},{\"@type\":\"WebSite\",\"@id\":\"https:\/\/www.nsfcanada.ca\/fr\/#website\",\"url\":\"https:\/\/www.nsfcanada.ca\/fr\/\",\"name\":\"NSF\",\"description\":\"NSF Services in Canada\",\"publisher\":{\"@id\":\"https:\/\/www.nsfcanada.ca\/fr\/#organization\"},\"potentialAction\":[{\"@type\":\"SearchAction\",\"target\":{\"@type\":\"EntryPoint\",\"urlTemplate\":\"https:\/\/www.nsfcanada.ca\/fr\/?s={search_term_string}\"},\"query-input\":{\"@type\":\"PropertyValueSpecification\",\"valueRequired\":true,\"valueName\":\"search_term_string\"}}],\"inLanguage\":\"fr-FR\"},{\"@type\":\"Organization\",\"@id\":\"https:\/\/www.nsfcanada.ca\/fr\/#organization\",\"name\":\"NSF International\",\"url\":\"https:\/\/www.nsfcanada.ca\/fr\/\",\"logo\":{\"@type\":\"ImageObject\",\"inLanguage\":\"fr-FR\",\"@id\":\"https:\/\/www.nsfcanada.ca\/fr\/#\/schema\/logo\/image\/\",\"url\":\"http:\/\/canada.nsfinternational.eu\/wp-content\/uploads\/2021\/03\/logo-nsf-international.png\",\"contentUrl\":\"http:\/\/canada.nsfinternational.eu\/wp-content\/uploads\/2021\/03\/logo-nsf-international.png\",\"width\":300,\"height\":300,\"caption\":\"NSF International\"},\"image\":{\"@id\":\"https:\/\/www.nsfcanada.ca\/fr\/#\/schema\/logo\/image\/\"}}]}<\/script>\n<!-- \/ Yoast SEO plugin. -->","yoast_head_json":{"title":"Travailler \u00e0 NSF | NSF","robots":{"index":"index","follow":"follow","max-snippet":"max-snippet:-1","max-image-preview":"max-image-preview:large","max-video-preview":"max-video-preview:-1"},"canonical":"https:\/\/www.nsfcanada.ca\/fr\/notre-organisation\/travailler-a-nsf\/","og_locale":"fr_FR","og_type":"article","og_title":"Travailler \u00e0 NSF | NSF","og_description":"Travailler \u00e0 NSF NSF a pour mission de prot\u00e9ger et d\u2019am\u00e9liorer la sant\u00e9 humaine. Nous sommes un chef de file mondial du domaine de la mise au point, de la mise \u00e0 l\u2019essai, de la v\u00e9rification, de la certification et de la formation en mati\u00e8re de normalisation. Nous offrons ces services \u00e0 une vaste gamme [&hellip;]","og_url":"https:\/\/www.nsfcanada.ca\/fr\/notre-organisation\/travailler-a-nsf\/","og_site_name":"NSF","og_image":[{"width":2560,"height":1709,"url":"https:\/\/www.nsfcanada.ca\/wp-content\/uploads\/2021\/03\/55424257_xl-scaled.jpg","type":"image\/jpeg"}],"twitter_card":"summary_large_image","twitter_misc":{"Dur\u00e9e de lecture estim\u00e9e":"1 minute"},"schema":{"@context":"https:\/\/schema.org","@graph":[{"@type":"WebPage","@id":"https:\/\/www.nsfcanada.ca\/fr\/notre-organisation\/travailler-a-nsf\/","url":"https:\/\/www.nsfcanada.ca\/fr\/notre-organisation\/travailler-a-nsf\/","name":"Travailler \u00e0 NSF | NSF","isPartOf":{"@id":"https:\/\/www.nsfcanada.ca\/fr\/#website"},"primaryImageOfPage":{"@id":"https:\/\/www.nsfcanada.ca\/fr\/notre-organisation\/travailler-a-nsf\/#primaryimage"},"image":{"@id":"https:\/\/www.nsfcanada.ca\/fr\/notre-organisation\/travailler-a-nsf\/#primaryimage"},"thumbnailUrl":"https:\/\/www.nsfcanada.ca\/wp-content\/uploads\/2021\/03\/55424257_xl-scaled.jpg","datePublished":"2021-05-12T12:32:46+00:00","breadcrumb":{"@id":"https:\/\/www.nsfcanada.ca\/fr\/notre-organisation\/travailler-a-nsf\/#breadcrumb"},"inLanguage":"fr-FR","potentialAction":[{"@type":"ReadAction","target":["https:\/\/www.nsfcanada.ca\/fr\/notre-organisation\/travailler-a-nsf\/"]}]},{"@type":"ImageObject","inLanguage":"fr-FR","@id":"https:\/\/www.nsfcanada.ca\/fr\/notre-organisation\/travailler-a-nsf\/#primaryimage","url":"https:\/\/www.nsfcanada.ca\/wp-content\/uploads\/2021\/03\/55424257_xl-scaled.jpg","contentUrl":"https:\/\/www.nsfcanada.ca\/wp-content\/uploads\/2021\/03\/55424257_xl-scaled.jpg","width":2560,"height":1709,"caption":"High Angle View Of Two Businesspeople Shaking Hand"},{"@type":"BreadcrumbList","@id":"https:\/\/www.nsfcanada.ca\/fr\/notre-organisation\/travailler-a-nsf\/#breadcrumb","itemListElement":[{"@type":"ListItem","position":1,"name":"Home","item":"https:\/\/www.nsfcanada.ca\/fr\/"},{"@type":"ListItem","position":2,"name":"Notre Organisation","item":"https:\/\/www.nsfcanada.ca\/fr\/about-us\/"},{"@type":"ListItem","position":3,"name":"Travailler \u00e0 NSF"}]},{"@type":"WebSite","@id":"https:\/\/www.nsfcanada.ca\/fr\/#website","url":"https:\/\/www.nsfcanada.ca\/fr\/","name":"NSF","description":"NSF Services in Canada","publisher":{"@id":"https:\/\/www.nsfcanada.ca\/fr\/#organization"},"potentialAction":[{"@type":"SearchAction","target":{"@type":"EntryPoint","urlTemplate":"https:\/\/www.nsfcanada.ca\/fr\/?s={search_term_string}"},"query-input":{"@type":"PropertyValueSpecification","valueRequired":true,"valueName":"search_term_string"}}],"inLanguage":"fr-FR"},{"@type":"Organization","@id":"https:\/\/www.nsfcanada.ca\/fr\/#organization","name":"NSF International","url":"https:\/\/www.nsfcanada.ca\/fr\/","logo":{"@type":"ImageObject","inLanguage":"fr-FR","@id":"https:\/\/www.nsfcanada.ca\/fr\/#\/schema\/logo\/image\/","url":"http:\/\/canada.nsfinternational.eu\/wp-content\/uploads\/2021\/03\/logo-nsf-international.png","contentUrl":"http:\/\/canada.nsfinternational.eu\/wp-content\/uploads\/2021\/03\/logo-nsf-international.png","width":300,"height":300,"caption":"NSF International"},"image":{"@id":"https:\/\/www.nsfcanada.ca\/fr\/#\/schema\/logo\/image\/"}}]}},"_links":{"self":[{"href":"https:\/\/www.nsfcanada.ca\/fr\/wp-json\/wp\/v2\/pages\/2048","targetHints":{"allow":["GET"]}}],"collection":[{"href":"https:\/\/www.nsfcanada.ca\/fr\/wp-json\/wp\/v2\/pages"}],"about":[{"href":"https:\/\/www.nsfcanada.ca\/fr\/wp-json\/wp\/v2\/types\/page"}],"author":[{"embeddable":true,"href":"https:\/\/www.nsfcanada.ca\/fr\/wp-json\/wp\/v2\/users\/1"}],"replies":[{"embeddable":true,"href":"https:\/\/www.nsfcanada.ca\/fr\/wp-json\/wp\/v2\/comments?post=2048"}],"version-history":[{"count":1,"href":"https:\/\/www.nsfcanada.ca\/fr\/wp-json\/wp\/v2\/pages\/2048\/revisions"}],"predecessor-version":[{"id":2049,"href":"https:\/\/www.nsfcanada.ca\/fr\/wp-json\/wp\/v2\/pages\/2048\/revisions\/2049"}],"up":[{"embeddable":true,"href":"https:\/\/www.nsfcanada.ca\/fr\/wp-json\/wp\/v2\/pages\/1968"}],"wp:featuredmedia":[{"embeddable":true,"href":"https:\/\/www.nsfcanada.ca\/fr\/wp-json\/wp\/v2\/media\/1232"}],"wp:attachment":[{"href":"https:\/\/www.nsfcanada.ca\/fr\/wp-json\/wp\/v2\/media?parent=2048"}],"curies":[{"name":"wp","href":"https:\/\/api.w.org\/{rel}","templated":true}]}}