{"id":2050,"date":"2021-05-12T08:33:07","date_gmt":"2021-05-12T12:33:07","guid":{"rendered":"https:\/\/www.nsfcanada.ca\/plan-du-site\/"},"modified":"2021-05-12T09:01:46","modified_gmt":"2021-05-12T13:01:46","slug":"plan-du-site","status":"publish","type":"page","link":"https:\/\/www.nsfcanada.ca\/fr\/plan-du-site\/","title":{"rendered":"Plan du site"},"content":{"rendered":"\t\t<div data-elementor-type=\"wp-page\" data-elementor-id=\"2050\" class=\"elementor elementor-2050 elementor-615\">\n\t\t\t\t\t\t<section class=\"elementor-section elementor-top-section elementor-element elementor-element-6f8606b elementor-section-boxed elementor-section-height-default elementor-section-height-default\" data-id=\"6f8606b\" data-element_type=\"section\" data-settings=\"{&quot;jet_parallax_layout_list&quot;:[{&quot;jet_parallax_layout_image&quot;:{&quot;url&quot;:&quot;&quot;,&quot;id&quot;:&quot;&quot;,&quot;size&quot;:&quot;&quot;},&quot;_id&quot;:&quot;7ae9b7f&quot;,&quot;jet_parallax_layout_image_tablet&quot;:{&quot;url&quot;:&quot;&quot;,&quot;id&quot;:&quot;&quot;,&quot;size&quot;:&quot;&quot;},&quot;jet_parallax_layout_image_mobile&quot;:{&quot;url&quot;:&quot;&quot;,&quot;id&quot;:&quot;&quot;,&quot;size&quot;:&quot;&quot;},&quot;jet_parallax_layout_speed&quot;:{&quot;unit&quot;:&quot;%&quot;,&quot;size&quot;:50,&quot;sizes&quot;:[]},&quot;jet_parallax_layout_type&quot;:&quot;scroll&quot;,&quot;jet_parallax_layout_direction&quot;:null,&quot;jet_parallax_layout_fx_direction&quot;:null,&quot;jet_parallax_layout_z_index&quot;:&quot;&quot;,&quot;jet_parallax_layout_bg_x&quot;:50,&quot;jet_parallax_layout_bg_x_tablet&quot;:&quot;&quot;,&quot;jet_parallax_layout_bg_x_mobile&quot;:&quot;&quot;,&quot;jet_parallax_layout_bg_y&quot;:50,&quot;jet_parallax_layout_bg_y_tablet&quot;:&quot;&quot;,&quot;jet_parallax_layout_bg_y_mobile&quot;:&quot;&quot;,&quot;jet_parallax_layout_bg_size&quot;:&quot;auto&quot;,&quot;jet_parallax_layout_bg_size_tablet&quot;:&quot;&quot;,&quot;jet_parallax_layout_bg_size_mobile&quot;:&quot;&quot;,&quot;jet_parallax_layout_animation_prop&quot;:&quot;transform&quot;,&quot;jet_parallax_layout_on&quot;:[&quot;desktop&quot;,&quot;tablet&quot;]}]}\">\n\t\t\t\t\t\t<div class=\"elementor-container elementor-column-gap-default\">\n\t\t\t\t\t<div class=\"elementor-column elementor-col-100 elementor-top-column elementor-element elementor-element-344cb44\" data-id=\"344cb44\" data-element_type=\"column\">\n\t\t\t<div class=\"elementor-widget-wrap elementor-element-populated\">\n\t\t\t\t\t\t<div class=\"elementor-element elementor-element-fc8c936 elementor-widget elementor-widget-wp-widget-pages\" data-id=\"fc8c936\" data-element_type=\"widget\" data-widget_type=\"wp-widget-pages.default\">\n\t\t\t\t<div class=\"elementor-widget-container\">\n\t\t\t\t\t<div class=\"jupiterx-widget widget_pages\"><div class=\"jupiterx-widget-content\"><h3 class=\"card-title\">Plan du site<\/h3>\n\t\t\t<ul>\n\t\t\t\t<li class=\"page_item page-item-2012\"><a href=\"https:\/\/www.nsfcanada.ca\/fr\/conditions-dutilisation\/\">Conditions d\u2019utilisation<\/a><\/li>\n<li class=\"page_item page-item-2429\"><a href=\"https:\/\/www.nsfcanada.ca\/fr\/declaration-de-transparence-de-nsf-concernant-la-loi-sur-lesclavage-moderne\/\">D\u00e9claration de transparence de NSF concernant la loi sur l\u2019esclavage moderne<\/a><\/li>\n<li class=\"page_item page-item-2110\"><a href=\"https:\/\/www.nsfcanada.ca\/fr\/nous-joindre-2\/\">Nous joindre<\/a><\/li>\n<li class=\"page_item page-item-1900\"><a href=\"https:\/\/www.nsfcanada.ca\/fr\/\">Page d&rsquo;accueil<\/a><\/li>\n<li class=\"page_item page-item-2008\"><a href=\"https:\/\/www.nsfcanada.ca\/fr\/politique-de-protection-de-la-vie-privee\/\">Politique de protection de la vie priv\u00e9e<\/a><\/li>\n<li class=\"page_item page-item-1881 page_item_has_children\"><a href=\"https:\/\/www.nsfcanada.ca\/fr\/formation-et-education\/\">Formation et \u00e9ducation<\/a>\n<ul class='children'>\n\t<li class=\"page_item page-item-634\"><a href=\"https:\/\/www.nsfcanada.ca\/fr\/formation-et-education\/apprentissage-en-ligne\/\">Apprentissage en ligne<\/a><\/li>\n\t<li class=\"page_item page-item-1883\"><a href=\"https:\/\/www.nsfcanada.ca\/fr\/formation-et-education\/formation-sur-place-et-sur-mesure\/\">Formation sur place et sur mesure<\/a><\/li>\n\t<li class=\"page_item page-item-1885\"><a href=\"https:\/\/www.nsfcanada.ca\/fr\/formation-et-education\/programmes-generaux\/\">Programmes g\u00e9n\u00e9raux<\/a><\/li>\n<\/ul>\n<\/li>\n<li class=\"page_item page-item-1887 page_item_has_children\"><a href=\"https:\/\/www.nsfcanada.ca\/fr\/services-de-consultation-en-salubrite-et-qualite-alimentaire\/\">Consultation<\/a>\n<ul class='children'>\n\t<li class=\"page_item page-item-1889\"><a href=\"https:\/\/www.nsfcanada.ca\/fr\/services-de-consultation-en-salubrite-et-qualite-alimentaire\/les-controles-du-covid-19\/\">Les contr\u00f4les du COVID-19<\/a><\/li>\n\t<li class=\"page_item page-item-1891\"><a href=\"https:\/\/www.nsfcanada.ca\/fr\/services-de-consultation-en-salubrite-et-qualite-alimentaire\/verification-necessaire-en-matiere-de-salubrite-alimentaire-lors-de-fusions-et-dacquisitions\/\">V\u00e9rification n\u00e9cessaire en mati\u00e8re de salubrit\u00e9 alimentaire lors de fusions et d&rsquo;acquisitions<\/a><\/li>\n\t<li class=\"page_item page-item-1893\"><a href=\"https:\/\/www.nsfcanada.ca\/fr\/services-de-consultation-en-salubrite-et-qualite-alimentaire\/developpement-dun-programme-de-salubrite-des-aliments\/\">D\u00e9veloppement d&rsquo;un programme de salubrit\u00e9 des aliments<\/a><\/li>\n\t<li class=\"page_item page-item-1895\"><a href=\"https:\/\/www.nsfcanada.ca\/fr\/services-de-consultation-en-salubrite-et-qualite-alimentaire\/services-externes\/\">Services externes<\/a><\/li>\n\t<li class=\"page_item page-item-1897\"><a href=\"https:\/\/www.nsfcanada.ca\/fr\/services-de-consultation-en-salubrite-et-qualite-alimentaire\/gestion-des-risques-et-des-crises\/\">Gestion des risques et des crises<\/a><\/li>\n<\/ul>\n<\/li>\n<li class=\"page_item page-item-1906 page_item_has_children\"><a href=\"https:\/\/www.nsfcanada.ca\/fr\/certification-et-audits\/\">Certification et audits<\/a>\n<ul class='children'>\n\t<li class=\"page_item page-item-1908\"><a href=\"https:\/\/www.nsfcanada.ca\/fr\/certification-et-audits\/agriculture-produits-animaux\/\">Agriculture : produits animaux<\/a><\/li>\n\t<li class=\"page_item page-item-1910\"><a href=\"https:\/\/www.nsfcanada.ca\/fr\/certification-et-audits\/agriculture-produits-vegetaux\/\">Agriculture : produits v\u00e9g\u00e9taux<\/a><\/li>\n\t<li class=\"page_item page-item-1912\"><a href=\"https:\/\/www.nsfcanada.ca\/fr\/certification-et-audits\/certification-gfsi\/\">Certification GFSI<\/a><\/li>\n\t<li class=\"page_item page-item-1914\"><a href=\"https:\/\/www.nsfcanada.ca\/fr\/certification-et-audits\/certifications-etiquettes-allegations\/\">Certifications: \u00e9tiquettes + all\u00e9gations<\/a><\/li>\n\t<li class=\"page_item page-item-1916\"><a href=\"https:\/\/www.nsfcanada.ca\/fr\/certification-et-audits\/enregistrement-de-systemes-de-gestion\/\">Enregistrement de syst\u00e8mes de gestion<\/a><\/li>\n\t<li class=\"page_item page-item-2562\"><a href=\"https:\/\/www.nsfcanada.ca\/fr\/certification-et-audits\/iso-45001-systeme-de-gestion-de-la-sante-et-de-la-securite-au-travail\/\">ISO 45001 Syst\u00e8me de gestion de la sant\u00e9 et de la s\u00e9curit\u00e9 au travail<\/a><\/li>\n\t<li class=\"page_item page-item-2595\"><a href=\"https:\/\/www.nsfcanada.ca\/fr\/certification-et-audits\/programme-de-certification-des-troupeaux-pour-la-maladie-debilitante-chronique-mdc\/\">Programme de certification des troupeaux pour la maladie d\u00e9bilitante chronique (MDC)<\/a><\/li>\n\t<li class=\"page_item page-item-2626\"><a href=\"https:\/\/www.nsfcanada.ca\/fr\/certification-et-audits\/verification-de-la-norme-de-gestion-de-la-qualite-de-leau-potable-de-lontario-ngqep\/\">V\u00e9rification de la norme de gestion de la qualit\u00e9 de l&rsquo;eau potable de l&rsquo;Ontario (NGQEP)<\/a><\/li>\n\t<li class=\"page_item page-item-1918\"><a href=\"https:\/\/www.nsfcanada.ca\/fr\/certification-et-audits\/commerce-de-detail\/\">Commerce de d\u00e9tail<\/a><\/li>\n\t<li class=\"page_item page-item-1920\"><a href=\"https:\/\/www.nsfcanada.ca\/fr\/certification-et-audits\/assurance-qualite-fournisseurs\/\">Assurance qualit\u00e9 fournisseurs<\/a><\/li>\n<\/ul>\n<\/li>\n<li class=\"page_item page-item-1922 page_item_has_children\"><a href=\"https:\/\/www.nsfcanada.ca\/fr\/services-techniques\/\">Services techniques<\/a>\n<ul class='children'>\n\t<li class=\"page_item page-item-1928\"><a href=\"https:\/\/www.nsfcanada.ca\/fr\/services-techniques\/conformite-des-aliments-et-de-letiquetage\/\">Conformit\u00e9 des aliments et de l\u2019\u00e9tiquetage<\/a><\/li>\n\t<li class=\"page_item page-item-1930\"><a href=\"https:\/\/www.nsfcanada.ca\/fr\/services-techniques\/essais-de-duree-de-conservation\/\">Essais de dur\u00e9e de conservation<\/a><\/li>\n\t<li class=\"page_item page-item-1932\"><a href=\"https:\/\/www.nsfcanada.ca\/fr\/services-techniques\/mise-a-lessai-de-produits-et-demballages\/\">Mise \u00e0 l\u2019essai de produits et d\u2019emballages<\/a><\/li>\n\t<li class=\"page_item page-item-1936\"><a href=\"https:\/\/www.nsfcanada.ca\/fr\/services-techniques\/nouveaux-produits-et-nouvelles-methodes\/\">Nouveaux produits et nouvelles m\u00e9thodes<\/a><\/li>\n\t<li class=\"page_item page-item-1938\"><a href=\"https:\/\/www.nsfcanada.ca\/fr\/services-techniques\/validation-des-methodes-et-epreuves\/\">Validation des m\u00e9thodes et \u00e9preuves<\/a><\/li>\n\t<li class=\"page_item page-item-1940\"><a href=\"https:\/\/www.nsfcanada.ca\/fr\/services-techniques\/cannabis-comestible\/\">Cannabis comestible<\/a><\/li>\n<\/ul>\n<\/li>\n<li class=\"page_item page-item-1986\"><a href=\"https:\/\/www.nsfcanada.ca\/fr\/membership\/\">Membership<\/a><\/li>\n<li class=\"page_item page-item-1989\"><a href=\"https:\/\/www.nsfcanada.ca\/fr\/nous-joindre\/\">Nous joindre<\/a><\/li>\n<li class=\"page_item page-item-2000\"><a href=\"https:\/\/www.nsfcanada.ca\/fr\/actualites-et-evenements\/\">Actualit\u00e9s et \u00e9v\u00e9nements<\/a><\/li>\n<li class=\"page_item page-item-1968 page_item_has_children\"><a href=\"https:\/\/www.nsfcanada.ca\/fr\/notre-organisation\/\">Notre Organisation<\/a>\n<ul class='children'>\n\t<li class=\"page_item page-item-2041\"><a href=\"https:\/\/www.nsfcanada.ca\/fr\/notre-organisation\/plan-daccessibilite-en-vertu-lapho\/\">Plan d\u2019accessibilit\u00e9 en vertu LAPHO<\/a><\/li>\n\t<li class=\"page_item page-item-2046\"><a href=\"https:\/\/www.nsfcanada.ca\/fr\/notre-organisation\/securite-alimentaire-et-capacites-iso\/\">S\u00e9curit\u00e9 alimentaire et capacit\u00e9s ISO<\/a><\/li>\n\t<li class=\"page_item page-item-2048\"><a href=\"https:\/\/www.nsfcanada.ca\/fr\/notre-organisation\/travailler-a-nsf\/\">Travailler \u00e0 NSF<\/a><\/li>\n<\/ul>\n<\/li>\n\t\t\t<\/ul>\n\n\t\t\t<\/div><\/div>\t\t\t\t<\/div>\n\t\t\t\t<\/div>\n\t\t\t\t\t<\/div>\n\t\t<\/div>\n\t\t\t\t\t<\/div>\n\t\t<\/section>\n\t\t\t\t<\/div>\n\t\t","protected":false},"excerpt":{"rendered":"","protected":false},"author":1,"featured_media":624,"parent":0,"menu_order":0,"comment_status":"closed","ping_status":"open","template":"","meta":{"_acf_changed":false,"footnotes":""},"class_list":["post-2050","page","type-page","status-publish","has-post-thumbnail","hentry"],"acf":[],"yoast_head":"<!-- This site is optimized with the Yoast SEO plugin v26.5 - https:\/\/yoast.com\/wordpress\/plugins\/seo\/ -->\n<title>Plan du site | NSF<\/title>\n<meta name=\"robots\" content=\"index, follow, max-snippet:-1, max-image-preview:large, max-video-preview:-1\" \/>\n<link rel=\"canonical\" href=\"https:\/\/www.nsfcanada.ca\/fr\/plan-du-site\/\" \/>\n<meta property=\"og:locale\" content=\"fr_FR\" \/>\n<meta property=\"og:type\" content=\"article\" \/>\n<meta property=\"og:title\" content=\"Plan du site | NSF\" \/>\n<meta property=\"og:url\" content=\"https:\/\/www.nsfcanada.ca\/fr\/plan-du-site\/\" \/>\n<meta property=\"og:site_name\" content=\"NSF\" \/>\n<meta property=\"article:modified_time\" content=\"2021-05-12T13:01:46+00:00\" \/>\n<meta property=\"og:image\" content=\"https:\/\/www.nsfcanada.ca\/wp-content\/uploads\/2021\/03\/sitemap.jpg\" \/>\n\t<meta property=\"og:image:width\" content=\"2000\" \/>\n\t<meta property=\"og:image:height\" content=\"300\" \/>\n\t<meta property=\"og:image:type\" content=\"image\/jpeg\" \/>\n<meta name=\"twitter:card\" content=\"summary_large_image\" \/>\n<meta name=\"twitter:label1\" content=\"Dur\u00e9e de lecture estim\u00e9e\" \/>\n\t<meta name=\"twitter:data1\" content=\"1 minute\" \/>\n<script type=\"application\/ld+json\" class=\"yoast-schema-graph\">{\"@context\":\"https:\/\/schema.org\",\"@graph\":[{\"@type\":\"WebPage\",\"@id\":\"https:\/\/www.nsfcanada.ca\/fr\/plan-du-site\/\",\"url\":\"https:\/\/www.nsfcanada.ca\/fr\/plan-du-site\/\",\"name\":\"Plan du site | NSF\",\"isPartOf\":{\"@id\":\"https:\/\/www.nsfcanada.ca\/fr\/#website\"},\"primaryImageOfPage\":{\"@id\":\"https:\/\/www.nsfcanada.ca\/fr\/plan-du-site\/#primaryimage\"},\"image\":{\"@id\":\"https:\/\/www.nsfcanada.ca\/fr\/plan-du-site\/#primaryimage\"},\"thumbnailUrl\":\"https:\/\/www.nsfcanada.ca\/wp-content\/uploads\/2021\/03\/sitemap.jpg\",\"datePublished\":\"2021-05-12T12:33:07+00:00\",\"dateModified\":\"2021-05-12T13:01:46+00:00\",\"breadcrumb\":{\"@id\":\"https:\/\/www.nsfcanada.ca\/fr\/plan-du-site\/#breadcrumb\"},\"inLanguage\":\"fr-FR\",\"potentialAction\":[{\"@type\":\"ReadAction\",\"target\":[\"https:\/\/www.nsfcanada.ca\/fr\/plan-du-site\/\"]}]},{\"@type\":\"ImageObject\",\"inLanguage\":\"fr-FR\",\"@id\":\"https:\/\/www.nsfcanada.ca\/fr\/plan-du-site\/#primaryimage\",\"url\":\"https:\/\/www.nsfcanada.ca\/wp-content\/uploads\/2021\/03\/sitemap.jpg\",\"contentUrl\":\"https:\/\/www.nsfcanada.ca\/wp-content\/uploads\/2021\/03\/sitemap.jpg\",\"width\":2000,\"height\":300},{\"@type\":\"BreadcrumbList\",\"@id\":\"https:\/\/www.nsfcanada.ca\/fr\/plan-du-site\/#breadcrumb\",\"itemListElement\":[{\"@type\":\"ListItem\",\"position\":1,\"name\":\"Home\",\"item\":\"https:\/\/www.nsfcanada.ca\/fr\/\"},{\"@type\":\"ListItem\",\"position\":2,\"name\":\"Plan du site\"}]},{\"@type\":\"WebSite\",\"@id\":\"https:\/\/www.nsfcanada.ca\/fr\/#website\",\"url\":\"https:\/\/www.nsfcanada.ca\/fr\/\",\"name\":\"NSF\",\"description\":\"NSF Services in Canada\",\"publisher\":{\"@id\":\"https:\/\/www.nsfcanada.ca\/fr\/#organization\"},\"potentialAction\":[{\"@type\":\"SearchAction\",\"target\":{\"@type\":\"EntryPoint\",\"urlTemplate\":\"https:\/\/www.nsfcanada.ca\/fr\/?s={search_term_string}\"},\"query-input\":{\"@type\":\"PropertyValueSpecification\",\"valueRequired\":true,\"valueName\":\"search_term_string\"}}],\"inLanguage\":\"fr-FR\"},{\"@type\":\"Organization\",\"@id\":\"https:\/\/www.nsfcanada.ca\/fr\/#organization\",\"name\":\"NSF International\",\"url\":\"https:\/\/www.nsfcanada.ca\/fr\/\",\"logo\":{\"@type\":\"ImageObject\",\"inLanguage\":\"fr-FR\",\"@id\":\"https:\/\/www.nsfcanada.ca\/fr\/#\/schema\/logo\/image\/\",\"url\":\"http:\/\/canada.nsfinternational.eu\/wp-content\/uploads\/2021\/03\/logo-nsf-international.png\",\"contentUrl\":\"http:\/\/canada.nsfinternational.eu\/wp-content\/uploads\/2021\/03\/logo-nsf-international.png\",\"width\":300,\"height\":300,\"caption\":\"NSF International\"},\"image\":{\"@id\":\"https:\/\/www.nsfcanada.ca\/fr\/#\/schema\/logo\/image\/\"}}]}<\/script>\n<!-- \/ Yoast SEO plugin. -->","yoast_head_json":{"title":"Plan du site | NSF","robots":{"index":"index","follow":"follow","max-snippet":"max-snippet:-1","max-image-preview":"max-image-preview:large","max-video-preview":"max-video-preview:-1"},"canonical":"https:\/\/www.nsfcanada.ca\/fr\/plan-du-site\/","og_locale":"fr_FR","og_type":"article","og_title":"Plan du site | NSF","og_url":"https:\/\/www.nsfcanada.ca\/fr\/plan-du-site\/","og_site_name":"NSF","article_modified_time":"2021-05-12T13:01:46+00:00","og_image":[{"width":2000,"height":300,"url":"https:\/\/www.nsfcanada.ca\/wp-content\/uploads\/2021\/03\/sitemap.jpg","type":"image\/jpeg"}],"twitter_card":"summary_large_image","twitter_misc":{"Dur\u00e9e de lecture estim\u00e9e":"1 minute"},"schema":{"@context":"https:\/\/schema.org","@graph":[{"@type":"WebPage","@id":"https:\/\/www.nsfcanada.ca\/fr\/plan-du-site\/","url":"https:\/\/www.nsfcanada.ca\/fr\/plan-du-site\/","name":"Plan du site | NSF","isPartOf":{"@id":"https:\/\/www.nsfcanada.ca\/fr\/#website"},"primaryImageOfPage":{"@id":"https:\/\/www.nsfcanada.ca\/fr\/plan-du-site\/#primaryimage"},"image":{"@id":"https:\/\/www.nsfcanada.ca\/fr\/plan-du-site\/#primaryimage"},"thumbnailUrl":"https:\/\/www.nsfcanada.ca\/wp-content\/uploads\/2021\/03\/sitemap.jpg","datePublished":"2021-05-12T12:33:07+00:00","dateModified":"2021-05-12T13:01:46+00:00","breadcrumb":{"@id":"https:\/\/www.nsfcanada.ca\/fr\/plan-du-site\/#breadcrumb"},"inLanguage":"fr-FR","potentialAction":[{"@type":"ReadAction","target":["https:\/\/www.nsfcanada.ca\/fr\/plan-du-site\/"]}]},{"@type":"ImageObject","inLanguage":"fr-FR","@id":"https:\/\/www.nsfcanada.ca\/fr\/plan-du-site\/#primaryimage","url":"https:\/\/www.nsfcanada.ca\/wp-content\/uploads\/2021\/03\/sitemap.jpg","contentUrl":"https:\/\/www.nsfcanada.ca\/wp-content\/uploads\/2021\/03\/sitemap.jpg","width":2000,"height":300},{"@type":"BreadcrumbList","@id":"https:\/\/www.nsfcanada.ca\/fr\/plan-du-site\/#breadcrumb","itemListElement":[{"@type":"ListItem","position":1,"name":"Home","item":"https:\/\/www.nsfcanada.ca\/fr\/"},{"@type":"ListItem","position":2,"name":"Plan du site"}]},{"@type":"WebSite","@id":"https:\/\/www.nsfcanada.ca\/fr\/#website","url":"https:\/\/www.nsfcanada.ca\/fr\/","name":"NSF","description":"NSF Services in Canada","publisher":{"@id":"https:\/\/www.nsfcanada.ca\/fr\/#organization"},"potentialAction":[{"@type":"SearchAction","target":{"@type":"EntryPoint","urlTemplate":"https:\/\/www.nsfcanada.ca\/fr\/?s={search_term_string}"},"query-input":{"@type":"PropertyValueSpecification","valueRequired":true,"valueName":"search_term_string"}}],"inLanguage":"fr-FR"},{"@type":"Organization","@id":"https:\/\/www.nsfcanada.ca\/fr\/#organization","name":"NSF International","url":"https:\/\/www.nsfcanada.ca\/fr\/","logo":{"@type":"ImageObject","inLanguage":"fr-FR","@id":"https:\/\/www.nsfcanada.ca\/fr\/#\/schema\/logo\/image\/","url":"http:\/\/canada.nsfinternational.eu\/wp-content\/uploads\/2021\/03\/logo-nsf-international.png","contentUrl":"http:\/\/canada.nsfinternational.eu\/wp-content\/uploads\/2021\/03\/logo-nsf-international.png","width":300,"height":300,"caption":"NSF International"},"image":{"@id":"https:\/\/www.nsfcanada.ca\/fr\/#\/schema\/logo\/image\/"}}]}},"_links":{"self":[{"href":"https:\/\/www.nsfcanada.ca\/fr\/wp-json\/wp\/v2\/pages\/2050","targetHints":{"allow":["GET"]}}],"collection":[{"href":"https:\/\/www.nsfcanada.ca\/fr\/wp-json\/wp\/v2\/pages"}],"about":[{"href":"https:\/\/www.nsfcanada.ca\/fr\/wp-json\/wp\/v2\/types\/page"}],"author":[{"embeddable":true,"href":"https:\/\/www.nsfcanada.ca\/fr\/wp-json\/wp\/v2\/users\/1"}],"replies":[{"embeddable":true,"href":"https:\/\/www.nsfcanada.ca\/fr\/wp-json\/wp\/v2\/comments?post=2050"}],"version-history":[{"count":4,"href":"https:\/\/www.nsfcanada.ca\/fr\/wp-json\/wp\/v2\/pages\/2050\/revisions"}],"predecessor-version":[{"id":2056,"href":"https:\/\/www.nsfcanada.ca\/fr\/wp-json\/wp\/v2\/pages\/2050\/revisions\/2056"}],"wp:featuredmedia":[{"embeddable":true,"href":"https:\/\/www.nsfcanada.ca\/fr\/wp-json\/wp\/v2\/media\/624"}],"wp:attachment":[{"href":"https:\/\/www.nsfcanada.ca\/fr\/wp-json\/wp\/v2\/media?parent=2050"}],"curies":[{"name":"wp","href":"https:\/\/api.w.org\/{rel}","templated":true}]}}