{"id":2429,"date":"2024-03-22T10:13:45","date_gmt":"2024-03-22T14:13:45","guid":{"rendered":"https:\/\/www.nsfcanada.ca\/declaration-de-transparence-de-nsf-concernant-la-loi-sur-lesclavage-moderne\/"},"modified":"2024-03-22T10:13:45","modified_gmt":"2024-03-22T14:13:45","slug":"declaration-de-transparence-de-nsf-concernant-la-loi-sur-lesclavage-moderne","status":"publish","type":"page","link":"https:\/\/www.nsfcanada.ca\/fr\/declaration-de-transparence-de-nsf-concernant-la-loi-sur-lesclavage-moderne\/","title":{"rendered":"D\u00e9claration de transparence de NSF concernant la loi sur l\u2019esclavage moderne"},"content":{"rendered":"<p>NSF International UK, Ltd. ainsi que ses filiales mondiales et ses soci\u00e9t\u00e9s affili\u00e9es (collectivement, \u00ab\u00a0NSF\u00a0\u00bb) exercent leurs activit\u00e9s conform\u00e9ment \u00e0 nos quatre valeurs fondamentales\u00a0: Agir correctement, Respecter les personnes, Poursuivre l\u2019excellence sans rel\u00e2che, et Tous unis au sein de NSF. Le code de d\u00e9ontologie actualis\u00e9 de NSF souligne notre engagement \u00e0 respecter les droits et la dignit\u00e9 de tous les individus. La NSF applique une tol\u00e9rance z\u00e9ro \u00e0 l\u2019\u00e9gard de l\u2019esclavage et de la traite des \u00eatres humains et s\u2019engage \u00e0 s\u2019am\u00e9liorer continuellement, ainsi qu\u2019\u00e0 am\u00e9liorer ses pratiques afin de garantir que l\u2019esclavage moderne et la traite des \u00eatres humains ne sont pas pr\u00e9sents dans ses activit\u00e9s ou dans ses cha\u00eenes d\u2019approvisionnement.<\/p>\n<h2>Notre structure, entreprise et nos cha\u00eenes d\u2019approvisionnement<\/h2>\n<h3>\u00c0 propos de NSF<\/h3>\n<p>NSF est une organisation internationale de sant\u00e9 et de s\u00e9curit\u00e9 publique qui poss\u00e8de des bureaux et des laboratoires dans plusieurs pays d\u2019Afrique, d\u2019Asie, d\u2019Europe, d\u2019Am\u00e9rique latine, des Cara\u00efbes, du Moyen-Orient, d\u2019Am\u00e9rique du Nord et d\u2019Oc\u00e9anie. Les fabricants, les organismes de r\u00e9glementation et les consommateurs se tournent vers NSF pour l\u2019\u00e9laboration de normes de sant\u00e9 publique et de programmes de certification qui contribuent \u00e0 prot\u00e9ger les aliments, l\u2019eau, les produits de consommation et l\u2019environnement dans le monde entier. Notre mission est de prot\u00e9ger et d\u2019am\u00e9liorer la sant\u00e9 des \u00eatres humains et de la plan\u00e8te. En tant qu\u2019organisation ind\u00e9pendante et accr\u00e9dit\u00e9e, notre groupe de normalisation facilite l\u2019\u00e9laboration de normes et nos groupes de service testent et certifient les produits et les syst\u00e8mes conform\u00e9ment \u00e0 nos propres normes et \u00e0 celles \u00e9labor\u00e9es par des tiers. Nous proposons \u00e9galement des solutions d\u2019audit et de gestion des risques pour la sant\u00e9 publique et l\u2019environnement.<\/p>\n<h2>Nos collaborateurs<\/h2>\n<p>NSF emploie plus de 2 700 personnes \u00e0 travers le monde et conclut des contrats avec des entrepreneurs et des laboratoires ind\u00e9pendants dans chacune des r\u00e9gions o\u00f9 elle op\u00e8re. Nous employons de temps \u00e0 autre de mani\u00e8re temporaire, notamment des professionnels ou des travailleurs hautement qualifi\u00e9s tels que des techniciens de laboratoire ou des informaticiens.<\/p>\n<h2>Nos services<\/h2>\n<p>Nous fournissons des services professionnels dans cinq domaines essentiels de la sant\u00e9 et de la s\u00e9curit\u00e9 publiques : l\u2019alimentation, l\u2019eau, les laboratoires, les sciences de la sant\u00e9 et les syst\u00e8mes de gestion. En tant que prestataire de services professionnels, nos employ\u00e9s et contractants ind\u00e9pendants sont des sp\u00e9cialistes hautement qualifi\u00e9s, notamment des auditeurs, du personnel de laboratoire, des consultants, des formateurs et du personnel administratif. Nous ne fabriquons pas de produits, ne poss\u00e9dons pas de sites de production et n\u2019employons pas de personnel de production.<\/p>\n<h2>Notre cha\u00eene d\u2019approvisionnement<\/h2>\n<p>Notre cha\u00eene d\u2019approvisionnement (dont certaines parties sont situ\u00e9es dans chaque r\u00e9gion o\u00f9 nous op\u00e9rons) est principalement constitu\u00e9e de prestataires de services professionnels tels que des travaux de laboratoire, des services informatiques et d\u2019autres services d\u2019assistance similaires. Nous achetons \u00e9galement des \u00e9quipements administratifs, de laboratoire et de technologie de l\u2019information, ainsi que des fournitures connexes. NSF n\u2019est pas un revendeur de produits tangibles.<\/p>\n<h2>Responsabilit\u00e9 de la mise en \u0153uvre et de la gestion de nos politiques en mati\u00e8re d\u2019esclavage moderne<\/h2>\n<p>Notre comit\u00e9 d\u2019\u00e9thique constitu\u00e9 de notre directeur juridique, de notre directeur des ressources humaines et de notre directeur financier est responsable de la mise en \u0153uvre et de la gestion de nos politiques en mati\u00e8re d\u2019esclavage moderne. \u00c0 partir de 2024, les questions de conformit\u00e9 seront transf\u00e9r\u00e9es du comit\u00e9 d\u2019audit au comit\u00e9 des ressources humaines du conseil d\u2019administration de NSF International, y compris nos politiques relatives \u00e0 l\u2019esclavage moderne. Notre comit\u00e9 d\u2019\u00e9thique a rendu compte r\u00e9guli\u00e8rement \u00e0 notre directeur g\u00e9n\u00e9ral et annuellement (ou plus souvent si n\u00e9cessaire) au comit\u00e9 d\u2019audit et rendra compte r\u00e9guli\u00e8rement au comit\u00e9 des ressources humaines du conseil d\u2019administration de NSF International en 2024. Un directeur de NSF International UK, Ltd. signe notre d\u00e9claration de transparence de la loi sur l\u2019esclavage moderne au nom de NSF.<\/p>\n<h2>Politiques relatives \u00e0 l\u2019esclavage et \u00e0 la traite des \u00eatres humains<\/h2>\n<p>Notre code de d\u00e9ontologie est disponible \u00e0 l\u2019adresse <a href=\"http:\/\/www.nsf.org\">www.nsf.org<\/a> et comprend notre interdiction de l\u2019esclavage moderne et notre conviction que le travail forc\u00e9 sous toutes ses formes n\u2019a pas sa place dans les op\u00e9rations ou la cha\u00eene d\u2019approvisionnement de NSF.\u00a0Nous distribuons notre code de d\u00e9ontologie \u00e0 nos prestataires ind\u00e9pendants et nous avons impos\u00e9 \u00e0 ces derniers l\u2019obligation contractuelle de respecter le code de d\u00e9ontologie. Nous demandons \u00e0 nos fournisseurs de signer une clause de \u00ab\u00a0respect des l\u00e9gislations\u00a0\u00bb dans nos accords d\u2019achat, clause qui oblige ces parties \u00e0 se conformer, entre autres, au code de d\u00e9ontologie de NSF et aux dispositions relatives \u00e0 la lutte contre l\u2019esclavage moderne et la traite des \u00eatres humains qui s\u2019y trouvent. Notre portail anonyme de signalement \u00e9thique en ligne comprend \u00e9galement une option permettant de signaler les probl\u00e8mes li\u00e9s \u00e0 l\u2019esclavage moderne ou \u00e0 la traite des \u00eatres humains. Nous avons \u00e9tendu la proc\u00e9dure de signalement anonyme pour y inclure une option web\/en ligne afin de permettre aux individus de signaler plus facilement leurs pr\u00e9occupations.<\/p>\n<h2>Processus de diligence requise<\/h2>\n<p>NSF exploite un portail anonyme de signalement \u00e9thique en ligne par l\u2019interm\u00e9diaire d\u2019un tiers ind\u00e9pendant. Ce portail est accessible \u00e0 nos employ\u00e9s, \u00e0 toute personne travaillant dans notre cha\u00eene d\u2019approvisionnement, aux clients de NSF, \u00e0 d\u2019autres parties prenantes externes et \u00e0 tout membre du public, qui peuvent tous y acc\u00e9der par l\u2019interm\u00e9diaire de nos sites Web externes. Un lien vers le portail est \u00e9galement int\u00e9gr\u00e9 \u00e0 notre code d\u2019\u00e9thique, qui est affich\u00e9 sur nos principaux sites Web externes. Le portail peut \u00eatre utilis\u00e9 pour signaler tout probl\u00e8me d\u2019\u00e9thique ou de conformit\u00e9. Tous les rapports re\u00e7us par le biais de notre portail font l\u2019objet d\u2019une enqu\u00eate approfondie par notre d\u00e9partement des ressources humaines, sous la direction de notre directeur logistique. Notre comit\u00e9 d\u2019\u00e9thique fournit des mises \u00e0 jour r\u00e9guli\u00e8res \u00e0 notre PDG, et notre directeur logistique a fourni des mises \u00e0 jour r\u00e9guli\u00e8res au comit\u00e9 d\u2019audit et fournira des mises \u00e0 jour r\u00e9guli\u00e8res au comit\u00e9 des ressources humaines du conseil d\u2019administration de NSF International.<\/p>\n<h2>Formation<\/h2>\n<p>Afin de garantir une parfaite compr\u00e9hension des risques li\u00e9s \u00e0 l\u2019esclavage moderne et \u00e0 la traite des \u00eatres humains dans nos cha\u00eenes d\u2019approvisionnement et nos activit\u00e9s, tous les employ\u00e9s, ainsi que les membres de notre conseil d\u2019administration, sont tenus de suivre chaque ann\u00e9e une formation en ligne sur le code de d\u00e9ontologie. La formation, que nous avons mise \u00e0 jour en 2023, couvre, entre autres, l\u2019esclavage moderne et la traite des \u00eatres humains, et les employ\u00e9s sont invit\u00e9s \u00e0 signaler, via notre portail, tout incident suspect d\u2019esclavage moderne.<\/p>\n<p>La pr\u00e9sente d\u00e9claration est faite conform\u00e9ment \u00e0 l\u2019article 54(1) de la loi de 2015 sur l\u2019esclavage moderne (Modern Slavery Act 2015) et constitue la d\u00e9claration de NSF sur l\u2019esclavage et la traite des \u00eatres humains pour l\u2019exercice financier se terminant le 31 d\u00e9cembre 2023. Cette d\u00e9claration est approuv\u00e9e par le conseil d\u2019administration de NSF International UK, Ltd. et est sign\u00e9e au nom du conseil par Laura Tackett, directrice.<\/p>\n<figure><img decoding=\"async\" src=\"https:\/\/d2evkimvhatqav.cloudfront.net\/images\/footer-pages\/laura-sign.jpg?v=1709802311\" alt=\"\" \/><\/figure>\n<p>Updated: March 6, 2024<\/p>\n","protected":false},"excerpt":{"rendered":"<p>NSF International UK, Ltd. ainsi que ses filiales mondiales et ses soci\u00e9t\u00e9s affili\u00e9es (collectivement, \u00ab\u00a0NSF\u00a0\u00bb) exercent leurs activit\u00e9s conform\u00e9ment \u00e0 nos quatre valeurs fondamentales\u00a0: Agir correctement, Respecter les personnes, Poursuivre l\u2019excellence sans rel\u00e2che, et Tous unis au sein de NSF. Le code de d\u00e9ontologie actualis\u00e9 de NSF souligne notre engagement \u00e0 respecter les droits et [&hellip;]<\/p>\n","protected":false},"author":1,"featured_media":0,"parent":0,"menu_order":0,"comment_status":"closed","ping_status":"closed","template":"","meta":{"_acf_changed":false,"footnotes":""},"class_list":["post-2429","page","type-page","status-publish","hentry"],"acf":[],"yoast_head":"<!-- This site is optimized with the Yoast SEO plugin v26.5 - https:\/\/yoast.com\/wordpress\/plugins\/seo\/ -->\n<title>D\u00e9claration de transparence de NSF concernant la loi sur l\u2019esclavage moderne | NSF<\/title>\n<meta name=\"robots\" content=\"index, follow, max-snippet:-1, max-image-preview:large, max-video-preview:-1\" \/>\n<link rel=\"canonical\" href=\"https:\/\/www.nsfcanada.ca\/fr\/declaration-de-transparence-de-nsf-concernant-la-loi-sur-lesclavage-moderne\/\" \/>\n<meta property=\"og:locale\" content=\"fr_FR\" \/>\n<meta property=\"og:type\" content=\"article\" \/>\n<meta property=\"og:title\" content=\"D\u00e9claration de transparence de NSF concernant la loi sur l\u2019esclavage moderne | NSF\" \/>\n<meta property=\"og:description\" content=\"NSF International UK, Ltd. ainsi que ses filiales mondiales et ses soci\u00e9t\u00e9s affili\u00e9es (collectivement, \u00ab\u00a0NSF\u00a0\u00bb) exercent leurs activit\u00e9s conform\u00e9ment \u00e0 nos quatre valeurs fondamentales\u00a0: Agir correctement, Respecter les personnes, Poursuivre l\u2019excellence sans rel\u00e2che, et Tous unis au sein de NSF. Le code de d\u00e9ontologie actualis\u00e9 de NSF souligne notre engagement \u00e0 respecter les droits et [&hellip;]\" \/>\n<meta property=\"og:url\" content=\"https:\/\/www.nsfcanada.ca\/fr\/declaration-de-transparence-de-nsf-concernant-la-loi-sur-lesclavage-moderne\/\" \/>\n<meta property=\"og:site_name\" content=\"NSF\" \/>\n<meta property=\"og:image\" content=\"https:\/\/d2evkimvhatqav.cloudfront.net\/images\/footer-pages\/laura-sign.jpg?v=1709802311\" \/>\n<meta name=\"twitter:card\" content=\"summary_large_image\" \/>\n<meta name=\"twitter:label1\" content=\"Dur\u00e9e de lecture estim\u00e9e\" \/>\n\t<meta name=\"twitter:data1\" content=\"6 minutes\" \/>\n<script type=\"application\/ld+json\" class=\"yoast-schema-graph\">{\"@context\":\"https:\/\/schema.org\",\"@graph\":[{\"@type\":\"WebPage\",\"@id\":\"https:\/\/www.nsfcanada.ca\/fr\/declaration-de-transparence-de-nsf-concernant-la-loi-sur-lesclavage-moderne\/\",\"url\":\"https:\/\/www.nsfcanada.ca\/fr\/declaration-de-transparence-de-nsf-concernant-la-loi-sur-lesclavage-moderne\/\",\"name\":\"D\u00e9claration de transparence de NSF concernant la loi sur l\u2019esclavage moderne | NSF\",\"isPartOf\":{\"@id\":\"https:\/\/www.nsfcanada.ca\/fr\/#website\"},\"primaryImageOfPage\":{\"@id\":\"https:\/\/www.nsfcanada.ca\/fr\/declaration-de-transparence-de-nsf-concernant-la-loi-sur-lesclavage-moderne\/#primaryimage\"},\"image\":{\"@id\":\"https:\/\/www.nsfcanada.ca\/fr\/declaration-de-transparence-de-nsf-concernant-la-loi-sur-lesclavage-moderne\/#primaryimage\"},\"thumbnailUrl\":\"https:\/\/d2evkimvhatqav.cloudfront.net\/images\/footer-pages\/laura-sign.jpg?v=1709802311\",\"datePublished\":\"2024-03-22T14:13:45+00:00\",\"breadcrumb\":{\"@id\":\"https:\/\/www.nsfcanada.ca\/fr\/declaration-de-transparence-de-nsf-concernant-la-loi-sur-lesclavage-moderne\/#breadcrumb\"},\"inLanguage\":\"fr-FR\",\"potentialAction\":[{\"@type\":\"ReadAction\",\"target\":[\"https:\/\/www.nsfcanada.ca\/fr\/declaration-de-transparence-de-nsf-concernant-la-loi-sur-lesclavage-moderne\/\"]}]},{\"@type\":\"ImageObject\",\"inLanguage\":\"fr-FR\",\"@id\":\"https:\/\/www.nsfcanada.ca\/fr\/declaration-de-transparence-de-nsf-concernant-la-loi-sur-lesclavage-moderne\/#primaryimage\",\"url\":\"https:\/\/d2evkimvhatqav.cloudfront.net\/images\/footer-pages\/laura-sign.jpg?v=1709802311\",\"contentUrl\":\"https:\/\/d2evkimvhatqav.cloudfront.net\/images\/footer-pages\/laura-sign.jpg?v=1709802311\"},{\"@type\":\"BreadcrumbList\",\"@id\":\"https:\/\/www.nsfcanada.ca\/fr\/declaration-de-transparence-de-nsf-concernant-la-loi-sur-lesclavage-moderne\/#breadcrumb\",\"itemListElement\":[{\"@type\":\"ListItem\",\"position\":1,\"name\":\"Home\",\"item\":\"https:\/\/www.nsfcanada.ca\/fr\/\"},{\"@type\":\"ListItem\",\"position\":2,\"name\":\"D\u00e9claration de transparence de NSF concernant la loi sur l\u2019esclavage moderne\"}]},{\"@type\":\"WebSite\",\"@id\":\"https:\/\/www.nsfcanada.ca\/fr\/#website\",\"url\":\"https:\/\/www.nsfcanada.ca\/fr\/\",\"name\":\"NSF\",\"description\":\"NSF Services in Canada\",\"publisher\":{\"@id\":\"https:\/\/www.nsfcanada.ca\/fr\/#organization\"},\"potentialAction\":[{\"@type\":\"SearchAction\",\"target\":{\"@type\":\"EntryPoint\",\"urlTemplate\":\"https:\/\/www.nsfcanada.ca\/fr\/?s={search_term_string}\"},\"query-input\":{\"@type\":\"PropertyValueSpecification\",\"valueRequired\":true,\"valueName\":\"search_term_string\"}}],\"inLanguage\":\"fr-FR\"},{\"@type\":\"Organization\",\"@id\":\"https:\/\/www.nsfcanada.ca\/fr\/#organization\",\"name\":\"NSF International\",\"url\":\"https:\/\/www.nsfcanada.ca\/fr\/\",\"logo\":{\"@type\":\"ImageObject\",\"inLanguage\":\"fr-FR\",\"@id\":\"https:\/\/www.nsfcanada.ca\/fr\/#\/schema\/logo\/image\/\",\"url\":\"http:\/\/canada.nsfinternational.eu\/wp-content\/uploads\/2021\/03\/logo-nsf-international.png\",\"contentUrl\":\"http:\/\/canada.nsfinternational.eu\/wp-content\/uploads\/2021\/03\/logo-nsf-international.png\",\"width\":300,\"height\":300,\"caption\":\"NSF International\"},\"image\":{\"@id\":\"https:\/\/www.nsfcanada.ca\/fr\/#\/schema\/logo\/image\/\"}}]}<\/script>\n<!-- \/ Yoast SEO plugin. -->","yoast_head_json":{"title":"D\u00e9claration de transparence de NSF concernant la loi sur l\u2019esclavage moderne | NSF","robots":{"index":"index","follow":"follow","max-snippet":"max-snippet:-1","max-image-preview":"max-image-preview:large","max-video-preview":"max-video-preview:-1"},"canonical":"https:\/\/www.nsfcanada.ca\/fr\/declaration-de-transparence-de-nsf-concernant-la-loi-sur-lesclavage-moderne\/","og_locale":"fr_FR","og_type":"article","og_title":"D\u00e9claration de transparence de NSF concernant la loi sur l\u2019esclavage moderne | NSF","og_description":"NSF International UK, Ltd. ainsi que ses filiales mondiales et ses soci\u00e9t\u00e9s affili\u00e9es (collectivement, \u00ab\u00a0NSF\u00a0\u00bb) exercent leurs activit\u00e9s conform\u00e9ment \u00e0 nos quatre valeurs fondamentales\u00a0: Agir correctement, Respecter les personnes, Poursuivre l\u2019excellence sans rel\u00e2che, et Tous unis au sein de NSF. Le code de d\u00e9ontologie actualis\u00e9 de NSF souligne notre engagement \u00e0 respecter les droits et [&hellip;]","og_url":"https:\/\/www.nsfcanada.ca\/fr\/declaration-de-transparence-de-nsf-concernant-la-loi-sur-lesclavage-moderne\/","og_site_name":"NSF","og_image":[{"url":"https:\/\/d2evkimvhatqav.cloudfront.net\/images\/footer-pages\/laura-sign.jpg?v=1709802311","type":"","width":"","height":""}],"twitter_card":"summary_large_image","twitter_misc":{"Dur\u00e9e de lecture estim\u00e9e":"6 minutes"},"schema":{"@context":"https:\/\/schema.org","@graph":[{"@type":"WebPage","@id":"https:\/\/www.nsfcanada.ca\/fr\/declaration-de-transparence-de-nsf-concernant-la-loi-sur-lesclavage-moderne\/","url":"https:\/\/www.nsfcanada.ca\/fr\/declaration-de-transparence-de-nsf-concernant-la-loi-sur-lesclavage-moderne\/","name":"D\u00e9claration de transparence de NSF concernant la loi sur l\u2019esclavage moderne | NSF","isPartOf":{"@id":"https:\/\/www.nsfcanada.ca\/fr\/#website"},"primaryImageOfPage":{"@id":"https:\/\/www.nsfcanada.ca\/fr\/declaration-de-transparence-de-nsf-concernant-la-loi-sur-lesclavage-moderne\/#primaryimage"},"image":{"@id":"https:\/\/www.nsfcanada.ca\/fr\/declaration-de-transparence-de-nsf-concernant-la-loi-sur-lesclavage-moderne\/#primaryimage"},"thumbnailUrl":"https:\/\/d2evkimvhatqav.cloudfront.net\/images\/footer-pages\/laura-sign.jpg?v=1709802311","datePublished":"2024-03-22T14:13:45+00:00","breadcrumb":{"@id":"https:\/\/www.nsfcanada.ca\/fr\/declaration-de-transparence-de-nsf-concernant-la-loi-sur-lesclavage-moderne\/#breadcrumb"},"inLanguage":"fr-FR","potentialAction":[{"@type":"ReadAction","target":["https:\/\/www.nsfcanada.ca\/fr\/declaration-de-transparence-de-nsf-concernant-la-loi-sur-lesclavage-moderne\/"]}]},{"@type":"ImageObject","inLanguage":"fr-FR","@id":"https:\/\/www.nsfcanada.ca\/fr\/declaration-de-transparence-de-nsf-concernant-la-loi-sur-lesclavage-moderne\/#primaryimage","url":"https:\/\/d2evkimvhatqav.cloudfront.net\/images\/footer-pages\/laura-sign.jpg?v=1709802311","contentUrl":"https:\/\/d2evkimvhatqav.cloudfront.net\/images\/footer-pages\/laura-sign.jpg?v=1709802311"},{"@type":"BreadcrumbList","@id":"https:\/\/www.nsfcanada.ca\/fr\/declaration-de-transparence-de-nsf-concernant-la-loi-sur-lesclavage-moderne\/#breadcrumb","itemListElement":[{"@type":"ListItem","position":1,"name":"Home","item":"https:\/\/www.nsfcanada.ca\/fr\/"},{"@type":"ListItem","position":2,"name":"D\u00e9claration de transparence de NSF concernant la loi sur l\u2019esclavage moderne"}]},{"@type":"WebSite","@id":"https:\/\/www.nsfcanada.ca\/fr\/#website","url":"https:\/\/www.nsfcanada.ca\/fr\/","name":"NSF","description":"NSF Services in Canada","publisher":{"@id":"https:\/\/www.nsfcanada.ca\/fr\/#organization"},"potentialAction":[{"@type":"SearchAction","target":{"@type":"EntryPoint","urlTemplate":"https:\/\/www.nsfcanada.ca\/fr\/?s={search_term_string}"},"query-input":{"@type":"PropertyValueSpecification","valueRequired":true,"valueName":"search_term_string"}}],"inLanguage":"fr-FR"},{"@type":"Organization","@id":"https:\/\/www.nsfcanada.ca\/fr\/#organization","name":"NSF International","url":"https:\/\/www.nsfcanada.ca\/fr\/","logo":{"@type":"ImageObject","inLanguage":"fr-FR","@id":"https:\/\/www.nsfcanada.ca\/fr\/#\/schema\/logo\/image\/","url":"http:\/\/canada.nsfinternational.eu\/wp-content\/uploads\/2021\/03\/logo-nsf-international.png","contentUrl":"http:\/\/canada.nsfinternational.eu\/wp-content\/uploads\/2021\/03\/logo-nsf-international.png","width":300,"height":300,"caption":"NSF International"},"image":{"@id":"https:\/\/www.nsfcanada.ca\/fr\/#\/schema\/logo\/image\/"}}]}},"_links":{"self":[{"href":"https:\/\/www.nsfcanada.ca\/fr\/wp-json\/wp\/v2\/pages\/2429","targetHints":{"allow":["GET"]}}],"collection":[{"href":"https:\/\/www.nsfcanada.ca\/fr\/wp-json\/wp\/v2\/pages"}],"about":[{"href":"https:\/\/www.nsfcanada.ca\/fr\/wp-json\/wp\/v2\/types\/page"}],"author":[{"embeddable":true,"href":"https:\/\/www.nsfcanada.ca\/fr\/wp-json\/wp\/v2\/users\/1"}],"replies":[{"embeddable":true,"href":"https:\/\/www.nsfcanada.ca\/fr\/wp-json\/wp\/v2\/comments?post=2429"}],"version-history":[{"count":0,"href":"https:\/\/www.nsfcanada.ca\/fr\/wp-json\/wp\/v2\/pages\/2429\/revisions"}],"wp:attachment":[{"href":"https:\/\/www.nsfcanada.ca\/fr\/wp-json\/wp\/v2\/media?parent=2429"}],"curies":[{"name":"wp","href":"https:\/\/api.w.org\/{rel}","templated":true}]}}