{"id":2595,"date":"2025-04-11T08:55:54","date_gmt":"2025-04-11T12:55:54","guid":{"rendered":"https:\/\/www.nsfcanada.ca\/?page_id=2595"},"modified":"2025-12-09T08:39:55","modified_gmt":"2025-12-09T13:39:55","slug":"programme-de-certification-des-troupeaux-pour-la-maladie-debilitante-chronique-mdc","status":"publish","type":"page","link":"https:\/\/www.nsfcanada.ca\/fr\/certification-et-audits\/programme-de-certification-des-troupeaux-pour-la-maladie-debilitante-chronique-mdc\/","title":{"rendered":"Programme de certification des troupeaux pour la maladie d\u00e9bilitante chronique (MDC)"},"content":{"rendered":"\t\t<div data-elementor-type=\"wp-page\" data-elementor-id=\"2595\" class=\"elementor elementor-2595\">\n\t\t\t\t\t\t<section class=\"elementor-section elementor-top-section elementor-element elementor-element-02dd413 elementor-section-boxed elementor-section-height-default elementor-section-height-default\" data-id=\"02dd413\" data-element_type=\"section\" data-settings=\"{&quot;jet_parallax_layout_list&quot;:[{&quot;jet_parallax_layout_image&quot;:{&quot;url&quot;:&quot;&quot;,&quot;id&quot;:&quot;&quot;,&quot;size&quot;:&quot;&quot;},&quot;_id&quot;:&quot;5626b35&quot;,&quot;jet_parallax_layout_image_tablet&quot;:{&quot;url&quot;:&quot;&quot;,&quot;id&quot;:&quot;&quot;,&quot;size&quot;:&quot;&quot;},&quot;jet_parallax_layout_image_mobile&quot;:{&quot;url&quot;:&quot;&quot;,&quot;id&quot;:&quot;&quot;,&quot;size&quot;:&quot;&quot;},&quot;jet_parallax_layout_speed&quot;:{&quot;unit&quot;:&quot;%&quot;,&quot;size&quot;:50,&quot;sizes&quot;:[]},&quot;jet_parallax_layout_type&quot;:&quot;scroll&quot;,&quot;jet_parallax_layout_direction&quot;:null,&quot;jet_parallax_layout_fx_direction&quot;:null,&quot;jet_parallax_layout_z_index&quot;:&quot;&quot;,&quot;jet_parallax_layout_bg_x&quot;:50,&quot;jet_parallax_layout_bg_x_tablet&quot;:&quot;&quot;,&quot;jet_parallax_layout_bg_x_mobile&quot;:&quot;&quot;,&quot;jet_parallax_layout_bg_y&quot;:50,&quot;jet_parallax_layout_bg_y_tablet&quot;:&quot;&quot;,&quot;jet_parallax_layout_bg_y_mobile&quot;:&quot;&quot;,&quot;jet_parallax_layout_bg_size&quot;:&quot;auto&quot;,&quot;jet_parallax_layout_bg_size_tablet&quot;:&quot;&quot;,&quot;jet_parallax_layout_bg_size_mobile&quot;:&quot;&quot;,&quot;jet_parallax_layout_animation_prop&quot;:&quot;transform&quot;,&quot;jet_parallax_layout_on&quot;:[&quot;desktop&quot;,&quot;tablet&quot;]}]}\">\n\t\t\t\t\t\t<div class=\"elementor-container elementor-column-gap-default\">\n\t\t\t\t\t<div class=\"elementor-column elementor-col-100 elementor-top-column elementor-element elementor-element-33df00c\" data-id=\"33df00c\" data-element_type=\"column\">\n\t\t\t<div class=\"elementor-widget-wrap elementor-element-populated\">\n\t\t\t\t\t\t<div class=\"elementor-element elementor-element-19b27ef elementor-widget elementor-widget-text-editor\" data-id=\"19b27ef\" data-element_type=\"widget\" data-widget_type=\"text-editor.default\">\n\t\t\t\t<div class=\"elementor-widget-container\">\n\t\t\t\t\t\t\t\t\t<h1>Programme de certification des troupeaux pour la maladie d\u00e9bilitante chronique (MDC)<\/h1>\nGarantir la sant\u00e9 du troupeau et la conformit\u00e9 r\u00e9glementaire.\n\nLa maladie d\u00e9bilitante chronique (MDC) est une maladie neurologique grave qui touche les esp\u00e8ces de cervid\u00e9s. Pour favoriser la sant\u00e9 des troupeaux et la conformit\u00e9 r\u00e9glementaire, l&rsquo;Agence canadienne d&rsquo;inspection des aliments (ACIA) a \u00e9tabli des normes nationales pour le programme de certification des troupeaux atteints de la maladie d\u00e9bilitante chronique. Cette certification est essentielle pour maintenir la durabilit\u00e9 du secteur et faciliter le commerce international.\n\nPour plus d&rsquo;informations sur la maladie d\u00e9bilitante chronique (MDC) et les normes nationales, consultez le site de <a href=\"https:\/\/inspection.canada.ca\/en\/animal-health\/terrestrial-animals\/diseases\/reportable\/cwd\/herd-certification#a3\" target=\"_blank\" rel=\"noopener\">l&rsquo;Agence canadienne d&rsquo;inspection des aliments<\/a>.\n<h2>Le r\u00f4le de NSF dans le programme de certification des troupeaux en lien avec la MDC<\/h2>\n\u00c0 compter du 1er avril 2025, NSF jouera le r\u00f4le d&rsquo;administrateur r\u00e9gional (AR) et d&rsquo;\u00e9valuateur de statut de la maladie d\u00e9bilitante chronique (MDC) pour les troupeaux situ\u00e9s en Alberta, en Saskatchewan, au Manitoba, en Ontario et au Qu\u00e9bec.\n\nLe document NSF MDC &#8211; Proc\u00e9dure op\u00e9rationnelle standardis\u00e9e (POS) d\u00e9finit la proc\u00e9dure suivie par NSF afin de mettre en \u0153uvre le programme de certification.\n\nR\u00e9f\u00e9rences :\n<ul>\n \t<li><a href=\"https:\/\/inspection.canada.ca\/fr\/sante-animaux\/animaux-terrestres\/maladies\/manuel-du-veterinaire-accredite\/chapitre-13\" target=\"_blank\" rel=\"noopener\">Normes nationales relatives \u00e0 l&rsquo;enc\u00e9phalopathie des cervid\u00e9s (ACIA)<\/a><\/li>\n \t<li><a href=\"https:\/\/nsfinternational.widen.net\/s\/w9pvgpnlpk\/nsf-chronic-wasting-disease-cwd-herd-certification-program---sop--8-15\" target=\"_blank\" rel=\"noopener\">NSF MDC &#8211; Proc\u00e9dure op\u00e9rationnelle standardis\u00e9e (POS) 2025<\/a> (en anglais)<\/li>\n<\/ul>\nProducteurs inscrits\n<ul>\n \t<li><a href=\"https:\/\/nsfinternational.widen.net\/s\/jfsbxcpfzh\/nsf-cwd-hcp_enrolled-producers-list_as-of-8-15\" target=\"_blank\" rel=\"noopener\">Liste des producteurs inscrits<\/a> (en anglais)<\/li>\n<\/ul>\n<h2>Documentation et formulaires NSF pour la MDC<\/h2>\nFormulaires de requ\u00eate :\n\nLes formulaires suivants sont disponibles pour les producteurs de cervid\u00e9s qui souhaitent s&rsquo;inscrire ou faire une demande d&rsquo;avancement annuel. Veuillez consulter le formulaire n\u00b0 1 pour identifier les formulaires pertinents requis.\n<table>\n<tbody>\n<tr>\n<td colspan=\"2\" valign=\"top\" width=\"330\"><strong>Anglais<\/strong><\/td>\n<td colspan=\"2\" valign=\"top\" width=\"311\"><strong>Fran\u00e7ais<\/strong><\/td>\n<\/tr>\n<tr>\n<td valign=\"top\" width=\"103\">Form 1<\/td>\n<td valign=\"top\" width=\"227\"><a href=\"https:\/\/nsfinternational.widencollective.com\/assets\/share\/asset\/zdcnewkjjj\" target=\"_blank\" rel=\"noreferrer noopener\">Submission Checklist (Initial &amp; Annual)<\/a><\/td>\n<td valign=\"top\" width=\"108\">Formulaire 1<\/td>\n<td valign=\"top\" width=\"203\"><a href=\"https:\/\/nsfinternational.widen.net\/s\/bwpssjdgkd\/formulaire-1---31823-fr-01\" target=\"_blank\" rel=\"noopener\">Liste de v\u00e9rification<\/a><\/td>\n<\/tr>\n<tr>\n<td valign=\"top\" width=\"103\">Form 2<\/td>\n<td valign=\"top\" width=\"227\"><a href=\"https:\/\/nsfinternational.widen.net\/s\/fxhb6wmjfj\/nsf-cwd-hcp---form-2---application-for-enrollment\" target=\"_blank\" rel=\"noreferrer noopener\">Application for Enrollment<\/a><\/td>\n<td valign=\"top\" width=\"108\">Formulaire 2<\/td>\n<td valign=\"top\" width=\"203\"><a href=\"https:\/\/nsfinternational.widen.net\/s\/pwfbbgjmw9\/formulaire-2---31824-fr-01\" target=\"_blank\" rel=\"noopener\">Demande d&rsquo;inscription<\/a><\/td>\n<\/tr>\n<tr>\n<td valign=\"top\" width=\"103\">Form 3<\/td>\n<td valign=\"top\" width=\"227\"><a href=\"https:\/\/nsfinternational.widen.net\/s\/ncrtgcgctk\/form-3---national-chronic-wasting-disease-herd-certification-program\" target=\"_blank\" rel=\"noreferrer noopener\">Entire Herd Inventory<\/a><\/td>\n<td valign=\"top\" width=\"108\">Formulaire 3<\/td>\n<td valign=\"top\" width=\"203\"><a href=\"https:\/\/nsfinternational.widen.net\/s\/ff9w2mvsmr\/formulaire-3---31825-fr-01\" target=\"_blank\" rel=\"noopener\">Inventaire complet du troupeau<\/a><\/td>\n<\/tr>\n<tr>\n<td valign=\"top\" width=\"103\">Form 4<\/td>\n<td valign=\"top\" width=\"227\"><a href=\"https:\/\/nsfinternational.widen.net\/s\/kbn89hkbgb\/nsf-cwd-hcp---form-4---herd-inventory-reconciliation-report\" target=\"_blank\" rel=\"noreferrer noopener\">Herd Inventory Reconciliation Report<\/a><\/td>\n<td valign=\"top\" width=\"108\">Formulaire 4<\/td>\n<td valign=\"top\" width=\"203\"><a href=\"https:\/\/nsfinternational.widen.net\/s\/xbsgsps2j8\/formulaire-4---31826-fr-01\" target=\"_blank\" rel=\"noopener\">Rapport de rapprochement de l&rsquo;inventaire du troupeau<\/a><\/td>\n<\/tr>\n<tr>\n<td valign=\"top\" width=\"103\">Form 5<\/td>\n<td valign=\"top\" width=\"227\"><a href=\"https:\/\/nsfinternational.widen.net\/s\/cmlptlgnws\/nsf-cwd-hcp---form-5---site-plan\" target=\"_blank\" rel=\"noreferrer noopener\">Site Plan<\/a><\/td>\n<td valign=\"top\" width=\"108\">Formulaire 5<\/td>\n<td valign=\"top\" width=\"203\"><a href=\"https:\/\/nsfinternational.widen.net\/s\/zdpzscdhhd\/formulaire-5---31827-fr-01\" target=\"_blank\" rel=\"noopener\">Plan du site<\/a><\/td>\n<\/tr>\n<tr>\n<td valign=\"top\" width=\"103\">Form 6<\/td>\n<td valign=\"top\" width=\"227\"><a href=\"https:\/\/nsfinternational.widen.net\/s\/vb9zv6dvvw\/nsf-cwd-hcp---form-6---site-inspection-and-biosecurity-assessment-report\" target=\"_blank\" rel=\"noreferrer noopener\">Site Inspection and Biosecurity Assessment Report<\/a><\/td>\n<td valign=\"top\" width=\"108\">Formulaire 6<\/td>\n<td valign=\"top\" width=\"203\"><a href=\"https:\/\/nsfinternational.widen.net\/s\/tlrsc6nvnq\/formulaire-6---31828-fr-01\" target=\"_blank\" rel=\"noopener\">Rapport d&rsquo;inspection du site et d&rsquo;\u00e9valuation de la bios\u00e9curit\u00e9<\/a><\/td>\n<\/tr>\n<tr>\n<td valign=\"top\" width=\"103\">Form 7<\/td>\n<td valign=\"top\" width=\"227\"><a href=\"https:\/\/nsfinternational.widen.net\/s\/7mnnzcgb6v\/nsf-cwd-hcp---form-7---cleaning-and-disinfection-attestation\" target=\"_blank\" rel=\"noreferrer noopener\">Cleaning and Disinfection Log<\/a><\/td>\n<td valign=\"top\" width=\"108\">Formulaire 7<\/td>\n<td valign=\"top\" width=\"203\"><a href=\"https:\/\/nsfinternational.widen.net\/s\/hmn8lxvv2w\/formulaire-7---31829-fr-01\" target=\"_blank\" rel=\"noopener\">Registre de nettoyage et d\u2019assainissement<\/a><\/td>\n<\/tr>\n<tr>\n<td valign=\"top\" width=\"103\">Form 8<\/td>\n<td valign=\"top\" width=\"227\"><a href=\"https:\/\/nsfinternational.widen.net\/s\/tnwggf9x8b\/nsf-cwd-hcp---form-8---stray--intrusion-report\" target=\"_blank\" rel=\"noreferrer noopener\">Stray and Intrusion Report<\/a><\/td>\n<td valign=\"top\" width=\"108\">Formulaire 8<\/td>\n<td valign=\"top\" width=\"203\"><a href=\"https:\/\/nsfinternational.widen.net\/s\/kclkccx5sk\/formulaire-8---31830-fr-01\" target=\"_blank\" rel=\"noopener\">Signalement d\u2019\u00e9vasion et d\u2019intrusion<\/a><\/td>\n<\/tr>\n<tr>\n<td valign=\"top\" width=\"103\">Form 9<\/td>\n<td valign=\"top\" width=\"227\"><a href=\"https:\/\/nsfinternational.widen.net\/s\/lzhcdqctg2\/nsf-cwd-hcp---form-9---quarterly-on-farm-report\" target=\"_blank\" rel=\"noreferrer noopener\">Quarterly On-Farm Death Report<\/a><\/td>\n<td valign=\"top\" width=\"108\">Formulaire 9<\/td>\n<td valign=\"top\" width=\"203\"><a href=\"https:\/\/nsfinternational.widen.net\/s\/jxht9m2dg2\/formulaire-9---31831-fr-01\" target=\"_blank\" rel=\"noopener\">Rapport trimestriel &#8211; D\u00e9c\u00e8s \u00e0 la ferme<\/a><\/td>\n<\/tr>\n<\/tbody>\n<\/table>\nDocuments suppl\u00e9mentaires susceptibles d&rsquo;\u00eatre applicables :\n<ul>\n \t<li>NSF MDC &#8211; Manuel du producteur 2025<\/li>\n \t<li>NSF MDC &#8211; Foire aux questions 2025<\/li>\n<\/ul>\n<h2>Nous contacter<\/h2>\nPour toute question concernant le programme de certification des troupeaux MDC, veuillez <a href=\"https:\/\/www.nsfcanada.ca\/fr\/nous-joindre\/\">nous contacter ici<\/a>.\t\t\t\t\t\t\t\t<\/div>\n\t\t\t\t<\/div>\n\t\t\t\t\t<\/div>\n\t\t<\/div>\n\t\t\t\t\t<\/div>\n\t\t<\/section>\n\t\t\t\t<\/div>\n\t\t","protected":false},"excerpt":{"rendered":"<p>Programme de certification des troupeaux pour la maladie d\u00e9bilitante chronique (MDC) Garantir la sant\u00e9 du troupeau et la conformit\u00e9 r\u00e9glementaire. La maladie d\u00e9bilitante chronique (MDC) est une maladie neurologique grave qui touche les esp\u00e8ces de cervid\u00e9s. Pour favoriser la sant\u00e9 des troupeaux et la conformit\u00e9 r\u00e9glementaire, l&rsquo;Agence canadienne d&rsquo;inspection des aliments (ACIA) a \u00e9tabli des [&hellip;]<\/p>\n","protected":false},"author":1,"featured_media":2599,"parent":1906,"menu_order":15,"comment_status":"closed","ping_status":"open","template":"","meta":{"_acf_changed":false,"footnotes":""},"class_list":["post-2595","page","type-page","status-publish","has-post-thumbnail","hentry"],"acf":[],"yoast_head":"<!-- This site is optimized with the Yoast SEO plugin v26.5 - https:\/\/yoast.com\/wordpress\/plugins\/seo\/ -->\n<title>Programme de certification des troupeaux pour la maladie d\u00e9bilitante chronique (MDC) | NSF<\/title>\n<meta name=\"robots\" content=\"index, follow, max-snippet:-1, max-image-preview:large, max-video-preview:-1\" \/>\n<link rel=\"canonical\" href=\"https:\/\/www.nsfcanada.ca\/fr\/certification-et-audits\/programme-de-certification-des-troupeaux-pour-la-maladie-debilitante-chronique-mdc\/\" \/>\n<meta property=\"og:locale\" content=\"fr_FR\" \/>\n<meta property=\"og:type\" content=\"article\" \/>\n<meta property=\"og:title\" content=\"Programme de certification des troupeaux pour la maladie d\u00e9bilitante chronique (MDC) | NSF\" \/>\n<meta property=\"og:description\" content=\"Programme de certification des troupeaux pour la maladie d\u00e9bilitante chronique (MDC) Garantir la sant\u00e9 du troupeau et la conformit\u00e9 r\u00e9glementaire. La maladie d\u00e9bilitante chronique (MDC) est une maladie neurologique grave qui touche les esp\u00e8ces de cervid\u00e9s. Pour favoriser la sant\u00e9 des troupeaux et la conformit\u00e9 r\u00e9glementaire, l&rsquo;Agence canadienne d&rsquo;inspection des aliments (ACIA) a \u00e9tabli des [&hellip;]\" \/>\n<meta property=\"og:url\" content=\"https:\/\/www.nsfcanada.ca\/fr\/certification-et-audits\/programme-de-certification-des-troupeaux-pour-la-maladie-debilitante-chronique-mdc\/\" \/>\n<meta property=\"og:site_name\" content=\"NSF\" \/>\n<meta property=\"article:modified_time\" content=\"2025-12-09T13:39:55+00:00\" \/>\n<meta property=\"og:image\" content=\"http:\/\/www.nsfcanada.ca\/wp-content\/uploads\/2025\/04\/wildlife-herd_1124297512-1.jpg\" \/>\n\t<meta property=\"og:image:width\" content=\"2000\" \/>\n\t<meta property=\"og:image:height\" content=\"300\" \/>\n\t<meta property=\"og:image:type\" content=\"image\/jpeg\" \/>\n<meta name=\"twitter:card\" content=\"summary_large_image\" \/>\n<meta name=\"twitter:label1\" content=\"Dur\u00e9e de lecture estim\u00e9e\" \/>\n\t<meta name=\"twitter:data1\" content=\"3 minutes\" \/>\n<script type=\"application\/ld+json\" class=\"yoast-schema-graph\">{\"@context\":\"https:\/\/schema.org\",\"@graph\":[{\"@type\":\"WebPage\",\"@id\":\"https:\/\/www.nsfcanada.ca\/fr\/certification-et-audits\/programme-de-certification-des-troupeaux-pour-la-maladie-debilitante-chronique-mdc\/\",\"url\":\"https:\/\/www.nsfcanada.ca\/fr\/certification-et-audits\/programme-de-certification-des-troupeaux-pour-la-maladie-debilitante-chronique-mdc\/\",\"name\":\"Programme de certification des troupeaux pour la maladie d\u00e9bilitante chronique (MDC) | NSF\",\"isPartOf\":{\"@id\":\"https:\/\/www.nsfcanada.ca\/fr\/#website\"},\"primaryImageOfPage\":{\"@id\":\"https:\/\/www.nsfcanada.ca\/fr\/certification-et-audits\/programme-de-certification-des-troupeaux-pour-la-maladie-debilitante-chronique-mdc\/#primaryimage\"},\"image\":{\"@id\":\"https:\/\/www.nsfcanada.ca\/fr\/certification-et-audits\/programme-de-certification-des-troupeaux-pour-la-maladie-debilitante-chronique-mdc\/#primaryimage\"},\"thumbnailUrl\":\"https:\/\/www.nsfcanada.ca\/wp-content\/uploads\/2025\/04\/wildlife-herd_1124297512-1.jpg\",\"datePublished\":\"2025-04-11T12:55:54+00:00\",\"dateModified\":\"2025-12-09T13:39:55+00:00\",\"breadcrumb\":{\"@id\":\"https:\/\/www.nsfcanada.ca\/fr\/certification-et-audits\/programme-de-certification-des-troupeaux-pour-la-maladie-debilitante-chronique-mdc\/#breadcrumb\"},\"inLanguage\":\"fr-FR\",\"potentialAction\":[{\"@type\":\"ReadAction\",\"target\":[\"https:\/\/www.nsfcanada.ca\/fr\/certification-et-audits\/programme-de-certification-des-troupeaux-pour-la-maladie-debilitante-chronique-mdc\/\"]}]},{\"@type\":\"ImageObject\",\"inLanguage\":\"fr-FR\",\"@id\":\"https:\/\/www.nsfcanada.ca\/fr\/certification-et-audits\/programme-de-certification-des-troupeaux-pour-la-maladie-debilitante-chronique-mdc\/#primaryimage\",\"url\":\"https:\/\/www.nsfcanada.ca\/wp-content\/uploads\/2025\/04\/wildlife-herd_1124297512-1.jpg\",\"contentUrl\":\"https:\/\/www.nsfcanada.ca\/wp-content\/uploads\/2025\/04\/wildlife-herd_1124297512-1.jpg\",\"width\":2000,\"height\":300},{\"@type\":\"BreadcrumbList\",\"@id\":\"https:\/\/www.nsfcanada.ca\/fr\/certification-et-audits\/programme-de-certification-des-troupeaux-pour-la-maladie-debilitante-chronique-mdc\/#breadcrumb\",\"itemListElement\":[{\"@type\":\"ListItem\",\"position\":1,\"name\":\"Home\",\"item\":\"https:\/\/www.nsfcanada.ca\/fr\/\"},{\"@type\":\"ListItem\",\"position\":2,\"name\":\"Certification et audits\",\"item\":\"https:\/\/www.nsfcanada.ca\/fr\/certification-et-audits\/\"},{\"@type\":\"ListItem\",\"position\":3,\"name\":\"Programme de certification des troupeaux pour la maladie d\u00e9bilitante chronique (MDC)\"}]},{\"@type\":\"WebSite\",\"@id\":\"https:\/\/www.nsfcanada.ca\/fr\/#website\",\"url\":\"https:\/\/www.nsfcanada.ca\/fr\/\",\"name\":\"NSF\",\"description\":\"NSF Services in Canada\",\"publisher\":{\"@id\":\"https:\/\/www.nsfcanada.ca\/fr\/#organization\"},\"potentialAction\":[{\"@type\":\"SearchAction\",\"target\":{\"@type\":\"EntryPoint\",\"urlTemplate\":\"https:\/\/www.nsfcanada.ca\/fr\/?s={search_term_string}\"},\"query-input\":{\"@type\":\"PropertyValueSpecification\",\"valueRequired\":true,\"valueName\":\"search_term_string\"}}],\"inLanguage\":\"fr-FR\"},{\"@type\":\"Organization\",\"@id\":\"https:\/\/www.nsfcanada.ca\/fr\/#organization\",\"name\":\"NSF International\",\"url\":\"https:\/\/www.nsfcanada.ca\/fr\/\",\"logo\":{\"@type\":\"ImageObject\",\"inLanguage\":\"fr-FR\",\"@id\":\"https:\/\/www.nsfcanada.ca\/fr\/#\/schema\/logo\/image\/\",\"url\":\"http:\/\/canada.nsfinternational.eu\/wp-content\/uploads\/2021\/03\/logo-nsf-international.png\",\"contentUrl\":\"http:\/\/canada.nsfinternational.eu\/wp-content\/uploads\/2021\/03\/logo-nsf-international.png\",\"width\":300,\"height\":300,\"caption\":\"NSF International\"},\"image\":{\"@id\":\"https:\/\/www.nsfcanada.ca\/fr\/#\/schema\/logo\/image\/\"}}]}<\/script>\n<!-- \/ Yoast SEO plugin. -->","yoast_head_json":{"title":"Programme de certification des troupeaux pour la maladie d\u00e9bilitante chronique (MDC) | NSF","robots":{"index":"index","follow":"follow","max-snippet":"max-snippet:-1","max-image-preview":"max-image-preview:large","max-video-preview":"max-video-preview:-1"},"canonical":"https:\/\/www.nsfcanada.ca\/fr\/certification-et-audits\/programme-de-certification-des-troupeaux-pour-la-maladie-debilitante-chronique-mdc\/","og_locale":"fr_FR","og_type":"article","og_title":"Programme de certification des troupeaux pour la maladie d\u00e9bilitante chronique (MDC) | NSF","og_description":"Programme de certification des troupeaux pour la maladie d\u00e9bilitante chronique (MDC) Garantir la sant\u00e9 du troupeau et la conformit\u00e9 r\u00e9glementaire. La maladie d\u00e9bilitante chronique (MDC) est une maladie neurologique grave qui touche les esp\u00e8ces de cervid\u00e9s. Pour favoriser la sant\u00e9 des troupeaux et la conformit\u00e9 r\u00e9glementaire, l&rsquo;Agence canadienne d&rsquo;inspection des aliments (ACIA) a \u00e9tabli des [&hellip;]","og_url":"https:\/\/www.nsfcanada.ca\/fr\/certification-et-audits\/programme-de-certification-des-troupeaux-pour-la-maladie-debilitante-chronique-mdc\/","og_site_name":"NSF","article_modified_time":"2025-12-09T13:39:55+00:00","og_image":[{"width":2000,"height":300,"url":"http:\/\/www.nsfcanada.ca\/wp-content\/uploads\/2025\/04\/wildlife-herd_1124297512-1.jpg","type":"image\/jpeg"}],"twitter_card":"summary_large_image","twitter_misc":{"Dur\u00e9e de lecture estim\u00e9e":"3 minutes"},"schema":{"@context":"https:\/\/schema.org","@graph":[{"@type":"WebPage","@id":"https:\/\/www.nsfcanada.ca\/fr\/certification-et-audits\/programme-de-certification-des-troupeaux-pour-la-maladie-debilitante-chronique-mdc\/","url":"https:\/\/www.nsfcanada.ca\/fr\/certification-et-audits\/programme-de-certification-des-troupeaux-pour-la-maladie-debilitante-chronique-mdc\/","name":"Programme de certification des troupeaux pour la maladie d\u00e9bilitante chronique (MDC) | NSF","isPartOf":{"@id":"https:\/\/www.nsfcanada.ca\/fr\/#website"},"primaryImageOfPage":{"@id":"https:\/\/www.nsfcanada.ca\/fr\/certification-et-audits\/programme-de-certification-des-troupeaux-pour-la-maladie-debilitante-chronique-mdc\/#primaryimage"},"image":{"@id":"https:\/\/www.nsfcanada.ca\/fr\/certification-et-audits\/programme-de-certification-des-troupeaux-pour-la-maladie-debilitante-chronique-mdc\/#primaryimage"},"thumbnailUrl":"https:\/\/www.nsfcanada.ca\/wp-content\/uploads\/2025\/04\/wildlife-herd_1124297512-1.jpg","datePublished":"2025-04-11T12:55:54+00:00","dateModified":"2025-12-09T13:39:55+00:00","breadcrumb":{"@id":"https:\/\/www.nsfcanada.ca\/fr\/certification-et-audits\/programme-de-certification-des-troupeaux-pour-la-maladie-debilitante-chronique-mdc\/#breadcrumb"},"inLanguage":"fr-FR","potentialAction":[{"@type":"ReadAction","target":["https:\/\/www.nsfcanada.ca\/fr\/certification-et-audits\/programme-de-certification-des-troupeaux-pour-la-maladie-debilitante-chronique-mdc\/"]}]},{"@type":"ImageObject","inLanguage":"fr-FR","@id":"https:\/\/www.nsfcanada.ca\/fr\/certification-et-audits\/programme-de-certification-des-troupeaux-pour-la-maladie-debilitante-chronique-mdc\/#primaryimage","url":"https:\/\/www.nsfcanada.ca\/wp-content\/uploads\/2025\/04\/wildlife-herd_1124297512-1.jpg","contentUrl":"https:\/\/www.nsfcanada.ca\/wp-content\/uploads\/2025\/04\/wildlife-herd_1124297512-1.jpg","width":2000,"height":300},{"@type":"BreadcrumbList","@id":"https:\/\/www.nsfcanada.ca\/fr\/certification-et-audits\/programme-de-certification-des-troupeaux-pour-la-maladie-debilitante-chronique-mdc\/#breadcrumb","itemListElement":[{"@type":"ListItem","position":1,"name":"Home","item":"https:\/\/www.nsfcanada.ca\/fr\/"},{"@type":"ListItem","position":2,"name":"Certification et audits","item":"https:\/\/www.nsfcanada.ca\/fr\/certification-et-audits\/"},{"@type":"ListItem","position":3,"name":"Programme de certification des troupeaux pour la maladie d\u00e9bilitante chronique (MDC)"}]},{"@type":"WebSite","@id":"https:\/\/www.nsfcanada.ca\/fr\/#website","url":"https:\/\/www.nsfcanada.ca\/fr\/","name":"NSF","description":"NSF Services in Canada","publisher":{"@id":"https:\/\/www.nsfcanada.ca\/fr\/#organization"},"potentialAction":[{"@type":"SearchAction","target":{"@type":"EntryPoint","urlTemplate":"https:\/\/www.nsfcanada.ca\/fr\/?s={search_term_string}"},"query-input":{"@type":"PropertyValueSpecification","valueRequired":true,"valueName":"search_term_string"}}],"inLanguage":"fr-FR"},{"@type":"Organization","@id":"https:\/\/www.nsfcanada.ca\/fr\/#organization","name":"NSF International","url":"https:\/\/www.nsfcanada.ca\/fr\/","logo":{"@type":"ImageObject","inLanguage":"fr-FR","@id":"https:\/\/www.nsfcanada.ca\/fr\/#\/schema\/logo\/image\/","url":"http:\/\/canada.nsfinternational.eu\/wp-content\/uploads\/2021\/03\/logo-nsf-international.png","contentUrl":"http:\/\/canada.nsfinternational.eu\/wp-content\/uploads\/2021\/03\/logo-nsf-international.png","width":300,"height":300,"caption":"NSF International"},"image":{"@id":"https:\/\/www.nsfcanada.ca\/fr\/#\/schema\/logo\/image\/"}}]}},"_links":{"self":[{"href":"https:\/\/www.nsfcanada.ca\/fr\/wp-json\/wp\/v2\/pages\/2595","targetHints":{"allow":["GET"]}}],"collection":[{"href":"https:\/\/www.nsfcanada.ca\/fr\/wp-json\/wp\/v2\/pages"}],"about":[{"href":"https:\/\/www.nsfcanada.ca\/fr\/wp-json\/wp\/v2\/types\/page"}],"author":[{"embeddable":true,"href":"https:\/\/www.nsfcanada.ca\/fr\/wp-json\/wp\/v2\/users\/1"}],"replies":[{"embeddable":true,"href":"https:\/\/www.nsfcanada.ca\/fr\/wp-json\/wp\/v2\/comments?post=2595"}],"version-history":[{"count":14,"href":"https:\/\/www.nsfcanada.ca\/fr\/wp-json\/wp\/v2\/pages\/2595\/revisions"}],"predecessor-version":[{"id":2625,"href":"https:\/\/www.nsfcanada.ca\/fr\/wp-json\/wp\/v2\/pages\/2595\/revisions\/2625"}],"up":[{"embeddable":true,"href":"https:\/\/www.nsfcanada.ca\/fr\/wp-json\/wp\/v2\/pages\/1906"}],"wp:featuredmedia":[{"embeddable":true,"href":"https:\/\/www.nsfcanada.ca\/fr\/wp-json\/wp\/v2\/media\/2599"}],"wp:attachment":[{"href":"https:\/\/www.nsfcanada.ca\/fr\/wp-json\/wp\/v2\/media?parent=2595"}],"curies":[{"name":"wp","href":"https:\/\/api.w.org\/{rel}","templated":true}]}}