{"id":634,"date":"2021-03-11T07:51:10","date_gmt":"2021-03-11T12:51:10","guid":{"rendered":"https:\/\/www.nsfcanada.ca\/apprentissage-en-ligne\/"},"modified":"2021-04-28T09:28:22","modified_gmt":"2021-04-28T13:28:22","slug":"apprentissage-en-ligne","status":"publish","type":"page","link":"https:\/\/www.nsfcanada.ca\/fr\/formation-et-education\/apprentissage-en-ligne\/","title":{"rendered":"Apprentissage en ligne"},"content":{"rendered":"\t\t<div data-elementor-type=\"wp-page\" data-elementor-id=\"634\" class=\"elementor elementor-634 elementor-27\">\n\t\t\t\t\t\t<section class=\"elementor-section elementor-top-section elementor-element elementor-element-64415ea elementor-section-boxed elementor-section-height-default elementor-section-height-default\" data-id=\"64415ea\" data-element_type=\"section\" data-settings=\"{&quot;jet_parallax_layout_list&quot;:[{&quot;jet_parallax_layout_image&quot;:{&quot;url&quot;:&quot;&quot;,&quot;id&quot;:&quot;&quot;,&quot;size&quot;:&quot;&quot;},&quot;_id&quot;:&quot;86de285&quot;,&quot;jet_parallax_layout_image_tablet&quot;:{&quot;url&quot;:&quot;&quot;,&quot;id&quot;:&quot;&quot;,&quot;size&quot;:&quot;&quot;},&quot;jet_parallax_layout_image_mobile&quot;:{&quot;url&quot;:&quot;&quot;,&quot;id&quot;:&quot;&quot;,&quot;size&quot;:&quot;&quot;},&quot;jet_parallax_layout_speed&quot;:{&quot;unit&quot;:&quot;%&quot;,&quot;size&quot;:50,&quot;sizes&quot;:[]},&quot;jet_parallax_layout_type&quot;:&quot;scroll&quot;,&quot;jet_parallax_layout_direction&quot;:null,&quot;jet_parallax_layout_fx_direction&quot;:null,&quot;jet_parallax_layout_z_index&quot;:&quot;&quot;,&quot;jet_parallax_layout_bg_x&quot;:50,&quot;jet_parallax_layout_bg_x_tablet&quot;:&quot;&quot;,&quot;jet_parallax_layout_bg_x_mobile&quot;:&quot;&quot;,&quot;jet_parallax_layout_bg_y&quot;:50,&quot;jet_parallax_layout_bg_y_tablet&quot;:&quot;&quot;,&quot;jet_parallax_layout_bg_y_mobile&quot;:&quot;&quot;,&quot;jet_parallax_layout_bg_size&quot;:&quot;auto&quot;,&quot;jet_parallax_layout_bg_size_tablet&quot;:&quot;&quot;,&quot;jet_parallax_layout_bg_size_mobile&quot;:&quot;&quot;,&quot;jet_parallax_layout_animation_prop&quot;:&quot;transform&quot;,&quot;jet_parallax_layout_on&quot;:[&quot;desktop&quot;,&quot;tablet&quot;]}]}\">\n\t\t\t\t\t\t<div class=\"elementor-container elementor-column-gap-default\">\n\t\t\t\t\t<div class=\"elementor-column elementor-col-100 elementor-top-column elementor-element elementor-element-b120d2a\" data-id=\"b120d2a\" data-element_type=\"column\">\n\t\t\t<div class=\"elementor-widget-wrap elementor-element-populated\">\n\t\t\t\t\t\t<div class=\"elementor-element elementor-element-e45abda elementor-widget elementor-widget-text-editor\" data-id=\"e45abda\" data-element_type=\"widget\" data-widget_type=\"text-editor.default\">\n\t\t\t\t<div class=\"elementor-widget-container\">\n\t\t\t\t\t\t\t\t\t<h1>Apprentissage en ligne<\/h1>\n<p>Mise au point avec le m\u00eame souci pour la qualit\u00e9 du contenu et l\u2019emploi des meilleures pratiques en formation des adultes, notre gamme diversifi\u00e9e de programmes de formation et d\u2019options de prestation vous permet d\u2019acqu\u00e9rir de nouvelles comp\u00e9tences et d\u2019\u00e9tendre vos connaissances de fa\u00e7on pertinente, interactive et stimulante. Tous nos programmes d\u2019apprentissage en ligne sont actuellement offerts en anglais seulement.<\/p>\n<h2>Cours g\u00e9n\u00e9raux en ligne et webinaires<\/h2>\n<p>Les cours en ligne et les webinaires offerts par les Services de formation et d\u2019\u00e9ducation de NSF sont mis au point avec le m\u00eame soin que les cours g\u00e9n\u00e9raux pr\u00e9sent\u00e9s en salle. Ils fournissent \u00e0 nos clients les avantages suivants :<\/p>\n<ul>\n<li>acc\u00e8s \u00e0 des experts de l\u2019industrie et \u00e0 des sp\u00e9cialistes du domaine vis\u00e9;<\/li>\n<li>apprentissage pertinent, interactif et appliqu\u00e9;<\/li>\n<li>mat\u00e9riel de cours complet.<\/li>\n<\/ul>\n<p>Les cours g\u00e9n\u00e9raux en ligne sont offerts \u00e0 distance sous forme de webinaires ou de modules d\u2019autoapprentissage pr\u00e9sent\u00e9s par l\u2019entremise de NSF Learn Online, notre plateforme de t\u00e9l\u00e9apprentissage.<\/p>\n<p>Veuillez noter que les\u00a0<a title=\"cours en ligne de NSF \" href=\"https:\/\/www.nsflearn.com\/us\/course-categories\/webinars-and-elearning\" target=\"_blank\" rel=\"noopener\">cours en ligne de NSF<\/a>\u00a0sont accessibles par le portail de formation de notre site am\u00e9ricain.<\/p>\n<h2>Programmes de t\u00e9l\u00e9apprentissage sur mesure et exclusifs<\/h2>\n<p>Les Services d\u2019\u00e9ducation et de formation de NSF sont fiers d\u2019offrir des programmes d\u2019apprentissage en ligne sur mesure et exclusifs pour r\u00e9pondre aux besoins pr\u00e9cis de leur client\u00e8le. \u00a0Nous pouvons mettre sur pied un programme de formation qui r\u00e9pond aux besoins et aux crit\u00e8res de conformit\u00e9 sp\u00e9cifiques \u00e0 votre entreprise.<br \/>\nLa formation peut :<\/p>\n<ul>\n<li>\u00eatre autog\u00e9r\u00e9e;<\/li>\n<li>\u00eatre offerte \u00e0 plusieurs groupes en m\u00eame temps;<\/li>\n<li>combiner l\u2019apprentissage \u00e9lectronique et la prestation par un formateur.<\/li>\n<\/ul>\n<p>Nos programmes en ligne autog\u00e9r\u00e9s permettent \u00e0 vos employ\u00e9s de profiter des cours techniques interactifs et stimulants offerts par nos Services de formation et d\u2019\u00e9ducation tout en \u00e9voluant \u00e0 leur propre rythme. Un syst\u00e8me de gestion de l\u2019apprentissage personnalis\u00e9 assure le suivi des progr\u00e8s.<\/p>\n<h2>Acad\u00e9mies d\u2019apprentissage en ligne<\/h2>\n<p>\u00cates-vous \u00e0 la recherche d\u2019une solution int\u00e9grale d\u2019apprentissage en ligne pour votre organisation? Nous travaillerons avec vous pour mettre au point une suite compl\u00e8te de programmes de t\u00e9l\u00e9apprentissage pertinents et interactifs qui correspondra pr\u00e9cis\u00e9ment \u00e0 vos besoins. Notre solution personnalis\u00e9e vous procure les avantages suivants :<\/p>\n<ul>\n<li>une plateforme de t\u00e9l\u00e9apprentissage exclusive \u00e0 votre marque, qui permet \u00e0 tous vos employ\u00e9s de suivre les cours;<\/li>\n<li>un syst\u00e8me de gestion de l\u2019apprentissage qui assure le suivi des progr\u00e8s de chaque participant;<\/li>\n<li>des cours adapt\u00e9s aux besoins pr\u00e9cis de vos employ\u00e9s et \u00e0 vos processus;<\/li>\n<li>une capacit\u00e9 illimit\u00e9e de cours et d\u2019options sur votre plateforme de t\u00e9l\u00e9apprentissage exclusive.<\/li>\n<\/ul>\n<p>Pour obtenir plus de d\u00e9tails ou demander une soumission, communiquez avec les Services de formation et d\u2019\u00e9ducation de NSF \u00e0 l\u2019adresse\u00a0<a href=\"mailto:nsflearn@nsf.org\" target=\"_blank\" rel=\"noopener\">nsflearn@nsf.org<\/a>.<\/p>\n\t\t\t\t\t\t\t\t<\/div>\n\t\t\t\t<\/div>\n\t\t\t\t\t<\/div>\n\t\t<\/div>\n\t\t\t\t\t<\/div>\n\t\t<\/section>\n\t\t\t\t<\/div>\n\t\t","protected":false},"excerpt":{"rendered":"<p>Apprentissage en ligne Mise au point avec le m\u00eame souci pour la qualit\u00e9 du contenu et l\u2019emploi des meilleures pratiques en formation des adultes, notre gamme diversifi\u00e9e de programmes de formation et d\u2019options de prestation vous permet d\u2019acqu\u00e9rir de nouvelles comp\u00e9tences et d\u2019\u00e9tendre vos connaissances de fa\u00e7on pertinente, interactive et stimulante. Tous nos programmes d\u2019apprentissage [&hellip;]<\/p>\n","protected":false},"author":1,"featured_media":36,"parent":1881,"menu_order":0,"comment_status":"closed","ping_status":"open","template":"","meta":{"_acf_changed":false,"footnotes":""},"class_list":["post-634","page","type-page","status-publish","has-post-thumbnail","hentry"],"acf":[],"yoast_head":"<!-- This site is optimized with the Yoast SEO plugin v26.5 - https:\/\/yoast.com\/wordpress\/plugins\/seo\/ -->\n<title>Apprentissage en ligne | NSF<\/title>\n<meta name=\"robots\" content=\"index, follow, max-snippet:-1, max-image-preview:large, max-video-preview:-1\" \/>\n<link rel=\"canonical\" href=\"https:\/\/www.nsfcanada.ca\/fr\/formation-et-education\/apprentissage-en-ligne\/\" \/>\n<meta property=\"og:locale\" content=\"fr_FR\" \/>\n<meta property=\"og:type\" content=\"article\" \/>\n<meta property=\"og:title\" content=\"Apprentissage en ligne | NSF\" \/>\n<meta property=\"og:description\" content=\"Apprentissage en ligne Mise au point avec le m\u00eame souci pour la qualit\u00e9 du contenu et l\u2019emploi des meilleures pratiques en formation des adultes, notre gamme diversifi\u00e9e de programmes de formation et d\u2019options de prestation vous permet d\u2019acqu\u00e9rir de nouvelles comp\u00e9tences et d\u2019\u00e9tendre vos connaissances de fa\u00e7on pertinente, interactive et stimulante. Tous nos programmes d\u2019apprentissage [&hellip;]\" \/>\n<meta property=\"og:url\" content=\"https:\/\/www.nsfcanada.ca\/fr\/formation-et-education\/apprentissage-en-ligne\/\" \/>\n<meta property=\"og:site_name\" content=\"NSF\" \/>\n<meta property=\"article:modified_time\" content=\"2021-04-28T13:28:22+00:00\" \/>\n<meta property=\"og:image\" content=\"https:\/\/www.nsfcanada.ca\/wp-content\/uploads\/2021\/02\/elearning7.jpg\" \/>\n\t<meta property=\"og:image:width\" content=\"2000\" \/>\n\t<meta property=\"og:image:height\" content=\"300\" \/>\n\t<meta property=\"og:image:type\" content=\"image\/jpeg\" \/>\n<meta name=\"twitter:card\" content=\"summary_large_image\" \/>\n<meta name=\"twitter:label1\" content=\"Dur\u00e9e de lecture estim\u00e9e\" \/>\n\t<meta name=\"twitter:data1\" content=\"2 minutes\" \/>\n<script type=\"application\/ld+json\" class=\"yoast-schema-graph\">{\"@context\":\"https:\/\/schema.org\",\"@graph\":[{\"@type\":\"WebPage\",\"@id\":\"https:\/\/www.nsfcanada.ca\/fr\/formation-et-education\/apprentissage-en-ligne\/\",\"url\":\"https:\/\/www.nsfcanada.ca\/fr\/formation-et-education\/apprentissage-en-ligne\/\",\"name\":\"Apprentissage en ligne | NSF\",\"isPartOf\":{\"@id\":\"https:\/\/www.nsfcanada.ca\/fr\/#website\"},\"primaryImageOfPage\":{\"@id\":\"https:\/\/www.nsfcanada.ca\/fr\/formation-et-education\/apprentissage-en-ligne\/#primaryimage\"},\"image\":{\"@id\":\"https:\/\/www.nsfcanada.ca\/fr\/formation-et-education\/apprentissage-en-ligne\/#primaryimage\"},\"thumbnailUrl\":\"https:\/\/www.nsfcanada.ca\/wp-content\/uploads\/2021\/02\/elearning7.jpg\",\"datePublished\":\"2021-03-11T12:51:10+00:00\",\"dateModified\":\"2021-04-28T13:28:22+00:00\",\"breadcrumb\":{\"@id\":\"https:\/\/www.nsfcanada.ca\/fr\/formation-et-education\/apprentissage-en-ligne\/#breadcrumb\"},\"inLanguage\":\"fr-FR\",\"potentialAction\":[{\"@type\":\"ReadAction\",\"target\":[\"https:\/\/www.nsfcanada.ca\/fr\/formation-et-education\/apprentissage-en-ligne\/\"]}]},{\"@type\":\"ImageObject\",\"inLanguage\":\"fr-FR\",\"@id\":\"https:\/\/www.nsfcanada.ca\/fr\/formation-et-education\/apprentissage-en-ligne\/#primaryimage\",\"url\":\"https:\/\/www.nsfcanada.ca\/wp-content\/uploads\/2021\/02\/elearning7.jpg\",\"contentUrl\":\"https:\/\/www.nsfcanada.ca\/wp-content\/uploads\/2021\/02\/elearning7.jpg\",\"width\":2000,\"height\":300},{\"@type\":\"BreadcrumbList\",\"@id\":\"https:\/\/www.nsfcanada.ca\/fr\/formation-et-education\/apprentissage-en-ligne\/#breadcrumb\",\"itemListElement\":[{\"@type\":\"ListItem\",\"position\":1,\"name\":\"Home\",\"item\":\"https:\/\/www.nsfcanada.ca\/fr\/\"},{\"@type\":\"ListItem\",\"position\":2,\"name\":\"Formation et \u00e9ducation\",\"item\":\"https:\/\/www.nsfcanada.ca\/fr\/formation-et-education\/\"},{\"@type\":\"ListItem\",\"position\":3,\"name\":\"Apprentissage en ligne\"}]},{\"@type\":\"WebSite\",\"@id\":\"https:\/\/www.nsfcanada.ca\/fr\/#website\",\"url\":\"https:\/\/www.nsfcanada.ca\/fr\/\",\"name\":\"NSF\",\"description\":\"NSF Services in Canada\",\"publisher\":{\"@id\":\"https:\/\/www.nsfcanada.ca\/fr\/#organization\"},\"potentialAction\":[{\"@type\":\"SearchAction\",\"target\":{\"@type\":\"EntryPoint\",\"urlTemplate\":\"https:\/\/www.nsfcanada.ca\/fr\/?s={search_term_string}\"},\"query-input\":{\"@type\":\"PropertyValueSpecification\",\"valueRequired\":true,\"valueName\":\"search_term_string\"}}],\"inLanguage\":\"fr-FR\"},{\"@type\":\"Organization\",\"@id\":\"https:\/\/www.nsfcanada.ca\/fr\/#organization\",\"name\":\"NSF International\",\"url\":\"https:\/\/www.nsfcanada.ca\/fr\/\",\"logo\":{\"@type\":\"ImageObject\",\"inLanguage\":\"fr-FR\",\"@id\":\"https:\/\/www.nsfcanada.ca\/fr\/#\/schema\/logo\/image\/\",\"url\":\"http:\/\/canada.nsfinternational.eu\/wp-content\/uploads\/2021\/03\/logo-nsf-international.png\",\"contentUrl\":\"http:\/\/canada.nsfinternational.eu\/wp-content\/uploads\/2021\/03\/logo-nsf-international.png\",\"width\":300,\"height\":300,\"caption\":\"NSF International\"},\"image\":{\"@id\":\"https:\/\/www.nsfcanada.ca\/fr\/#\/schema\/logo\/image\/\"}}]}<\/script>\n<!-- \/ Yoast SEO plugin. -->","yoast_head_json":{"title":"Apprentissage en ligne | NSF","robots":{"index":"index","follow":"follow","max-snippet":"max-snippet:-1","max-image-preview":"max-image-preview:large","max-video-preview":"max-video-preview:-1"},"canonical":"https:\/\/www.nsfcanada.ca\/fr\/formation-et-education\/apprentissage-en-ligne\/","og_locale":"fr_FR","og_type":"article","og_title":"Apprentissage en ligne | NSF","og_description":"Apprentissage en ligne Mise au point avec le m\u00eame souci pour la qualit\u00e9 du contenu et l\u2019emploi des meilleures pratiques en formation des adultes, notre gamme diversifi\u00e9e de programmes de formation et d\u2019options de prestation vous permet d\u2019acqu\u00e9rir de nouvelles comp\u00e9tences et d\u2019\u00e9tendre vos connaissances de fa\u00e7on pertinente, interactive et stimulante. Tous nos programmes d\u2019apprentissage [&hellip;]","og_url":"https:\/\/www.nsfcanada.ca\/fr\/formation-et-education\/apprentissage-en-ligne\/","og_site_name":"NSF","article_modified_time":"2021-04-28T13:28:22+00:00","og_image":[{"width":2000,"height":300,"url":"https:\/\/www.nsfcanada.ca\/wp-content\/uploads\/2021\/02\/elearning7.jpg","type":"image\/jpeg"}],"twitter_card":"summary_large_image","twitter_misc":{"Dur\u00e9e de lecture estim\u00e9e":"2 minutes"},"schema":{"@context":"https:\/\/schema.org","@graph":[{"@type":"WebPage","@id":"https:\/\/www.nsfcanada.ca\/fr\/formation-et-education\/apprentissage-en-ligne\/","url":"https:\/\/www.nsfcanada.ca\/fr\/formation-et-education\/apprentissage-en-ligne\/","name":"Apprentissage en ligne | NSF","isPartOf":{"@id":"https:\/\/www.nsfcanada.ca\/fr\/#website"},"primaryImageOfPage":{"@id":"https:\/\/www.nsfcanada.ca\/fr\/formation-et-education\/apprentissage-en-ligne\/#primaryimage"},"image":{"@id":"https:\/\/www.nsfcanada.ca\/fr\/formation-et-education\/apprentissage-en-ligne\/#primaryimage"},"thumbnailUrl":"https:\/\/www.nsfcanada.ca\/wp-content\/uploads\/2021\/02\/elearning7.jpg","datePublished":"2021-03-11T12:51:10+00:00","dateModified":"2021-04-28T13:28:22+00:00","breadcrumb":{"@id":"https:\/\/www.nsfcanada.ca\/fr\/formation-et-education\/apprentissage-en-ligne\/#breadcrumb"},"inLanguage":"fr-FR","potentialAction":[{"@type":"ReadAction","target":["https:\/\/www.nsfcanada.ca\/fr\/formation-et-education\/apprentissage-en-ligne\/"]}]},{"@type":"ImageObject","inLanguage":"fr-FR","@id":"https:\/\/www.nsfcanada.ca\/fr\/formation-et-education\/apprentissage-en-ligne\/#primaryimage","url":"https:\/\/www.nsfcanada.ca\/wp-content\/uploads\/2021\/02\/elearning7.jpg","contentUrl":"https:\/\/www.nsfcanada.ca\/wp-content\/uploads\/2021\/02\/elearning7.jpg","width":2000,"height":300},{"@type":"BreadcrumbList","@id":"https:\/\/www.nsfcanada.ca\/fr\/formation-et-education\/apprentissage-en-ligne\/#breadcrumb","itemListElement":[{"@type":"ListItem","position":1,"name":"Home","item":"https:\/\/www.nsfcanada.ca\/fr\/"},{"@type":"ListItem","position":2,"name":"Formation et \u00e9ducation","item":"https:\/\/www.nsfcanada.ca\/fr\/formation-et-education\/"},{"@type":"ListItem","position":3,"name":"Apprentissage en ligne"}]},{"@type":"WebSite","@id":"https:\/\/www.nsfcanada.ca\/fr\/#website","url":"https:\/\/www.nsfcanada.ca\/fr\/","name":"NSF","description":"NSF Services in Canada","publisher":{"@id":"https:\/\/www.nsfcanada.ca\/fr\/#organization"},"potentialAction":[{"@type":"SearchAction","target":{"@type":"EntryPoint","urlTemplate":"https:\/\/www.nsfcanada.ca\/fr\/?s={search_term_string}"},"query-input":{"@type":"PropertyValueSpecification","valueRequired":true,"valueName":"search_term_string"}}],"inLanguage":"fr-FR"},{"@type":"Organization","@id":"https:\/\/www.nsfcanada.ca\/fr\/#organization","name":"NSF International","url":"https:\/\/www.nsfcanada.ca\/fr\/","logo":{"@type":"ImageObject","inLanguage":"fr-FR","@id":"https:\/\/www.nsfcanada.ca\/fr\/#\/schema\/logo\/image\/","url":"http:\/\/canada.nsfinternational.eu\/wp-content\/uploads\/2021\/03\/logo-nsf-international.png","contentUrl":"http:\/\/canada.nsfinternational.eu\/wp-content\/uploads\/2021\/03\/logo-nsf-international.png","width":300,"height":300,"caption":"NSF International"},"image":{"@id":"https:\/\/www.nsfcanada.ca\/fr\/#\/schema\/logo\/image\/"}}]}},"_links":{"self":[{"href":"https:\/\/www.nsfcanada.ca\/fr\/wp-json\/wp\/v2\/pages\/634","targetHints":{"allow":["GET"]}}],"collection":[{"href":"https:\/\/www.nsfcanada.ca\/fr\/wp-json\/wp\/v2\/pages"}],"about":[{"href":"https:\/\/www.nsfcanada.ca\/fr\/wp-json\/wp\/v2\/types\/page"}],"author":[{"embeddable":true,"href":"https:\/\/www.nsfcanada.ca\/fr\/wp-json\/wp\/v2\/users\/1"}],"replies":[{"embeddable":true,"href":"https:\/\/www.nsfcanada.ca\/fr\/wp-json\/wp\/v2\/comments?post=634"}],"version-history":[{"count":2,"href":"https:\/\/www.nsfcanada.ca\/fr\/wp-json\/wp\/v2\/pages\/634\/revisions"}],"predecessor-version":[{"id":1899,"href":"https:\/\/www.nsfcanada.ca\/fr\/wp-json\/wp\/v2\/pages\/634\/revisions\/1899"}],"up":[{"embeddable":true,"href":"https:\/\/www.nsfcanada.ca\/fr\/wp-json\/wp\/v2\/pages\/1881"}],"wp:featuredmedia":[{"embeddable":true,"href":"https:\/\/www.nsfcanada.ca\/fr\/wp-json\/wp\/v2\/media\/36"}],"wp:attachment":[{"href":"https:\/\/www.nsfcanada.ca\/fr\/wp-json\/wp\/v2\/media?parent=634"}],"curies":[{"name":"wp","href":"https:\/\/api.w.org\/{rel}","templated":true}]}}